{"id":93163,"date":"2026-03-20T05:51:07","date_gmt":"2026-03-20T05:51:07","guid":{"rendered":"https:\/\/soydeaqui.ddns.net\/pachuca\/index.php\/producto\/camara-bullet-3-carriles-catura-de-vehiculos-lectura-de-matricula-deteccion-de-semaforo-en-rojo-gestion-de-multas\/"},"modified":"2026-03-20T05:51:18","modified_gmt":"2026-03-20T05:51:18","slug":"camara-bullet-3-carriles-catura-de-vehiculos-lectura-de-matricula-deteccion-de-semaforo-en-rojo-gestion-de-multas","status":"publish","type":"product","link":"https:\/\/soydeaqui.ddns.net\/pachuca\/index.php\/producto\/camara-bullet-3-carriles-catura-de-vehiculos-lectura-de-matricula-deteccion-de-semaforo-en-rojo-gestion-de-multas\/","title":{"rendered":"CAMARA BULLET \/ 3 CARRILES \/ CATURA DE VEHICULOS \/ LECTURA DE MATRICULA \/ DETECCION DE SEMAFORO EN ROJO \/ GESTION DE MULTAS"},"content":{"rendered":"<div style='width: 100%; max-width: 1200px; margin: 0 auto; font-family: sans-serif; line-height: 1.6; color: inherit; background-color: transparent;'> <!-- Secci\u00f3n de imagen principal --> <\/p>\n<div style='width: 100%; margin-bottom: 30px;'> <img style='width: 100%; height: auto; border: 1px solid rgba(150&comma;150&comma;150&comma;0.3); border-radius: 8px; display: block; margin: 0 auto; max-width: 600px;' src='https:\/\/ftp3.syscom.mx\/usuarios\/fotos\/TS5510GH\/230371-intro.png' alt=''> <\/div>\n<p> <!-- Secci\u00f3n de videos --> <\/p>\n<div style='display: flex; flex-wrap: wrap; gap: 20px; margin-bottom: 30px;'>\n<div style='flex: 1 1 400px; min-width: 300px; position: relative; padding-bottom: 56.25%; height: 0; overflow: hidden;'>   <\/div>\n<div style='flex: 1 1 400px; min-width: 300px; position: relative; padding-bottom: 56.25%; height: 0; overflow: hidden;'>   <\/div>\n<\/p><\/div>\n<p> <!-- Secciones de contenido --> <\/p>\n<div style='display: flex; flex-wrap: wrap; gap: 30px; margin-bottom: 30px;'>\n<div style='flex: 1 1 500px; min-width: 300px;'>\n<h3 style='font-size: 22px; border-bottom: 2px solid currentColor; padding-bottom: 5px; margin-top: 0; color: inherit; opacity: 0.8;'>Detecci\u00f3n de infracci\u00f3n de luz roja<\/h3>\n<p style='font-size: 15px; color: inherit; margin-top: 10px; margin-bottom: 20px;'>Utilizando el poder del aprendizaje profundo de la IA o las entradas de se\u00f1ales&comma; la c\u00e1mara de aplicaci\u00f3n de la ley Milesight TrafficX detecta con precisi\u00f3n el estado de los sem\u00e1foros y los veh\u00edculos que se pasan los sem\u00e1foros en rojo&comma; lo que aumenta en gran medida la eficacia de las fuerzas del orden y hace que las carreteras sean m\u00e1s seguras.<\/p>\n<p> <img style='width: 100%; height: auto; border: 1px solid rgba(150&comma;150&comma;150&comma;0.3); border-radius: 8px;' src='https:\/\/ftp3.syscom.mx\/usuarios\/fotos\/TS5511GH\/230373-semaforo.png' alt=''> <\/div>\n<div style='flex: 1 1 500px; min-width: 300px;'>\n<h3 style='font-size: 22px; border-bottom: 2px solid currentColor; padding-bottom: 5px; margin-top: 0; color: inherit; opacity: 0.8;'>Doble visi\u00f3n&comma; doble poder<\/h3>\n<p style='font-size: 15px; color: inherit; margin-top: 10px; margin-bottom: 20px;'>Obtenga una visi\u00f3n completa del tr\u00e1fico con la configuraci\u00f3n de doble lente. Capture simult\u00e1neamente una descripci\u00f3n general de la escena y una imagen ANPR detallada. Es como tener dos c\u00e1maras en una&comma; que le brindan de manera eficiente datos probatorios valiosos para un an\u00e1lisis preciso.<\/p>\n<p> <img style='width: 100%; height: auto; border: 1px solid rgba(150&comma;150&comma;150&comma;0.3); border-radius: 8px;' src='https:\/\/ftp3.syscom.mx\/usuarios\/fotos\/TS5510GH\/230371-doble.png' alt=''> <\/div>\n<div style='flex: 1 1 500px; min-width: 300px;'>\n<h3 style='font-size: 22px; border-bottom: 2px solid currentColor; padding-bottom: 5px; margin-top: 0; color: inherit; opacity: 0.8;'>Detalles n\u00edtidos de Global Shutter<\/h3>\n<p style='font-size: 15px; color: inherit; margin-top: 10px; margin-bottom: 20px;'>\u00a1Aprovecha cada momento con una claridad pr\u00edstina! Con la tecnolog\u00eda de obturador global&comma; todos los p\u00edxeles se exponen simult\u00e1neamente&comma; lo que permite la captura precisa de veh\u00edculos en r\u00e1pido movimiento&comma; elimina el desenfoque de movimiento y las distorsiones y proporciona im\u00e1genes n\u00edtidas para un an\u00e1lisis preciso.<\/p>\n<p> <img style='width: 100%; height: auto; border: 1px solid rgba(150&comma;150&comma;150&comma;0.3); border-radius: 8px;' src='https:\/\/ftp3.syscom.mx\/usuarios\/fotos\/TS5511GH\/230373-nitidos.png' alt=''> <\/div>\n<div style='flex: 1 1 500px; min-width: 300px;'>\n<h3 style='font-size: 22px; border-bottom: 2px solid currentColor; padding-bottom: 5px; margin-top: 0; color: inherit; opacity: 0.8;'>ANPR a bordo basado en IA&comma; Beyond Plates<\/h3>\n<p style='font-size: 15px; color: inherit; margin-top: 10px; margin-bottom: 20px;'>\u00a1Saluda al monitoreo del tr\u00e1fico sin complicaciones! Con ANPR basado en IA en el borde&comma; nuestra c\u00e1mara de control TrafficX logra una precisi\u00f3n inigualable en la identificaci\u00f3n de veh\u00edculos. Identifique matr\u00edculas&comma; colores de matr\u00edculas&comma; tipos de veh\u00edculos&comma; marcas&comma; colores&comma; todo sin esfuerzo.<\/p>\n<p> <img style='width: 100%; height: auto; border: 1px solid rgba(150&comma;150&comma;150&comma;0.3); border-radius: 8px;' src='https:\/\/ftp3.syscom.mx\/usuarios\/fotos\/TS5511GH\/230373-anpr.png' alt=''> <\/div>\n<div style='flex: 1 1 500px; min-width: 300px;'>\n<h3 style='font-size: 22px; border-bottom: 2px solid currentColor; padding-bottom: 5px; margin-top: 0; color: inherit; opacity: 0.8;'>Placas reflectantes y no reflectantes<\/h3>\n<p style='font-size: 15px; color: inherit; margin-top: 10px; margin-bottom: 20px;'>Aumente el reconocimiento con la c\u00e1mara de control Milesight TrafficX: \u00a1una verdadera maravilla! La c\u00e1mara gestiona de forma experta una amplia gama de tipos de placas&comma; garantizando flexibilidad en cualquier situaci\u00f3n. La tecnolog\u00eda Frame Parity Flashing permite a la c\u00e1mara tomar varias im\u00e1genes del veh\u00edculo&comma; garantizar la captura clara de placas reflectantes y no reflectantes y proporcionar los resultados m\u00e1s precisos de reconocimiento de veh\u00edculos y placas.<\/p>\n<p> <img style='width: 100%; height: auto; border: 1px solid rgba(150&comma;150&comma;150&comma;0.3); border-radius: 8px;' src='https:\/\/ftp3.syscom.mx\/usuarios\/fotos\/TS5511GH\/230373-reflejantes.png' alt=''> <\/div>\n<div style='flex: 1 1 500px; min-width: 300px;'>\n<h3 style='font-size: 22px; border-bottom: 2px solid currentColor; padding-bottom: 5px; margin-top: 0; color: inherit; opacity: 0.8;'>Placas de alto y bajo contraste<\/h3>\n<p style='font-size: 15px; color: inherit; margin-top: 10px; margin-bottom: 20px;'>Reconocer matr\u00edculas de alto contraste nunca ha sido un problema&comma; pero reconocer matr\u00edculas de bajo contraste puede ser un gran desaf\u00edo&comma; especialmente de noche. Y ah\u00ed es donde brillamos. Presentamos nuestra innovadora tecnolog\u00eda de longitud de onda infrarroja de 740 nm (opcional)&comma; una brillante innovaci\u00f3n para capturar sin esfuerzo esas esquivas matr\u00edculas de bajo contraste con una claridad incomparable.<\/p>\n<p> <img style='width: 100%; height: auto; border: 1px solid rgba(150&comma;150&comma;150&comma;0.3); border-radius: 8px;' src='https:\/\/ftp3.syscom.mx\/usuarios\/fotos\/TS5511GH\/230373-contraste.png' alt=''> <\/div>\n<div style='flex: 1 1 500px; min-width: 300px;'>\n<h3 style='font-size: 22px; border-bottom: 2px solid currentColor; padding-bottom: 5px; margin-top: 0; color: inherit; opacity: 0.8;'>4G LTE y GPS potencian la movilidad inteligente<\/h3>\n<p style='font-size: 15px; color: inherit; margin-top: 10px; margin-bottom: 20px;'>4G LTE es opcional para la transmisi\u00f3n a trav\u00e9s de Internet de forma inal\u00e1mbrica con una tarjeta SIM&comma; lo que elimina la necesidad de complicadas conexiones de cable de red. El GPS incorporado permite registrar la ubicaci\u00f3n exacta donde se captura una placa&comma; lo que ayuda a las autoridades a rastrear veh\u00edculos&comma; recopilar pruebas e investigar delitos.<\/p>\n<p> <img style='width: 100%; height: auto; border: 1px solid rgba(150&comma;150&comma;150&comma;0.3); border-radius: 8px;' src='https:\/\/ftp3.syscom.mx\/usuarios\/fotos\/TS5511GH\/230373-4g.png' alt=''> <\/div>\n<div style='flex: 1 1 500px; min-width: 300px;'>\n<h3 style='font-size: 22px; border-bottom: 2px solid currentColor; padding-bottom: 5px; margin-top: 0; color: inherit; opacity: 0.8;'>Integraci\u00f3n f\u00e1cil y perfecta<\/h3>\n<p style='font-size: 15px; color: inherit; margin-top: 10px; margin-bottom: 20px;'>Se garantiza una integraci\u00f3n sencilla con sus sistemas existentes. La c\u00e1mara Milesight TrafficX admite protocolos CGI\/API y TCP\/HTTP\/MQTT para una f\u00e1cil integraci\u00f3n. Adem\u00e1s&comma; proporciona almacenamiento perimetral de hasta 1 TB en una tarjeta SD&comma; lo que garantiza un potente almacenamiento y acceso a datos.<\/p>\n<p> <img style='width: 100%; height: auto; border: 1px solid rgba(150&comma;150&comma;150&comma;0.3); border-radius: 8px;' src='https:\/\/ftp3.syscom.mx\/usuarios\/fotos\/TS5511GH\/230373-integracion.png' alt=''> <\/div>\n<div style='flex: 1 1 500px; min-width: 300px;'>\n<h3 style='font-size: 22px; border-bottom: 2px solid currentColor; padding-bottom: 5px; margin-top: 0; color: inherit; opacity: 0.8;'>Ideal para monitoreo de zonas de bajas emisiones<\/h3>\n<p style='font-size: 15px; color: inherit; margin-top: 10px; margin-bottom: 20px;'>\u00a1Combata la contaminaci\u00f3n del aire y promueve ciudades m\u00e1s limpias! La c\u00e1mara Milesight TrafficX Enforcement captura evidencia precisa y s\u00f3lida con doble lente&comma; lo cual es perfecto para monitorear zonas de bajas emisiones&comma; donde el acceso y la circulaci\u00f3n de los veh\u00edculos m\u00e1s contaminantes es limitado.<\/p>\n<p> <img style='width: 100%; height: auto; border: 1px solid rgba(150&comma;150&comma;150&comma;0.3); border-radius: 8px;' src='https:\/\/ftp3.syscom.mx\/usuarios\/fotos\/TS5511GH\/230373-emisiones.png' alt=''> <\/div>\n<div style='flex: 1 1 500px; min-width: 300px;'>\n<h3 style='font-size: 22px; border-bottom: 2px solid currentColor; padding-bottom: 5px; margin-top: 0; color: inherit; opacity: 0.8;'>Aplicaciones vers\u00e1tiles<\/h3>\n<p style='font-size: 15px; color: inherit; margin-top: 10px; margin-bottom: 20px;'>Los operadores a menudo est\u00e1n sobrecargados con videos y datos masivos&comma; y la evidencia forense inteligente garantiza que el operador est\u00e9 siempre en el camino correcto cuando busca los clips correspondientes&comma; lo que facilita enormemente las investigaciones y acelera la resoluci\u00f3n de casos.<\/p>\n<p> <img style='width: 100%; height: auto; border: 1px solid rgba(150&comma;150&comma;150&comma;0.3); border-radius: 8px;' src='https:\/\/ftp3.syscom.mx\/usuarios\/fotos\/TS5511GH\/230373-aplicacionespng.png' alt=''> <\/div>\n<div style='flex: 1 1 500px; min-width: 300px;'>\n<h3 style='font-size: 22px; border-bottom: 2px solid currentColor; padding-bottom: 5px; margin-top: 0; color: inherit; opacity: 0.8;'>Flexibilidad de instalaci\u00f3n maximizada<\/h3>\n<p style='font-size: 15px; color: inherit; margin-top: 10px; margin-bottom: 20px;'>Cubriendo una distancia ANPR de 50 m&comma; la c\u00e1mara de control Milesight TrafficX monitorea 2 o 3 carriles simult\u00e1neamente&comma; lo que garantiza una amplia cobertura para una gesti\u00f3n optimizada del tr\u00e1fico. Con m\u00faltiples m\u00e9todos de instalaci\u00f3n&comma; incluido el montaje en pedestal&comma; el montaje en poste en pedestal&comma; el montaje en pared y el montaje en poste en pared&comma; as\u00ed como el ajuste de \u00e1ngulo flexible&comma; la c\u00e1mara se instala libremente en el medio o al costado de la carretera.<\/p>\n<p> <img style='width: 100%; height: auto; border: 1px solid rgba(150&comma;150&comma;150&comma;0.3); border-radius: 8px;' src='https:\/\/ftp3.syscom.mx\/usuarios\/fotos\/TS5511GH\/230373-flexibilidad.png' alt=''> <\/div>\n<\/p><\/div>\n<\/p><\/div>\n","protected":false},"excerpt":{"rendered":"<p>CAMARA BULLET \/ 3 CARRILES \/ CATURA DE VEHICULOS \/ LECTURA DE MATRICULA \/ DETECCION DE SEMAFORO EN ROJO \/ GESTION DE MULTAS<\/p>\n","protected":false},"featured_media":93162,"comment_status":"open","ping_status":"closed","template":"","meta":[],"product_brand":[],"product_cat":[438],"product_tag":[439,122,1455],"class_list":{"0":"post-93163","1":"product","2":"type-product","3":"status-publish","4":"has-post-thumbnail","6":"product_cat-bala","7":"product_tag-bala","8":"product_tag-camaras-ip-y-nvrs","9":"product_tag-milesight","11":"first","12":"outofstock","13":"sale","14":"shipping-taxable","15":"purchasable","16":"product-type-simple"},"_links":{"self":[{"href":"https:\/\/soydeaqui.ddns.net\/pachuca\/index.php\/wp-json\/wp\/v2\/product\/93163","targetHints":{"allow":["GET"]}}],"collection":[{"href":"https:\/\/soydeaqui.ddns.net\/pachuca\/index.php\/wp-json\/wp\/v2\/product"}],"about":[{"href":"https:\/\/soydeaqui.ddns.net\/pachuca\/index.php\/wp-json\/wp\/v2\/types\/product"}],"replies":[{"embeddable":true,"href":"https:\/\/soydeaqui.ddns.net\/pachuca\/index.php\/wp-json\/wp\/v2\/comments?post=93163"}],"wp:featuredmedia":[{"embeddable":true,"href":"https:\/\/soydeaqui.ddns.net\/pachuca\/index.php\/wp-json\/wp\/v2\/media\/93162"}],"wp:attachment":[{"href":"https:\/\/soydeaqui.ddns.net\/pachuca\/index.php\/wp-json\/wp\/v2\/media?parent=93163"}],"wp:term":[{"taxonomy":"product_brand","embeddable":true,"href":"https:\/\/soydeaqui.ddns.net\/pachuca\/index.php\/wp-json\/wp\/v2\/product_brand?post=93163"},{"taxonomy":"product_cat","embeddable":true,"href":"https:\/\/soydeaqui.ddns.net\/pachuca\/index.php\/wp-json\/wp\/v2\/product_cat?post=93163"},{"taxonomy":"product_tag","embeddable":true,"href":"https:\/\/soydeaqui.ddns.net\/pachuca\/index.php\/wp-json\/wp\/v2\/product_tag?post=93163"}],"curies":[{"name":"wp","href":"https:\/\/api.w.org\/{rel}","templated":true}]}}