{"id":93158,"date":"2026-03-20T05:50:51","date_gmt":"2026-03-20T05:50:51","guid":{"rendered":"https:\/\/soydeaqui.ddns.net\/pachuca\/index.php\/producto\/camara-bullet-inteligente-para-captura-de-vehiculos-y-matriculas-en-autopistas-3-carriles\/"},"modified":"2026-03-20T05:51:02","modified_gmt":"2026-03-20T05:51:02","slug":"camara-bullet-inteligente-para-captura-de-vehiculos-y-matriculas-en-autopistas-3-carriles","status":"publish","type":"product","link":"https:\/\/soydeaqui.ddns.net\/pachuca\/index.php\/producto\/camara-bullet-inteligente-para-captura-de-vehiculos-y-matriculas-en-autopistas-3-carriles\/","title":{"rendered":"C\u00e1mara Bullet Inteligente para Captura de Veh\u00edculos y Matr\u00edculas en Autopistas (3 Carriles)"},"content":{"rendered":"<div style='width: 100%; max-width: 1200px; margin: 0 auto; font-family: sans-serif; line-height: 1.6; color: inherit; background-color: transparent;'> <!-- Video principal --> <\/p>\n<div style='display: flex; flex-wrap: wrap; gap: 15px; margin-bottom: 30px;'>\n<div style='flex: 1 1 300px; min-width: 280px;'>\n<div style='position: relative; padding-bottom: 56.25%; height: 0; overflow: hidden;'>   <\/div>\n<\/p><\/div>\n<div style='flex: 1 1 300px; min-width: 280px;'>\n<div style='position: relative; padding-bottom: 56.25%; height: 0; overflow: hidden;'>   <\/div>\n<\/p><\/div>\n<div style='flex: 1 1 300px; min-width: 280px;'>\n<div style='position: relative; padding-bottom: 56.25%; height: 0; overflow: hidden;'>   <\/div>\n<\/p><\/div>\n<\/p><\/div>\n<p> <!-- Secci\u00f3n 1 --> <\/p>\n<div style='display: flex; flex-wrap: wrap; gap: 30px; margin-bottom: 30px;'>\n<div style='flex: 1 1 300px; min-width: 280px;'>\n<h3 style='font-size: 22px; border-bottom: 2px solid currentColor; padding-bottom: 5px; margin-top: 0; color: inherit; opacity: 0.8;'>Detalles n\u00edtidos de Global Shutter<\/h3>\n<p style='font-size: 15px; color: inherit;'>\u00a1Aprovecha cada momento con una claridad pr\u00edstina! Con la tecnolog\u00eda de obturador global&comma; todos los p\u00edxeles se exponen simult\u00e1neamente&comma; lo que permite la captura precisa de veh\u00edculos en r\u00e1pido movimiento&comma; elimina el desenfoque de movimiento y las distorsiones y proporciona im\u00e1genes n\u00edtidas para un an\u00e1lisis preciso.<\/p>\n<\/p><\/div>\n<div style='flex: 1 1 300px; min-width: 280px;'> <img style='width: 100%; height: auto; border: 1px solid rgba(150&comma;150&comma;150&comma;0.3); border-radius: 8px;' src='https:\/\/ftp3.syscom.mx\/usuarios\/fotos\/TS5510GH\/230371-detalles.png' alt='Detalles n\u00edtidos de Global Shutter'> <\/div>\n<\/p><\/div>\n<p> <!-- Secci\u00f3n 2 --> <\/p>\n<div style='display: flex; flex-wrap: wrap; gap: 30px; margin-bottom: 30px;'>\n<div style='flex: 1 1 300px; min-width: 280px;'> <img style='width: 100%; height: auto; border: 1px solid rgba(150&comma;150&comma;150&comma;0.3); border-radius: 8px;' src='https:\/\/ftp3.syscom.mx\/usuarios\/fotos\/TS5510GH\/230371-doble.png' alt='Doble visi\u00f3n&comma; doble poder'> <\/div>\n<div style='flex: 1 1 300px; min-width: 280px;'>\n<h3 style='font-size: 22px; border-bottom: 2px solid currentColor; padding-bottom: 5px; margin-top: 0; color: inherit; opacity: 0.8;'>Doble visi\u00f3n&comma; doble poder<\/h3>\n<p style='font-size: 15px; color: inherit;'>Obtenga una visi\u00f3n completa del tr\u00e1fico con la configuraci\u00f3n de doble lente. Capture simult\u00e1neamente una descripci\u00f3n general de la escena y una imagen ANPR detallada. Es como tener dos c\u00e1maras en una&comma; que le brindan de manera eficiente datos probatorios valiosos para un an\u00e1lisis preciso.<\/p>\n<\/p><\/div>\n<\/p><\/div>\n<p> <!-- Secci\u00f3n 3 --> <\/p>\n<div style='display: flex; flex-wrap: wrap; gap: 30px; margin-bottom: 30px;'>\n<div style='flex: 1 1 300px; min-width: 280px;'>\n<h3 style='font-size: 22px; border-bottom: 2px solid currentColor; padding-bottom: 5px; margin-top: 0; color: inherit; opacity: 0.8;'>ANPR a bordo basado en IA&comma; Beyond Plates<\/h3>\n<p style='font-size: 15px; color: inherit;'>\u00a1Saluda al monitoreo del tr\u00e1fico sin complicaciones! Con ANPR de vanguardia basado en IA&comma; nuestra c\u00e1mara TrafficX logra una precisi\u00f3n inigualable en la identificaci\u00f3n de veh\u00edculos. Identifique matr\u00edculas&comma; colores de matr\u00edculas&comma; tipos de veh\u00edculos&comma; marcas&comma; colores&comma; todo sin esfuerzo.<\/p>\n<\/p><\/div>\n<div style='flex: 1 1 300px; min-width: 280px;'> <img style='width: 100%; height: auto; border: 1px solid rgba(150&comma;150&comma;150&comma;0.3); border-radius: 8px;' src='https:\/\/ftp3.syscom.mx\/usuarios\/fotos\/TS5510GH\/230371-anpr.png' alt='ANPR a bordo basado en IA&comma; Beyond Plates'> <\/div>\n<\/p><\/div>\n<p> <!-- Secci\u00f3n 4 --> <\/p>\n<div style='display: flex; flex-wrap: wrap; gap: 30px; margin-bottom: 30px;'>\n<div style='flex: 1 1 300px; min-width: 280px;'> <img style='width: 100%; height: auto; border: 1px solid rgba(150&comma;150&comma;150&comma;0.3); border-radius: 8px;' src='https:\/\/ftp3.syscom.mx\/usuarios\/fotos\/TS5510GH\/230371-placas.png' alt='Afrontar todo tipo de placas'> <\/div>\n<div style='flex: 1 1 300px; min-width: 280px;'>\n<h3 style='font-size: 22px; border-bottom: 2px solid currentColor; padding-bottom: 5px; margin-top: 0; color: inherit; opacity: 0.8;'>Afrontar todo tipo de placas<\/h3>\n<p style='font-size: 15px; color: inherit;'>Placas reflectantes y no reflectantes. Aumente el reconocimiento con la c\u00e1mara Milesight TrafficX: \u00a1una verdadera maravilla! La c\u00e1mara gestiona de forma experta una amplia gama de tipos de placas&comma; garantizando flexibilidad en cualquier situaci\u00f3n. La tecnolog\u00eda Frame Parity Flashing permite a la c\u00e1mara tomar varias im\u00e1genes del veh\u00edculo&comma; garantizar la captura clara de placas reflectantes y no reflectantes y proporcionar los resultados m\u00e1s precisos.<\/p>\n<\/p><\/div>\n<\/p><\/div>\n<p> <!-- Secci\u00f3n 5 --> <\/p>\n<div style='display: flex; flex-wrap: wrap; gap: 30px; margin-bottom: 30px;'>\n<div style='flex: 1 1 300px; min-width: 280px;'>\n<h3 style='font-size: 22px; border-bottom: 2px solid currentColor; padding-bottom: 5px; margin-top: 0; color: inherit; opacity: 0.8;'>4G LTE y GPS potencian la movilidad inteligente<\/h3>\n<p style='font-size: 15px; color: inherit;'>4G LTE es opcional para la transmisi\u00f3n a trav\u00e9s de Internet de forma inal\u00e1mbrica con una tarjeta SIM&comma; lo que elimina la necesidad de complicadas conexiones de cable de red. El GPS incorporado permite registrar la ubicaci\u00f3n exacta donde se captura una placa&comma; lo que ayuda a las autoridades a rastrear veh\u00edculos&comma; recopilar pruebas e investigar delitos.<\/p>\n<\/p><\/div>\n<div style='flex: 1 1 300px; min-width: 280px;'> <img style='width: 100%; height: auto; border: 1px solid rgba(150&comma;150&comma;150&comma;0.3); border-radius: 8px;' src='https:\/\/ftp3.syscom.mx\/usuarios\/fotos\/TS5510GH\/230371-4g.png' alt='4G LTE y GPS potencian la movilidad inteligente'> <\/div>\n<\/p><\/div>\n<p> <!-- Secci\u00f3n 6 --> <\/p>\n<div style='display: flex; flex-wrap: wrap; gap: 30px; margin-bottom: 30px;'>\n<div style='flex: 1 1 300px; min-width: 280px;'> <img style='width: 100%; height: auto; border: 1px solid rgba(150&comma;150&comma;150&comma;0.3); border-radius: 8px;' src='https:\/\/ftp3.syscom.mx\/usuarios\/fotos\/TS5510GH\/230371-integracion.png' alt='Integraci\u00f3n f\u00e1cil y perfecta'> <\/div>\n<div style='flex: 1 1 300px; min-width: 280px;'>\n<h3 style='font-size: 22px; border-bottom: 2px solid currentColor; padding-bottom: 5px; margin-top: 0; color: inherit; opacity: 0.8;'>Integraci\u00f3n f\u00e1cil y perfecta<\/h3>\n<p style='font-size: 15px; color: inherit;'>Se garantiza una integraci\u00f3n sencilla con sus sistemas existentes. La c\u00e1mara Milesight TrafficX admite protocolos CGI\/API y TCP\/HTTP\/MQTT para una f\u00e1cil integraci\u00f3n. Adem\u00e1s&comma; proporciona almacenamiento perimetral de hasta 1 TB en una tarjeta SD&comma; lo que garantiza un potente almacenamiento y acceso a datos.<\/p>\n<\/p><\/div>\n<\/p><\/div>\n<p> <!-- Secci\u00f3n 7 --> <\/p>\n<div style='display: flex; flex-wrap: wrap; gap: 30px; margin-bottom: 30px;'>\n<div style='flex: 1 1 300px; min-width: 280px;'>\n<h3 style='font-size: 22px; border-bottom: 2px solid currentColor; padding-bottom: 5px; margin-top: 0; color: inherit; opacity: 0.8;'>Ideal para monitoreo de zonas de bajas emisiones<\/h3>\n<p style='font-size: 15px; color: inherit;'>\u00a1Combata la contaminaci\u00f3n del aire y promueva ciudades m\u00e1s limpias! La c\u00e1mara Milesight TrafficX captura evidencia precisa y s\u00f3lida con doble lente&comma; lo cual es perfecto para monitorear Zonas de Bajas Emisiones&comma; donde el acceso y la circulaci\u00f3n de los veh\u00edculos m\u00e1s contaminantes es limitado.<\/p>\n<\/p><\/div>\n<div style='flex: 1 1 300px; min-width: 280px;'> <img style='width: 100%; height: auto; border: 1px solid rgba(150&comma;150&comma;150&comma;0.3); border-radius: 8px;' src='https:\/\/ftp3.syscom.mx\/usuarios\/fotos\/TS5510GH\/230371-emisiones.png' alt='Ideal para monitoreo de zonas de bajas emisiones'> <\/div>\n<\/p><\/div>\n<p> <!-- Imagen final --> <\/p>\n<div style='display: flex; flex-wrap: wrap; gap: 30px; margin-bottom: 30px;'>\n<div style='flex: 1 1 100%;'> <img style='width: 100%; height: auto; border: 1px solid rgba(150&comma;150&comma;150&comma;0.3); border-radius: 8px;' src='https:\/\/ftp3.syscom.mx\/usuarios\/fotos\/TS5510GH\/230371-aplicaciones.png' alt='Aplicaciones'> <\/div>\n<\/p><\/div>\n<\/p><\/div>\n","protected":false},"excerpt":{"rendered":"<p>C\u00e1mara Bullet Inteligente para Captura de Veh\u00edculos y Matr\u00edculas en Autopistas (3 Carriles)<\/p>\n","protected":false},"featured_media":93157,"comment_status":"open","ping_status":"closed","template":"","meta":[],"product_brand":[],"product_cat":[438],"product_tag":[439,122,1455],"class_list":{"0":"post-93158","1":"product","2":"type-product","3":"status-publish","4":"has-post-thumbnail","6":"product_cat-bala","7":"product_tag-bala","8":"product_tag-camaras-ip-y-nvrs","9":"product_tag-milesight","11":"first","12":"outofstock","13":"sale","14":"shipping-taxable","15":"purchasable","16":"product-type-simple"},"_links":{"self":[{"href":"https:\/\/soydeaqui.ddns.net\/pachuca\/index.php\/wp-json\/wp\/v2\/product\/93158","targetHints":{"allow":["GET"]}}],"collection":[{"href":"https:\/\/soydeaqui.ddns.net\/pachuca\/index.php\/wp-json\/wp\/v2\/product"}],"about":[{"href":"https:\/\/soydeaqui.ddns.net\/pachuca\/index.php\/wp-json\/wp\/v2\/types\/product"}],"replies":[{"embeddable":true,"href":"https:\/\/soydeaqui.ddns.net\/pachuca\/index.php\/wp-json\/wp\/v2\/comments?post=93158"}],"wp:featuredmedia":[{"embeddable":true,"href":"https:\/\/soydeaqui.ddns.net\/pachuca\/index.php\/wp-json\/wp\/v2\/media\/93157"}],"wp:attachment":[{"href":"https:\/\/soydeaqui.ddns.net\/pachuca\/index.php\/wp-json\/wp\/v2\/media?parent=93158"}],"wp:term":[{"taxonomy":"product_brand","embeddable":true,"href":"https:\/\/soydeaqui.ddns.net\/pachuca\/index.php\/wp-json\/wp\/v2\/product_brand?post=93158"},{"taxonomy":"product_cat","embeddable":true,"href":"https:\/\/soydeaqui.ddns.net\/pachuca\/index.php\/wp-json\/wp\/v2\/product_cat?post=93158"},{"taxonomy":"product_tag","embeddable":true,"href":"https:\/\/soydeaqui.ddns.net\/pachuca\/index.php\/wp-json\/wp\/v2\/product_tag?post=93158"}],"curies":[{"name":"wp","href":"https:\/\/api.w.org\/{rel}","templated":true}]}}