{"id":93146,"date":"2026-03-20T05:50:19","date_gmt":"2026-03-20T05:50:19","guid":{"rendered":"https:\/\/soydeaqui.ddns.net\/pachuca\/index.php\/producto\/camara-de-bateria-con-panel-solar-integrado-4k-resolucion-wi-fi-6-vision-nocturna-deteccion-humana-y-de-vehiculos-bateria-de-10400-mah-ip65\/"},"modified":"2026-03-20T05:50:32","modified_gmt":"2026-03-20T05:50:32","slug":"camara-de-bateria-con-panel-solar-integrado-4k-resolucion-wi-fi-6-vision-nocturna-deteccion-humana-y-de-vehiculos-bateria-de-10400-mah-ip65","status":"publish","type":"product","link":"https:\/\/soydeaqui.ddns.net\/pachuca\/index.php\/producto\/camara-de-bateria-con-panel-solar-integrado-4k-resolucion-wi-fi-6-vision-nocturna-deteccion-humana-y-de-vehiculos-bateria-de-10400-mah-ip65\/","title":{"rendered":"Camara de Bateria con Panel Solar Integrado \/ 4K Resolucion \/ WI-FI 6 \/ Vision Nocturna \/ Detecci\u00f3n Humana y de Vehiculos \/ Bater\u00eda de 10400 MAH \/ IP65"},"content":{"rendered":"<div style='width: 100%; max-width: 1200px; margin: 0 auto; font-family: sans-serif; line-height: 1.6; color: inherit; background-color: transparent; padding: 20px;'> <!-- Overview Section --> <\/p>\n<div style='margin-bottom: 30px;'>\n<p style='font-size: 1.1rem; line-height: 1.6; text-align: justify;'>&nbsp;<\/p>\n<\/p><\/div>\n<p> <!-- Feature Boxes Row --> <\/p>\n<div style='display: flex; flex-wrap: wrap; gap: 30px; margin-bottom: 30px;'> <!-- Box 1 --> <\/p>\n<div style='flex: 1 1 300px; min-width: 280px;'>\n<div style='border-left: 5px solid #42BB1A; border-radius: 5px; padding: 20px; box-shadow: 0 4px 12px rgba(0&comma;0&comma;0&comma;0.1); background: white; color: #333;'>\n<h3 style='margin-top: 0; margin-bottom: 15px; font-size: 1.2rem; font-weight: bold; border-bottom: 2px solid currentColor; padding-bottom: 5px; opacity: 0.8;'>Caracter\u00edsticas Principales:<\/h3>\n<ul style='padding-left: 20px; font-size: 15px; list-style-type: disc; color: inherit;'>\n<li style='margin-bottom: 5px;'>Resoluci\u00f3n: 4K Ultra HD (3840 \u00d7 2160 @15fps)<\/li>\n<li style='margin-bottom: 5px;'>Lente: 2.8mm (\u00e1ngulo de visi\u00f3n 108\u00b0 horizontal&comma; 135\u00b0 diagonal)<\/li>\n<li style='margin-bottom: 5px;'>Visi\u00f3n nocturna a color con iluminador IR de 15m<\/li>\n<li style='margin-bottom: 5px;'>Detecci\u00f3n inteligente de humanos y veh\u00edculos<\/li>\n<li style='margin-bottom: 5px;'>Audio bidireccional<\/li>\n<li style='margin-bottom: 5px;'>WDR y 3D-DNR<\/li>\n<li style='margin-bottom: 5px;'>Almacenamiento: soporta tarjetas microSD (hasta 512GB) y nube CloudPlay<\/li>\n<li style='margin-bottom: 5px;'>Conectividad: Wi-Fi 6 (802.11ax) y Ethernet RJ45<\/li>\n<li style='margin-bottom: 5px;'>Protecci\u00f3n IP65 contra polvo y agua<\/li>\n<li style='margin-bottom: 5px;'>Bater\u00eda integrada de 10&comma;400mAh con panel solar (hasta 180 d\u00edas sin carga solar)<\/li>\n<li style='margin-bottom: 5px;'>Dise\u00f1o compacto e instalaci\u00f3n sin cables<\/li>\n<\/ul><\/div>\n<\/p><\/div>\n<p> <!-- Box 2 --> <\/p>\n<div style='flex: 1 1 300px; min-width: 280px;'>\n<div style='border-left: 5px solid #42BB1A; border-radius: 5px; padding: 20px; box-shadow: 0 4px 12px rgba(0&comma;0&comma;0&comma;0.1); background: white; color: #333;'>\n<h3 style='margin-top: 0; margin-bottom: 15px; font-size: 1.2rem; font-weight: bold; border-bottom: 2px solid currentColor; padding-bottom: 5px; opacity: 0.8;'>Funcionalidades y Conectividad:<\/h3>\n<ul style='padding-left: 20px; font-size: 15px; list-style-type: disc; color: inherit;'>\n<li style='margin-bottom: 5px;'>Detecci\u00f3n inteligente de humanos y veh\u00edculos<\/li>\n<li style='margin-bottom: 5px;'>Audio bidireccional<\/li>\n<li style='margin-bottom: 5px;'>Almacenamiento en microSD y CloudPlay<\/li>\n<li style='margin-bottom: 5px;'>Wi-Fi 6: IEEE802.11b\/g\/n\/ax<\/li>\n<li style='margin-bottom: 5px;'>Protocolo propietario EZVIZ Cloud<\/li>\n<\/ul>\n<p style='margin-top: 15px; margin-bottom: 10px; font-weight: bold; color: #e74c3c;'>Nota:<\/p>\n<ul style='padding-left: 20px; font-size: 15px; list-style-type: disc; color: #e74c3c;'>\n<li style='margin-bottom: 5px;'>No recomendado para DVR\/NVR<\/li>\n<li style='margin-bottom: 5px;'>La duraci\u00f3n de la bater\u00eda puede variar y depender\u00e1 de la frecuencia de activaci\u00f3n por movimiento&comma; notificaciones&comma; etc.<\/li>\n<li style='margin-bottom: 5px;'>Configuraci\u00f3n \u00fanicamente mediante aplicaci\u00f3n EZVIZ.<\/li>\n<\/ul><\/div>\n<\/p><\/div>\n<p> <!-- Box 3 --> <\/p>\n<div style='flex: 1 1 300px; min-width: 280px;'>\n<div style='border-left: 5px solid #42BB1A; border-radius: 5px; padding: 20px; box-shadow: 0 4px 12px rgba(0&comma;0&comma;0&comma;0.1); background: white; color: #333;'>\n<h3 style='margin-top: 0; margin-bottom: 15px; font-size: 1.2rem; font-weight: bold; border-bottom: 2px solid currentColor; padding-bottom: 5px; opacity: 0.8;'>Especificaciones Avanzadas y Aplicaciones:<\/h3>\n<ul style='padding-left: 20px; font-size: 15px; list-style-type: disc; color: inherit;'>\n<li style='margin-bottom: 5px;'>Operaci\u00f3n: -20\u00b0C a 50\u00b0C<\/li>\n<li style='margin-bottom: 5px;'>Alimentaci\u00f3n: DC 5V\/2A<\/li>\n<li style='margin-bottom: 5px;'>Compresi\u00f3n de video: H.265 \/ H.264<\/li>\n<\/ul>\n<p style='margin: 15px 0 10px; font-weight: bold; color: #e74c3c;'>Aplicaciones:<\/p>\n<ul style='padding-left: 20px; font-size: 15px; list-style-type: disc; color: inherit;'>\n<li style='margin-bottom: 5px;'>Instalaci\u00f3n exterior robustecida para climas adversos<\/li>\n<li style='margin-bottom: 5px;'>Seguridad residencial con detecci\u00f3n AI<\/li>\n<li style='margin-bottom: 5px;'>Control inteligente del hogar v\u00eda asistentes de voz<\/li>\n<\/ul><\/div>\n<\/p><\/div>\n<\/p><\/div>\n<p> <!-- Secci\u00f3n 1 --> <\/p>\n<div style='display: flex; flex-wrap: wrap; gap: 30px; align-items: center; margin-bottom: 40px;'>\n<div style='flex: 1 1 100%; max-width: 600px;'> <img style='width: 100%; height: auto; border: 1px solid rgba(150&comma;150&comma;150&comma;0.3); border-radius: 8px;' src='https:\/\/ftp3.syscom.mx\/usuarios\/rcovarrubias\/EZVIZ\/Manual%20esp-ing\/CS-CB54K\/9.1.png' alt='Seguimiento inteligente' \/> <\/div>\n<div style='flex: 1 1 100%; max-width: 600px;'>\n<h2 style='font-size: 22px; margin-bottom: 20px; color: inherit;'>Potencia ininterrumpida. Facilidad sin precedentes.<\/h2>\n<p style='text-align: justify; color: inherit;'>\u00bfNo dispone de cableado el\u00e9ctrico pero desea energ\u00eda continua? La CB5 utiliza cada rayo de sol como fuente de energ\u00eda gratuita.<\/p>\n<\/p><\/div>\n<\/p><\/div>\n<p> <!-- T\u00edtulo central --> <\/p>\n<div style='text-align: center; margin: 30px 0;'>\n<h3 style='font-size: 24px; border-bottom: 2px solid #42bb1a; padding-bottom: 8px; margin: 0; color: inherit;'>Sofisticada.<\/h3>\n<\/p><\/div>\n<p style='text-align: justify; margin: 20px 0; color: inherit;'>La CB5 cuenta con v\u00eddeo 4K&comma; un panel solar integrado&comma; funciones avanzadas de detecci\u00f3n impulsadas por IA&comma; un modo de v\u00eddeo siempre activo y mucho m\u00e1s de lo que podr\u00eda o querr\u00eda al elegir una c\u00e1mara de seguridad todo en uno. Con una sola CB5&comma; podr\u00e1 empezar a disfrutar de una tranquilidad ininterrumpida con el m\u00ednimo esfuerzo.<\/p>\n<p> <!-- Imagen final --> <\/p>\n<div style='text-align: center; margin-bottom: 50px;'> <img style='width: 100%; max-width: 100%; height: auto; border: 1px solid rgba(150&comma;150&comma;150&comma;0.3); border-radius: 8px;' src='https:\/\/ftp3.syscom.mx\/usuarios\/rcovarrubias\/EZVIZ\/Manual%20esp-ing\/CS-CB54K\/9.3.png' alt='Resumen de caracter\u00edsticas' \/> <\/div>\n<\/p><\/div>\n","protected":false},"excerpt":{"rendered":"<p>Camara de Bateria con Panel Solar Integrado \/ 4K Resolucion \/ WI-FI 6 \/ Vision Nocturna \/ Detecci\u00f3n Humana y de Vehiculos \/ Bater\u00eda de 10400 MAH \/ IP65<\/p>\n","protected":false},"featured_media":93145,"comment_status":"open","ping_status":"closed","template":"","meta":[],"product_brand":[],"product_cat":[2231],"product_tag":[111,2233,2232],"class_list":{"0":"post-93146","1":"product","2":"type-product","3":"status-publish","4":"has-post-thumbnail","6":"product_cat-ip-megapixel","7":"product_tag-ezviz","8":"product_tag-ip-megapixel","9":"product_tag-kits-sistemas-completos","11":"first","12":"instock","13":"sale","14":"shipping-taxable","15":"purchasable","16":"product-type-simple"},"_links":{"self":[{"href":"https:\/\/soydeaqui.ddns.net\/pachuca\/index.php\/wp-json\/wp\/v2\/product\/93146","targetHints":{"allow":["GET"]}}],"collection":[{"href":"https:\/\/soydeaqui.ddns.net\/pachuca\/index.php\/wp-json\/wp\/v2\/product"}],"about":[{"href":"https:\/\/soydeaqui.ddns.net\/pachuca\/index.php\/wp-json\/wp\/v2\/types\/product"}],"replies":[{"embeddable":true,"href":"https:\/\/soydeaqui.ddns.net\/pachuca\/index.php\/wp-json\/wp\/v2\/comments?post=93146"}],"wp:featuredmedia":[{"embeddable":true,"href":"https:\/\/soydeaqui.ddns.net\/pachuca\/index.php\/wp-json\/wp\/v2\/media\/93145"}],"wp:attachment":[{"href":"https:\/\/soydeaqui.ddns.net\/pachuca\/index.php\/wp-json\/wp\/v2\/media?parent=93146"}],"wp:term":[{"taxonomy":"product_brand","embeddable":true,"href":"https:\/\/soydeaqui.ddns.net\/pachuca\/index.php\/wp-json\/wp\/v2\/product_brand?post=93146"},{"taxonomy":"product_cat","embeddable":true,"href":"https:\/\/soydeaqui.ddns.net\/pachuca\/index.php\/wp-json\/wp\/v2\/product_cat?post=93146"},{"taxonomy":"product_tag","embeddable":true,"href":"https:\/\/soydeaqui.ddns.net\/pachuca\/index.php\/wp-json\/wp\/v2\/product_tag?post=93146"}],"curies":[{"name":"wp","href":"https:\/\/api.w.org\/{rel}","templated":true}]}}