{"id":93128,"date":"2026-03-20T05:49:38","date_gmt":"2026-03-20T05:49:38","guid":{"rendered":"https:\/\/soydeaqui.ddns.net\/pachuca\/index.php\/producto\/nvr-32-megapixel-8k-256-canales-ip-24-bahias-de-disco-duro-4-puertos-de-red-soporta-raid-con-hot-swap-fuente-redundante-nvr-de-alto-desempeno\/"},"modified":"2026-03-20T05:49:39","modified_gmt":"2026-03-20T05:49:39","slug":"nvr-32-megapixel-8k-256-canales-ip-24-bahias-de-disco-duro-4-puertos-de-red-soporta-raid-con-hot-swap-fuente-redundante-nvr-de-alto-desempeno","status":"publish","type":"product","link":"https:\/\/soydeaqui.ddns.net\/pachuca\/index.php\/producto\/nvr-32-megapixel-8k-256-canales-ip-24-bahias-de-disco-duro-4-puertos-de-red-soporta-raid-con-hot-swap-fuente-redundante-nvr-de-alto-desempeno\/","title":{"rendered":"NVR 32 Megapixel (8K) \/ 256 canales IP \/ 24 Bah\u00edas de Disco Duro \/ 4 Puertos de Red \/ Soporta RAID con Hot Swap \/ Fuente Redundante \/ NVR de Alto Desempe\u00f1o"},"content":{"rendered":"<div style='width: 100%; max-width: 1200px; margin: 0 auto; font-family: sans-serif; line-height: 1.6; color: inherit; background-color: transparent;'> <!-- Imagen logo --> <\/p>\n<div style='text-align: center; margin: 30px 0;'> <img style='width: 45%; height: auto; border: 1px solid rgba(150&comma;150&comma;150&comma;0.3); border-radius: 8px;' src='https:\/\/ftp3.syscom.mx\/usuarios\/jsosa\/HIKVISION\/imagenes\/logo\/hikvision%20see%20far.png' alt='Logo Hikvision'> <\/div>\n<p> <!-- Contenedor principal --> <\/p>\n<div style='display: flex; flex-wrap: wrap; gap: 30px;'> <!-- Columna izquierda --> <\/p>\n<div style='flex: 1 1 300px; min-width: 280px;'> <!-- Caracter\u00edsticas Principales --> <\/p>\n<div style='border: 1px solid rgba(150&comma;150&comma;150&comma;0.4); border-radius: 8px; overflow: hidden; margin-bottom: 20px;'>\n<div style='padding: 15px; background-color: #df001e; border-bottom: 1px solid #a80000; color: white; font-weight: bold;'>Caracter\u00edsticas Principales:<\/div>\n<div style='padding: 15px;'>\n<ul style='padding-left: 20px; margin: 0; font-size: 14px; list-style-type: disc; color: inherit;'>\n<li style='margin-bottom: 8px;'>Compresi\u00f3n de video: H.265+ \/ H.265 \/ H.264+ \/ H.264<\/li>\n<li style='margin-bottom: 8px;'>Soporta mouse USB para operar (incluido)<\/li>\n<li style='margin-bottom: 8px;'>Soporta 24 HDD\u00b4s de hasta 20 TB (no incluidos)<\/li>\n<li style='margin-bottom: 8px;'>Soporta Hot Swap con arreglo RAID 0&comma;1&comma;5&comma;6&comma;10<\/li>\n<li style='margin-bottom: 8px;'>Soporta b\u00fasqueda de agenda en forma local o remota<\/li>\n<li style='margin-bottom: 8px;'>Soporta Hot Spare para que nunca se pierda la grabaci\u00f3n (se requiere otro NVR que tambi\u00e9n soporte la funci\u00f3n)<\/li>\n<li style='margin-bottom: 8px;'>Soporta DDNS (Hik-Connect&comma; DynDNS&comma; No-IP&comma; etc)<\/li>\n<li style='margin-bottom: 8px;'>Soporta Hik-Connect (P2P) <a style='color: #df001e; text-decoration: none;' href='https:\/\/appstore.hikvision.com\/' target='_blank' rel='noopener'>https:\/\/appstore.hikvision.com\/<\/a><\/li>\n<li style='margin-bottom: 8px;'>Acceso remoto v\u00eda tel\u00e9fono: Android&comma; iPhone&comma; iPad (Hik-Connect)<\/li>\n<li style='margin-bottom: 8px;'>Software cliente IVMS-4200 (gratuito)<\/li>\n<\/ul><\/div>\n<\/p><\/div>\n<p> <!-- Interfaces Entradas y Salidas --> <\/p>\n<div style='border: 1px solid rgba(150&comma;150&comma;150&comma;0.4); border-radius: 8px; overflow: hidden; margin-bottom: 20px;'>\n<div style='padding: 15px; background-color: #df001e; border-bottom: 1px solid #a80000; color: white; font-weight: bold;'>Interfaces Entradas y Salidas:<\/div>\n<div style='padding: 15px;'>\n<ul style='padding-left: 20px; margin: 0; font-size: 14px; list-style-type: disc; color: inherit;'>\n<li style='margin-bottom: 8px;'>Salida simult\u00e1nea HDMI 1 y VGA 1<\/li>\n<li style='margin-bottom: 8px;'>Salida simult\u00e1nea HDMI 2 y VGA 2<\/li>\n<li style='margin-bottom: 8px;'>Resoluci\u00f3n HDMI 1: 8K \/ 4K \/ 1080p \/ 720p<\/li>\n<li style='margin-bottom: 8px;'>Resoluci\u00f3n HDMI 2: 4K \/ 1080p \/ 720p<\/li>\n<li style='margin-bottom: 8px;'>Resoluci\u00f3n VGA 1: 1080p \/ 720p<\/li>\n<li style='margin-bottom: 8px;'>Resoluci\u00f3n VGA 2: 1080p \/ 720p<\/li>\n<li style='margin-bottom: 8px;'>Entrada de Audio: 1<\/li>\n<li style='margin-bottom: 8px;'>Salida de Audio: 1<\/li>\n<li style='margin-bottom: 8px;'>Entrada de Alarma: 16<\/li>\n<li style='margin-bottom: 8px;'>Salida de Alarma: 8<\/li>\n<li style='margin-bottom: 8px;'>Soporta audio bidireccional (audio de dos vias)<\/li>\n<\/ul><\/div>\n<\/p><\/div>\n<p> <!-- Capacidad de procesamiento y funciones de red --> <\/p>\n<div style='border: 1px solid rgba(150&comma;150&comma;150&comma;0.4); border-radius: 8px; overflow: hidden; margin-bottom: 20px;'>\n<div style='padding: 15px; background-color: #df001e; border-bottom: 1px solid #a80000; color: white; font-weight: bold;'>Capacidad de procesamiento y funciones de red:<\/div>\n<div style='padding: 15px;'>\n<ul style='padding-left: 20px; margin: 0; font-size: 14px; list-style-type: disc; color: inherit;'>\n<li style='margin-bottom: 8px;'>Throughput entrada: 1280 Mbps<\/li>\n<li style='margin-bottom: 8px;'>Throughput salida: 1280 Mbps<\/li>\n<li style='margin-bottom: 8px;'>4 Puertos red 10 \/ 100 \/ 1000 \/ 2500 Mbps (LAN)<\/li>\n<li style='margin-bottom: 8px;'>Funciones de las tarjetas de red: balanceo de carga y multidirecci\u00f3n<\/li>\n<li style='margin-bottom: 8px;'>Configuraci\u00f3n local y remota de par\u00e1metros<\/li>\n<li style='margin-bottom: 8px;'>Descarga y reproducci\u00f3n por red de los archivos grabados en la NVR<\/li>\n<li style='margin-bottom: 8px;'>Soporta la descarga de bit\u00e1cora de alarmas del NVR en forma remota<\/li>\n<\/ul><\/div>\n<\/p><\/div>\n<\/p><\/div>\n<p> <!-- Columna derecha --> <\/p>\n<div style='flex: 1 1 300px; min-width: 280px;'> <!-- Caracter\u00edsticas F\u00edsicas y El\u00e9ctricas --> <\/p>\n<div style='border: 1px solid rgba(150&comma;150&comma;150&comma;0.4); border-radius: 8px; overflow: hidden; margin-bottom: 20px;'>\n<div style='padding: 15px; background-color: #df001e; border-bottom: 1px solid #a80000; color: white; font-weight: bold;'>Caracter\u00edsticas F\u00edsicas y El\u00e9ctricas:<\/div>\n<div style='padding: 15px;'>\n<ul style='padding-left: 20px; margin: 0; font-size: 14px; list-style-type: disc; color: inherit;'>\n<li style='margin-bottom: 8px;'>Soporta fuentes redundante y ventilador para enfriamiento (incluidos)<\/li>\n<li style='margin-bottom: 8px;'>Dimensiones: 447 \u00d7 489 \u00d7 173 mm (2 U Rack)<\/li>\n<li style='margin-bottom: 8px;'>Alimentaci\u00f3n: 100 a 240Vca \/ 75 W<\/li>\n<li style='margin-bottom: 8px;'>Temperatura de operaci\u00f3n: 0\u00b0C a 55\u00b0C<\/li>\n<li style='margin-bottom: 8px;'>Peso: 25 Kg sin HDD<\/li>\n<\/ul><\/div>\n<\/p><\/div>\n<p> <!-- Funci\u00f3n de Grabaci\u00f3n y Visualizaci\u00f3n --> <\/p>\n<div style='border: 1px solid rgba(150&comma;150&comma;150&comma;0.4); border-radius: 8px; overflow: hidden; margin-bottom: 20px;'>\n<div style='padding: 15px; background-color: #df001e; border-bottom: 1px solid #a80000; color: white; font-weight: bold;'>Funci\u00f3n de Grabaci\u00f3n y Visualizaci\u00f3n:<\/div>\n<div style='padding: 15px;'>\n<ul style='padding-left: 20px; margin: 0; font-size: 14px; list-style-type: disc; color: inherit;'>\n<li style='margin-bottom: 8px;'>Detecci\u00f3n de movimiento multizona<\/li>\n<li style='margin-bottom: 8px;'>Zoom digital en visualizaci\u00f3n y grabaci\u00f3n<\/li>\n<li style='margin-bottom: 8px;'>Dual stream (main stream y sub stream)<\/li>\n<li style='margin-bottom: 8px;'>Soporta avance r\u00e1pido&comma; lento&comma; cuadro a cuadro&comma; etc<\/li>\n<li style='margin-bottom: 8px;'>Soporta tecnolog\u00eda de discos duros S.M.A.R.T.<\/li>\n<li style='margin-bottom: 8px;'>Soporta m\u00faltiples tipos de grabaci\u00f3n: tiempo real&comma; grabaci\u00f3n manual&comma; videosensor&comma; videosensor y alarma&comma; videosensor o alarma<\/li>\n<li style='margin-bottom: 8px;'>Soporta grabaci\u00f3n c\u00edclica (sobreescritura) y no c\u00edclica<\/li>\n<\/ul><\/div>\n<\/p><\/div>\n<p> <!-- Resoluci\u00f3n de Grabaci\u00f3n por Canal --> <\/p>\n<div style='border: 1px solid rgba(150&comma;150&comma;150&comma;0.4); border-radius: 8px; overflow: hidden; margin-bottom: 20px;'>\n<div style='padding: 15px; background-color: #df001e; border-bottom: 1px solid #a80000; color: white; font-weight: bold;'>Resoluci\u00f3n de Grabaci\u00f3n por Canal (recomendado con H.265):<\/div>\n<div style='padding: 15px;'>\n<ul style='padding-left: 20px; margin: 0; font-size: 14px; list-style-type: disc; color: inherit;'>\n<li style='margin-bottom: 8px;'>1 Megapixel: 256 canales @ 30 IPS<\/li>\n<li style='margin-bottom: 8px;'>2 Megapixel: 256 canales @ 30 IPS<\/li>\n<li style='margin-bottom: 8px;'>5 Megapixel: 256 canales @ 15 IPS<\/li>\n<li style='margin-bottom: 8px;'>8 Megapixel (4K): 200 canales @ 10 IPS<\/li>\n<li style='margin-bottom: 8px;'>Reproducci\u00f3n s\u00edncrona en canales: 16 Canales<\/li>\n<\/ul>\n<p style='margin-top: 15px; margin-bottom: 0; font-weight: bold; color: inherit;'>Nota:<\/p>\n<p style='margin-top: 5px; margin-bottom: 0; font-size: 14px; color: inherit;'>El n\u00famero de canales en grabaci\u00f3n puede variar dependiendo de la resoluci\u00f3n de las c\u00e1maras&comma; IPS y bit rate&comma; para mayor informaci\u00f3n consulte con el departamento de Ingenier\u00eda SYSCOM.<\/p>\n<\/p><\/div>\n<\/p><\/div>\n<\/p><\/div>\n<p> <!-- Caracter\u00edsticas destacadas --> <\/p>\n<div style='width: 100%;'>\n<div style='border: 1px solid rgba(150&comma;150&comma;150&comma;0.4); border-radius: 8px; overflow: hidden;'>\n<div style='padding: 15px; background-color: #df001e; border-bottom: 1px solid #a80000; color: white; font-weight: bold;'>Caracter\u00edsticas destacadas:<\/div>\n<div style='padding: 15px;'>\n<h4 style='margin-top: 0; margin-bottom: 10px; font-size: 16px; border-bottom: 1px solid rgba(150&comma;150&comma;150&comma;0.3); padding-bottom: 5px; color: inherit;'>ACUSENSE (Filtro de Falsas Alarmas)<\/h4>\n<ul style='padding-left: 20px; margin: 0 0 15px 20px; font-size: 14px; list-style-type: disc; color: inherit;'>\n<li style='margin-bottom: 8px;'>Con tecnolog\u00eda ACUSENSE podemos evitar falsas alarmas como movimiento de \u00e1rboles&comma; animales&comma; etc<\/li>\n<li style='margin-bottom: 8px;'>Al activar la tecnolog\u00eda ACUSENSE solo detecta cuerpo humano y veh\u00edculos para detectar realmente eventos importantes y as\u00ed eliminar falsas alarmas<\/li>\n<li style='margin-bottom: 8px;'>Soporta hasta 256 canales con ACUSENSE utilizando c\u00e1maras: DS-2CD2XX7G2 \/ DS-2CD2XX3G2 \/ IDS-2CD7 \/ DS-2CD3XXG2 \/ DS-2CD3XX7G2 (que soporte ACUSENSE)<\/li>\n<li style='margin-bottom: 8px;'>Soporta hasta 256 canales con la tecnolog\u00eda ACUSENSE Lite (humano y veh\u00edculo pero con detecci\u00f3n de movimiento&comma; no anal\u00edticos) usando c\u00e1maras DS-2CD1XX3G2 y DS-2CD1XX3G7G2 (que soporte ACUSENSE Lite)<\/li>\n<\/ul>\n<h4 style='margin-top: 0; margin-bottom: 10px; font-size: 16px; border-bottom: 1px solid rgba(150&comma;150&comma;150&comma;0.3); padding-bottom: 5px; color: inherit;'>Heat Map (Mapa de Calor)<\/h4>\n<ul style='padding-left: 20px; margin: 0 0 15px 20px; font-size: 14px; list-style-type: disc; color: inherit;'>\n<li style='margin-bottom: 8px;'>Usando c\u00e1maras fisheye o domos IP que soporten la anal\u00edtica de calor para poder realizar an\u00e1lisis del movimiento seg\u00fan el escenario por medio de pixeles (paleta de colores)&comma; eso nos permite tomar una decisi\u00f3n de los movimientos m\u00e1s frecuentes seg\u00fan el escenario<\/li>\n<\/ul>\n<h4 style='margin-top: 0; margin-bottom: 10px; font-size: 16px; border-bottom: 1px solid rgba(150&comma;150&comma;150&comma;0.3); padding-bottom: 5px; color: inherit;'>People Counting (Conteo de Personas)<\/h4>\n<ul style='padding-left: 20px; margin: 0 0 15px 20px; font-size: 14px; list-style-type: disc; color: inherit;'>\n<li style='margin-bottom: 8px;'>Usando c\u00e1maras IP con anal\u00edtica de conteo de personas (base de datos) podemos realizar un conteo de personas por medio de la captura facial&comma; esto permite tener una efectividad mayor para evitar posibles duplicaciones<\/li>\n<\/ul>\n<h4 style='margin-top: 0; margin-bottom: 10px; font-size: 16px; border-bottom: 1px solid rgba(150&comma;150&comma;150&comma;0.3); padding-bottom: 5px; color: inherit;'>ANPR (Lectura de Placas)<\/h4>\n<ul style='padding-left: 20px; margin: 0 0 15px 20px; font-size: 14px; list-style-type: disc; color: inherit;'>\n<li style='margin-bottom: 8px;'>Usando c\u00e1maras con anal\u00edtica de ANPR podemos tener lectura de placas (base de datos) y tambi\u00e9n diferentes caracter\u00edsticas del autom\u00f3vil como tipo del veh\u00edculo&comma; color&comma; tama\u00f1o&comma; etc<\/li>\n<\/ul>\n<h4 style='margin-top: 0; margin-bottom: 10px; font-size: 16px; border-bottom: 1px solid rgba(150&comma;150&comma;150&comma;0.3); padding-bottom: 5px; color: inherit;'>Consideraciones<\/h4>\n<ul style='padding-left: 20px; margin: 0 0 15px 20px; font-size: 14px; list-style-type: disc; color: inherit;'>\n<li style='margin-bottom: 8px;'>La serie de grabadores DS-96XXNI-M permite visualizar directo al HDMI cierto n\u00famero de c\u00e1maras simult\u00e1neas hacia el monitor&comma; el NVR su funci\u00f3n principal est\u00e1 en la grabaci\u00f3n por lo que no podr\u00e1 ver todas las c\u00e1maras en la salida HDMI<\/li>\n<li style='margin-bottom: 8px;'>Para optimizar la visualizaci\u00f3n se recomienda usar un software cliente (iVMS-4200&comma; interfaz web o Hik-Central)&comma; por lo que es necesario workstation para su correcto funcionamiento&comma; cualquier duda favor de comunicarse al departamento de ingenier\u00eda seguridad<\/li>\n<li style='margin-bottom: 8px;'>Para soportar arreglo RAID es necesario manejar como m\u00ednimo discos duros de 4 TB y por lo menos 3 unidades<\/li>\n<\/ul><\/div>\n<\/p><\/div>\n<\/p><\/div>\n<\/p><\/div>\n<p> <!-- Imagen final --> <\/p>\n<div style='width: 100%; margin-top: 30px;'> <img style='width: 100%; height: auto; border: 1px solid rgba(150&comma;150&comma;150&comma;0.3); border-radius: 8px;' src='https:\/\/ftp3.syscom.mx\/usuarios\/jsosa\/HIKVISION\/imagenes\/banners\/solution%20complete.png' alt='Soluci\u00f3n completa Hikvision'> <\/div>\n<\/p><\/div>\n","protected":false},"excerpt":{"rendered":"<p>NVR 32 Megapixel (8K) \/ 256 canales IP \/ 24 Bah\u00edas de Disco Duro \/ 4 Puertos de Red \/ Soporta RAID con Hot Swap \/ Fuente Redundante \/ NVR de Alto Desempe\u00f1o<\/p>\n","protected":false},"featured_media":93127,"comment_status":"open","ping_status":"closed","template":"","meta":[],"product_brand":[],"product_cat":[2234],"product_tag":[122,54,2235],"class_list":{"0":"post-93128","1":"product","2":"type-product","3":"status-publish","4":"has-post-thumbnail","6":"product_cat-nvrs-network-video-recorders","7":"product_tag-camaras-ip-y-nvrs","8":"product_tag-hikvision","9":"product_tag-nvrs-network-video-recorders","11":"first","12":"outofstock","13":"sale","14":"shipping-taxable","15":"purchasable","16":"product-type-simple"},"_links":{"self":[{"href":"https:\/\/soydeaqui.ddns.net\/pachuca\/index.php\/wp-json\/wp\/v2\/product\/93128","targetHints":{"allow":["GET"]}}],"collection":[{"href":"https:\/\/soydeaqui.ddns.net\/pachuca\/index.php\/wp-json\/wp\/v2\/product"}],"about":[{"href":"https:\/\/soydeaqui.ddns.net\/pachuca\/index.php\/wp-json\/wp\/v2\/types\/product"}],"replies":[{"embeddable":true,"href":"https:\/\/soydeaqui.ddns.net\/pachuca\/index.php\/wp-json\/wp\/v2\/comments?post=93128"}],"wp:featuredmedia":[{"embeddable":true,"href":"https:\/\/soydeaqui.ddns.net\/pachuca\/index.php\/wp-json\/wp\/v2\/media\/93127"}],"wp:attachment":[{"href":"https:\/\/soydeaqui.ddns.net\/pachuca\/index.php\/wp-json\/wp\/v2\/media?parent=93128"}],"wp:term":[{"taxonomy":"product_brand","embeddable":true,"href":"https:\/\/soydeaqui.ddns.net\/pachuca\/index.php\/wp-json\/wp\/v2\/product_brand?post=93128"},{"taxonomy":"product_cat","embeddable":true,"href":"https:\/\/soydeaqui.ddns.net\/pachuca\/index.php\/wp-json\/wp\/v2\/product_cat?post=93128"},{"taxonomy":"product_tag","embeddable":true,"href":"https:\/\/soydeaqui.ddns.net\/pachuca\/index.php\/wp-json\/wp\/v2\/product_tag?post=93128"}],"curies":[{"name":"wp","href":"https:\/\/api.w.org\/{rel}","templated":true}]}}