{"id":93096,"date":"2026-03-20T05:48:15","date_gmt":"2026-03-20T05:48:15","guid":{"rendered":"https:\/\/soydeaqui.ddns.net\/pachuca\/index.php\/producto\/nvr-wisenet-wave-basada-en-windows-montable-en-rack-1u-incluye-1-licencia-wave-pro-04-470-mbps-throughput-incluye-16-tb-para-almacenamiento\/"},"modified":"2026-03-20T05:48:19","modified_gmt":"2026-03-20T05:48:19","slug":"nvr-wisenet-wave-basada-en-windows-montable-en-rack-1u-incluye-1-licencia-wave-pro-04-470-mbps-throughput-incluye-16-tb-para-almacenamiento","status":"publish","type":"product","link":"https:\/\/soydeaqui.ddns.net\/pachuca\/index.php\/producto\/nvr-wisenet-wave-basada-en-windows-montable-en-rack-1u-incluye-1-licencia-wave-pro-04-470-mbps-throughput-incluye-16-tb-para-almacenamiento\/","title":{"rendered":"NVR Wisenet WAVE basada en Windows \/ Montable en Rack 1U \/ Incluye 1 licencia WAVE-PRO-04 \/ 470 Mbps throughput \/ Incluye 16 TB para almacenamiento"},"content":{"rendered":"<div style='width: 100%; max-width: 1200px; margin: 0 auto; font-family: sans-serif; line-height: 1.6; color: inherit; background-color: transparent;'>\n<div style='width: 100%;'> <img style='width: 100%; height: auto; border: 1px solid rgba(150&comma;150&comma;150&comma;0.3); border-radius: 8px;' src='https:\/\/ftp3.syscom.mx\/usuarios\/gmagos\/Hanwha\/fotos\/plantilla-iconos-win.jpg' alt=''> <\/div>\n<div style='margin-top: 30px; margin-bottom: 30px;'>\n<h3 style='font-size: 22px; border-bottom: 2px solid currentColor; padding-bottom: 5px; margin-top: 0; color: inherit; opacity: 0.8; text-align: center;'>Caracter\u00edsticas t\u00e9cnicas<\/h3>\n<\/p><\/div>\n<div style='display: flex; flex-wrap: wrap; gap: 30px; margin-bottom: 30px;'>\n<div style='flex: 1 1 300px; min-width: 280px;'>\n<div style='border: 1px solid rgba(150&comma; 150&comma; 150&comma; 0.4); border-radius: 8px; overflow: hidden;'>\n<div style='padding: 15px; border-bottom: 1px solid rgba(150&comma; 150&comma; 150&comma; 0.2); font-weight: bold; font-size: 18px; color: inherit; background-color: rgba(243&comma; 115&comma; 36&comma; 0.1);'>Sistema<\/div>\n<ul style='padding: 15px; margin: 0; font-size: 14px; list-style-type: disc; color: inherit;'>\n<li style='margin-bottom: 5px;'><strong>Software:<\/strong> Wisenet WAVE<\/li>\n<li style='margin-bottom: 5px;'><strong>Licencias pre-cargadas:<\/strong> 1 licencia Wisenet WAVE-PRO04 incluida<\/li>\n<li style='margin-bottom: 5px;'><strong>Ancho de banda para grabaci\u00f3n:<\/strong> 470 Mbps<\/li>\n<li style='margin-bottom: 5px;'><strong>Disco duro sistema operativo:<\/strong> 2 x 480 GB Raid 1 SSD<\/li>\n<li style='margin-bottom: 5px;'><strong>Almacenamiento incluido:<\/strong> 16 TB<\/li>\n<li style='margin-bottom: 5px;'><strong>Bah\u00edas para discos duros adicionales:<\/strong> 4 x 3.5 SATA Hot Swap (1 usado para SO)<\/li>\n<li style='margin-bottom: 5px;'><strong>Capacidad m\u00e1xima de disco duro:<\/strong> Hasta 80 TB en Crudo<\/li>\n<li style='margin-bottom: 5px;'><strong>Procesador:<\/strong> 1 x Procesador Intel Xeon<\/li>\n<li style='margin-bottom: 5px;'><strong>Memoria:<\/strong> 16 GB DDR4<\/li>\n<li style='margin-bottom: 5px;'><strong>Sistema operativo:<\/strong> Windows 10 IoT Enterprise<\/li>\n<\/ul><\/div>\n<\/p><\/div>\n<div style='flex: 1 1 300px; min-width: 280px;'>\n<div style='border: 1px solid rgba(150&comma; 150&comma; 150&comma; 0.4); border-radius: 8px; overflow: hidden;'>\n<div style='padding: 15px; border-bottom: 1px solid rgba(150&comma; 150&comma; 150&comma; 0.2); font-weight: bold; font-size: 18px; color: inherit; background-color: rgba(243&comma; 115&comma; 36&comma; 0.1);'>Interfaces<\/div>\n<ul style='padding: 15px; margin: 0; font-size: 14px; list-style-type: disc; color: inherit;'>\n<li style='margin-bottom: 5px;'><strong>Interfaces de red:<\/strong> 2 x RJ45&comma; Gigabit Ethernet<\/li>\n<li style='margin-bottom: 5px;'><strong>Salidas de video:<\/strong> 1 HDMI \/ 1 VGA (Solo para configuraci\u00f3n&comma; no optimizada para visualizaci\u00f3n de c\u00e1maras)<\/li>\n<li style='margin-bottom: 5px;'><strong>Puertos USB:<\/strong> 2 USB 3.2 Traseros&comma; 2 USB 3.2 Frontal<\/li>\n<li style='margin-bottom: 5px;'><strong>Otros puertos:<\/strong> Serial<\/li>\n<\/ul><\/div>\n<div style='margin-top: 20px; border: 1px solid rgba(150&comma; 150&comma; 150&comma; 0.4); border-radius: 8px; overflow: hidden;'>\n<div style='padding: 15px; border-bottom: 1px solid rgba(150&comma; 150&comma; 150&comma; 0.2); font-weight: bold; font-size: 18px; color: inherit; background-color: rgba(243&comma; 115&comma; 36&comma; 0.1);'>Caracter\u00edsticas F\u00edsicas y El\u00e9ctricas<\/div>\n<ul style='padding: 15px; margin: 0; font-size: 14px; list-style-type: disc; color: inherit;'>\n<li style='margin-bottom: 5px;'><strong>Fuente de poder:<\/strong> 250 W Bronce<\/li>\n<li style='margin-bottom: 5px;'><strong>Entrada de voltaje:<\/strong> 100 &#8211; 240 VCA<\/li>\n<li style='margin-bottom: 5px;'><strong>Consumo m\u00e1ximo:<\/strong> 250 W<\/li>\n<\/ul><\/div>\n<\/p><\/div>\n<div style='flex: 1 1 300px; min-width: 280px;'>\n<div style='border: 1px solid rgba(150&comma; 150&comma; 150&comma; 0.4); border-radius: 8px; overflow: hidden;'>\n<div style='padding: 15px; border-bottom: 1px solid rgba(150&comma; 150&comma; 150&comma; 0.2); font-weight: bold; font-size: 18px; color: inherit; background-color: rgba(243&comma; 115&comma; 36&comma; 0.1);'>Caracter\u00edsticas Mec\u00e1nicas<\/div>\n<ul style='padding: 15px; margin: 0; font-size: 14px; list-style-type: disc; color: inherit;'>\n<li style='margin-bottom: 5px;'><strong>Forma del equipo:<\/strong> Chassis montable en Rack 1U<\/li>\n<li style='margin-bottom: 5px;'><strong>Color \/ Material:<\/strong> Negro \/ Metal<\/li>\n<li style='margin-bottom: 5px;'><strong>Dimensiones:<\/strong> 444 mm x 440 mm x 44 mm<\/li>\n<li style='margin-bottom: 5px;'><strong>Peso:<\/strong> 23 Kg (sin discos duros)<\/li>\n<\/ul><\/div>\n<div style='margin-top: 20px; border: 1px solid rgba(150&comma; 150&comma; 150&comma; 0.4); border-radius: 8px; overflow: hidden;'>\n<div style='padding: 15px; border-bottom: 1px solid rgba(150&comma; 150&comma; 150&comma; 0.2); font-weight: bold; font-size: 18px; color: inherit; background-color: rgba(243&comma; 115&comma; 36&comma; 0.1);'>Ambiental<\/div>\n<ul style='padding: 15px; margin: 0; font-size: 14px; list-style-type: disc; color: inherit;'>\n<li style='margin-bottom: 5px;'><strong>Temperatura de operaci\u00f3n:<\/strong> 10 a 35 \u00baC<\/li>\n<li style='margin-bottom: 5px;'><strong>Temperatura de almacenamiento:<\/strong> -40 a 65 \u00baC<\/li>\n<li style='margin-bottom: 5px;'><strong>Humedad de operaci\u00f3n:<\/strong> 10% a 80% RH sin condensaci\u00f3n<\/li>\n<\/ul><\/div>\n<div style='margin-top: 20px; border: 1px solid rgba(150&comma; 150&comma; 150&comma; 0.4); border-radius: 8px; overflow: hidden;'>\n<div style='padding: 15px; border-bottom: 1px solid rgba(150&comma; 150&comma; 150&comma; 0.2); font-weight: bold; font-size: 18px; color: inherit; background-color: rgba(243&comma; 115&comma; 36&comma; 0.1);'>Certificaciones<\/div>\n<ul style='padding: 15px; margin: 0; font-size: 14px; list-style-type: disc; color: inherit;'>\n<li style='margin-bottom: 5px;'>UL&comma; cUL&comma; FCC&comma; BSMI<\/li>\n<\/ul><\/div>\n<\/p><\/div>\n<\/p><\/div>\n<div style='margin-top: 30px; margin-bottom: 30px; text-align: center;'> <strong style='font-size: 16px; color: inherit;'>Garant\u00eda de 3 a\u00f1os.<\/strong> <\/div>\n<\/p><\/div>\n","protected":false},"excerpt":{"rendered":"<p>NVR Wisenet WAVE basada en Windows \/ Montable en Rack 1U \/ Incluye 1 licencia WAVE-PRO-04 \/ 470 Mbps throughput \/ Incluye 16 TB para almacenamiento<\/p>\n","protected":false},"featured_media":93095,"comment_status":"open","ping_status":"closed","template":"","meta":[],"product_brand":[],"product_cat":[2236],"product_tag":[1055,2065,2237],"class_list":{"0":"post-93096","1":"product","2":"type-product","3":"status-publish","4":"has-post-thumbnail","6":"product_cat-servidores-de-aplicacion","7":"product_tag-hanwha-vision","8":"product_tag-servidores-almacenamiento","9":"product_tag-servidores-de-aplicacion","11":"first","12":"outofstock","13":"sale","14":"shipping-taxable","15":"purchasable","16":"product-type-simple"},"_links":{"self":[{"href":"https:\/\/soydeaqui.ddns.net\/pachuca\/index.php\/wp-json\/wp\/v2\/product\/93096","targetHints":{"allow":["GET"]}}],"collection":[{"href":"https:\/\/soydeaqui.ddns.net\/pachuca\/index.php\/wp-json\/wp\/v2\/product"}],"about":[{"href":"https:\/\/soydeaqui.ddns.net\/pachuca\/index.php\/wp-json\/wp\/v2\/types\/product"}],"replies":[{"embeddable":true,"href":"https:\/\/soydeaqui.ddns.net\/pachuca\/index.php\/wp-json\/wp\/v2\/comments?post=93096"}],"wp:featuredmedia":[{"embeddable":true,"href":"https:\/\/soydeaqui.ddns.net\/pachuca\/index.php\/wp-json\/wp\/v2\/media\/93095"}],"wp:attachment":[{"href":"https:\/\/soydeaqui.ddns.net\/pachuca\/index.php\/wp-json\/wp\/v2\/media?parent=93096"}],"wp:term":[{"taxonomy":"product_brand","embeddable":true,"href":"https:\/\/soydeaqui.ddns.net\/pachuca\/index.php\/wp-json\/wp\/v2\/product_brand?post=93096"},{"taxonomy":"product_cat","embeddable":true,"href":"https:\/\/soydeaqui.ddns.net\/pachuca\/index.php\/wp-json\/wp\/v2\/product_cat?post=93096"},{"taxonomy":"product_tag","embeddable":true,"href":"https:\/\/soydeaqui.ddns.net\/pachuca\/index.php\/wp-json\/wp\/v2\/product_tag?post=93096"}],"curies":[{"name":"wp","href":"https:\/\/api.w.org\/{rel}","templated":true}]}}