{"id":93093,"date":"2026-03-20T05:48:06","date_gmt":"2026-03-20T05:48:06","guid":{"rendered":"https:\/\/soydeaqui.ddns.net\/pachuca\/index.php\/producto\/ptz-ip-4-megapixel-42x-zoom-dual-light-500-mts-ir-100-mts-luz-blanca-polimero-anticorrosivo-ideal-para-zonas-costeras-o-alta-salinidad-autoseguimiento-darkfighter-eis-exterior-ip67\/"},"modified":"2026-03-20T05:48:09","modified_gmt":"2026-03-20T05:48:09","slug":"ptz-ip-4-megapixel-42x-zoom-dual-light-500-mts-ir-100-mts-luz-blanca-polimero-anticorrosivo-ideal-para-zonas-costeras-o-alta-salinidad-autoseguimiento-darkfighter-eis-exterior-ip67","status":"publish","type":"product","link":"https:\/\/soydeaqui.ddns.net\/pachuca\/index.php\/producto\/ptz-ip-4-megapixel-42x-zoom-dual-light-500-mts-ir-100-mts-luz-blanca-polimero-anticorrosivo-ideal-para-zonas-costeras-o-alta-salinidad-autoseguimiento-darkfighter-eis-exterior-ip67\/","title":{"rendered":"PTZ IP 4 Megapixel \/ 42X Zoom \/ Dual Light (500 mts IR \/ 100 mts Luz Blanca) \/ Polimero Anticorrosivo (Ideal para Zonas Costeras o Alta Salinidad) \/ AutoSeguimiento \/ DARKFIGHTER \/ EIS \/ Exterior IP67 \/ NEMA 4X \/ C5 \/ Wiper"},"content":{"rendered":"<div style='width: 100%; max-width: 1200px; margin: 0 auto; font-family: sans-serif; line-height: 1.6; color: inherit; background-color: transparent;'>\n<div style='display: flex; flex-wrap: wrap; gap: 30px; margin-bottom: 30px;'>\n<div style='flex: 1 1 100%; min-width: 280px;'> <img style='width: 100%; height: auto; border: 1px solid rgba(150&comma;150&comma;150&comma;0.3); border-radius: 8px;' src='https:\/\/ftp3.syscom.mx\/usuarios\/ftp\/web_img\/hikvision\/PTZ 2 - BANNER.jpg' alt='Banner PTZ'> <\/div>\n<\/p><\/div>\n<div style='display: flex; flex-wrap: wrap; gap: 30px; margin-bottom: 30px;'>\n<div style='flex: 1 1 100%; min-width: 280px;'> <img style='width: 100%; height: auto; border: 1px solid rgba(150&comma;150&comma;150&comma;0.3); border-radius: 8px;' src='https:\/\/ftp3.syscom.mx\/usuarios\/ftp\/web_img\/hikvision\/IMG_ANTICORROSION-DARKFIGHTER.jpg' alt='Anticorrosi\u00f3n Darkfighter'> <\/div>\n<\/p><\/div>\n<div style='display: flex; flex-wrap: wrap; gap: 30px; margin-bottom: 30px;'>\n<div style='flex: 1 1 100%; min-width: 280px; text-align: center;'> <img style='width: 50%; height: auto; border: 1px solid rgba(150&comma;150&comma;150&comma;0.3); border-radius: 8px;' src='https:\/\/ftp3.syscom.mx\/usuarios\/jsosa\/HIKVISION\/imagenes\/logo\/hikvision%20see%20far.png' alt='Logo Hikvision'> <\/div>\n<\/p><\/div>\n<div style='display: flex; flex-wrap: wrap; gap: 30px; margin-bottom: 30px;'>\n<div style='flex: 1 1 48%; min-width: 280px;'>\n<div style='border: 1px solid rgba(150&comma; 150&comma; 150&comma; 0.4); border-radius: 8px; overflow: hidden; display: flex; flex-direction: column;'>\n<div style='padding: 15px; border-bottom: 1px solid rgba(150&comma; 150&comma; 150&comma; 0.2); font-weight: bold; font-size: 18px; background: #df001e; color: white;'>Caracter\u00edsticas Principales:<\/div>\n<div style='padding: 15px; color: inherit;'>\n<ul style='padding-left: 20px; margin: 0; font-size: 14px; list-style-type: disc;'>\n<li style='margin-bottom: 5px; font-family: verdana&comma; geneva&comma; sans-serif;'>Sensor de imagen: 1\/1.8&#8242; CMOS Scan Progresivo.<\/li>\n<li style='margin-bottom: 5px; font-family: verdana&comma; geneva&comma; sans-serif;'>Iluminaci\u00f3n m\u00ednima: Color:0.005 Lux @F1.2 AGC&comma;ON) B\/N:0.0005 Lux @(F1.2&comma; AGC ON).<\/li>\n<li style='margin-bottom: 5px; font-family: verdana&comma; geneva&comma; sans-serif;'>Distancia focal: 6 a 252 mm (42X zoom \u00f3ptico \/ 16X zoom digital).<\/li>\n<li style='margin-bottom: 5px; font-family: verdana&comma; geneva&comma; sans-serif;'>Distancia de IR: 500 m IR inteligente.<\/li>\n<li style='margin-bottom: 5px; font-family: verdana&comma; geneva&comma; sans-serif;'>Distancia de Luz Blanca: 100 m.<\/li>\n<li style='margin-bottom: 5px; font-family: verdana&comma; geneva&comma; sans-serif;'>Funciones: WDR 120dB \/ 3D-DNR \/ EIS \/ HLC \/ BLC \/ Auto-Seguimiento \/ Defog.<\/li>\n<\/ul><\/div>\n<\/p><\/div>\n<\/p><\/div>\n<div style='flex: 1 1 48%; min-width: 280px;'>\n<div style='border: 1px solid rgba(150&comma; 150&comma; 150&comma; 0.4); border-radius: 8px; overflow: hidden; display: flex; flex-direction: column;'>\n<div style='padding: 15px; border-bottom: 1px solid rgba(150&comma; 150&comma; 150&comma; 0.2); font-weight: bold; font-size: 18px; background: #df001e; color: white;'>Entradas y Salidas de Audio \/ Alarmas \/ Red \/ Almacenamiento:<\/div>\n<div style='padding: 15px; color: inherit;'>\n<ul style='padding-left: 20px; margin: 0; font-size: 14px; list-style-type: disc;'>\n<li style='margin-bottom: 5px; font-family: verdana&comma; geneva&comma; sans-serif;'>Red: 1 puerto RJ45 (10 \/ 100 Mbps).<\/li>\n<li style='margin-bottom: 5px; font-family: verdana&comma; geneva&comma; sans-serif;'>7 entradas y 2 salidas de alarma.<\/li>\n<li style='margin-bottom: 5px; font-family: verdana&comma; geneva&comma; sans-serif;'>1 entrada y 1 salida de audio.<\/li>\n<li style='margin-bottom: 5px; font-family: verdana&comma; geneva&comma; sans-serif;'>Almacenamiento: Soporta micro SD&comma; debe ser ordenada con la memoria requerida.<\/li>\n<\/ul><\/div>\n<\/p><\/div>\n<\/p><\/div>\n<\/p><\/div>\n<div style='display: flex; flex-wrap: wrap; gap: 30px; margin-bottom: 30px;'>\n<div style='flex: 1 1 48%; min-width: 280px;'>\n<div style='border: 1px solid rgba(150&comma; 150&comma; 150&comma; 0.4); border-radius: 8px; overflow: hidden; display: flex; flex-direction: column;'>\n<div style='padding: 15px; border-bottom: 1px solid rgba(150&comma; 150&comma; 150&comma; 0.2); font-weight: bold; font-size: 18px; background: #df001e; color: white;'>Caracter\u00edsticas F\u00edsicas y El\u00e9ctricas:<\/div>\n<div style='padding: 15px; color: inherit;'>\n<ul style='padding-left: 20px; margin: 0; font-size: 14px; list-style-type: disc;'>\n<li style='margin-bottom: 5px; font-family: verdana&comma; geneva&comma; sans-serif;'>Aplicaci\u00f3n: Interior \/ Exterior.<\/li>\n<li style='margin-bottom: 5px; font-family: verdana&comma; geneva&comma; sans-serif;'>Protecci\u00f3n: IP67.<\/li>\n<li style='margin-bottom: 5px; font-family: verdana&comma; geneva&comma; sans-serif;'>Temperatura de operaci\u00f3n: -40\u00b0C a 70\u00b0C.<\/li>\n<li style='margin-bottom: 5px; font-family: verdana&comma; geneva&comma; sans-serif;'>Alimentaci\u00f3n \/ Consumo: 36 Vcd \/ 24 Vca \/ 60W.<\/li>\n<li style='margin-bottom: 5px; font-family: verdana&comma; geneva&comma; sans-serif;'>Dimensiones: 242 x 398.1 mm.<\/li>\n<li style='margin-bottom: 5px; font-family: verdana&comma; geneva&comma; sans-serif;'>Peso: 6 kgs.<\/li>\n<li style='margin-bottom: 5px; font-family: verdana&comma; geneva&comma; sans-serif;'>El PTZ no incluye brazo de pared.<\/li>\n<li style='margin-bottom: 5px; font-family: verdana&comma; geneva&comma; sans-serif;'>No incluye fuente de alimentaci\u00f3n.<\/li>\n<\/ul><\/div>\n<\/p><\/div>\n<\/p><\/div>\n<div style='flex: 1 1 48%; min-width: 280px;'>\n<div style='border: 1px solid rgba(150&comma; 150&comma; 150&comma; 0.4); border-radius: 8px; overflow: hidden; display: flex; flex-direction: column;'>\n<div style='padding: 15px; border-bottom: 1px solid rgba(150&comma; 150&comma; 150&comma; 0.2); font-weight: bold; font-size: 18px; background: #df001e; color: white;'>Accesorios Opcionales:<\/div>\n<div style='padding: 15px; color: inherit;'>\n<ul style='padding-left: 20px; margin: 0; font-size: 14px; list-style-type: disc;'>\n<li style='margin-bottom: 5px; font-family: verdana&comma; geneva&comma; sans-serif;'>Montaje Vertical de Pared \/ Color Plata \/ Exterior: <a style='text-decoration: none; color: inherit;' href='https:\/\/www.syscom.mx\/producto\/DS-4600ZJ-GSAC-HIKVISION-229383.html' target='_blank' rel='noopener'>DS-4600ZJ-GSAC<\/a><\/li>\n<li style='margin-bottom: 5px; font-family: verdana&comma; geneva&comma; sans-serif;'>Caja de Conexiones: <a style='text-decoration: none; color: inherit;' href='https:\/\/www.syscom.mx\/producto\/DS-4680ZJ-GP-HIKVISION-229262.html' target='_blank' rel='noopener'>DS-4680ZJ-GP<\/a><\/li>\n<li style='margin-bottom: 5px; font-family: verdana&comma; geneva&comma; sans-serif;'>Montaje de Techo Tipo Tubo: <a style='text-decoration: none; color: inherit;' href='https:\/\/www.syscom.mx\/producto\/DS-4610ZJ-GSAC-HIKVISION-225183.html' target='_blank' rel='noopener'>DS-4610ZJ-GSAC<\/a><\/li>\n<\/ul><\/div>\n<\/p><\/div>\n<\/p><\/div>\n<\/p><\/div>\n<div style='display: flex; flex-wrap: wrap; gap: 30px; margin-bottom: 30px;'>\n<div style='flex: 1 1 100%; min-width: 280px;'>\n<div style='border: 1px solid rgba(150&comma; 150&comma; 150&comma; 0.4); border-radius: 8px; overflow: hidden; display: flex; flex-direction: column;'>\n<div style='padding: 15px; border-bottom: 1px solid rgba(150&comma; 150&comma; 150&comma; 0.2); font-weight: bold; font-size: 18px; background: #df001e; color: white;'>Caracter\u00edsticas Destacadas:<\/div>\n<div style='padding: 15px; color: inherit;'>\n<ul style='padding-left: 20px; margin: 0; font-size: 14px; list-style-type: disc;'>\n<li style='margin-bottom: 5px; font-family: verdana&comma; geneva&comma; sans-serif;'>Tecnolog\u00eda Dual Light (500 mts IR \/ 100 mts Luz Blanca)<\/li>\n<li style='margin-bottom: 5px; font-family: verdana&comma; geneva&comma; sans-serif;'>Material Pol\u00edmero Anticorrosivo (Ideal para Zonas Costeras o Alta Salinidad)<\/li>\n<li style='margin-bottom: 5px; font-family: verdana&comma; geneva&comma; sans-serif;'>Tecnolog\u00eda DARKFIGHTER para visi\u00f3n nocturna mejorada<\/li>\n<li style='margin-bottom: 5px; font-family: verdana&comma; geneva&comma; sans-serif;'>Estabilizaci\u00f3n de imagen EIS<\/li>\n<li style='margin-bottom: 5px; font-family: verdana&comma; geneva&comma; sans-serif;'>AutoSeguimiento<\/li>\n<li style='margin-bottom: 5px; font-family: verdana&comma; geneva&comma; sans-serif;'>Certificaci\u00f3n NEMA 4X y C5<\/li>\n<li style='margin-bottom: 5px; font-family: verdana&comma; geneva&comma; sans-serif;'>Incluye limpiaparabrisas (Wiper)<\/li>\n<\/ul><\/div>\n<\/p><\/div>\n<\/p><\/div>\n<\/p><\/div>\n<div style='display: flex; flex-wrap: wrap; gap: 30px; margin-bottom: 30px;'>\n<div style='flex: 1 1 100%; min-width: 280px;'> <img style='width: 100%; height: auto; border: 1px solid rgba(150&comma;150&comma;150&comma;0.3); border-radius: 8px;' src='https:\/\/ftp3.syscom.mx\/usuarios\/jsosa\/HIKVISION\/imagenes\/banners\/solution%20complete.png' alt='Soluci\u00f3n Completa'> <\/div>\n<\/p><\/div>\n<div style='display: flex; flex-wrap: wrap; gap: 30px; margin-bottom: 30px;'>\n<div style='flex: 1 1 100%; min-width: 280px;'>\n<div style='position: relative; padding-bottom: 56.25%; height: 0; overflow: hidden; margin-bottom: 30px;'>   <\/div>\n<\/p><\/div>\n<\/p><\/div>\n<\/p><\/div>\n","protected":false},"excerpt":{"rendered":"<p>PTZ IP 4 Megapixel \/ 42X Zoom \/ Dual Light (500 mts IR \/ 100 mts Luz Blanca) \/ Polimero Anticorrosivo (Ideal para Zonas Costeras o Alta Salinidad) \/ AutoSeguimiento \/ DARKFIGHTER \/ EIS \/ Exterior IP67 \/ NEMA 4X \/ C5 \/ Wiper<\/p>\n","protected":false},"featured_media":93092,"comment_status":"open","ping_status":"closed","template":"","meta":[],"product_brand":[],"product_cat":[1224],"product_tag":[122,54,1225],"class_list":{"0":"post-93093","1":"product","2":"type-product","3":"status-publish","4":"has-post-thumbnail","6":"product_cat-ptz","7":"product_tag-camaras-ip-y-nvrs","8":"product_tag-hikvision","9":"product_tag-ptz","11":"first","12":"instock","13":"sale","14":"shipping-taxable","15":"purchasable","16":"product-type-simple"},"_links":{"self":[{"href":"https:\/\/soydeaqui.ddns.net\/pachuca\/index.php\/wp-json\/wp\/v2\/product\/93093","targetHints":{"allow":["GET"]}}],"collection":[{"href":"https:\/\/soydeaqui.ddns.net\/pachuca\/index.php\/wp-json\/wp\/v2\/product"}],"about":[{"href":"https:\/\/soydeaqui.ddns.net\/pachuca\/index.php\/wp-json\/wp\/v2\/types\/product"}],"replies":[{"embeddable":true,"href":"https:\/\/soydeaqui.ddns.net\/pachuca\/index.php\/wp-json\/wp\/v2\/comments?post=93093"}],"wp:featuredmedia":[{"embeddable":true,"href":"https:\/\/soydeaqui.ddns.net\/pachuca\/index.php\/wp-json\/wp\/v2\/media\/93092"}],"wp:attachment":[{"href":"https:\/\/soydeaqui.ddns.net\/pachuca\/index.php\/wp-json\/wp\/v2\/media?parent=93093"}],"wp:term":[{"taxonomy":"product_brand","embeddable":true,"href":"https:\/\/soydeaqui.ddns.net\/pachuca\/index.php\/wp-json\/wp\/v2\/product_brand?post=93093"},{"taxonomy":"product_cat","embeddable":true,"href":"https:\/\/soydeaqui.ddns.net\/pachuca\/index.php\/wp-json\/wp\/v2\/product_cat?post=93093"},{"taxonomy":"product_tag","embeddable":true,"href":"https:\/\/soydeaqui.ddns.net\/pachuca\/index.php\/wp-json\/wp\/v2\/product_tag?post=93093"}],"curies":[{"name":"wp","href":"https:\/\/api.w.org\/{rel}","templated":true}]}}