{"id":93088,"date":"2026-03-20T05:47:54","date_gmt":"2026-03-20T05:47:54","guid":{"rendered":"https:\/\/soydeaqui.ddns.net\/pachuca\/index.php\/producto\/bateria-de-litio-hierro-fosfato-lifepo4-de-5-12-kwh-51-2-vcc-100-ah\/"},"modified":"2026-03-20T05:48:03","modified_gmt":"2026-03-20T05:48:03","slug":"bateria-de-litio-hierro-fosfato-lifepo4-de-5-12-kwh-51-2-vcc-100-ah","status":"publish","type":"product","link":"https:\/\/soydeaqui.ddns.net\/pachuca\/index.php\/producto\/bateria-de-litio-hierro-fosfato-lifepo4-de-5-12-kwh-51-2-vcc-100-ah\/","title":{"rendered":"Bater\u00eda de Litio Hierro Fosfato (LiFePO4) de 5.12 Kwh, 51.2 Vcc ,100 Ah"},"content":{"rendered":"<div style='width: 100%; max-width: 1200px; margin: 0 auto; font-family: sans-serif; line-height: 1.6; color: inherit; background-color: transparent;'> <!-- Introducci\u00f3n --> <\/p>\n<div style='margin-bottom: 30px;'>\n<h3 style='font-size: 22px; border-bottom: 2px solid currentColor; padding-bottom: 5px; margin-top: 0; color: inherit; opacity: 0.8;'>Introducci\u00f3n<\/h3>\n<p style='font-size: 15px; color: inherit;'>V5\u00b0&comma; la bater\u00eda LFP de nueva generaci\u00f3n para el sistema de almacenamiento de energ\u00eda en el hogar. Proporciona un paquete de bater\u00edas LFP est\u00e1ndar seguro&comma; bien dise\u00f1ado y de alto rendimiento. El paquete de bater\u00edas es compacto&comma; f\u00e1cil de instalar&comma; libre de mantenimiento y se puede ensamblar en paralelo en componentes de un sistema de almacenamiento de energ\u00eda. Es ampliamente utilizado en aplicaciones dom\u00e9sticas&comma; peque\u00f1os sistemas de almacenamiento de energ\u00eda comerciales e industriales y estaciones de telecomunicaciones.<\/p>\n<\/p><\/div>\n<p> <!-- Caracter\u00edsticas --> <\/p>\n<div style='margin-bottom: 30px;'>\n<h3 style='font-size: 22px; border-bottom: 2px solid currentColor; padding-bottom: 5px; margin-top: 0; color: inherit; opacity: 0.8;'>Caracter\u00edsticas<\/h3>\n<div style='display: flex; flex-wrap: wrap; gap: 20px; margin-top: 15px;'>\n<div style='flex: 1 1 300px; min-width: 280px;'>\n<h4 style='font-size: 18px; font-weight: bold; margin-top: 0; color: inherit; opacity: 0.9;'>Funciones b\u00e1sicas<\/h4>\n<ul style='padding-left: 20px; font-size: 14px; color: inherit; list-style-type: disc;'>\n<li style='margin-bottom: 5px;'>Autoconsumo<\/li>\n<li style='margin-bottom: 5px;'>Sistema de bater\u00eda de reserva<\/li>\n<li style='margin-bottom: 5px;'>Reducci\u00f3n de Facturas de Electricidad<\/li>\n<li style='margin-bottom: 5px;'>Amplia Compatibilidad<\/li>\n<\/ul><\/div>\n<div style='flex: 1 1 300px; min-width: 280px;'>\n<h4 style='font-size: 18px; font-weight: bold; margin-top: 0; color: inherit; opacity: 0.9;'>Carga\/descarga de corta duraci\u00f3n<\/h4>\n<ul style='padding-left: 20px; font-size: 14px; color: inherit; list-style-type: disc;'>\n<li style='margin-bottom: 5px;'>Corriente m\u00e1xima continua de carga\/descarga: 100A<\/li>\n<\/ul><\/div>\n<div style='flex: 1 1 300px; min-width: 280px;'>\n<h4 style='font-size: 18px; font-weight: bold; margin-top: 0; color: inherit; opacity: 0.9;'>Conexi\u00f3n f\u00e1cil<\/h4>\n<ul style='padding-left: 20px; font-size: 14px; color: inherit; list-style-type: disc;'>\n<li style='margin-bottom: 5px;'>Los nuevos terminales son compatibles con la conexi\u00f3n de barras de cobre\/cables<\/li>\n<li style='margin-bottom: 5px;'>Hasta 3 unidades conectadas en paralelo sin utilizar barras colectoras<\/li>\n<\/ul><\/div>\n<div style='flex: 1 1 300px; min-width: 280px;'>\n<h4 style='font-size: 18px; font-weight: bold; margin-top: 0; color: inherit; opacity: 0.9;'>Gesti\u00f3n Inteligente de la Energ\u00eda<\/h4>\n<ul style='padding-left: 20px; font-size: 14px; color: inherit; list-style-type: disc;'>\n<li style='margin-bottom: 5px;'>Los sistemas de medici\u00f3n&comma; monitorizaci\u00f3n y gesti\u00f3n en tiempo real optimizan la vida \u00fatil del sistema a trav\u00e9s de algoritmos inteligentes<\/li>\n<\/ul><\/div>\n<div style='flex: 1 1 300px; min-width: 280px;'>\n<h4 style='font-size: 18px; font-weight: bold; margin-top: 0; color: inherit; opacity: 0.9;'>M\u00e1xima duraci\u00f3n y seguridad<\/h4>\n<ul style='padding-left: 20px; font-size: 14px; color: inherit; list-style-type: disc;'>\n<li style='margin-bottom: 5px;'>M\u00e1s de 6000 ciclos @90%DOD<\/li>\n<\/ul><\/div>\n<div style='flex: 1 1 300px; min-width: 280px;'>\n<h4 style='font-size: 18px; font-weight: bold; margin-top: 0; color: inherit; opacity: 0.9;'>Sistema de autocalentamiento<\/h4>\n<ul style='padding-left: 20px; font-size: 14px; color: inherit; list-style-type: disc;'>\n<li style='margin-bottom: 5px;'>Resistencia a bajas temperaturas para garantizar una carga normal<\/li>\n<\/ul><\/div>\n<\/p><\/div>\n<\/p><\/div>\n<p> <!-- Garant\u00eda --> <\/p>\n<div style='margin-bottom: 30px;'>\n<h3 style='font-size: 22px; border-bottom: 2px solid currentColor; padding-bottom: 5px; margin-top: 0; color: inherit; opacity: 0.8;'>Garant\u00eda<\/h3>\n<p style='font-size: 15px; color: inherit;'>10 A\u00f1os<\/p>\n<\/p><\/div>\n<p> <!-- Especificaciones T\u00e9cnicas --> <\/p>\n<div style='margin-bottom: 30px;'>\n<h3 style='font-size: 22px; border-bottom: 2px solid currentColor; padding-bottom: 5px; margin-top: 0; color: inherit; opacity: 0.8;'>Especificaciones T\u00e9cnicas<\/h3>\n<div style='display: flex; flex-wrap: wrap; gap: 20px; margin-top: 15px;'>\n<div style='flex: 1 1 250px; border: 1px solid rgba(150&comma; 150&comma; 150&comma; 0.4); border-radius: 8px; overflow: hidden; display: flex; flex-direction: column;'>\n<div style='padding: 15px; border-bottom: 1px solid rgba(150&comma; 150&comma; 150&comma; 0.2); font-weight: bold; font-size: 18px; color: inherit;'>Especificaciones El\u00e9ctricas<\/div>\n<div style='padding: 15px; color: inherit;'>\n<ul style='padding-left: 20px; margin: 0; font-size: 14px; list-style-type: disc;'>\n<li style='margin-bottom: 5px;'><strong>Qu\u00edmica:<\/strong> LFP<\/li>\n<li style='margin-bottom: 5px;'><strong>Voltaje Nominal:<\/strong> 51.2V<\/li>\n<li style='margin-bottom: 5px;'><strong>Rango de Voltaje:<\/strong> 44.8V-57.6V<\/li>\n<li style='margin-bottom: 5px;'><strong>Capacidad Nominal:<\/strong> 100Ah<\/li>\n<li style='margin-bottom: 5px;'><strong>Energ\u00eda Nominal:<\/strong> 5.12kWh<\/li>\n<li style='margin-bottom: 5px;'><strong>Carga\/Descarga Est\u00e1ndar:<\/strong> 75A<\/li>\n<li style='margin-bottom: 5px;'><strong>Carga\/descarga continua m\u00e1xima:<\/strong> 100A<\/li>\n<li style='margin-bottom: 5px;'><strong>Pico de carga\/descarga:<\/strong> 150A (15s)<\/li>\n<li style='margin-bottom: 5px;'><strong>Eficiencia de Ida y Vuelta:<\/strong> \u226595%<\/li>\n<\/ul><\/div>\n<\/p><\/div>\n<div style='flex: 1 1 250px; border: 1px solid rgba(150&comma; 150&comma; 150&comma; 0.4); border-radius: 8px; overflow: hidden; display: flex; flex-direction: column;'>\n<div style='padding: 15px; border-bottom: 1px solid rgba(150&comma; 150&comma; 150&comma; 0.2); font-weight: bold; font-size: 18px; color: inherit;'>Especificaciones F\u00edsicas<\/div>\n<div style='padding: 15px; color: inherit;'>\n<ul style='padding-left: 20px; margin: 0; font-size: 14px; list-style-type: disc;'>\n<li style='margin-bottom: 5px;'><strong>Dimensi\u00f3n de la unidad:<\/strong> L483mm* W530mm* H140mm (3.2U)<\/li>\n<li style='margin-bottom: 5px;'><strong>Peso unitario:<\/strong> 46.2kg<\/li>\n<\/ul><\/div>\n<\/p><\/div>\n<div style='flex: 1 1 250px; border: 1px solid rgba(150&comma; 150&comma; 150&comma; 0.4); border-radius: 8px; overflow: hidden; display: flex; flex-direction: column;'>\n<div style='padding: 15px; border-bottom: 1px solid rgba(150&comma; 150&comma; 150&comma; 0.2); font-weight: bold; font-size: 18px; color: inherit;'>Especificaciones de Operaci\u00f3n<\/div>\n<div style='padding: 15px; color: inherit;'>\n<ul style='padding-left: 20px; margin: 0; font-size: 14px; list-style-type: disc;'>\n<li style='margin-bottom: 5px;'><strong>Protocolos de Comunicaci\u00f3n:<\/strong> CAN\/RS485\/RS232<\/li>\n<li style='margin-bottom: 5px;'><strong>Ciclo vital:<\/strong> \u22656000 ciclos<\/li>\n<li style='margin-bottom: 5px;'><strong>Vida \u00fatil del Calendario:<\/strong> \u226510 a\u00f1os<\/li>\n<li style='margin-bottom: 5px;'><strong>Temperatura de funcionamiento:<\/strong> -10\u00b0C~55\u00b0C<\/li>\n<li style='margin-bottom: 5px;'><strong>Conectar estilo:<\/strong> En paralelo<\/li>\n<li style='margin-bottom: 5px;'><strong>Sistema de Calefacci\u00f3n:<\/strong> 8~10\u00b0C\/h<\/li>\n<\/ul><\/div>\n<\/p><\/div>\n<\/p><\/div>\n<\/p><\/div>\n<p> <!-- Entorno Operativo --> <\/p>\n<div style='margin-bottom: 30px;'>\n<h3 style='font-size: 22px; border-bottom: 2px solid currentColor; padding-bottom: 5px; margin-top: 0; color: inherit; opacity: 0.8;'>Entorno Operativo<\/h3>\n<ul style='padding-left: 20px; font-size: 14px; color: inherit; list-style-type: disc;'>\n<li style='margin-bottom: 5px;'><strong>Temperatura de funcionamiento:<\/strong> -10\u00b0C~55\u00b0C (14\u00b0F~122\u00b0F)<\/li>\n<li style='margin-bottom: 5px;'><strong>Humedad relativa:<\/strong> 20%-80%&comma; sin condensaci\u00f3n<\/li>\n<li style='margin-bottom: 5px;'><strong>Altitud:<\/strong> <4000m<\/li>\n<li style='margin-bottom: 5px;'>Lejos de la fuente de calor&comma; evite la luz solar directa&comma; sin gases corrosivos&comma; sin gases explosivos&comma; sin gases aislantes&comma; sin polvo conductor aislante.<\/li>\n<li style='margin-bottom: 5px;'>Inst\u00e1lelo en un gabinete que no se abra sin herramientas dedicadas<\/li>\n<li style='margin-bottom: 5px;'>Instalar en un \u00e1rea de acceso restringido.<\/li>\n<\/ul><\/div>\n<p> <!-- Compatibilidad --> <\/p>\n<div style='margin-bottom: 30px;'>\n<h3 style='font-size: 22px; border-bottom: 2px solid currentColor; padding-bottom: 5px; margin-top: 0; color: inherit; opacity: 0.8;'>Compatibilidad<\/h3>\n<p style='font-size: 15px; color: inherit; margin-bottom: 10px;'><strong>Compatibilidad con inversores:<\/strong> Son compatibles con Solis&comma; Victron&comma; Sol-Ark&comma; Phocos&comma; Schneider&comma; SMA&comma; Voltronic&comma; Growatt&comma; MPP Solar&comma; y m\u00e1s de 20 marcas en total<\/p>\n<div style='border: 1px solid rgba(150&comma; 150&comma; 150&comma; 0.4); border-radius: 8px; padding: 15px; margin: 15px 0;'>\n<h4 style='font-size: 18px; font-weight: bold; margin-top: 0; color: inherit; opacity: 0.9;'>Carga sin comunicaci\u00f3n<\/h4>\n<p style='font-size: 14px; color: inherit; margin-bottom: 5px;'>Puede usarlas en inversores o controladores sin comunicaci\u00f3n activa usando los siguientes par\u00e1metros:<\/p>\n<ul style='padding-left: 20px; font-size: 14px; color: inherit; list-style-type: disc;'>\n<li style='margin-bottom: 5px;'><strong>Voltaje de bulk:<\/strong> 56.8V<\/li>\n<li style='margin-bottom: 5px;'><strong>Voltaje de absorci\u00f3n:<\/strong> 56.8V<\/li>\n<li style='margin-bottom: 5px;'><strong>Voltaje de flotaci\u00f3n:<\/strong> 56V<\/li>\n<li style='margin-bottom: 5px;'><strong>Ecualizaci\u00f3n:<\/strong> Deshabilitada<\/li>\n<li style='margin-bottom: 5px;'><strong>Corriente m\u00e1xima de carga\/descarga:<\/strong> 75A\/pc (V5\u00b0)&comma; 50A\/pc<\/li>\n<li style='margin-bottom: 5px;'><strong>Voltaje de apagado:<\/strong> 49V<\/li>\n<li style='margin-bottom: 5px;'><strong>Voltaje bajo de bater\u00eda:<\/strong> 49.8V<\/li>\n<\/ul><\/div>\n<\/p><\/div>\n<p> <!-- Garant\u00eda Detallada --> <\/p>\n<div style='margin-bottom: 30px;'>\n<h3 style='font-size: 22px; border-bottom: 2px solid currentColor; padding-bottom: 5px; margin-top: 0; color: inherit; opacity: 0.8;'>Garant\u00eda<\/h3>\n<p style='font-size: 14px; color: inherit; margin-bottom: 10px;'>Para los modelos V5\u00b0 e E-BOX 48100R:<\/p>\n<ul style='padding-left: 20px; font-size: 14px; color: inherit; list-style-type: disc;'>\n<li style='margin-bottom: 5px;'>M\u00e1s de 6000 ciclos&comma; 90% de DOD a 77\u00b0F\/25\u00b0C con 70% de retenci\u00f3n.<\/li>\n<\/ul>\n<p style='font-size: 14px; color: inherit; margin-top: 10px;'>Para otras bater\u00edas&comma; puede contactar a su distribuidor o a Pytes.<\/p>\n<\/p><\/div>\n<p> <!-- Suspensi\u00f3n de la Bater\u00eda --> <\/p>\n<div style='margin-bottom: 30px;'>\n<h3 style='font-size: 22px; border-bottom: 2px solid currentColor; padding-bottom: 5px; margin-top: 0; color: inherit; opacity: 0.8;'>Suspensi\u00f3n de la Bater\u00eda<\/h3>\n<p style='font-size: 14px; color: inherit;'>Despu\u00e9s de 72 horas sin carga ni descarga&comma; o 40 minutos despu\u00e9s de alcanzar el valor de subvoltaje&comma; en suspensi\u00f3n la bater\u00eda tiene una descarga de 3% de SOC por mes.<\/p>\n<\/p><\/div>\n<p> <!-- Comunicaci\u00f3n de BMS con inversores --> <\/p>\n<div style='margin-bottom: 30px;'>\n<h3 style='font-size: 22px; border-bottom: 2px solid currentColor; padding-bottom: 5px; margin-top: 0; color: inherit; opacity: 0.8;'>Comunicaci\u00f3n de BMS con inversores<\/h3>\n<div style='display: flex; flex-direction: column; gap: 10px; margin-top: 15px;'> <a href='https:\/\/www.syscom.mx\/producto\/SPF3000TLLVM48P-GROWATT-201410.html' style='font-size: 15px; color: #808080; text-decoration: none; display: inline-block; padding: 8px 12px; border: 1px solid rgba(150&comma;150&comma;150&comma;0.3); border-radius: 6px; width: fit-content;'>SPF3000TLLVM48P (compatible con otras lineas de SPF TEMRINACION 48P)<\/a> <a href='https:\/\/www.syscom.mx\/producto\/SPF6000TDVMG2-GROWATT-219023.html' style='font-size: 15px; color: #808080; text-decoration: none; display: inline-block; padding: 8px 12px; border: 1px solid rgba(150&comma;150&comma;150&comma;0.3); border-radius: 6px; width: fit-content;'>SPF6000TDVMG2 (no compatible en funcion con red electrica)<\/a> <a href='https:\/\/www.syscom.mx\/producto\/SPF3000TLLVMES-GROWATT-220422.html' style='font-size: 15px; color: #808080; text-decoration: none; display: inline-block; padding: 8px 12px; border: 1px solid rgba(150&comma;150&comma;150&comma;0.3); border-radius: 6px; width: fit-content;'>SPF3000TLLVMES<\/a> <a href='https:\/\/www.syscom.mx\/producto\/SPF6000TDVMG2-GROWATT-219023.html' style='font-size: 15px; color: #808080; text-decoration: none; display: inline-block; padding: 8px 12px; border: 1px solid rgba(150&comma;150&comma;150&comma;0.3); border-radius: 6px; width: fit-content;'>SPF6000TDVMG2 (no compatible en funcion con red electrica)<\/a> <\/p>\n<p style='margin-top: 15px; font-size: 14px; color: inherit;'>Compatibilidad con SOLARK&comma; 8K2P<\/p>\n<p style='font-size: 14px; color: inherit;'>Compatibilidad con toda la linea de Victron 48 Vcc<\/p>\n<p style='font-size: 14px; color: inherit;'>Modo de bateria sin comunicaci\u00f3n disponible<\/p>\n<\/p><\/div>\n<\/p><\/div>\n<p> <!-- Separador final --> <\/p>\n<hr style='border: 0; border-top: 1px solid rgba(150&comma; 150&comma; 150&comma; 0.3); margin: 30px 0;'> <\/div>\n","protected":false},"excerpt":{"rendered":"<p>Bater\u00eda de Litio Hierro Fosfato (LiFePO4) de 5.12 Kwh, 51.2 Vcc ,100 Ah<\/p>\n","protected":false},"featured_media":93087,"comment_status":"open","ping_status":"closed","template":"","meta":[],"product_brand":[],"product_cat":[1160],"product_tag":[143,142,741],"class_list":{"0":"post-93088","1":"product","2":"type-product","3":"status-publish","4":"has-post-thumbnail","6":"product_cat-baterias-energia-videovigilancia","7":"product_tag-baterias","8":"product_tag-energia","9":"product_tag-pytes","11":"first","12":"instock","13":"sale","14":"shipping-taxable","15":"purchasable","16":"product-type-simple"},"_links":{"self":[{"href":"https:\/\/soydeaqui.ddns.net\/pachuca\/index.php\/wp-json\/wp\/v2\/product\/93088","targetHints":{"allow":["GET"]}}],"collection":[{"href":"https:\/\/soydeaqui.ddns.net\/pachuca\/index.php\/wp-json\/wp\/v2\/product"}],"about":[{"href":"https:\/\/soydeaqui.ddns.net\/pachuca\/index.php\/wp-json\/wp\/v2\/types\/product"}],"replies":[{"embeddable":true,"href":"https:\/\/soydeaqui.ddns.net\/pachuca\/index.php\/wp-json\/wp\/v2\/comments?post=93088"}],"wp:featuredmedia":[{"embeddable":true,"href":"https:\/\/soydeaqui.ddns.net\/pachuca\/index.php\/wp-json\/wp\/v2\/media\/93087"}],"wp:attachment":[{"href":"https:\/\/soydeaqui.ddns.net\/pachuca\/index.php\/wp-json\/wp\/v2\/media?parent=93088"}],"wp:term":[{"taxonomy":"product_brand","embeddable":true,"href":"https:\/\/soydeaqui.ddns.net\/pachuca\/index.php\/wp-json\/wp\/v2\/product_brand?post=93088"},{"taxonomy":"product_cat","embeddable":true,"href":"https:\/\/soydeaqui.ddns.net\/pachuca\/index.php\/wp-json\/wp\/v2\/product_cat?post=93088"},{"taxonomy":"product_tag","embeddable":true,"href":"https:\/\/soydeaqui.ddns.net\/pachuca\/index.php\/wp-json\/wp\/v2\/product_tag?post=93088"}],"curies":[{"name":"wp","href":"https:\/\/api.w.org\/{rel}","templated":true}]}}