{"id":93081,"date":"2026-03-20T05:47:38","date_gmt":"2026-03-20T05:47:38","guid":{"rendered":"https:\/\/soydeaqui.ddns.net\/pachuca\/index.php\/producto\/flexvu-pt-ip-2-megapixel-lente-4-mm-30-mts-ir-exterior-ip66-wi-fi-dwdr-acusense-lite-autoseguimiento-h-265-microfono-y-bocina-interconstruido-micro-sd-se-conecta-directo-a-la\/"},"modified":"2026-03-20T05:47:39","modified_gmt":"2026-03-20T05:47:39","slug":"flexvu-pt-ip-2-megapixel-lente-4-mm-30-mts-ir-exterior-ip66-wi-fi-dwdr-acusense-lite-autoseguimiento-h-265-microfono-y-bocina-interconstruido-micro-sd-se-conecta-directo-a-la","status":"publish","type":"product","link":"https:\/\/soydeaqui.ddns.net\/pachuca\/index.php\/producto\/flexvu-pt-ip-2-megapixel-lente-4-mm-30-mts-ir-exterior-ip66-wi-fi-dwdr-acusense-lite-autoseguimiento-h-265-microfono-y-bocina-interconstruido-micro-sd-se-conecta-directo-a-la\/","title":{"rendered":"[FlexVu] PT IP 2 Megapixel \/ Lente 4 mm \/ 30 mts IR \/ Exterior IP66 \/ Wi-Fi \/ dWDR \/ ACUSENSE Lite \/ Autoseguimiento \/ H.265+ \/ Micr\u00f3fono y Bocina Interconstruido \/ Micro SD \/ Se Conecta Directo a la App de Hik-Connect \/ Montaje Techo o Pared"},"content":{"rendered":"<div style='width: 100%; max-width: 1200px; margin: 0 auto; font-family: sans-serif; line-height: 1.6; color: inherit; background-color: transparent;'>\n<p style='text-align: center;'><img style='width: 100%; max-width: 500px; height: auto; border: 1px solid rgba(150&comma;150&comma;150&comma;0.3); border-radius: 8px;' src='https:\/\/ftp3.syscom.mx\/usuarios\/jsosa\/HIKVISION\/imagenes\/logo\/hikvision%20see%20far.png' alt='Logo Hikvision'><\/p>\n<p> <!-- Secci\u00f3n de caracter\u00edsticas principales --> <\/p>\n<div style='display: flex; flex-wrap: wrap; gap: 30px; margin-bottom: 30px;'>\n<div style='flex: 1 1 300px; min-width: 280px;'>\n<h3 style='font-size: 22px; border-bottom: 2px solid currentColor; padding-bottom: 5px; margin-top: 0; color: inherit; opacity: 0.8;'>Caracter\u00edsticas Principales<\/h3>\n<ul style='padding-left: 20px; font-size: 15px; color: inherit;'>\n<li style='margin-bottom: 5px;'>Resoluci\u00f3n m\u00e1xima: 2 Megapixel (1920 \u00d7 1080)<\/li>\n<li style='margin-bottom: 5px;'>Iluminaci\u00f3n m\u00ednima: color 0.01 lux @ (F2.0&comma; AGC ON)<\/li>\n<li style='margin-bottom: 5px;'>Dia \/ Noche Real (filtro ICR)<\/li>\n<li style='margin-bottom: 5px;'>Lente 4 mm (Angulo de apertura 75\u00b0)<\/li>\n<li style='margin-bottom: 5px;'>Cuenta con antena WiFi<\/li>\n<li style='margin-bottom: 5px;'>Distancia de infrarrojos: 30 mts IR EXIR<\/li>\n<li style='margin-bottom: 5px;'>Funciones normales: dWDR \/ BLC \/ HLc \/ 3D DNR<\/li>\n<li style='margin-bottom: 5px;'>Compresi\u00f3n: H.265+ \/ H.265 \/ H.264+ \/ H.264<\/li>\n<\/ul><\/div>\n<p> <!-- Secci\u00f3n de entradas y salidas --> <\/p>\n<div style='flex: 1 1 300px; min-width: 280px;'>\n<h3 style='font-size: 22px; border-bottom: 2px solid currentColor; padding-bottom: 5px; margin-top: 0; color: inherit; opacity: 0.8;'>Entradas y Salidas de Audio \/ Alarmas \/ Red \/ Almacenamiento<\/h3>\n<ul style='padding-left: 20px; font-size: 15px; color: inherit;'>\n<li style='margin-bottom: 5px;'>Entradas de alarma: N\/A<\/li>\n<li style='margin-bottom: 5px;'>Salidas de alarma: N\/A<\/li>\n<li style='margin-bottom: 5px;'>Entradas de audio: N\/A<\/li>\n<li style='margin-bottom: 5px;'>Salidas de audio: N\/A<\/li>\n<li style='margin-bottom: 5px;'><strong>Micr\u00f3fono y altavoz integrado<\/strong> (audio de 2 V\u00edas)<\/li>\n<li style='margin-bottom: 5px;'>Puerto de red: 1 (10 \/ 100 Mbps)<\/li>\n<li style='margin-bottom: 5px;'>Almacenamiento micro SD de hasta 512 GB (memoria no incluida)<\/li>\n<\/ul><\/div>\n<p> <!-- Secci\u00f3n de caracter\u00edsticas f\u00edsicas --> <\/p>\n<div style='flex: 1 1 300px; min-width: 280px;'>\n<h3 style='font-size: 22px; border-bottom: 2px solid currentColor; padding-bottom: 5px; margin-top: 0; color: inherit; opacity: 0.8;'>Caracter\u00edsticas F\u00edsicas y El\u00e9ctricas<\/h3>\n<ul style='padding-left: 20px; font-size: 15px; color: inherit;'>\n<li style='margin-bottom: 5px;'>Alimentaci\u00f3n: 12 Vcc. Incluye fuente de poder (No soporta PoE)<\/li>\n<li style='margin-bottom: 5px;'>Temperatura de operaci\u00f3n: -30\u00b0C a 60\u00b0C<\/li>\n<li style='margin-bottom: 5px;'>Uso en exterior IP66<\/li>\n<li style='margin-bottom: 5px;'>Dimensiones: 175.6 x 73.0 x 89.1mm<\/li>\n<li style='margin-bottom: 5px;'>Peso: 450 gramos<\/li>\n<\/ul><\/div>\n<p> <!-- Secci\u00f3n de accesorios y caracter\u00edsticas destacadas --> <\/p>\n<div style='flex: 1 1 300px; min-width: 280px;'>\n<h3 style='font-size: 22px; border-bottom: 2px solid currentColor; padding-bottom: 5px; margin-top: 0; color: inherit; opacity: 0.8;'>Accesorios y Caracter\u00edsticas Destacadas<\/h3>\n<ul style='padding-left: 20px; font-size: 15px; color: inherit;'>\n<li style='margin-bottom: 5px;'>Incluye montaje de pared o techo (pegado a la camara)<\/li>\n<li style='margin-bottom: 5px;'>Se integra directo a la App de Hik-Connect sin necesidad de un DVR \/ NVR. Solo se conecta a la red WiFi del lugar y listo<\/li>\n<li style='margin-bottom: 5px;'>Soporta audio de dos v\u00edas&comma; tiene micr\u00f3fono y bocina para tener una comunicaci\u00f3n bidireccional<\/li>\n<li style='margin-bottom: 5px;'><strong>NVRs DS-76**NXI-K1 No son compatibles con el audio de dos vias<\/strong><\/li>\n<li style='margin-bottom: 5px;'>La distancia (cobertura) dependera mucho del escenario o lugar donde estara instalada la camara&comma; puede afectar los muros muy gruesos o si esta en un lugar con mas redes dentro de la misma cobertura<\/li>\n<li style='margin-bottom: 5px;'><strong>Configuraci\u00f3n desde IVMS-4200 o Hik-Connect&comma; no es compatible con navegadores<\/strong><\/li>\n<li style='margin-bottom: 5px;'><strong>No es compatible con los grabadores DS-7604NI-L1\/W<\/strong><\/li>\n<\/ul><\/div>\n<\/p><\/div>\n<p> <!-- Separador --> <\/p>\n<hr style='border: 0; border-top: 1px solid rgba(150&comma; 150&comma; 150&comma; 0.3); margin: 30px 0;'> <!-- Banner final --> <\/p>\n<p style='text-align: center;'><img style='width: 100%; max-width: 1200px; height: auto; border: 1px solid rgba(150&comma;150&comma;150&comma;0.3); border-radius: 8px;' src='https:\/\/ftp3.syscom.mx\/usuarios\/jsosa\/HIKVISION\/imagenes\/banners\/solution%20complete.png' alt='Banner Hikvision'><\/p>\n<\/p><\/div>\n","protected":false},"excerpt":{"rendered":"<p>[FlexVu] PT IP 2 Megapixel \/ Lente 4 mm \/ 30 mts IR \/ Exterior IP66 \/ Wi-Fi \/ dWDR \/ ACUSENSE Lite \/ Autoseguimiento \/ H.265+ \/ Micr\u00f3fono y Bocina Interconstruido \/ Micro SD \/ Se Conecta Directo a la App de Hik-Connect \/ Montaje Techo o Pared<\/p>\n","protected":false},"featured_media":93080,"comment_status":"open","ping_status":"closed","template":"","meta":[],"product_brand":[],"product_cat":[121],"product_tag":[122,54,123],"class_list":{"0":"post-93081","1":"product","2":"type-product","3":"status-publish","4":"has-post-thumbnail","6":"product_cat-wifi-4g-inalambricas","7":"product_tag-camaras-ip-y-nvrs","8":"product_tag-hikvision","9":"product_tag-wifi-4g-inalambricas","11":"first","12":"instock","13":"sale","14":"shipping-taxable","15":"purchasable","16":"product-type-simple"},"_links":{"self":[{"href":"https:\/\/soydeaqui.ddns.net\/pachuca\/index.php\/wp-json\/wp\/v2\/product\/93081","targetHints":{"allow":["GET"]}}],"collection":[{"href":"https:\/\/soydeaqui.ddns.net\/pachuca\/index.php\/wp-json\/wp\/v2\/product"}],"about":[{"href":"https:\/\/soydeaqui.ddns.net\/pachuca\/index.php\/wp-json\/wp\/v2\/types\/product"}],"replies":[{"embeddable":true,"href":"https:\/\/soydeaqui.ddns.net\/pachuca\/index.php\/wp-json\/wp\/v2\/comments?post=93081"}],"wp:featuredmedia":[{"embeddable":true,"href":"https:\/\/soydeaqui.ddns.net\/pachuca\/index.php\/wp-json\/wp\/v2\/media\/93080"}],"wp:attachment":[{"href":"https:\/\/soydeaqui.ddns.net\/pachuca\/index.php\/wp-json\/wp\/v2\/media?parent=93081"}],"wp:term":[{"taxonomy":"product_brand","embeddable":true,"href":"https:\/\/soydeaqui.ddns.net\/pachuca\/index.php\/wp-json\/wp\/v2\/product_brand?post=93081"},{"taxonomy":"product_cat","embeddable":true,"href":"https:\/\/soydeaqui.ddns.net\/pachuca\/index.php\/wp-json\/wp\/v2\/product_cat?post=93081"},{"taxonomy":"product_tag","embeddable":true,"href":"https:\/\/soydeaqui.ddns.net\/pachuca\/index.php\/wp-json\/wp\/v2\/product_tag?post=93081"}],"curies":[{"name":"wp","href":"https:\/\/api.w.org\/{rel}","templated":true}]}}