{"id":93079,"date":"2026-03-20T05:47:35","date_gmt":"2026-03-20T05:47:35","guid":{"rendered":"https:\/\/soydeaqui.ddns.net\/pachuca\/index.php\/producto\/kit-ip-inalambrico-2-megapixel-nvs-4-canales-1-camara-bala-exterior-1-camara-turret-interior-con-lente-2-8-mm-y-dual-light-audio-bidireccional-microfono-y-bocina-soporta-micro-sd-de-512-gb\/"},"modified":"2026-03-20T05:47:36","modified_gmt":"2026-03-20T05:47:36","slug":"kit-ip-inalambrico-2-megapixel-nvs-4-canales-1-camara-bala-exterior-1-camara-turret-interior-con-lente-2-8-mm-y-dual-light-audio-bidireccional-microfono-y-bocina-soporta-micro-sd-de-512-gb","status":"publish","type":"product","link":"https:\/\/soydeaqui.ddns.net\/pachuca\/index.php\/producto\/kit-ip-inalambrico-2-megapixel-nvs-4-canales-1-camara-bala-exterior-1-camara-turret-interior-con-lente-2-8-mm-y-dual-light-audio-bidireccional-microfono-y-bocina-soporta-micro-sd-de-512-gb\/","title":{"rendered":"Kit IP Inal\u00e1mbrico 2 Megap\u00edxel \/ NVS 4 Canales \/ 1 C\u00e1mara Bala Exterior + 1 C\u00e1mara Turret Interior con Lente 2.8 mm y Dual Light \/ Audio Bidireccional (Micr\u00f3fono y Bocina) \/ Soporta Micro SD de 512 GB"},"content":{"rendered":"<div style='width: 100%; max-width: 1200px; margin: 0 auto; font-family: sans-serif; line-height: 1.6; color: inherit; background-color: transparent;'> <!-- Logo Hikvision --> <\/p>\n<div style='text-align: center; margin: 30px 0;'> <img style='width: 100%; max-width: 583px; height: auto; border: 1px solid rgba(150&comma;150&comma;150&comma;0.3); border-radius: 8px;' src='https:\/\/ftp3.syscom.mx\/usuarios\/jsosa\/HIKVISION\/imagenes\/logo\/hikvision%20see%20far.png' alt='Logo Hikvision'> <\/div>\n<p> <!-- T\u00edtulo demo instalaci\u00f3n --> <\/p>\n<h3 style='font-size: 22px; border-bottom: 2px solid currentColor; padding-bottom: 5px; margin-top: 0; margin-bottom: 30px; color: inherit; opacity: 0.8; text-align: center;'> Demo de Instalaci\u00f3n <\/h3>\n<p> <!-- Video principal --> <\/p>\n<div style='position: relative; padding-bottom: 56.25%; height: 0; overflow: hidden; margin-bottom: 30px;'>   <\/div>\n<p> <!-- Videos secundarios --> <\/p>\n<div style='display: flex; flex-wrap: wrap; gap: 30px; margin-bottom: 30px;'>\n<div style='flex: 1 1 45%; min-width: 300px;'>\n<h3 style='font-size: 22px; border-bottom: 2px solid currentColor; padding-bottom: 5px; margin-top: 0; color: inherit; opacity: 0.8; text-align: center;'> Se\u00f1al m\u00e1s Fuerte <\/h3>\n<div style='position: relative; padding-bottom: 56.25%; height: 0; overflow: hidden; margin-bottom: 15px;'>   <\/div>\n<\/p><\/div>\n<div style='flex: 1 1 45%; min-width: 300px;'>\n<h3 style='font-size: 22px; border-bottom: 2px solid currentColor; padding-bottom: 5px; margin-top: 0; color: inherit; opacity: 0.8; text-align: center;'> \u00d3ptima Conexi\u00f3n <\/h3>\n<div style='position: relative; padding-bottom: 56.25%; height: 0; overflow: hidden; margin-bottom: 15px;'>   <\/div>\n<\/p><\/div>\n<\/p><\/div>\n<p> <!-- Informaci\u00f3n del KIT --> <\/p>\n<div style='margin: 40px 0; text-align: center;'>\n<h1 style='font-size: 28px; margin-bottom: 20px; color: inherit; font-weight: bold;'> El KIT incluye: <\/h1>\n<div style='display: flex; flex-direction: column; align-items: center; gap: 10px;'>\n<h3 style='font-size: 18px; margin: 5px 0; color: inherit; font-weight: normal;'> 1 NVS WiFi <\/h3>\n<h3 style='font-size: 18px; margin: 5px 0; color: inherit; font-weight: normal;'> 2 C\u00e1maras WiFi (incluye 2 fuentes de alimentaci\u00f3n) <\/h3>\n<h3 style='font-size: 18px; margin: 5px 0; color: inherit; font-weight: normal;'> 1 Patch Cord <\/h3>\n<\/p><\/div>\n<\/p><\/div>\n<p> <!-- Especificaciones NVS --> <\/p>\n<div style='display: flex; flex-wrap: wrap; gap: 30px; margin-bottom: 30px;'>\n<div style='flex: 1 1 300px; min-width: 280px; border: 1px solid rgba(150&comma; 150&comma; 150&comma; 0.4); border-radius: 8px; overflow: hidden; display: flex; flex-direction: column;'>\n<div style='padding: 15px; border-bottom: 1px solid rgba(150&comma; 150&comma; 150&comma; 0.2); font-weight: bold; font-size: 18px; color: inherit; background-color: rgba(223&comma; 0&comma; 29&comma; 0.05);'> 1 x NVS <a href='https:\/\/www.syscom.mx\/producto\/DS-7104NI-S1\/W-HIKVISION-230191.html' target='_blank' rel='noopener' style='color: inherit; text-decoration: underline; font-weight: bold;'>DS-7104NI-S1\/W<\/a> <\/div>\n<div style='padding: 15px; color: inherit;'>\n<ul style='padding-left: 20px; margin: 0; font-size: 14px; list-style-type: disc;'>\n<li style='margin-bottom: 5px;'>NVS WiFi 4 canales de v\u00eddeo<\/li>\n<li style='margin-bottom: 5px;'>Soporta c\u00e1maras de 4 Megapixel \/ 2 Megapixel<\/li>\n<li style='margin-bottom: 5px;'>Soporta compresi\u00f3n H.265+ \/ H.265 \/ H.264<\/li>\n<li style='margin-bottom: 5px;'>Soporta Micro SD de hasta 512 GB<\/li>\n<li style='margin-bottom: 5px;'>Procesamiento de entrada: 20 Mbps<\/li>\n<li style='margin-bottom: 5px;'>Procesamiento de salida: 20 Mbps<\/li>\n<li style='margin-bottom: 5px;'>Cuenta con 2 antenas WiFI (frecuencia 2.4 GHz)<\/li>\n<li style='margin-bottom: 5px;'>1 Puerto de red RJ45 (10 \/ 100 Mbps)<\/li>\n<li style='margin-bottom: 5px;'>Alimentaci\u00f3n y consumo: 12 Vcc \/ 12 watts<\/li>\n<li style='margin-bottom: 5px;'>Dimensiones: 265 x 225 x 48 mm<\/li>\n<li style='margin-bottom: 5px;'>Peso: 1.6 kgs<\/li>\n<li style='margin-bottom: 5px; font-weight: bold;'>El NVS no soporta VGA\/HDMI&comma; el NVS tiene la funci\u00f3n como AP para a\u00f1adir las c\u00e1maras de manera WiFi y conectarse a Hik-Connect (P2P)<\/li>\n<li style='margin-bottom: 5px; font-weight: bold;'>Configuraci\u00f3n desde HikConnect&comma; no es compatible con navegadores<\/li>\n<\/ul><\/div>\n<\/p><\/div>\n<p> <!-- C\u00e1mara Bala Exterior --> <\/p>\n<div style='flex: 1 1 300px; min-width: 280px; border: 1px solid rgba(150&comma; 150&comma; 150&comma; 0.4); border-radius: 8px; overflow: hidden; display: flex; flex-direction: column;'>\n<div style='padding: 15px; border-bottom: 1px solid rgba(150&comma; 150&comma; 150&comma; 0.2); font-weight: bold; font-size: 18px; color: inherit; background-color: rgba(223&comma; 0&comma; 29&comma; 0.05);'> 1 x IPC <a href='https:\/\/www.syscom.mx\/producto\/DS-2CV1023G2-LIDWFB-HIKVISION-230184.html' target='_blank' rel='noopener' style='color: inherit; text-decoration: underline; font-weight: bold;'>DS-2CV1023G2-LIDWF(B)<\/a> <\/div>\n<div style='padding: 15px; color: inherit;'>\n<ul style='padding-left: 20px; margin: 0; font-size: 14px; list-style-type: disc;'>\n<li style='margin-bottom: 5px;'>C\u00e1mara bala 2 Megapixel<\/li>\n<li style='margin-bottom: 5px;'>Iluminaci\u00f3n m\u00ednima: Color: 0.018 Lux @ (F1.6&comma; AGC ON)<\/li>\n<li style='margin-bottom: 5px;'>Lente fijo: 2.8 mm (\u00e1ngulo de visi\u00f3n 97\u00b0)<\/li>\n<li style='margin-bottom: 5px;'>Soporta compresi\u00f3n: H.265+<\/li>\n<li style='margin-bottom: 5px;'>Dual Light = 30 mts IR EXIR + 30 mts luz blanca (IR + ColorVu)<\/li>\n<li style='margin-bottom: 5px;'>Cuenta con micr\u00f3fono interconstruido y bocina (audio bidireccional)<\/li>\n<li style='margin-bottom: 5px;'>dWDR \/ mirror<\/li>\n<li style='margin-bottom: 5px;'>Alimentaci\u00f3n y consumo: 12 Vcc \/ 6 watts (incluye 1 fuente de poder)<\/li>\n<li style='margin-bottom: 5px;'>Protecci\u00f3n IP66 (policarbonato y metal)<\/li>\n<li style='margin-bottom: 5px;'>Dimensiones: 175.6 x 73.0 x 89.1 mm<\/li>\n<li style='margin-bottom: 5px;'>Peso: 330 gramos<\/li>\n<li style='margin-bottom: 5px; font-weight: bold;'>No se puede agregar directamente a la plataforma de Hik-Connect (P2P) por WiFi&comma; requiere un NVS. Se puede agregar de manera directa a Hik-Connect de manera cableada (LAN)<\/li>\n<\/ul><\/div>\n<\/p><\/div>\n<p> <!-- C\u00e1mara Turret Interior --> <\/p>\n<div style='flex: 1 1 300px; min-width: 280px; border: 1px solid rgba(150&comma; 150&comma; 150&comma; 0.4); border-radius: 8px; overflow: hidden; display: flex; flex-direction: column;'>\n<div style='padding: 15px; border-bottom: 1px solid rgba(150&comma; 150&comma; 150&comma; 0.2); font-weight: bold; font-size: 18px; color: inherit; background-color: rgba(223&comma; 0&comma; 29&comma; 0.05);'> 1 x IPC <a href='https:\/\/www.syscom.mx\/producto\/DS-2CV1F23G2-LIDWFB-HIKVISION-230188.html' target='_blank' rel='noopener' style='color: inherit; text-decoration: underline; font-weight: bold;'>DS-2CV1F23G2-LIDWF(B)<\/a> <\/div>\n<div style='padding: 15px; color: inherit;'>\n<ul style='padding-left: 20px; margin: 0; font-size: 14px; list-style-type: disc;'>\n<li style='margin-bottom: 5px;'>Turret 2 Megapixel<\/li>\n<li style='margin-bottom: 5px;'>Iluminaci\u00f3n m\u00ednima: Color: 0.018 Lux @ (F1.6&comma; AGC ON)<\/li>\n<li style='margin-bottom: 5px;'>Lente fijo: 2.8 mm (\u00e1ngulo de visi\u00f3n 97\u00b0)<\/li>\n<li style='margin-bottom: 5px;'>Soporta compresi\u00f3n: H.265+<\/li>\n<li style='margin-bottom: 5px;'>Dual Light = 30 mts IR EXIR + 30 mts luz blanca (IR + ColorVu)<\/li>\n<li style='margin-bottom: 5px;'>Cuenta con micr\u00f3fono interconstruido y bocina (audio bidireccional)<\/li>\n<li style='margin-bottom: 5px;'>dWDR \/ mirror<\/li>\n<li style='margin-bottom: 5px;'>Alimentaci\u00f3n y consumo: 12 Vcc \/ 6 watts (incluye 1 fuente de poder)<\/li>\n<li style='margin-bottom: 5px;'>Protecci\u00f3n IP54 uso en interior (Pl\u00e1stico)<\/li>\n<li style='margin-bottom: 5px;'>Dimensiones: 175.6 x 73.0 x 89.1 mm<\/li>\n<li style='margin-bottom: 5px;'>Peso: 330 gramos<\/li>\n<li style='margin-bottom: 5px; font-weight: bold;'>No se puede agregar directamente a la plataforma de Hik-Connect (P2P) por WiFi&comma; requiere un NVS. Se puede agregar de manera directa a Hik-Connect de manera cableada (LAN)<\/li>\n<\/ul><\/div>\n<\/p><\/div>\n<\/p><\/div>\n<p> <!-- Consideraciones --> <\/p>\n<div style='border-top: 5px solid #df001d; border-radius: 8px; overflow: hidden; margin: 40px 0;'>\n<div style='padding: 15px; background-color: rgba(223&comma; 0&comma; 29&comma; 0.05); border-bottom: 1px solid rgba(150&comma;150&comma;150&comma;0.3);'> <strong style='font-size: 18px; color: inherit; font-weight: bold;'>Consideraciones:<\/strong> <\/div>\n<div style='padding: 15px; color: inherit;'>\n<ul style='padding-left: 20px; margin: 0; font-size: 14px; list-style-type: disc;'>\n<li style='margin-bottom: 10px;'>El alcance del WiFi entre las c\u00e1maras y el NVS depender\u00e1 de las limitaciones que se tenga como por ejemplo: muros de concreto&comma; alg\u00fan otro modem en 2.4 GHz&comma; ruido en el ambiente&comma; etc.<\/li>\n<li style='margin-bottom: 10px;'>El NVS se tiene que conectar v\u00eda ethernet hacia el modem (router) por el cual saldr\u00e1 por internet&comma; solo las c\u00e1maras WiFi se pueden conectar de manera inal\u00e1mbrica hacia el NVS.<\/li>\n<li style='margin-bottom: 10px;'>Compatible solo con los modelos <a href='https:\/\/www.syscom.mx\/producto\/DS-2CV1023G2-LIDWFB-HIKVISION-230184.html' target='_blank' rel='noopener' style='color: inherit; text-decoration: underline;'>DS-2CV1023G2-LIDWF(B)<\/a>&comma; <a href='https:\/\/www.syscom.mx\/producto\/DS-2CV1043G2-LIDWFB-HIKVISION-230187.html' target='_blank' rel='noopener' style='color: inherit; text-decoration: underline;'>DS-2CV1043G2-LIDWF(B)<\/a>&comma; <a href='https:\/\/www.syscom.mx\/producto\/DS-2CV1F23G2-LIDWFB-HIKVISION-230188.html' target='_blank' rel='noopener' style='color: inherit; text-decoration: underline;'>DS-2CV1F23G2-LIDWF(B)<\/a>&comma; <a href='https:\/\/www.syscom.mx\/producto\/DS-2CV1F43G2-LIDWFB-HIKVISION-230190.html' target='_blank' rel='noopener' style='color: inherit; text-decoration: underline;'>DS-2CV1F43G2-LIDWF(B)<\/a><\/li>\n<li style='margin-bottom: 10px; font-weight: bold;'>Configuraci\u00f3n desde HikConnect&comma; no es compatible con navegadores<\/li>\n<\/ul><\/div>\n<\/p><\/div>\n<p> <!-- Video de configuraci\u00f3n --> <\/p>\n<div style='margin: 30px 0;'> <video style='width: 100%; height: auto; max-width: 100%; margin: auto; border: 1px solid rgba(150&comma;150&comma;150&comma;0.3); border-radius: 8px;' src='https:\/\/ftp3.syscom.mx\/usuarios\/fcarrillo\/Hikvision\/videos\/Videos\/HowtoNVS.mp4' loop muted controls><\/video> <\/div>\n<p> <!-- Banner final --> <\/p>\n<div style='text-align: center; margin: 40px 0;'> <img style='width: 100%; max-width: 1200px; height: auto; border: 1px solid rgba(150&comma;150&comma;150&comma;0.3); border-radius: 8px;' src='https:\/\/ftp3.syscom.mx\/usuarios\/jsosa\/HIKVISION\/imagenes\/banners\/solution%20complete.png' alt='Banner Hikvision'> <\/div>\n<p> <!-- Separador final --> <\/p>\n<hr style='border: 0; border-top: 1px solid rgba(150&comma; 150&comma; 150&comma; 0.3); margin: 30px 0;'> <\/div>\n","protected":false},"excerpt":{"rendered":"<p>Kit IP Inal\u00e1mbrico 2 Megap\u00edxel \/ NVS 4 Canales \/ 1 C\u00e1mara Bala Exterior + 1 C\u00e1mara Turret Interior con Lente 2.8 mm y Dual Light \/ Audio Bidireccional (Micr\u00f3fono y Bocina) \/ Soporta Micro SD de 512 GB<\/p>\n","protected":false},"featured_media":93078,"comment_status":"open","ping_status":"closed","template":"","meta":[],"product_brand":[],"product_cat":[2231],"product_tag":[54,2233,2232],"class_list":{"0":"post-93079","1":"product","2":"type-product","3":"status-publish","4":"has-post-thumbnail","6":"product_cat-ip-megapixel","7":"product_tag-hikvision","8":"product_tag-ip-megapixel","9":"product_tag-kits-sistemas-completos","11":"first","12":"instock","13":"sale","14":"shipping-taxable","15":"purchasable","16":"product-type-simple"},"_links":{"self":[{"href":"https:\/\/soydeaqui.ddns.net\/pachuca\/index.php\/wp-json\/wp\/v2\/product\/93079","targetHints":{"allow":["GET"]}}],"collection":[{"href":"https:\/\/soydeaqui.ddns.net\/pachuca\/index.php\/wp-json\/wp\/v2\/product"}],"about":[{"href":"https:\/\/soydeaqui.ddns.net\/pachuca\/index.php\/wp-json\/wp\/v2\/types\/product"}],"replies":[{"embeddable":true,"href":"https:\/\/soydeaqui.ddns.net\/pachuca\/index.php\/wp-json\/wp\/v2\/comments?post=93079"}],"wp:featuredmedia":[{"embeddable":true,"href":"https:\/\/soydeaqui.ddns.net\/pachuca\/index.php\/wp-json\/wp\/v2\/media\/93078"}],"wp:attachment":[{"href":"https:\/\/soydeaqui.ddns.net\/pachuca\/index.php\/wp-json\/wp\/v2\/media?parent=93079"}],"wp:term":[{"taxonomy":"product_brand","embeddable":true,"href":"https:\/\/soydeaqui.ddns.net\/pachuca\/index.php\/wp-json\/wp\/v2\/product_brand?post=93079"},{"taxonomy":"product_cat","embeddable":true,"href":"https:\/\/soydeaqui.ddns.net\/pachuca\/index.php\/wp-json\/wp\/v2\/product_cat?post=93079"},{"taxonomy":"product_tag","embeddable":true,"href":"https:\/\/soydeaqui.ddns.net\/pachuca\/index.php\/wp-json\/wp\/v2\/product_tag?post=93079"}],"curies":[{"name":"wp","href":"https:\/\/api.w.org\/{rel}","templated":true}]}}