{"id":93048,"date":"2026-03-20T05:46:18","date_gmt":"2026-03-20T05:46:18","guid":{"rendered":"https:\/\/soydeaqui.ddns.net\/pachuca\/index.php\/producto\/nvs-hub-de-4-megapixel-4-canales-ip-soporta-memoria-micro-sd-de-512-gb-2-antenas-wi-fi-se-conecta-a-hik-connect\/"},"modified":"2026-03-20T05:46:18","modified_gmt":"2026-03-20T05:46:18","slug":"nvs-hub-de-4-megapixel-4-canales-ip-soporta-memoria-micro-sd-de-512-gb-2-antenas-wi-fi-se-conecta-a-hik-connect","status":"publish","type":"product","link":"https:\/\/soydeaqui.ddns.net\/pachuca\/index.php\/producto\/nvs-hub-de-4-megapixel-4-canales-ip-soporta-memoria-micro-sd-de-512-gb-2-antenas-wi-fi-se-conecta-a-hik-connect\/","title":{"rendered":"NVS (Hub) de 4 Megapixel \/ 4 Canales IP \/ Soporta Memoria Micro SD de 512 GB \/ 2 Antenas Wi-Fi \/ Se Conecta a Hik-Connect"},"content":{"rendered":"<div style='width: 100%; max-width: 1200px; margin: 0 auto; font-family: sans-serif; line-height: 1.6; color: inherit; background-color: transparent;'>\n<p style='text-align: center; margin: 0;'><img style='width: 45%; height: auto; border: 1px solid rgba(150&comma;150&comma;150&comma;0.3); border-radius: 8px;' src='https:\/\/ftp3.syscom.mx\/usuarios\/jsosa\/HIKVISION\/imagenes\/logo\/hikvision%20see%20far.png' alt='Logo Hikvision'><\/p>\n<div style='display: flex; flex-wrap: wrap; gap: 30px; margin-bottom: 30px; margin-top: 30px;'>\n<div style='flex: 1 1 300px; min-width: 280px;'>\n<h3 style='font-size: 22px; border-bottom: 2px solid currentColor; padding-bottom: 5px; margin-top: 0; color: inherit; opacity: 0.8;'>Caracter\u00edsticas Principales<\/h3>\n<ul style='padding-left: 20px; font-size: 15px; color: inherit;'>\n<li style='margin-bottom: 5px;'><strong>Compresi\u00f3n de video:<\/strong> H.265+ \/ H.265 \/ H.264+ \/ H.264<\/li>\n<li style='margin-bottom: 5px;'><strong>Banda de frecuencia:<\/strong> 2.4 GHz<\/li>\n<li style='margin-bottom: 5px;'><strong>Est\u00e1ndar de transmisi\u00f3n:<\/strong> 802.11 b\/g\/n\/a<\/li>\n<li style='margin-bottom: 5px;'><strong>Velocidad de Transmisi\u00f3n:<\/strong> 150 Mbps<\/li>\n<li style='margin-bottom: 5px;'><strong>Memoria microSD:<\/strong> Soporta hasta 512GB<\/li>\n<li style='margin-bottom: 5px;'><strong>Conectividad:<\/strong> Compatible con Hik-Connect P2P<\/li>\n<\/ul><\/div>\n<div style='flex: 1 1 300px; min-width: 280px;'>\n<h3 style='font-size: 22px; border-bottom: 2px solid currentColor; padding-bottom: 5px; margin-top: 0; color: inherit; opacity: 0.8;'>Caracter\u00edsticas F\u00edsicas y El\u00e9ctricas<\/h3>\n<ul style='padding-left: 20px; font-size: 15px; color: inherit;'>\n<li style='margin-bottom: 5px;'><strong>Alimentaci\u00f3n:<\/strong> 12 Vcc \/ 1 A<\/li>\n<li style='margin-bottom: 5px;'><strong>Temperatura de operaci\u00f3n:<\/strong> -10\u00b0C a 55\u00b0C<\/li>\n<li style='margin-bottom: 5px;'><strong>Uso:<\/strong> Interior<\/li>\n<li style='margin-bottom: 5px;'><strong>Dimensiones:<\/strong> 163 x 125 x 26 mm<\/li>\n<li style='margin-bottom: 5px;'><strong>Peso:<\/strong> 500 gramos<\/li>\n<\/ul><\/div>\n<\/p><\/div>\n<div style='display: flex; flex-wrap: wrap; gap: 30px; margin-bottom: 30px;'>\n<div style='flex: 1 1 300px; min-width: 280px;'>\n<h3 style='font-size: 22px; border-bottom: 2px solid currentColor; padding-bottom: 5px; margin-top: 0; color: inherit; opacity: 0.8;'>Caracter\u00edsticas Generales<\/h3>\n<ul style='padding-left: 20px; font-size: 15px; color: inherit;'>\n<li style='margin-bottom: 5px;'><strong>Throughput entrada:<\/strong> 20 Mbps<\/li>\n<li style='margin-bottom: 5px;'><strong>Throughput salida:<\/strong> 20 Mbps<\/li>\n<li style='margin-bottom: 5px;'><strong>Puerto LAN:<\/strong> 100 Mbps<\/li>\n<li style='margin-bottom: 5px;'><strong>Antenas:<\/strong> 2 unidades<\/li>\n<li style='margin-bottom: 5px;'><strong>Incluye:<\/strong> Fuente de poder<\/li>\n<\/ul><\/div>\n<\/p><\/div>\n<div style='display: flex; flex-wrap: wrap; gap: 30px; margin-bottom: 30px;'>\n<div style='flex: 1 1 300px; min-width: 280px;'>\n<h3 style='font-size: 22px; border-bottom: 2px solid currentColor; padding-bottom: 5px; margin-top: 0; color: inherit; opacity: 0.8;'>Consideraciones<\/h3>\n<ul style='padding-left: 20px; font-size: 15px; color: inherit;'>\n<li style='margin-bottom: 5px;'>El alcance del WiFi entre las c\u00e1maras y el NVS depender\u00e1 de las limitaciones que se tenga como por ejemplo: muros de concreto&comma; alg\u00fan otro modem en 2.4 GHz&comma; ruido en el ambiente&comma; etc.<\/li>\n<li style='margin-bottom: 5px;'>El NVS se tiene que conectar via ethernet hacia el modem (router) por el cual saldr\u00e1 por internet&comma; solo las c\u00e1maras WiFi se pueden conectar de manera inal\u00e1mbrica hacia el NVS.<\/li>\n<li style='margin-bottom: 5px;'>Compatible solo con los modelos <a style='color: inherit; text-decoration: underline;' href='https:\/\/www.syscom.mx\/producto\/DS-2CV1023G2-LIDWFB-HIKVISION-230184.html' data-chakra-bs-link='true'>DS-2CV1023G2-LIDWF(B)<\/a>&comma; <a style='color: inherit; text-decoration: underline;' href='https:\/\/www.syscom.mx\/producto\/DS-2CV1043G2-LIDWFB-HIKVISION-230187.html' data-chakra-bs-link='true'>DS-2CV1043G2-LIDWF(B)<\/a>&comma; <a style='color: inherit; text-decoration: underline;' href='https:\/\/www.syscom.mx\/producto\/DS-2CV1F23G2-LIDWFB-HIKVISION-230188.html' data-chakra-bs-link='true'>DS-2CV1F23G2-LIDWF(B)<\/a>&comma; <a style='color: inherit; text-decoration: underline;' href='https:\/\/www.syscom.mx\/producto\/DS-2CV1F43G2-LIDWFB-HIKVISION-230190.html' data-chakra-bs-link='true'>DS-2CV1F43G2-LIDWF(B)<\/a>.<\/li>\n<li style='margin-bottom: 5px;'><strong>Configuraci\u00f3n:<\/strong> Desde HikConnect&comma; no es compatible con navegadores.<\/li>\n<\/ul><\/div>\n<\/p><\/div>\n<\/p><\/div>\n","protected":false},"excerpt":{"rendered":"<p>NVS (Hub) de 4 Megapixel \/ 4 Canales IP \/ Soporta Memoria Micro SD de 512 GB \/ 2 Antenas Wi-Fi \/ Se Conecta a Hik-Connect<\/p>\n","protected":false},"featured_media":93047,"comment_status":"open","ping_status":"closed","template":"","meta":[],"product_brand":[],"product_cat":[121],"product_tag":[122,54,123],"class_list":{"0":"post-93048","1":"product","2":"type-product","3":"status-publish","4":"has-post-thumbnail","6":"product_cat-wifi-4g-inalambricas","7":"product_tag-camaras-ip-y-nvrs","8":"product_tag-hikvision","9":"product_tag-wifi-4g-inalambricas","11":"first","12":"instock","13":"sale","14":"shipping-taxable","15":"purchasable","16":"product-type-simple"},"_links":{"self":[{"href":"https:\/\/soydeaqui.ddns.net\/pachuca\/index.php\/wp-json\/wp\/v2\/product\/93048","targetHints":{"allow":["GET"]}}],"collection":[{"href":"https:\/\/soydeaqui.ddns.net\/pachuca\/index.php\/wp-json\/wp\/v2\/product"}],"about":[{"href":"https:\/\/soydeaqui.ddns.net\/pachuca\/index.php\/wp-json\/wp\/v2\/types\/product"}],"replies":[{"embeddable":true,"href":"https:\/\/soydeaqui.ddns.net\/pachuca\/index.php\/wp-json\/wp\/v2\/comments?post=93048"}],"wp:featuredmedia":[{"embeddable":true,"href":"https:\/\/soydeaqui.ddns.net\/pachuca\/index.php\/wp-json\/wp\/v2\/media\/93047"}],"wp:attachment":[{"href":"https:\/\/soydeaqui.ddns.net\/pachuca\/index.php\/wp-json\/wp\/v2\/media?parent=93048"}],"wp:term":[{"taxonomy":"product_brand","embeddable":true,"href":"https:\/\/soydeaqui.ddns.net\/pachuca\/index.php\/wp-json\/wp\/v2\/product_brand?post=93048"},{"taxonomy":"product_cat","embeddable":true,"href":"https:\/\/soydeaqui.ddns.net\/pachuca\/index.php\/wp-json\/wp\/v2\/product_cat?post=93048"},{"taxonomy":"product_tag","embeddable":true,"href":"https:\/\/soydeaqui.ddns.net\/pachuca\/index.php\/wp-json\/wp\/v2\/product_tag?post=93048"}],"curies":[{"name":"wp","href":"https:\/\/api.w.org\/{rel}","templated":true}]}}