{"id":93046,"date":"2026-03-20T05:46:14","date_gmt":"2026-03-20T05:46:14","guid":{"rendered":"https:\/\/soydeaqui.ddns.net\/pachuca\/index.php\/producto\/turret-pt-ip-4-megapixel-lente-2-8-mm-dual-light-20-mts-ir-15-mts-luz-blanca-wi-fi-ip54-dwdr-h-265-audio-bidireccional-microfono-y-bocina-micro-sd\/"},"modified":"2026-03-20T05:46:15","modified_gmt":"2026-03-20T05:46:15","slug":"turret-pt-ip-4-megapixel-lente-2-8-mm-dual-light-20-mts-ir-15-mts-luz-blanca-wi-fi-ip54-dwdr-h-265-audio-bidireccional-microfono-y-bocina-micro-sd","status":"publish","type":"product","link":"https:\/\/soydeaqui.ddns.net\/pachuca\/index.php\/producto\/turret-pt-ip-4-megapixel-lente-2-8-mm-dual-light-20-mts-ir-15-mts-luz-blanca-wi-fi-ip54-dwdr-h-265-audio-bidireccional-microfono-y-bocina-micro-sd\/","title":{"rendered":"Turret  PT IP 4 Megapixel \/ Lente 2.8 mm \/ Dual Light (20 mts IR + 15 mts Luz Blanca) \/ Wi-Fi \/ IP54 \/ dWDR \/ H.265 \/ Audio Bidireccional (Micr\u00f3fono y Bocina) \/ Micro SD"},"content":{"rendered":"<div style='width: 100%; max-width: 1200px; margin: 0 auto; font-family: sans-serif; line-height: 1.6; color: inherit; background-color: transparent;'>\n<p style='text-align: center; margin: 0 0 20px 0;'> <img style='width: 100%; max-width: 45%; height: auto; border: 1px solid rgba(150&comma;150&comma;150&comma;0.3); border-radius: 8px;' src='https:\/\/ftp3.syscom.mx\/usuarios\/jsosa\/HIKVISION\/imagenes\/logo\/hikvision%20see%20far.png' alt='Logo Hikvision'> <\/p>\n<div style='display: flex; flex-wrap: wrap; gap: 30px; margin-bottom: 30px;'>\n<div style='flex: 1 1 300px; min-width: 280px;'>\n<h3 style='font-size: 22px; border-bottom: 2px solid currentColor; padding-bottom: 5px; margin-top: 0; color: inherit; opacity: 0.8;'>Caracter\u00edsticas Principales<\/h3>\n<ul style='padding-left: 20px; font-size: 15px; color: inherit;'>\n<li style='margin-bottom: 5px;'><span style='font-family: verdana&comma; geneva&comma; sans-serif;'>Resoluci\u00f3n m\u00e1xima:<\/span> <span style='color: inherit; font-family: verdana&comma; geneva&comma; sans-serif;'>4 Megapixel (2560 x 1440).<\/span><\/li>\n<li style='margin-bottom: 5px;'><span style='font-family: verdana&comma; geneva&comma; sans-serif;'>Iluminaci\u00f3n m\u00ednima:<\/span> <span style='color: inherit; font-family: verdana&comma; geneva&comma; sans-serif;'>color 0.01 lux @ (F2.0; AGC ON).<\/span><\/li>\n<li style='margin-bottom: 5px;'><span style='font-family: verdana&comma; geneva&comma; sans-serif;'>Dia \/ Noche Real (filtro ICR).<\/span><\/li>\n<li style='margin-bottom: 5px;'><span style='font-family: verdana&comma; geneva&comma; sans-serif;'>Lente 2.8 mm (angulo de apertura 97\u00b0).<\/span><\/li>\n<li style='margin-bottom: 5px;'><span style='font-family: verdana&comma; geneva&comma; sans-serif;'>Cuenta con antena WiFi.<\/span><\/li>\n<li style='margin-bottom: 5px;'><span style='font-family: verdana&comma; geneva&comma; sans-serif;'>Distancia de infrarrojos: 20 mts IR EXIR.<\/span><\/li>\n<li style='margin-bottom: 5px;'><span style='font-family: verdana&comma; geneva&comma; sans-serif;'>Distancia de Luz Blanca: 15 mts.<\/span><\/li>\n<li style='margin-bottom: 5px;'><span style='font-family: verdana&comma; geneva&comma; sans-serif;'>Funciones normales: dWDR \/ BLC \/ HLC \/ 3D DNR.<\/span><\/li>\n<li style='margin-bottom: 5px;'><span style='font-family: verdana&comma; geneva&comma; sans-serif;'>Compresi\u00f3n:<\/span> <span style='color: inherit; font-family: verdana&comma; geneva&comma; sans-serif;'>H.265 \/ H.264.<\/span><\/li>\n<\/ul><\/div>\n<div style='flex: 1 1 300px; min-width: 280px;'>\n<h3 style='font-size: 22px; border-bottom: 2px solid currentColor; padding-bottom: 5px; margin-top: 0; color: inherit; opacity: 0.8;'>Entradas y Salidas<\/h3>\n<ul style='padding-left: 20px; font-size: 15px; color: inherit;'>\n<li style='margin-bottom: 5px;'><span style='font-family: verdana&comma; geneva&comma; sans-serif;'>Entradas de alarma: N\/A.<\/span><\/li>\n<li style='margin-bottom: 5px;'><span style='font-family: verdana&comma; geneva&comma; sans-serif;'>Salidas de alarma: N\/A<\/span><\/li>\n<li style='margin-bottom: 5px;'><span style='font-family: verdana&comma; geneva&comma; sans-serif;'>Entradas de audio: N\/A.<\/span><\/li>\n<li style='margin-bottom: 5px;'><span style='font-family: verdana&comma; geneva&comma; sans-serif;'>Salidas de audio: N\/A.<\/span><\/li>\n<li style='margin-bottom: 5px;'><strong><span style='font-family: verdana&comma; geneva&comma; sans-serif;'>Micr\u00f3fono y altavoz integrado: (audio de 2 v\u00edas)<\/span><\/strong><\/li>\n<li style='margin-bottom: 5px;'><span style='font-family: verdana&comma; geneva&comma; sans-serif;'>Puerto de red: 1 (10 \/ 100 Mbps).<\/span><\/li>\n<li style='margin-bottom: 5px;'><span style='font-family: verdana&comma; geneva&comma; sans-serif;'>Almacenamiento micro SD de hasta 512 GB (memoria no incluida).<\/span><\/li>\n<li style='margin-bottom: 5px;'><span style='font-family: verdana&comma; geneva&comma; sans-serif;'>Soporta ONVIF \/ ISAPI \/ CGI.<\/span><\/li>\n<\/ul><\/div>\n<div style='flex: 1 1 300px; min-width: 280px;'>\n<h3 style='font-size: 22px; border-bottom: 2px solid currentColor; padding-bottom: 5px; margin-top: 0; color: inherit; opacity: 0.8;'>Caracter\u00edsticas F\u00edsicas y El\u00e9ctricas<\/h3>\n<ul style='padding-left: 20px; font-size: 15px; color: inherit;'>\n<li style='margin-bottom: 5px;'><span style='font-family: verdana&comma; geneva&comma; sans-serif;'>Alimentaci\u00f3n: 12 Vcc \/ 7.2 W (No soporta PoE).<\/span><\/li>\n<li style='margin-bottom: 5px;'><span style='font-family: verdana&comma; geneva&comma; sans-serif;'>Incluye fuente de alimentaci\u00f3n (12 VCD a 1 Amp).<\/span><\/li>\n<li style='margin-bottom: 5px;'><span style='font-family: verdana&comma; geneva&comma; sans-serif;'>Temperatura de operaci\u00f3n: -30\u00b0C a 60\u00b0C.<\/span><\/li>\n<li style='margin-bottom: 5px;'><span style='font-family: verdana&comma; geneva&comma; sans-serif;'>Uso en interior IP54.<\/span><\/li>\n<li style='margin-bottom: 5px;'><span style='font-family: verdana&comma; geneva&comma; sans-serif;'>Dimensiones: 175.6 x 73.0 x 89.1mm.<\/span><\/li>\n<li style='margin-bottom: 5px;'><span style='font-family: verdana&comma; geneva&comma; sans-serif;'>Peso: 450 gramos.<\/span><\/li>\n<\/ul><\/div>\n<\/p><\/div>\n<div style='display: flex; flex-wrap: wrap; gap: 20px; margin-bottom: 30px;'>\n<div style='flex: 1 1 100%; border: 1px solid rgba(150&comma; 150&comma; 150&comma; 0.4); border-radius: 8px; overflow: hidden; display: flex; flex-direction: column;'>\n<div style='padding: 15px; border-bottom: 1px solid rgba(150&comma; 150&comma; 150&comma; 0.2); font-weight: bold; font-size: 18px; color: inherit;'>Caracter\u00edsticas Destacadas<\/div>\n<div style='padding: 15px; color: inherit;'>\n<ul style='padding-left: 20px; margin: 0; font-size: 14px; list-style-type: disc; color: inherit;'>\n<li style='margin-bottom: 5px;'><span style='font-family: verdana&comma; geneva&comma; sans-serif;'>No se puede agregar directamente a la plataforma de Hik-Connect (P2) de manera WiFi&comma; requiere un NVS. Se puede agregar de manera directa a Hik-Connect de manera cableada (LAN). <\/span><\/li>\n<li style='margin-bottom: 5px;'> <span style='font-family: verdana&comma; geneva&comma; sans-serif;'>Para agregarse de manera WiFi a Hik-Connect (P2P) se tiene que usar el modelo <\/span> <a style='color: inherit; text-decoration: none; font-family: Satoshi-Variable&comma; sans-serif; font-size: 15px; font-weight: 600;' href='https:\/\/www.syscom.mx\/producto\/DS-7104NI-S1\/W-HIKVISION-230191.html'>DS-7104NI-S1\/W<\/a> <span style='font-family: verdana&comma; geneva&comma; sans-serif;'> que sirve como modo AP (intermediario entre la c\u00e1mara WiFi y el modem) para que se pueda ver desde la App de Hik-Connect.<\/span> <\/li>\n<li style='margin-bottom: 5px;'><span style='font-family: verdana&comma; geneva&comma; sans-serif;'>Es posible agregarse a un DVR\/NVR tambien para poder verse por Hik-Connect. <\/span><\/li>\n<li style='margin-bottom: 5px;'> <span style='font-family: verdana&comma; geneva&comma; sans-serif;'>Para poder tener audio bidireccional es recomendable usar <\/span> <a style='color: inherit; text-decoration: none; font-family: Satoshi-Variable&comma; sans-serif; font-size: 15px; font-weight: 600;' href='https:\/\/www.syscom.mx\/producto\/DS-7104NI-S1\/W-HIKVISION-230191.html'>DS-7104NI-S1\/W<\/a> <span style='font-family: verdana&comma; geneva&comma; sans-serif;'>. Tambien es posible usar NVR serie NI-Q&comma; NXI-K&comma; NXI-M para audio bidireccional. <\/span> <\/li>\n<\/ul><\/div>\n<\/p><\/div>\n<\/p><\/div>\n<hr style='border: 0; border-top: 1px solid rgba(150&comma; 150&comma; 150&comma; 0.3); margin: 30px 0;'>\n<p style='text-align: center; margin: 30px 0 0 0;'> <img style='width: 100%; max-width: 100%; height: auto; border: 1px solid rgba(150&comma;150&comma;150&comma;0.3); border-radius: 8px;' src='https:\/\/ftp3.syscom.mx\/usuarios\/jsosa\/HIKVISION\/imagenes\/banners\/solution%20complete.png' alt='Banner Hikvision Solution Complete'> <\/p>\n<\/p><\/div>\n","protected":false},"excerpt":{"rendered":"<p>Turret  PT IP 4 Megapixel \/ Lente 2.8 mm \/ Dual Light (20 mts IR + 15 mts Luz Blanca) \/ Wi-Fi \/ IP54 \/ dWDR \/ H.265 \/ Audio Bidireccional (Micr\u00f3fono y Bocina) \/ Micro SD<\/p>\n","protected":false},"featured_media":93045,"comment_status":"open","ping_status":"closed","template":"","meta":[],"product_brand":[],"product_cat":[121],"product_tag":[122,54,123],"class_list":{"0":"post-93046","1":"product","2":"type-product","3":"status-publish","4":"has-post-thumbnail","6":"product_cat-wifi-4g-inalambricas","7":"product_tag-camaras-ip-y-nvrs","8":"product_tag-hikvision","9":"product_tag-wifi-4g-inalambricas","11":"first","12":"instock","13":"sale","14":"shipping-taxable","15":"purchasable","16":"product-type-simple"},"_links":{"self":[{"href":"https:\/\/soydeaqui.ddns.net\/pachuca\/index.php\/wp-json\/wp\/v2\/product\/93046","targetHints":{"allow":["GET"]}}],"collection":[{"href":"https:\/\/soydeaqui.ddns.net\/pachuca\/index.php\/wp-json\/wp\/v2\/product"}],"about":[{"href":"https:\/\/soydeaqui.ddns.net\/pachuca\/index.php\/wp-json\/wp\/v2\/types\/product"}],"replies":[{"embeddable":true,"href":"https:\/\/soydeaqui.ddns.net\/pachuca\/index.php\/wp-json\/wp\/v2\/comments?post=93046"}],"wp:featuredmedia":[{"embeddable":true,"href":"https:\/\/soydeaqui.ddns.net\/pachuca\/index.php\/wp-json\/wp\/v2\/media\/93045"}],"wp:attachment":[{"href":"https:\/\/soydeaqui.ddns.net\/pachuca\/index.php\/wp-json\/wp\/v2\/media?parent=93046"}],"wp:term":[{"taxonomy":"product_brand","embeddable":true,"href":"https:\/\/soydeaqui.ddns.net\/pachuca\/index.php\/wp-json\/wp\/v2\/product_brand?post=93046"},{"taxonomy":"product_cat","embeddable":true,"href":"https:\/\/soydeaqui.ddns.net\/pachuca\/index.php\/wp-json\/wp\/v2\/product_cat?post=93046"},{"taxonomy":"product_tag","embeddable":true,"href":"https:\/\/soydeaqui.ddns.net\/pachuca\/index.php\/wp-json\/wp\/v2\/product_tag?post=93046"}],"curies":[{"name":"wp","href":"https:\/\/api.w.org\/{rel}","templated":true}]}}