{"id":93044,"date":"2026-03-20T05:46:11","date_gmt":"2026-03-20T05:46:11","guid":{"rendered":"https:\/\/soydeaqui.ddns.net\/pachuca\/index.php\/producto\/turret-pt-ip-2-megapixel-lente-2-8-mm-dual-light-20-mts-ir-15-mts-luz-blanca-wi-fi-ip54-dwdr-h-265-audio-bidireccional-microfono-y-bocina-micro-sd\/"},"modified":"2026-03-20T05:46:12","modified_gmt":"2026-03-20T05:46:12","slug":"turret-pt-ip-2-megapixel-lente-2-8-mm-dual-light-20-mts-ir-15-mts-luz-blanca-wi-fi-ip54-dwdr-h-265-audio-bidireccional-microfono-y-bocina-micro-sd","status":"publish","type":"product","link":"https:\/\/soydeaqui.ddns.net\/pachuca\/index.php\/producto\/turret-pt-ip-2-megapixel-lente-2-8-mm-dual-light-20-mts-ir-15-mts-luz-blanca-wi-fi-ip54-dwdr-h-265-audio-bidireccional-microfono-y-bocina-micro-sd\/","title":{"rendered":"Turret PT  IP 2 Megapixel \/ Lente 2.8 mm \/ Dual Light (20 mts IR + 15 mts Luz Blanca) \/ Wi-Fi \/ IP54 \/ dWDR  \/ H.265 \/ Audio Bidireccional (Micr\u00f3fono y Bocina) \/ Micro SD"},"content":{"rendered":"<div style='width: 100%; max-width: 1200px; margin: 0 auto; font-family: sans-serif; line-height: 1.6; color: inherit; background-color: transparent;'> <!-- Logo Hikvision --> <\/p>\n<div style='text-align: center; margin: 20px 0;'> <img style='width: 45%; max-width: 400px; height: auto; border: 1px solid rgba(150&comma;150&comma;150&comma;0.3); border-radius: 8px;' src='https:\/\/ftp3.syscom.mx\/usuarios\/jsosa\/HIKVISION\/imagenes\/logo\/hikvision%20see%20far.png' alt='Logo Hikvision'> <\/div>\n<p> <!-- Grid principal --> <\/p>\n<div style='display: flex; flex-wrap: wrap; gap: 30px; margin-top: 40px;'> <!-- Columna izquierda --> <\/p>\n<div style='flex: 1 1 400px; min-width: 300px;'> <!-- Caracter\u00edsticas Principales --> <\/p>\n<div style='border: 1px solid rgba(150&comma; 150&comma; 150&comma; 0.4); border-radius: 8px; overflow: hidden; display: flex; flex-direction: column; margin-bottom: 30px;'>\n<div style='padding: 15px; border-bottom: 1px solid rgba(150&comma; 150&comma; 150&comma; 0.2); font-weight: bold; font-size: 18px; color: inherit; background-color: #df001e; color: white;'> Caracter\u00edsticas Principales <\/div>\n<div style='padding: 15px; color: inherit;'>\n<ul style='padding-left: 20px; margin: 0; font-size: 14px; list-style-type: disc; color: inherit;'>\n<li style='margin-bottom: 8px;'><span style='color: inherit;'>Resoluci\u00f3n m\u00e1xima: 2 Megapixel (1920 \u00d7 1080).<\/span><\/li>\n<li style='margin-bottom: 8px;'><span style='color: inherit;'>Iluminaci\u00f3n m\u00ednima: color 0.009 lux @ (F1.6; AGC ON).<\/span><\/li>\n<li style='margin-bottom: 8px;'><span style='color: inherit;'>Dia \/ Noche Real (filtro ICR).<\/span><\/li>\n<li style='margin-bottom: 8px;'><span style='color: inherit;'>Lente 2.8 mm (\u00e1ngulo de apertura 97\u00b0).<\/span><\/li>\n<li style='margin-bottom: 8px;'><span style='color: inherit;'>Cuenta con antena WiFi.<\/span><\/li>\n<li style='margin-bottom: 8px;'><span style='color: inherit;'>Distancia de infrarrojos: 20 mts IR EXIR.<\/span><\/li>\n<li style='margin-bottom: 8px;'><span style='color: inherit;'>Distancia de Luz Blanca: 15 mts.<\/span><\/li>\n<li style='margin-bottom: 8px;'><span style='color: inherit;'>Funciones normales: dWDR \/ BLC \/ HLC \/ 3D DNR.<\/span><\/li>\n<li style='margin-bottom: 8px;'><span style='color: inherit;'>Compresi\u00f3n: H.265 \/ H.264.<\/span><\/li>\n<\/ul><\/div>\n<\/p><\/div>\n<p> <!-- Entradas y Salidas --> <\/p>\n<div style='border: 1px solid rgba(150&comma; 150&comma; 150&comma; 0.4); border-radius: 8px; overflow: hidden; display: flex; flex-direction: column; margin-bottom: 30px;'>\n<div style='padding: 15px; border-bottom: 1px solid rgba(150&comma; 150&comma; 150&comma; 0.2); font-weight: bold; font-size: 18px; color: inherit; background-color: #df001e; color: white;'> Entradas y Salidas de Audio \/ Alarmas \/ Red \/ Almacenamiento <\/div>\n<div style='padding: 15px; color: inherit;'>\n<ul style='padding-left: 20px; margin: 0; font-size: 14px; list-style-type: disc; color: inherit;'>\n<li style='margin-bottom: 8px;'><span style='color: inherit;'>Entradas de alarma: N\/A.<\/span><\/li>\n<li style='margin-bottom: 8px;'><span style='color: inherit;'>Salidas de alarma: N\/A<\/span><\/li>\n<li style='margin-bottom: 8px;'><span style='color: inherit;'>Entradas de audio: N\/A.<\/span><\/li>\n<li style='margin-bottom: 8px;'><span style='color: inherit;'>Salidas de audio: N\/A.<\/span><\/li>\n<li style='margin-bottom: 8px;'><strong><span style='color: inherit;'>Micr\u00f3fono y altavoz integrado: (audio de 2 V\u00edas)<\/span><\/strong><\/li>\n<li style='margin-bottom: 8px;'><span style='color: inherit;'>Puerto de red: 1 (10 \/ 100 Mbps).<\/span><\/li>\n<li style='margin-bottom: 8px;'><span style='color: inherit;'>Almacenamiento micro SD de hasta 512 GB (memoria no incluida).<\/span><\/li>\n<li style='margin-bottom: 8px;'><span style='color: inherit;'>Soporta ONVIF \/ ISAPI \/ CGI.<\/span><\/li>\n<\/ul><\/div>\n<\/p><\/div>\n<\/p><\/div>\n<p> <!-- Columna derecha --> <\/p>\n<div style='flex: 1 1 400px; min-width: 300px;'> <!-- Caracter\u00edsticas F\u00edsicas --> <\/p>\n<div style='border: 1px solid rgba(150&comma; 150&comma; 150&comma; 0.4); border-radius: 8px; overflow: hidden; display: flex; flex-direction: column; margin-bottom: 30px;'>\n<div style='padding: 15px; border-bottom: 1px solid rgba(150&comma; 150&comma; 150&comma; 0.2); font-weight: bold; font-size: 18px; color: inherit; background-color: #df001e; color: white;'> Caracter\u00edsticas F\u00edsicas y El\u00e9ctricas <\/div>\n<div style='padding: 15px; color: inherit;'>\n<ul style='padding-left: 20px; margin: 0; font-size: 14px; list-style-type: disc; color: inherit;'>\n<li style='margin-bottom: 8px;'><span style='color: inherit;'>Alimentaci\u00f3n: 12 Vcc \/ 7.2 W (No soporta PoE).<\/span><\/li>\n<li style='margin-bottom: 8px;'><span style='color: inherit;'>Incluye fuente de alimentaci\u00f3n (12 VCD a 1 Amp).<\/span><\/li>\n<li style='margin-bottom: 8px;'><span style='color: inherit;'>Temperatura de operaci\u00f3n: -30\u00b0C a 60\u00b0C.<\/span><\/li>\n<li style='margin-bottom: 8px;'><span style='color: inherit;'>Uso en interior IP54.<\/span><\/li>\n<li style='margin-bottom: 8px;'><span style='color: inherit;'>Dimensiones: 175.6 x 73.0 x 89.1mm.<\/span><\/li>\n<li style='margin-bottom: 8px;'><span style='color: inherit;'>Peso: 450 gramos.<\/span><\/li>\n<\/ul><\/div>\n<\/p><\/div>\n<p> <!-- Caracter\u00edsticas Destacadas --> <\/p>\n<div style='border: 1px solid rgba(150&comma; 150&comma; 150&comma; 0.4); border-radius: 8px; overflow: hidden; display: flex; flex-direction: column; margin-bottom: 30px;'>\n<div style='padding: 15px; border-bottom: 1px solid rgba(150&comma; 150&comma; 150&comma; 0.2); font-weight: bold; font-size: 18px; color: inherit; background-color: #df001e; color: white;'> Caracter\u00edsticas Destacadas <\/div>\n<div style='padding: 15px; color: inherit;'>\n<ul style='padding-left: 20px; margin: 0; font-size: 14px; list-style-type: disc; color: inherit;'>\n<li style='margin-bottom: 8px;'><span style='color: inherit;'>No se puede agregar directamente a la plataforma de Hik-Connect (P2P) de manera WiFi&comma; requiere un NVS. Se puede agregar de manera directa a Hik-Connect de manera cableada (LAN).<\/span><\/li>\n<li style='margin-bottom: 8px;'><span style='color: inherit;'>Para agregarse de manera WiFi a Hik-Connect (P2P) se tiene que usar el modelo <\/span><a style='color: #2880b9; text-decoration: none; font-weight: 600;' href='https:\/\/www.syscom.mx\/producto\/DS-7104NI-S1\/W-HIKVISION-230191.html'>DS-7104NI-S1\/W<\/a><span style='color: inherit;'> que sirve como modo AP (intermediario entre la c\u00e1mara WiFi y el modem) para que se pueda ver desde la App de Hik-Connect.<\/span><\/li>\n<li style='margin-bottom: 8px;'><span style='color: inherit;'>Es posible agregarse a un DVR\/NVR tambien para poder verse por Hik-Connect.<\/span><\/li>\n<li style='margin-bottom: 8px;'><span style='color: inherit;'>Tambien es posible usar NVR serie NI-Q&comma; NXI-K&comma; NXI-M para audio bidireccional.<\/span><\/li>\n<li style='margin-bottom: 8px;'><span style='color: inherit;'>Al usar el NVS y poder obtener audio de dos v\u00edas es recomendable usar <\/span><a style='color: #2880b9; text-decoration: none; font-weight: 600;' href='https:\/\/www.syscom.mx\/producto\/DS-7104NI-S1\/W-HIKVISION-230191.html'>DS-7104NI-S1\/W<\/a><\/li>\n<\/ul><\/div>\n<\/p><\/div>\n<\/p><\/div>\n<\/p><\/div>\n<p> <!-- Banner soluci\u00f3n completa --> <\/p>\n<div style='text-align: center; margin: 40px 0;'> <img style='width: 100%; max-width: 800px; height: auto; border: 1px solid rgba(150&comma;150&comma;150&comma;0.3); border-radius: 8px;' src='https:\/\/ftp3.syscom.mx\/usuarios\/jsosa\/HIKVISION\/imagenes\/banners\/solution%20complete.png' alt='Soluci\u00f3n completa'> <\/div>\n<\/p><\/div>\n","protected":false},"excerpt":{"rendered":"<p>Turret PT  IP 2 Megapixel \/ Lente 2.8 mm \/ Dual Light (20 mts IR + 15 mts Luz Blanca) \/ Wi-Fi \/ IP54 \/ dWDR  \/ H.265 \/ Audio Bidireccional (Micr\u00f3fono y Bocina) \/ Micro SD<\/p>\n","protected":false},"featured_media":93043,"comment_status":"open","ping_status":"closed","template":"","meta":[],"product_brand":[],"product_cat":[121],"product_tag":[122,54,123],"class_list":{"0":"post-93044","1":"product","2":"type-product","3":"status-publish","4":"has-post-thumbnail","6":"product_cat-wifi-4g-inalambricas","7":"product_tag-camaras-ip-y-nvrs","8":"product_tag-hikvision","9":"product_tag-wifi-4g-inalambricas","11":"first","12":"instock","13":"sale","14":"shipping-taxable","15":"purchasable","16":"product-type-simple"},"_links":{"self":[{"href":"https:\/\/soydeaqui.ddns.net\/pachuca\/index.php\/wp-json\/wp\/v2\/product\/93044","targetHints":{"allow":["GET"]}}],"collection":[{"href":"https:\/\/soydeaqui.ddns.net\/pachuca\/index.php\/wp-json\/wp\/v2\/product"}],"about":[{"href":"https:\/\/soydeaqui.ddns.net\/pachuca\/index.php\/wp-json\/wp\/v2\/types\/product"}],"replies":[{"embeddable":true,"href":"https:\/\/soydeaqui.ddns.net\/pachuca\/index.php\/wp-json\/wp\/v2\/comments?post=93044"}],"wp:featuredmedia":[{"embeddable":true,"href":"https:\/\/soydeaqui.ddns.net\/pachuca\/index.php\/wp-json\/wp\/v2\/media\/93043"}],"wp:attachment":[{"href":"https:\/\/soydeaqui.ddns.net\/pachuca\/index.php\/wp-json\/wp\/v2\/media?parent=93044"}],"wp:term":[{"taxonomy":"product_brand","embeddable":true,"href":"https:\/\/soydeaqui.ddns.net\/pachuca\/index.php\/wp-json\/wp\/v2\/product_brand?post=93044"},{"taxonomy":"product_cat","embeddable":true,"href":"https:\/\/soydeaqui.ddns.net\/pachuca\/index.php\/wp-json\/wp\/v2\/product_cat?post=93044"},{"taxonomy":"product_tag","embeddable":true,"href":"https:\/\/soydeaqui.ddns.net\/pachuca\/index.php\/wp-json\/wp\/v2\/product_tag?post=93044"}],"curies":[{"name":"wp","href":"https:\/\/api.w.org\/{rel}","templated":true}]}}