{"id":93034,"date":"2026-03-20T05:45:46","date_gmt":"2026-03-20T05:45:46","guid":{"rendered":"https:\/\/soydeaqui.ddns.net\/pachuca\/index.php\/producto\/bala-ip-4-megapixel-lente-2-8-mm-dual-light-30-mts-ir-30-mts-luz-blanca-wi-fi-acusense-audio-bidireccional-microfono-y-bocina-ip66-dwdr-micro-sd\/"},"modified":"2026-03-20T05:45:47","modified_gmt":"2026-03-20T05:45:47","slug":"bala-ip-4-megapixel-lente-2-8-mm-dual-light-30-mts-ir-30-mts-luz-blanca-wi-fi-acusense-audio-bidireccional-microfono-y-bocina-ip66-dwdr-micro-sd","status":"publish","type":"product","link":"https:\/\/soydeaqui.ddns.net\/pachuca\/index.php\/producto\/bala-ip-4-megapixel-lente-2-8-mm-dual-light-30-mts-ir-30-mts-luz-blanca-wi-fi-acusense-audio-bidireccional-microfono-y-bocina-ip66-dwdr-micro-sd\/","title":{"rendered":"Bala IP 4 Megapixel \/ Lente 2.8 mm \/ Dual Light (30 mts IR + 30 mts Luz Blanca) \/ Wi-Fi \/ ACUSENSE \/  Audio Bidireccional (Micr\u00f3fono y Bocina) \/ IP66 \/ dWDR \/ Micro SD"},"content":{"rendered":"<div style='width: 100%; max-width: 1200px; margin: 0 auto; font-family: sans-serif; line-height: 1.6; color: inherit; background-color: transparent;'>\n<p style='text-align: center; margin: 0 0 20px 0;'><img style='width: 100%; max-width: 45%; height: auto; border: 1px solid rgba(150&comma;150&comma;150&comma;0.3); border-radius: 8px;' src='https:\/\/ftp3.syscom.mx\/usuarios\/jsosa\/HIKVISION\/imagenes\/logo\/hikvision%20see%20far.png' alt='Logo Hikvision See Far'><\/p>\n<p> <!-- Secci\u00f3n de caracter\u00edsticas --> <\/p>\n<div style='display: flex; flex-wrap: wrap; gap: 30px; margin-bottom: 30px;'>\n<div style='flex: 1 1 300px; min-width: 280px;'>\n<h3 style='font-size: 22px; border-bottom: 2px solid currentColor; padding-bottom: 5px; margin-top: 0; color: inherit; opacity: 0.8;'>Caracter\u00edsticas Principales<\/h3>\n<ul style='padding-left: 20px; font-size: 15px; color: inherit;'>\n<li style='margin-bottom: 5px;'><strong>Resoluci\u00f3n m\u00e1xima:<\/strong> 4 Megapixel (2560 x 1440).<\/li>\n<li style='margin-bottom: 5px;'><strong>Iluminaci\u00f3n m\u00ednima:<\/strong> color 0.005 lux @ (F1.6; AGC ON).<\/li>\n<li style='margin-bottom: 5px;'>Dia \/ Noche Real (filtro ICR).<\/li>\n<li style='margin-bottom: 5px;'><strong>Lente:<\/strong> 2.8 mm (\u00e1ngulo de apertura 94\u00b0).<\/li>\n<li style='margin-bottom: 5px;'>Cuenta con antena WiFi.<\/li>\n<li style='margin-bottom: 5px;'><strong>Distancia de infrarrojos:<\/strong> 30 mts IR EXIR.<\/li>\n<li style='margin-bottom: 5px;'><strong>Distancia de Luz Blanca:<\/strong> 30 mts.<\/li>\n<li style='margin-bottom: 5px;'><strong>Funciones:<\/strong> dWDR \/ BLC \/ HLC \/ 3D DNR.<\/li>\n<li style='margin-bottom: 5px;'><strong>Compresi\u00f3n:<\/strong> H.265 \/ H.264.<\/li>\n<\/ul><\/div>\n<div style='flex: 1 1 300px; min-width: 280px;'>\n<h3 style='font-size: 22px; border-bottom: 2px solid currentColor; padding-bottom: 5px; margin-top: 0; color: inherit; opacity: 0.8;'>Entradas y Salidas<\/h3>\n<ul style='padding-left: 20px; font-size: 15px; color: inherit;'>\n<li style='margin-bottom: 5px;'><strong>Entradas de alarma:<\/strong> N\/A.<\/li>\n<li style='margin-bottom: 5px;'><strong>Salidas de alarma:<\/strong> N\/A.<\/li>\n<li style='margin-bottom: 5px;'><strong>Entradas de audio:<\/strong> N\/A.<\/li>\n<li style='margin-bottom: 5px;'><strong>Salidas de audio:<\/strong> N\/A.<\/li>\n<li style='margin-bottom: 5px;'><strong>Micr\u00f3fono y altavoz integrado:<\/strong> (audio de 2 V\u00edas).<\/li>\n<li style='margin-bottom: 5px;'><strong>Puerto de red:<\/strong> 1 (10 \/ 100 Mbps).<\/li>\n<li style='margin-bottom: 5px;'><strong>Almacenamiento:<\/strong> micro SD de hasta 512 GB (memoria no incluida).<\/li>\n<li style='margin-bottom: 5px;'><strong>Protocolos compatibles:<\/strong> ONVIF \/ ISAPI \/ CGI.<\/li>\n<\/ul><\/div>\n<div style='flex: 1 1 300px; min-width: 280px;'>\n<h3 style='font-size: 22px; border-bottom: 2px solid currentColor; padding-bottom: 5px; margin-top: 0; color: inherit; opacity: 0.8;'>Caracter\u00edsticas F\u00edsicas y El\u00e9ctricas<\/h3>\n<ul style='padding-left: 20px; font-size: 15px; color: inherit;'>\n<li style='margin-bottom: 5px;'><strong>Alimentaci\u00f3n:<\/strong> 12 Vcc \/ 7.2 W (No soporta PoE).<\/li>\n<li style='margin-bottom: 5px;'><strong>Incluye:<\/strong> fuente de alimentaci\u00f3n (12 VCD a 1 Amp).<\/li>\n<li style='margin-bottom: 5px;'><strong>Temperatura de operaci\u00f3n:<\/strong> -30\u00b0C a 60\u00b0C.<\/li>\n<li style='margin-bottom: 5px;'><strong>Protecci\u00f3n:<\/strong> Uso en exterior IP66.<\/li>\n<li style='margin-bottom: 5px;'><strong>Dimensiones:<\/strong> 175.6 x 73.0 x 89.1mm.<\/li>\n<li style='margin-bottom: 5px;'><strong>Peso:<\/strong> 450 gramos.<\/li>\n<\/ul><\/div>\n<div style='flex: 1 1 300px; min-width: 280px;'>\n<h3 style='font-size: 22px; border-bottom: 2px solid currentColor; padding-bottom: 5px; margin-top: 0; color: inherit; opacity: 0.8;'>Acesorios Compatibles<\/h3>\n<ul style='padding-left: 20px; font-size: 15px; color: inherit;'>\n<li style='margin-bottom: 5px;'><strong>Documentaci\u00f3n:<\/strong> <a href='https:\/\/ftp3.syscom.mx\/usuarios\/alexh\/Hikvision\/Specsheet\/DS-2CV1043G2-LIDW%28F%29%28B%29_Datasheet_20240719.pdf?_gl=1*1q6rvsc*_gcl_au*MTc3NjMxMDk4MS4xNzUwMTgxMDMx' target='_blank' rel='noopener' style='color: #2880b9; text-decoration: none; font-weight: 600;'>Ficha t\u00e9cnica<\/a><\/li>\n<\/ul><\/div>\n<div style='flex: 1 1 300px; min-width: 280px;'>\n<h3 style='font-size: 22px; border-bottom: 2px solid currentColor; padding-bottom: 5px; margin-top: 0; color: inherit; opacity: 0.8;'>Caracter\u00edsticas Destacadas<\/h3>\n<ul style='padding-left: 20px; font-size: 15px; color: inherit;'>\n<li style='margin-bottom: 5px;'>No se puede agregar directamente a la plataforma de Hik-Connect (P2P) de manera WiFi&comma; requiere un NVS. Se puede agregar de manera directa a Hik-Connect de manera cableada (LAN).<\/li>\n<li style='margin-bottom: 5px;'>Para agregarse de manera WiFi a Hik-Connect (P2P) se tiene que usar el modelo <a href='https:\/\/www.syscom.mx\/producto\/DS-7104NI-S1\/W-HIKVISION-230191.html' target='_blank' rel='noopener' style='color: #2880b9; text-decoration: none; font-weight: 600;'>DS-7104NI-S1\/W<\/a> que sirve como modo AP (intermediario entre la c\u00e1mara WiFi y el modem) para que se pueda ver desde la App de Hik-Connect.<\/li>\n<li style='margin-bottom: 5px;'>Es posible agregarse a un DVR\/NVR tambien para poder verse por Hik-Connect.<\/li>\n<li style='margin-bottom: 5px;'>Para poder tener audio bidireccional es recomendable usar <a href='https:\/\/www.syscom.mx\/producto\/DS-7104NI-S1\/W-HIKVISION-230191.html' target='_blank' rel='noopener' style='color: #2880b9; text-decoration: none; font-weight: 600;'>DS-7104NI-S1\/W<\/a>. Tambi\u00e9n es posible usar NVR serie NI-Q&comma; NXI-K&comma; NXI-M para audio bidireccional.<\/li>\n<\/ul><\/div>\n<\/p><\/div>\n<p> <!-- Imagen final --> <\/p>\n<p style='text-align: center; margin: 30px 0 0 0;'><img style='width: 100%; height: auto; border: 1px solid rgba(150&comma;150&comma;150&comma;0.3); border-radius: 8px;' src='https:\/\/ftp3.syscom.mx\/usuarios\/jsosa\/HIKVISION\/imagenes\/banners\/solution%20complete.png' alt='Soluci\u00f3n completa Hikvision'><\/p>\n<\/p><\/div>\n","protected":false},"excerpt":{"rendered":"<p>Bala IP 4 Megapixel \/ Lente 2.8 mm \/ Dual Light (30 mts IR + 30 mts Luz Blanca) \/ Wi-Fi \/ ACUSENSE \/  Audio Bidireccional (Micr\u00f3fono y Bocina) \/ IP66 \/ dWDR \/ Micro SD<\/p>\n","protected":false},"featured_media":93033,"comment_status":"open","ping_status":"closed","template":"","meta":[],"product_brand":[],"product_cat":[121],"product_tag":[122,54,123],"class_list":{"0":"post-93034","1":"product","2":"type-product","3":"status-publish","4":"has-post-thumbnail","6":"product_cat-wifi-4g-inalambricas","7":"product_tag-camaras-ip-y-nvrs","8":"product_tag-hikvision","9":"product_tag-wifi-4g-inalambricas","11":"first","12":"instock","13":"sale","14":"shipping-taxable","15":"purchasable","16":"product-type-simple"},"_links":{"self":[{"href":"https:\/\/soydeaqui.ddns.net\/pachuca\/index.php\/wp-json\/wp\/v2\/product\/93034","targetHints":{"allow":["GET"]}}],"collection":[{"href":"https:\/\/soydeaqui.ddns.net\/pachuca\/index.php\/wp-json\/wp\/v2\/product"}],"about":[{"href":"https:\/\/soydeaqui.ddns.net\/pachuca\/index.php\/wp-json\/wp\/v2\/types\/product"}],"replies":[{"embeddable":true,"href":"https:\/\/soydeaqui.ddns.net\/pachuca\/index.php\/wp-json\/wp\/v2\/comments?post=93034"}],"wp:featuredmedia":[{"embeddable":true,"href":"https:\/\/soydeaqui.ddns.net\/pachuca\/index.php\/wp-json\/wp\/v2\/media\/93033"}],"wp:attachment":[{"href":"https:\/\/soydeaqui.ddns.net\/pachuca\/index.php\/wp-json\/wp\/v2\/media?parent=93034"}],"wp:term":[{"taxonomy":"product_brand","embeddable":true,"href":"https:\/\/soydeaqui.ddns.net\/pachuca\/index.php\/wp-json\/wp\/v2\/product_brand?post=93034"},{"taxonomy":"product_cat","embeddable":true,"href":"https:\/\/soydeaqui.ddns.net\/pachuca\/index.php\/wp-json\/wp\/v2\/product_cat?post=93034"},{"taxonomy":"product_tag","embeddable":true,"href":"https:\/\/soydeaqui.ddns.net\/pachuca\/index.php\/wp-json\/wp\/v2\/product_tag?post=93034"}],"curies":[{"name":"wp","href":"https:\/\/api.w.org\/{rel}","templated":true}]}}