{"id":93031,"date":"2026-03-20T05:45:39","date_gmt":"2026-03-20T05:45:39","guid":{"rendered":"https:\/\/soydeaqui.ddns.net\/pachuca\/index.php\/producto\/drone-dji-matrice-3td-enterprise-advanced-edicion-universal-dual-camaravisual-y-termica-hasta-10kms-de-transmision-2-anos-de-care-basico-uso-con-dji-dock-2\/"},"modified":"2026-03-20T05:45:43","modified_gmt":"2026-03-20T05:45:43","slug":"drone-dji-matrice-3td-enterprise-advanced-edicion-universal-dual-camaravisual-y-termica-hasta-10kms-de-transmision-2-anos-de-care-basico-uso-con-dji-dock-2","status":"publish","type":"product","link":"https:\/\/soydeaqui.ddns.net\/pachuca\/index.php\/producto\/drone-dji-matrice-3td-enterprise-advanced-edicion-universal-dual-camaravisual-y-termica-hasta-10kms-de-transmision-2-anos-de-care-basico-uso-con-dji-dock-2\/","title":{"rendered":"Drone DJI Matrice 3TD Enterprise Advanced Edici\u00f3n Universal\/ Dual C\u00e1mara(Visual y T\u00e9rmica) \/Hasta 10kms de transmisi\u00f3n \/ 2 A\u00f1os de Care B\u00e1sico \/ Uso con DJI DOCK 2"},"content":{"rendered":"<div style='width: 100%; max-width: 1200px; margin: 0 auto; font-family: sans-serif; line-height: 1.6; color: inherit;'>\n<div style='display: flex; flex-wrap: wrap; gap: 30px; margin-bottom: 30px;'>\n<div style='flex: 1 1 300px; min-width: 280px;'>\n<div style='border-left: 5px solid #0091ff; border-radius: 5px; padding: 15px; box-shadow: 2px 2px 10px rgba(216&comma; 216&comma; 216&comma; 0.5);'> <strong style='font-size: 18px; margin-bottom: 10px; display: block; color: inherit;'>Caracter\u00edsticas Principales:<\/strong> <\/p>\n<ul style='padding-left: 20px; font-size: 15px; color: inherit;'>\n<li style='margin-bottom: 5px;'>10 kms de transmisi\u00f3n<\/li>\n<li style='margin-bottom: 5px;'>Zoom 7x<\/li>\n<li style='margin-bottom: 5px;'>Sensor CMOS de 1\/2 Pulgada<\/li>\n<li style='margin-bottom: 5px;'>Velocidad M\u00e1xima de Operaci\u00f3n: 21 m\/s<\/li>\n<\/ul><\/div>\n<\/p><\/div>\n<div style='flex: 1 1 300px; min-width: 280px;'>\n<div style='border-left: 5px solid #0091ff; border-radius: 5px; padding: 15px; box-shadow: 2px 2px 10px rgba(216&comma; 216&comma; 216&comma; 0.5);'> <strong style='font-size: 18px; margin-bottom: 10px; display: block; color: inherit;'>Caracter\u00edsticas Principales:<\/strong> <\/p>\n<ul style='padding-left: 20px; font-size: 15px; color: inherit;'>\n<li style='margin-bottom: 5px;'>C\u00e1mara t\u00e9rmica de 640 x 512 px<\/li>\n<li style='margin-bottom: 5px;'>Compacto y port\u00e1til<\/li>\n<li style='margin-bottom: 5px;'>Detecci\u00f3n omnidireccional para vuelo seguro<\/li>\n<li style='margin-bottom: 5px;'>50 minutos de vuelo en condiciones ideales<\/li>\n<\/ul><\/div>\n<\/p><\/div>\n<div style='flex: 1 1 300px; min-width: 280px;'>\n<div style='border-left: 5px solid #0091ff; border-radius: 5px; padding: 15px; box-shadow: 2px 2px 10px rgba(216&comma; 216&comma; 216&comma; 0.5);'> <strong style='font-size: 18px; margin-bottom: 10px; display: block; color: inherit;'>Que incluye:<\/strong> <\/p>\n<ul style='padding-left: 20px; font-size: 15px; color: inherit;'>\n<li style='margin-bottom: 5px;'>Dron Matrice3TD<\/li>\n<li style='margin-bottom: 5px;'>Juego de h\u00e9lices<\/li>\n<li style='margin-bottom: 5px;'>2 a\u00f1os de Care B\u00e1sico<\/li>\n<\/ul>\n<p style='margin-top: 15px; font-size: 14px; color: inherit;'>Nota: Para uso exclusivo con DJI DOCK2<\/p>\n<p style='font-size: 14px; color: inherit;'>Debe de cotizarse junto con modelo DJIDOCK2 y bater\u00eda M3DBAT<\/p>\n<p style='font-size: 14px; color: inherit;'>Uso con DJI FlightHub 2<\/p>\n<\/p><\/div>\n<\/p><\/div>\n<\/p><\/div>\n<div style='margin: 30px 0; text-align: center;'>\n<p style='font-size: 24px; letter-spacing: -0.72px; color: inherit; margin: 0;'>La Serie Matrice 3 TD redefine los est\u00e1ndares de la industria para los drones comerciales peque\u00f1os. Esta versi\u00f3n t\u00e9rmica est\u00e1 disponible para misiones de extinci\u00f3n de incendios&comma; b\u00fasqueda y rescate&comma; inspecciones y operaciones nocturnas con uso del DJIDOCK2.<\/p>\n<\/p><\/div>\n<div style='margin: 30px 0; display: flex; flex-wrap: wrap; gap: 30px; align-items: center;'>\n<div style='flex: 1 1 300px; min-width: 280px;'> <img style='width: 100%; height: auto; border: 1px solid rgba(150&comma;150&comma;150&comma;0.3); border-radius: 8px;' src='https:\/\/ftp3.syscom.mx\/usuarios\/ialdama\/IMAGEN%20MATRICE3TD_1.jpg' alt=''> <\/div>\n<div style='flex: 1 1 300px; min-width: 280px;'>\n<h2 style='font-size: 22px; margin-top: 0; color: inherit;'>Compacto y Port\u00e1til<\/h2>\n<p style='font-size: 15px; color: inherit;'>Aerodin\u00e1mico y compacto&comma; el Serie Matrice 3&comma; es perfecto tanto para pilotos principiantes como para expertos&comma; est\u00e1 dise\u00f1ado para realizar misiones extensas y a distancia.<\/p>\n<\/p><\/div>\n<\/p><\/div>\n<div style='margin: 30px 0; text-align: center;'>\n<h2 style='font-size: 32px; margin: 0; color: inherit;'>AERONAVE PARA USO CON DISPOSITIVO DJI DOCK 2<\/h2>\n<\/p><\/div>\n<div style='margin: 30px 0; display: flex; flex-wrap: wrap; gap: 30px; align-items: center;'>\n<div style='flex: 1 1 300px; min-width: 280px;'> <img style='width: 100%; height: auto; border: 1px solid rgba(150&comma;150&comma;150&comma;0.3); border-radius: 8px;' src='https:\/\/ftp3.syscom.mx\/usuarios\/ialdama\/DOCK2%20IMAGEN%201.jpg' alt=''> <\/div>\n<div style='flex: 1 1 300px; min-width: 280px;'>\n<h2 style='font-size: 22px; margin-top: 0; color: inherit;'>Mediciones con velocidad<\/h2>\n<p style='font-size: 15px; color: inherit;'>La c\u00e1mara con sensor CMOS de 48 MP del Matrice 3TD dispone de un obturador mec\u00e1nico para prevenir la distorsi\u00f3n por movimiento y permite grabaci\u00f3n r\u00e1pida con intervalos de 0.7 segundos. Realiza misiones de mapeo con una eficiencia extraordinaria sin necesidad de puntos de control de tierra.<\/p>\n<\/p><\/div>\n<\/p><\/div>\n<div style='margin: 30px 0; text-align: center;'>\n<h2 style='font-size: 24px; margin: 0 0 20px 0; color: inherit;'>Excepcional eficiencia operativa<\/h2>\n<div style='display: flex; flex-wrap: wrap; gap: 30px; align-items: center; justify-content: center;'>\n<div style='flex: 1 1 300px; min-width: 280px;'> <img style='width: 100%; height: auto; border: 1px solid rgba(150&comma;150&comma;150&comma;0.3); border-radius: 8px;' src='https:\/\/ftp3.syscom.mx\/usuarios\/ivan.reyes\/DJI\/Mavic3T\/Baterias%20optimizadas%20para%20durar.gif' alt=''> <\/div>\n<div style='flex: 1 1 300px; min-width: 280px;'>\n<h3 style='font-size: 20px; margin-top: 0; color: inherit;'>Bater\u00edas optimizadas para durar<\/h3>\n<p style='font-size: 15px; color: inherit;'>50 minutos de duraci\u00f3n del vuelo que te permiten abarcar m\u00e1s terreno en cada misi\u00f3n&comma; para mapear hasta 2 km\u00b2 en un solo vuelo.<\/p>\n<ul style='padding-left: 20px; font-size: 15px; color: inherit;'>\n<li style='margin-bottom: 5px;'><strong>Tiempo m\u00e1x. de vuelo:<\/strong> 50 minutos<\/li>\n<li style='margin-bottom: 5px;'><strong>\u00c1rea de medici\u00f3n en un solo vuelo:<\/strong> 2 kil\u00f3metros cuadrados<\/li>\n<\/ul><\/div>\n<\/p><\/div>\n<\/p><\/div>\n<\/p><\/div>\n","protected":false},"excerpt":{"rendered":"<p>Drone DJI Matrice 3TD Enterprise Advanced Edici\u00f3n Universal\/ Dual C\u00e1mara(Visual y T\u00e9rmica) \/Hasta 10kms de transmisi\u00f3n \/ 2 A\u00f1os de Care B\u00e1sico \/ Uso con DJI DOCK 2<\/p>\n","protected":false},"featured_media":93030,"comment_status":"open","ping_status":"closed","template":"","meta":[],"product_brand":[],"product_cat":[2225,2223],"product_tag":[2228,2226,2227],"class_list":{"0":"post-93031","1":"product","2":"type-product","3":"status-publish","4":"has-post-thumbnail","6":"product_cat-drones-robots-e-industrial","7":"product_cat-drones","8":"product_tag-dji","9":"product_tag-drones","10":"product_tag-robots-e-industrial","12":"first","13":"outofstock","14":"sale","15":"shipping-taxable","16":"purchasable","17":"product-type-simple"},"_links":{"self":[{"href":"https:\/\/soydeaqui.ddns.net\/pachuca\/index.php\/wp-json\/wp\/v2\/product\/93031","targetHints":{"allow":["GET"]}}],"collection":[{"href":"https:\/\/soydeaqui.ddns.net\/pachuca\/index.php\/wp-json\/wp\/v2\/product"}],"about":[{"href":"https:\/\/soydeaqui.ddns.net\/pachuca\/index.php\/wp-json\/wp\/v2\/types\/product"}],"replies":[{"embeddable":true,"href":"https:\/\/soydeaqui.ddns.net\/pachuca\/index.php\/wp-json\/wp\/v2\/comments?post=93031"}],"wp:featuredmedia":[{"embeddable":true,"href":"https:\/\/soydeaqui.ddns.net\/pachuca\/index.php\/wp-json\/wp\/v2\/media\/93030"}],"wp:attachment":[{"href":"https:\/\/soydeaqui.ddns.net\/pachuca\/index.php\/wp-json\/wp\/v2\/media?parent=93031"}],"wp:term":[{"taxonomy":"product_brand","embeddable":true,"href":"https:\/\/soydeaqui.ddns.net\/pachuca\/index.php\/wp-json\/wp\/v2\/product_brand?post=93031"},{"taxonomy":"product_cat","embeddable":true,"href":"https:\/\/soydeaqui.ddns.net\/pachuca\/index.php\/wp-json\/wp\/v2\/product_cat?post=93031"},{"taxonomy":"product_tag","embeddable":true,"href":"https:\/\/soydeaqui.ddns.net\/pachuca\/index.php\/wp-json\/wp\/v2\/product_tag?post=93031"}],"curies":[{"name":"wp","href":"https:\/\/api.w.org\/{rel}","templated":true}]}}