{"id":93027,"date":"2026-03-20T05:45:27","date_gmt":"2026-03-20T05:45:27","guid":{"rendered":"https:\/\/soydeaqui.ddns.net\/pachuca\/index.php\/producto\/tarjeta-de-salida-hdmi-4-puertos-hdcp-1-4-edid-expert-compatible-con-audio-compatible-con-vm1600a\/"},"modified":"2026-03-20T05:45:34","modified_gmt":"2026-03-20T05:45:34","slug":"tarjeta-de-salida-hdmi-4-puertos-hdcp-1-4-edid-expert-compatible-con-audio-compatible-con-vm1600a","status":"publish","type":"product","link":"https:\/\/soydeaqui.ddns.net\/pachuca\/index.php\/producto\/tarjeta-de-salida-hdmi-4-puertos-hdcp-1-4-edid-expert-compatible-con-audio-compatible-con-vm1600a\/","title":{"rendered":"Tarjeta de Salida HDMI | 4 Puertos | HDCP 1.4 | EDID Expert | Compatible con Audio | Compatible con VM1600A"},"content":{"rendered":"<div style='width: 100%; max-width: 1200px; margin: 0 auto; font-family: sans-serif; line-height: 1.6; color: inherit; background-color: transparent;'> <!-- Imagen 1 --> <\/p>\n<div style='display: flex; justify-content: center; margin: 20px 0;'> <img style='width: 40%; height: auto; border: 1px solid rgba(150&comma;150&comma;150&comma;0.3); border-radius: 8px;' src='https:\/\/ftp3.syscom.mx\/usuarios\/luis.vargas\/ATEN\/VS184B\/Logo-Aten.jpg' alt='Logo Aten'> <\/div>\n<hr style='border: 0; border-top: 1px solid rgba(150&comma;150&comma;150&comma;0.3); margin: 30px 0;'> <!-- Descripci\u00f3n --> <\/p>\n<div style='margin-bottom: 30px;'>\n<p style='text-align: center; font-size: 15px; margin: 0 0 15px; color: inherit;'> La tarjeta de salida HDMI de 4 puertos VM8804 ofrece una forma sencilla de redirigir fuentes de audio\/v\u00eddeo a 4 pantallas&comma; en combinaci\u00f3n con el switch de matriz modular de ATEN. <\/p>\n<p style='text-align: center; font-size: 15px; margin: 0; color: inherit;'> La VM8804 es compatible con Seamless Switch\u2122&comma; tecnolog\u00eda que ofrece conmutaci\u00f3n de v\u00eddeo en tiempo real&comma; un escalador integrado capaz de gestionar varias resoluciones de v\u00eddeo y la tecnolog\u00eda EDID Expert&comma; que permite conmutar de una forma fluida y r\u00e1pida entre varias pantallas para ofrecerle una experiencia de visualizaci\u00f3n perfecta. El VM8804 tambi\u00e9n permite la extracci\u00f3n de audio HDMI y la incrustaci\u00f3n de audio est\u00e9reo. <\/p>\n<\/p><\/div>\n<p> <!-- Imagen 2 --> <\/p>\n<div style='display: flex; justify-content: center; margin: 20px 0;'> <img style='width: 40%; height: auto; border: 1px solid rgba(150&comma;150&comma;150&comma;0.3); border-radius: 8px;' src='https:\/\/ftp3.syscom.mx\/usuarios\/luis.vargas\/ATEN\/VM7804-VM8804\/VM8804-1.png' alt='Tarjeta VM8804'> <\/div>\n<p> <!-- Caracter\u00edsticas generales --> <\/p>\n<div style='margin: 30px 0;'>\n<h3 style='font-size: 20px; border-bottom: 2px solid currentColor; padding-bottom: 5px; margin-top: 0; margin-bottom: 20px; color: inherit; opacity: 0.8;'>Caracter\u00edsticas generales<\/h3>\n<div style='display: flex; flex-wrap: wrap; gap: 30px;'> <!-- Columna 1 --> <\/p>\n<div style='flex: 1 1 300px; min-width: 280px;'>\n<h4 style='font-size: 16px; margin-top: 0; color: inherit;'>Entrada de video<\/h4>\n<ul style='padding-left: 20px; font-size: 14px; color: inherit;'>\n<li style='margin-bottom: 5px;'>Interfaces: 4 x HDMI Tipo A hembra (Negro)<\/li>\n<li style='margin-bottom: 5px;'>Impedancia: 100 \u03a9<\/li>\n<\/ul>\n<h4 style='font-size: 16px; margin-top: 15px; color: inherit;'>Salida de video<\/h4>\n<ul style='padding-left: 20px; font-size: 14px; color: inherit;'>\n<li style='margin-bottom: 5px;'>Interfaces 4 x HDMI tipo A hembra (Negro)<\/li>\n<li style='margin-bottom: 5px;'>Impedancia 100 \u03a9<\/li>\n<li style='margin-bottom: 5px;'>Distancia m\u00e1xima: Hasta 15m<\/li>\n<\/ul>\n<h4 style='font-size: 16px; margin-top: 15px; color: inherit;'>Video<\/h4>\n<ul style='padding-left: 20px; font-size: 14px; color: inherit;'>\n<li style='margin-bottom: 5px;'>Tasa de datos m\u00e1xima: 6.75 Gpbs (2.25 Gbps por carril)<\/li>\n<li style='margin-bottom: 5px;'>Reloj de p\u00edxeles m\u00e1ximo: 225 MHz<\/li>\n<li style='margin-bottom: 5px;'>Normativa:\n<ul style='padding-left: 20px; margin-top: 5px; margin-bottom: 5px;'>\n<li style='margin-bottom: 3px;'>HDMI (3D&comma; Color profundo)<\/li>\n<li style='margin-bottom: 3px;'>Compatible con HDCP 1.4<\/li>\n<li style='margin-bottom: 3px;'>Control electr\u00f3nico de consumo (CEC)<\/li>\n<\/ul>\n<\/li>\n<li style='margin-bottom: 5px;'>Resoluci\u00f3n m\u00e1xima: Hasta 1920 x 1080<\/li>\n<li style='margin-bottom: 5px;'>Distancia m\u00e1xima 15 m<\/li>\n<\/ul><\/div>\n<p> <!-- Columna 2 --> <\/p>\n<div style='flex: 1 1 300px; min-width: 280px;'>\n<h4 style='font-size: 16px; margin-top: 0; color: inherit;'>Audio<\/h4>\n<ul style='padding-left: 20px; font-size: 14px; color: inherit;'>\n<li style='margin-bottom: 5px;'>Entrada:\n<ul style='padding-left: 20px; margin-top: 5px; margin-bottom: 5px;'>\n<li style='margin-bottom: 3px;'>4 x Conector con tornillo cautivo&comma; 5 tramos<\/li>\n<li style='margin-bottom: 3px;'>*Tipo de se\u00f1al de audio: est\u00e9reo&comma; balanceada\/no balanceada.<\/li>\n<\/ul>\n<\/li>\n<li style='margin-bottom: 5px;'>Salida:\n<ul style='padding-left: 20px; margin-top: 5px; margin-bottom: 5px;'>\n<li style='margin-bottom: 3px;'>4 x Conector de tornillo cautivo&comma; 5 polos<\/li>\n<li style='margin-bottom: 3px;'>* Tipo de se\u00f1al de audio: est\u00e9reo&comma; balanceada\/no balanceada.<\/li>\n<\/ul>\n<\/li>\n<\/ul>\n<h4 style='font-size: 16px; margin-top: 15px; color: inherit;'>Alimentaci\u00f3n<\/h4>\n<ul style='padding-left: 20px; font-size: 14px; color: inherit;'>\n<li style='margin-bottom: 5px;'>Consumo: 23.13 W<\/li>\n<\/ul>\n<h4 style='font-size: 16px; margin-top: 15px; color: inherit;'>Condiciones medioambientales<\/h4>\n<ul style='padding-left: 20px; font-size: 14px; color: inherit;'>\n<li style='margin-bottom: 5px;'>Temperatura de funcionamiento 0 &#8211; 40\u00b0C<\/li>\n<li style='margin-bottom: 5px;'>Temperatura de almacenamiento -20 &#8211; 60\u00b0C<\/li>\n<li style='margin-bottom: 5px;'>Humedad HR del 0 &#8211; 80%&comma; sin condensaci\u00f3n<\/li>\n<\/ul>\n<h4 style='font-size: 16px; margin-top: 15px; color: inherit;'>Propiedades F\u00edsicas<\/h4>\n<ul style='padding-left: 20px; font-size: 14px; color: inherit;'>\n<li style='margin-bottom: 5px;'>Carcasa Met\u00e1lica<\/li>\n<li style='margin-bottom: 5px;'>Peso 0&comma;58 kg (1&comma;28 libras)<\/li>\n<li style='margin-bottom: 5px;'>Dimensiones (LA x AN x AL) 35.20 x 23.80 x 2.33 cm (13.86 x 9.37 x 0.92 in)<\/li>\n<\/ul><\/div>\n<\/p><\/div>\n<p style='margin-top: 25px; font-size: 14px; color: inherit;'> El equipo contiene: 1x tarjeta de salida HDMI de 4 puertos VM8804&comma; 4x bloques de terminales&comma; 1x manual de instrucciones <\/p>\n<\/p><\/div>\n<p> <!-- Imagen 3 --> <\/p>\n<div style='display: flex; justify-content: center; margin: 20px 0;'> <img style='width: 40%; height: auto; border: 1px solid rgba(150&comma;150&comma;150&comma;0.3); border-radius: 8px;' src='https:\/\/ftp3.syscom.mx\/usuarios\/luis.vargas\/ATEN\/VM7804-VM8804\/VM7804-1.png' alt='Tarjeta VM7804'> <\/div>\n<p> <!-- Videos --> <\/p>\n<div style='margin: 30px 0;'>\n<h3 style='font-size: 20px; border-bottom: 2px solid currentColor; padding-bottom: 5px; margin-top: 0; margin-bottom: 20px; color: inherit; opacity: 0.8;'>VIDEOS<\/h3>\n<div style='display: flex; flex-wrap: wrap; gap: 20px;'>\n<div style='flex: 1 1 300px; min-width: 280px;'>\n<div style='position: relative; padding-bottom: 56.25%; height: 0; overflow: hidden;'>   <\/div>\n<\/p><\/div>\n<\/p><\/div>\n<\/p><\/div>\n<\/p><\/div>\n","protected":false},"excerpt":{"rendered":"<p>Tarjeta de Salida HDMI | 4 Puertos | HDCP 1.4 | EDID Expert | Compatible con Audio | Compatible con VM1600A<\/p>\n","protected":false},"featured_media":93026,"comment_status":"open","ping_status":"closed","template":"","meta":[],"product_brand":[],"product_cat":[2141],"product_tag":[2121,2142,2120],"class_list":{"0":"post-93027","1":"product","2":"type-product","3":"status-publish","4":"has-post-thumbnail","6":"product_cat-matriciales-de-video","7":"product_tag-aten","8":"product_tag-matriciales-de-video","9":"product_tag-proav","11":"first","12":"outofstock","13":"sale","14":"shipping-taxable","15":"purchasable","16":"product-type-simple"},"_links":{"self":[{"href":"https:\/\/soydeaqui.ddns.net\/pachuca\/index.php\/wp-json\/wp\/v2\/product\/93027","targetHints":{"allow":["GET"]}}],"collection":[{"href":"https:\/\/soydeaqui.ddns.net\/pachuca\/index.php\/wp-json\/wp\/v2\/product"}],"about":[{"href":"https:\/\/soydeaqui.ddns.net\/pachuca\/index.php\/wp-json\/wp\/v2\/types\/product"}],"replies":[{"embeddable":true,"href":"https:\/\/soydeaqui.ddns.net\/pachuca\/index.php\/wp-json\/wp\/v2\/comments?post=93027"}],"wp:featuredmedia":[{"embeddable":true,"href":"https:\/\/soydeaqui.ddns.net\/pachuca\/index.php\/wp-json\/wp\/v2\/media\/93026"}],"wp:attachment":[{"href":"https:\/\/soydeaqui.ddns.net\/pachuca\/index.php\/wp-json\/wp\/v2\/media?parent=93027"}],"wp:term":[{"taxonomy":"product_brand","embeddable":true,"href":"https:\/\/soydeaqui.ddns.net\/pachuca\/index.php\/wp-json\/wp\/v2\/product_brand?post=93027"},{"taxonomy":"product_cat","embeddable":true,"href":"https:\/\/soydeaqui.ddns.net\/pachuca\/index.php\/wp-json\/wp\/v2\/product_cat?post=93027"},{"taxonomy":"product_tag","embeddable":true,"href":"https:\/\/soydeaqui.ddns.net\/pachuca\/index.php\/wp-json\/wp\/v2\/product_tag?post=93027"}],"curies":[{"name":"wp","href":"https:\/\/api.w.org\/{rel}","templated":true}]}}