{"id":93023,"date":"2026-03-20T05:45:16","date_gmt":"2026-03-20T05:45:16","guid":{"rendered":"https:\/\/soydeaqui.ddns.net\/pachuca\/index.php\/producto\/punto-de-acceso-wifi-6-con-antena-sectorial-de-80-de-apertura-cobertura-de-hasta-600-m-mimo-2x2-doble-banda-hasta-574-mbps-en-2-4-ghz-y-hasta-2402-mbps-en-5-ghz-administracion-en-nube-gra\/"},"modified":"2026-03-20T05:45:24","modified_gmt":"2026-03-20T05:45:24","slug":"punto-de-acceso-wifi-6-con-antena-sectorial-de-80-de-apertura-cobertura-de-hasta-600-m-mimo-2x2-doble-banda-hasta-574-mbps-en-2-4-ghz-y-hasta-2402-mbps-en-5-ghz-administracion-en-nube-gra","status":"publish","type":"product","link":"https:\/\/soydeaqui.ddns.net\/pachuca\/index.php\/producto\/punto-de-acceso-wifi-6-con-antena-sectorial-de-80-de-apertura-cobertura-de-hasta-600-m-mimo-2x2-doble-banda-hasta-574-mbps-en-2-4-ghz-y-hasta-2402-mbps-en-5-ghz-administracion-en-nube-gra\/","title":{"rendered":"Punto de Acceso WiFi 6 con Antena Sectorial de 80\u00b0 de Apertura, Cobertura de Hasta 600 m,  MIMO 2&#215;2, Doble Banda, Hasta 574 Mbps en 2.4 GHz y Hasta 2402 Mbps en 5 GHz,  Administraci\u00f3n en Nube Gratis con INSIGHTS"},"content":{"rendered":"<div style='width: 100%; max-width: 1200px; margin: 0 auto; font-family: sans-serif; line-height: 1.6; color: inherit; background-color: transparent;'> <!-- Im\u00e1genes --> <\/p>\n<div style='margin: 20px 0;'> <img style='width: 100%; height: auto; border: 1px solid rgba(150&comma;150&comma;150&comma;0.3); border-radius: 8px; display: block; margin: 0 auto;' src='https:\/\/ftp3.syscom.mx\/usuarios\/hortega\/Altai\/Altai.png' alt=''> <\/div>\n<div style='margin: 20px 0;'> <img style='width: 100%; height: auto; border: 1px solid rgba(150&comma;150&comma;150&comma;0.3); border-radius: 8px; display: block; margin: 0 auto;' src='https:\/\/www.altaitechnologies.com\/wp-content\/uploads\/2024\/08\/Insights_Banner.png' alt='Insights'> <\/div>\n<p> <!-- Enlace Insights --> <\/p>\n<div style='text-align: center; margin: 20px 0;'> <span style='background-color: #34495e;'> <span style='color: #f29d12; font-family: Satoshi-Variable&comma; sans-serif; font-size: 16px; background-color: #34495e;'> <span style='font-weight: bolder;'> <span style='font-size: 18pt; background-color: #34495e;'> <a style='color: #f29d12; text-decoration-line: none; background-color: #34495e;' href='https:\/\/forum.insights.altaitechnologies.com\/login' target='_blank' rel='noopener'>Crea AQUI tu<\/a> <a style='color: #f29d12; text-decoration-line: none; background-color: #34495e;' href='https:\/\/forum.insights.altaitechnologies.com\/login' target='_blank' rel='noopener'> cuenta INSIGHTS<\/a> <\/span> <\/span> <\/span> <\/span> <\/div>\n<p> <!-- Descripci\u00f3n --> <\/p>\n<div style='margin: 20px 0;'>\n<p style='font-family: arial&comma; helvetica&comma; sans-serif; text-align: left;'>El Altai C260-S es un punto de acceso Wi-Fi 6 de doble banda&comma; ideal para aplicaciones exteriores. Explora velocidades m\u00e1s r\u00e1pidas y una mayor capacidad de dispositivos conectados gracias a la tecnolog\u00eda 802.11ax.<\/p>\n<p style='font-family: arial&comma; helvetica&comma; sans-serif; text-align: left;'>Dise\u00f1ado para resistir condiciones exteriores&comma; el C260-S es f\u00e1cil de instalar mediante opciones de montaje en poste o pared. Compatible con adaptador de corriente y a trav\u00e9s de Ethernet (PoE)&comma; este dispositivo minimiza la necesidad de cables adicionales. Configura y administra f\u00e1cilmente el C260-S a trav\u00e9s de una interfaz web intuitiva usando un navegador. Todos los productos Altai cumplen con las normas de seguridad&comma; asegurando un rendimiento \u00f3ptimo en M\u00e9xico.<\/p>\n<\/p><\/div>\n<p> <!-- Secci\u00f3n de especificaciones --> <\/p>\n<div style='margin: 30px 0;'>\n<div style='text-align: center; margin-bottom: 20px;'>\n<h1 style='color: inherit; font-size: 24px; border-bottom: 2px solid currentColor; padding-bottom: 5px; display: inline-block; margin: 0 auto;'> <img src='http:\/\/ftp3.syscom.mx\/usuarios\/ftp\/2025\/05\/12\/215\/imagengpt41747090872402.png_froala_68227e0525f8c' style='width: 576px; vertical-align: middle;' alt=''> <span style='display: inline-block; vertical-align: middle; margin-left: 10px;'>Especificaciones<\/span> <\/h1>\n<\/p><\/div>\n<div style='display: flex; flex-wrap: wrap; gap: 20px;'> <!-- Caracter\u00edsticas Principales --> <\/p>\n<div style='flex: 1 1 300px; min-width: 280px; border: 1px solid rgba(150&comma; 150&comma; 150&comma; 0.4); border-radius: 8px; overflow: hidden;'>\n<div style='padding: 15px; border-bottom: 1px solid rgba(150&comma; 150&comma; 150&comma; 0.2); font-weight: bold; font-size: 18px; background-color: #34495e; color: #f29d12;'>Caracter\u00edsticas Principales<\/div>\n<div style='padding: 15px; color: inherit;'>\n<ul style='padding-left: 20px; margin: 0; font-size: 14px; list-style-type: disc; color: inherit;'>\n<li style='margin-bottom: 5px;'>Modos de operaci\u00f3n: Punto de Acceso\/ CPE(estaci\u00f3n).<\/li>\n<li style='margin-bottom: 5px;'>Hasta 256 usuarios concurrentes.<\/li>\n<li style='margin-bottom: 5px;'>Antenas sectoriales en 9 dBi en 2.4 GHz.<\/li>\n<li style='margin-bottom: 5px;'>Antenas sectoriales en 13 dBi en 5 GHz.<\/li>\n<li style='margin-bottom: 5px;'>Soporta hasta 16 SSID.<\/li>\n<li style='margin-bottom: 5px;'>Control de ancho de banda por SSID\/Cliente.<\/li>\n<li style='margin-bottom: 5px;'>Autenticaciones Open&comma; Shared key&comma; WPA\/WPA2\/WPA3.<\/li>\n<li style='margin-bottom: 5px;'>Plataformas de administraci\u00f3n: Standalone&comma; Insights&comma; AltaiCare PrivateCloud&comma; AltaiCare On-Premises #&comma; and AltaiGate.<\/li>\n<li style='margin-bottom: 5px;'>Carcasa resistente a la interperie y al polvo <strong style='color: inherit;'>IP55<\/strong>.<\/li>\n<\/ul><\/div>\n<\/p><\/div>\n<p> <!-- Caracter\u00edsticas F\u00edsicas y El\u00e9ctricas --> <\/p>\n<div style='flex: 1 1 300px; min-width: 280px; border: 1px solid rgba(150&comma; 150&comma; 150&comma; 0.4); border-radius: 8px; overflow: hidden;'>\n<div style='padding: 15px; border-bottom: 1px solid rgba(150&comma; 150&comma; 150&comma; 0.2); font-weight: bold; font-size: 18px; background-color: #34495e; color: #f29d12;'>Caracter\u00edsticas F\u00edsicas y El\u00e9ctricas<\/div>\n<div style='padding: 15px; color: inherit;'>\n<ul style='padding-left: 20px; margin: 0; font-size: 14px; list-style-type: disc; color: inherit;'>\n<li style='margin-bottom: 5px;'>2 Puertos Ethernet 10\/100\/1000Mbps.<\/li>\n<li style='margin-bottom: 5px;'><strong style='color: inherit;'>Soporta PoE 802.3af o pasivo de 48 &#8211; 56 Vdc.<\/strong><\/li>\n<li style='margin-bottom: 5px;'><strong style='color: inherit;'>No incluye fuente de alimentaci\u00f3n.<\/strong><\/li>\n<li style='margin-bottom: 5px;'><strong style='color: inherit;'>Se recomienda PoE modelo:<\/strong> <a style='color: #3498db; text-decoration: underline;' href='https:\/\/www.syscom.mx\/producto\/POE-165-PLANET-225298.html' target='_blank' rel='noopener'>POE-165<\/a><\/li>\n<li style='margin-bottom: 5px;'>Consumo de 15 W (max).<\/li>\n<li style='margin-bottom: 5px;'>Instalaci\u00f3n en m\u00e1stil o pared.<\/li>\n<li style='margin-bottom: 5px;'>Dimensiones (25x13x5.2 cm).<\/li>\n<li style='margin-bottom: 5px;'>Peso: 0.68kg.<\/li>\n<li style='margin-bottom: 5px;'>Soporta temperatura de -20 a 55\u00b0C.<\/li>\n<\/ul><\/div>\n<\/p><\/div>\n<p> <!-- Contenido del paquete --> <\/p>\n<div style='flex: 1 1 300px; min-width: 280px; border: 1px solid rgba(150&comma; 150&comma; 150&comma; 0.4); border-radius: 8px; overflow: hidden;'>\n<div style='padding: 15px; border-bottom: 1px solid rgba(150&comma; 150&comma; 150&comma; 0.2); font-weight: bold; font-size: 18px; background-color: #34495e; color: #f29d12;'>Contenido del paquete<\/div>\n<div style='padding: 15px; color: inherit;'>\n<ul style='padding-left: 20px; margin: 0; font-size: 14px; list-style-type: disc; color: inherit;'>\n<li style='margin-bottom: 5px;'>Punto de acceso C260S.<\/li>\n<li style='margin-bottom: 5px;'>Kit de montaje.<\/li>\n<\/ul><\/div>\n<\/p><\/div>\n<\/p><\/div>\n<\/p><\/div>\n<p> <!-- Separador --> <\/p>\n<hr style='border: 0; border-top: 1px solid rgba(150&comma; 150&comma; 150&comma; 0.3); margin: 30px 0;'> <!-- Videos --> <\/p>\n<div style='margin: 30px 0;'>\n<div style='margin-bottom: 30px;'>\n<div style='position: relative; padding-bottom: 56.25%; height: 0; overflow: hidden;'>   <\/div>\n<\/p><\/div>\n<div style='margin-bottom: 30px;'>\n<div style='position: relative; padding-bottom: 56.25%; height: 0; overflow: hidden;'>   <\/div>\n<\/p><\/div>\n<div style='display: flex; flex-wrap: wrap; gap: 20px;'>\n<div style='flex: 1 1 300px; min-width: 280px; margin-bottom: 30px;'>\n<div style='position: relative; padding-bottom: 56.25%; height: 0; overflow: hidden;'>   <\/div>\n<\/p><\/div>\n<div style='flex: 1 1 300px; min-width: 280px; margin-bottom: 30px;'>\n<div style='position: relative; padding-bottom: 56.25%; height: 0; overflow: hidden;'>   <\/div>\n<\/p><\/div>\n<div style='flex: 1 1 300px; min-width: 280px; margin-bottom: 30px;'>\n<div style='position: relative; padding-bottom: 56.25%; height: 0; overflow: hidden;'>   <\/div>\n<\/p><\/div>\n<\/p><\/div>\n<\/p><\/div>\n<p> <!-- Nota importante --> <\/p>\n<div style='margin: 30px 0; padding: 15px; border-left: 4px solid #b8312f; background-color: rgba(184&comma; 49&comma; 47&comma; 0.1); color: #b8312f; font-style: italic;'>\n<p style='margin: 0;'>La m\u00e1xima distancia en cobertura&comma; capacidad de dispositivos m\u00f3viles WiFi&comma; velocidades de conexi\u00f3n&comma; etc. depender\u00e1 particularmente de cada sitio de instalaci\u00f3n&comma; l\u00ednea de vista plena 100%&comma; niveles de ruido e interferencia&comma; tipo de dispositivos WiFi&comma; alineaci\u00f3n y altura de las antenas.<\/p>\n<\/p><\/div>\n<\/p><\/div>\n","protected":false},"excerpt":{"rendered":"<p>Punto de Acceso WiFi 6 con Antena Sectorial de 80\u00b0 de Apertura, Cobertura de Hasta 600 m,  MIMO 2&#215;2, Doble Banda, Hasta 574 Mbps en 2.4 GHz y Hasta 2402 Mbps en 5 GHz,  Administraci\u00f3n en Nube Gratis con INSIGHTS<\/p>\n","protected":false},"featured_media":93022,"comment_status":"open","ping_status":"closed","template":"","meta":[],"product_brand":[],"product_cat":[1794],"product_tag":[1950,1795,1479],"class_list":{"0":"post-93023","1":"product","2":"type-product","3":"status-publish","4":"has-post-thumbnail","6":"product_cat-puntos-de-acceso","7":"product_tag-altai-technologies","8":"product_tag-puntos-de-acceso","9":"product_tag-redes-wifi","11":"first","12":"outofstock","13":"sale","14":"shipping-taxable","15":"purchasable","16":"product-type-simple"},"_links":{"self":[{"href":"https:\/\/soydeaqui.ddns.net\/pachuca\/index.php\/wp-json\/wp\/v2\/product\/93023","targetHints":{"allow":["GET"]}}],"collection":[{"href":"https:\/\/soydeaqui.ddns.net\/pachuca\/index.php\/wp-json\/wp\/v2\/product"}],"about":[{"href":"https:\/\/soydeaqui.ddns.net\/pachuca\/index.php\/wp-json\/wp\/v2\/types\/product"}],"replies":[{"embeddable":true,"href":"https:\/\/soydeaqui.ddns.net\/pachuca\/index.php\/wp-json\/wp\/v2\/comments?post=93023"}],"wp:featuredmedia":[{"embeddable":true,"href":"https:\/\/soydeaqui.ddns.net\/pachuca\/index.php\/wp-json\/wp\/v2\/media\/93022"}],"wp:attachment":[{"href":"https:\/\/soydeaqui.ddns.net\/pachuca\/index.php\/wp-json\/wp\/v2\/media?parent=93023"}],"wp:term":[{"taxonomy":"product_brand","embeddable":true,"href":"https:\/\/soydeaqui.ddns.net\/pachuca\/index.php\/wp-json\/wp\/v2\/product_brand?post=93023"},{"taxonomy":"product_cat","embeddable":true,"href":"https:\/\/soydeaqui.ddns.net\/pachuca\/index.php\/wp-json\/wp\/v2\/product_cat?post=93023"},{"taxonomy":"product_tag","embeddable":true,"href":"https:\/\/soydeaqui.ddns.net\/pachuca\/index.php\/wp-json\/wp\/v2\/product_tag?post=93023"}],"curies":[{"name":"wp","href":"https:\/\/api.w.org\/{rel}","templated":true}]}}