{"id":93019,"date":"2026-03-20T05:45:03","date_gmt":"2026-03-20T05:45:03","guid":{"rendered":"https:\/\/soydeaqui.ddns.net\/pachuca\/index.php\/producto\/wireless-wire-cube-pro-pair-of-preconfigured-cubeg-5ac60ay-for-60ghz-link-with-5ghz-backup\/"},"modified":"2026-03-20T05:45:05","modified_gmt":"2026-03-20T05:45:05","slug":"wireless-wire-cube-pro-pair-of-preconfigured-cubeg-5ac60ay-for-60ghz-link-with-5ghz-backup","status":"publish","type":"product","link":"https:\/\/soydeaqui.ddns.net\/pachuca\/index.php\/producto\/wireless-wire-cube-pro-pair-of-preconfigured-cubeg-5ac60ay-for-60ghz-link-with-5ghz-backup\/","title":{"rendered":"Wireless Wire Cube Pro, pair of preconfigured CubeG-5ac60ay for 60GHz link with 5GHz backup"},"content":{"rendered":"<div style='width: 100%; max-width: 1200px; margin: 0 auto; font-family: sans-serif; line-height: 1.6; color: inherit; background-color: transparent;'>\n<div style='display: flex; flex-direction: column; gap: 20px;'>\n<div>\n<h2 style='font-size: 36px; margin-top: 0; color: inherit; opacity: 0.9;'>Wireless Wire Cube Pro<\/h2>\n<p style='font-size: 15px; color: inherit; opacity: 0.8; margin-bottom: 20px;'>Un kit preconfigurado de 2 dispositivos Cube 60Pro ac (802.11ay 60 GHz): el Wireless Wire Cube Pro. \u00a1Simplemente apunta los Cube el uno al otro y enciendelos! Formar\u00e1n una conexi\u00f3n inal\u00e1mbrica cifrada muy r\u00e1pida. \u00a1Puro plug-and-play!<\/p>\n<\/p><\/div>\n<div style='display: flex; flex-wrap: wrap; gap: 20px;'>\n<div style='flex: 1 1 300px; min-width: 280px;'>\n<p style='font-size: 14px; color: inherit; margin-bottom: 15px;'>Hace tiempo que se han ido los d\u00edas en los que ten\u00edas que depender de los cables para la velocidad y la estabilidad. Las soluciones de 60 GHz ofrecen una velocidad y estabilidad similares a las de la fibra&comma; a la vez que le ahorran mucho tiempo y dinero en instalaci\u00f3n y mantenimiento. Nuestra \u00faltima l\u00ednea de productos Cube 60Pro est\u00e1 llevando las ventajas de la red de 60 GHz al siguiente nivel&comma; con el est\u00e1ndar <strong style='color: inherit; font-weight: bold;'>802.11ay<\/strong> para distancias&comma; estabilidad&comma; velocidad y comodidad a\u00fan m\u00e1s altas.<\/p>\n<\/p><\/div>\n<div style='flex: 1 1 300px; min-width: 280px;'>\n<p style='font-size: 14px; color: inherit; margin-bottom: 15px;'><strong style='color: inherit; font-weight: bold;'>Este es un kit preconfigurado de dos dispositivos de ac Cube 60Pro.<\/strong> El <strong style='color: inherit; font-weight: bold;'>Cube 60Pro ac<\/strong> CPE le permite establecer conexiones ultrarr\u00e1pidas punto a punto a distancias de hasta 1 km. Y eso no es todo: hemos a\u00f1adido soporte para el Canal 5*&comma; para que puedas alcanzar distancias a\u00fan m\u00e1s altas si es necesario. En nuestras pruebas&comma; el <strong style='color: inherit; font-weight: bold;'>Cube 60Pro ac<\/strong> mantuvo f\u00e1cilmente una conexi\u00f3n fiable durante m\u00e1s de 2&comma;4 km. \u00a1Unir dos ubicaciones nunca ha sido tan f\u00e1cil!<\/p>\n<\/p><\/div>\n<div style='flex: 1 1 300px; min-width: 280px;'>\n<h3 style='font-size: 18px; margin-top: 0; margin-bottom: 10px; color: inherit; opacity: 0.85; border-bottom: 1px solid rgba(150&comma;150&comma;150&comma;0.3); padding-bottom: 5px;'>Olv\u00eddate del tiempo de inactividad con la conexi\u00f3n de copia de seguridad autom\u00e1tica de 5 GHz<\/h3>\n<p style='font-size: 14px; color: inherit; margin-bottom: 15px;'>La frecuencia de 60 GHz no se ve afectada por el abarrotado espectro inal\u00e1mbrico&comma; ofrece alta velocidad y capacidad. Pero a veces puede tener problemas con las malas condiciones clim\u00e1ticas. Es por eso que ambos dispositivos Cube 60Pro cuentan con una conmutaci\u00f3n por error autom\u00e1tica de 5 GHz. Hemos a\u00f1adido una potente antena direccional para que el rango de 5 GHz pueda mantenerse al d\u00eda con los 60 GHz.<\/p>\n<\/p><\/div>\n<div style='flex: 1 1 300px; min-width: 280px;'>\n<h3 style='font-size: 18px; margin-top: 0; margin-bottom: 10px; color: inherit; opacity: 0.85; border-bottom: 1px solid rgba(150&comma;150&comma;150&comma;0.3); padding-bottom: 5px;'>M\u00e1s durabilidad&comma; menos atenci\u00f3n no deseada<\/h3>\n<p style='font-size: 14px; color: inherit; margin-bottom: 15px;'>Hemos actualizado la carcasa para que tenga una base met\u00e1lica fuerte&comma; para obtener mejores opciones de montaje y refrigeraci\u00f3n. El factor de forma Cube surge de la pura practicidad: es duradero&comma; discreto y compacto.<\/p>\n<\/p><\/div>\n<\/p><\/div>\n<\/p><\/div>\n<\/p><\/div>\n","protected":false},"excerpt":{"rendered":"<p>Wireless Wire Cube Pro, pair of preconfigured CubeG-5ac60ay for 60GHz link with 5GHz backup<\/p>\n","protected":false},"featured_media":32,"comment_status":"open","ping_status":"closed","template":"","meta":[],"product_brand":[],"product_cat":[1978,1979],"product_tag":[1981,1982,1980,643],"class_list":{"0":"post-93019","1":"product","2":"type-product","3":"status-publish","4":"has-post-thumbnail","6":"product_cat-1978","7":"product_cat-70-y-80-ghz","8":"product_tag-1981","9":"product_tag-70-y-80-ghz","10":"product_tag-enlaces-ptp-y-ptmp","11":"product_tag-mikrotik","13":"first","14":"outofstock","15":"sale","16":"shipping-taxable","17":"purchasable","18":"product-type-simple"},"_links":{"self":[{"href":"https:\/\/soydeaqui.ddns.net\/pachuca\/index.php\/wp-json\/wp\/v2\/product\/93019","targetHints":{"allow":["GET"]}}],"collection":[{"href":"https:\/\/soydeaqui.ddns.net\/pachuca\/index.php\/wp-json\/wp\/v2\/product"}],"about":[{"href":"https:\/\/soydeaqui.ddns.net\/pachuca\/index.php\/wp-json\/wp\/v2\/types\/product"}],"replies":[{"embeddable":true,"href":"https:\/\/soydeaqui.ddns.net\/pachuca\/index.php\/wp-json\/wp\/v2\/comments?post=93019"}],"wp:featuredmedia":[{"embeddable":true,"href":"https:\/\/soydeaqui.ddns.net\/pachuca\/index.php\/wp-json\/wp\/v2\/media\/32"}],"wp:attachment":[{"href":"https:\/\/soydeaqui.ddns.net\/pachuca\/index.php\/wp-json\/wp\/v2\/media?parent=93019"}],"wp:term":[{"taxonomy":"product_brand","embeddable":true,"href":"https:\/\/soydeaqui.ddns.net\/pachuca\/index.php\/wp-json\/wp\/v2\/product_brand?post=93019"},{"taxonomy":"product_cat","embeddable":true,"href":"https:\/\/soydeaqui.ddns.net\/pachuca\/index.php\/wp-json\/wp\/v2\/product_cat?post=93019"},{"taxonomy":"product_tag","embeddable":true,"href":"https:\/\/soydeaqui.ddns.net\/pachuca\/index.php\/wp-json\/wp\/v2\/product_tag?post=93019"}],"curies":[{"name":"wp","href":"https:\/\/api.w.org\/{rel}","templated":true}]}}