{"id":92983,"date":"2026-03-20T05:43:21","date_gmt":"2026-03-20T05:43:21","guid":{"rendered":"https:\/\/soydeaqui.ddns.net\/pachuca\/index.php\/producto\/olt-combo-de-8-puertos-xgspon-gpon-7-puertos-uplink-1-puerto-rj45-4-puertos-sfp28-2-puertos-qsfp28-hasta-2048-onus\/"},"modified":"2026-03-20T05:43:36","modified_gmt":"2026-03-20T05:43:36","slug":"olt-combo-de-8-puertos-xgspon-gpon-7-puertos-uplink-1-puerto-rj45-4-puertos-sfp28-2-puertos-qsfp28-hasta-2048-onus","status":"publish","type":"product","link":"https:\/\/soydeaqui.ddns.net\/pachuca\/index.php\/producto\/olt-combo-de-8-puertos-xgspon-gpon-7-puertos-uplink-1-puerto-rj45-4-puertos-sfp28-2-puertos-qsfp28-hasta-2048-onus\/","title":{"rendered":"OLT Combo de 8 Puertos XGSPON\/GPON \/ 7 Puertos Uplink (1 Puerto RJ45 + 4 Puertos SFP28 + 2 Puertos QSFP28) \/  Hasta 2,048 ONUs"},"content":{"rendered":"<div style='width: 100%; max-width: 1200px; margin: 0 auto; font-family: sans-serif; line-height: 1.6; color: inherit; background-color: transparent;'>\n<div style='display: flex; flex-wrap: wrap; gap: 30px; margin-bottom: 30px;'>\n<div style='flex: 1 1 300px; min-width: 280px;'>\n<h3 style='font-size: 22px; border-bottom: 2px solid currentColor; padding-bottom: 5px; margin-top: 0; color: inherit; opacity: 0.8;'>Caracter\u00edsticas principales<\/h3>\n<ul style='padding-left: 20px; font-size: 15px; color: inherit;'>\n<li style='margin-bottom: 5px;'>Dimensiones: 442 \u00d7 330 \u00d7 43.6 mm (largo \u00d7 ancho \u00d7 alto)<\/li>\n<li style='margin-bottom: 5px;'>Aplicaciones: <strong>Datos (Residenciales\/Empresarial)&comma; Videovigilancia&comma; Telefon\u00eda IP&comma; CATV<\/strong><\/li>\n<li style='margin-bottom: 5px;'>Configuraci\u00f3n y gesti\u00f3n de ONU en l\u00ednea<\/li>\n<li style='margin-bottom: 5px;'>Montaje en rack<\/li>\n<li style='margin-bottom: 5px;'>Ancho de banda por puerto PON: Upstream 10 Gbps&comma; Downstream 10 Gbps<\/li>\n<li style='margin-bottom: 5px;'>Gesti\u00f3n amigable desde: EMS \/ Web \/ Telnet \/ CLI \/ SSH<\/li>\n<\/ul><\/div>\n<div style='flex: 1 1 300px; min-width: 280px;'>\n<h3 style='font-size: 22px; border-bottom: 2px solid currentColor; padding-bottom: 5px; margin-top: 0; color: inherit; opacity: 0.8;'>Caracter\u00edsticas F\u00edsicas y El\u00e9ctricas<\/h3>\n<ul style='padding-left: 20px; font-size: 15px; color: inherit;'>\n<li style='margin-bottom: 5px;'>Incluye una fuente CA<\/li>\n<li style='margin-bottom: 5px;'>CA: 90-264 VAC&comma; 47\/63Hz<\/li>\n<li style='margin-bottom: 5px;'>Consumo m\u00e1ximo: 150W<\/li>\n<li style='margin-bottom: 5px;'>Peso: 4.2 Kg<\/li>\n<li style='margin-bottom: 5px;'>Temperatura de operaci\u00f3n: 0 a 55\u00b0 C<\/li>\n<\/ul>\n<h3 style='font-size: 22px; border-bottom: 2px solid currentColor; padding-bottom: 5px; margin-top: 20px; color: inherit; opacity: 0.8;'>Accesorios<\/h3>\n<ul style='padding-left: 20px; font-size: 15px; color: inherit;'>\n<li style='margin-bottom: 5px;'>Montaje en rack<\/li>\n<li style='margin-bottom: 5px;'>Cable de consola (No incluye adaptador USB)<\/li>\n<li style='margin-bottom: 5px;'>Gomas antiderrape<\/li>\n<li style='margin-bottom: 5px;'>No incluye m\u00f3dulos PON (Agregar el modelo: )<\/li>\n<li style='margin-bottom: 5px;'>Cable para aterrizar la OLT<\/li>\n<li style='margin-bottom: 5px;'>1 A\u00f1o de garant\u00eda<\/li>\n<\/ul><\/div>\n<div style='flex: 1 1 300px; min-width: 280px;'>\n<h3 style='font-size: 22px; border-bottom: 2px solid currentColor; padding-bottom: 5px; margin-top: 0; color: inherit; opacity: 0.8;'>Caracter\u00edsticas de Red<\/h3>\n<ul style='padding-left: 20px; font-size: 15px; color: inherit;'>\n<li style='margin-bottom: 5px;'>Hasta 2&comma;048 ONUs<\/li>\n<li style='margin-bottom: 5px;'>1 puerto Uplink RJ45 1 Gbps<\/li>\n<li style='margin-bottom: 5px;'>4 puertos Uplink SFP28 25 Gbps<\/li>\n<li style='margin-bottom: 5px;'>2 puertos Uplink QSFP28 25&comma; 40 y 100 Gbps<\/li>\n<li style='margin-bottom: 5px;'>Distancia m\u00e1xima 20 Km en cada puerto PON<\/li>\n<li style='margin-bottom: 5px;'>Funciones Capa 3 b\u00e1sica y Capa 2<\/li>\n<li style='margin-bottom: 5px;'>1 Puerto Auxiliar (Gesti\u00f3n Out-Band)<\/li>\n<li style='margin-bottom: 5px;'>1 Puerto de Consola (L\u00ednea de comando)<\/li>\n<li style='margin-bottom: 5px;'>8 puertos XGSPON<\/li>\n<li style='margin-bottom: 5px;'>Relaci\u00f3n de splitteo por puerto PON: 1:256<\/li>\n<\/ul><\/div>\n<\/p><\/div>\n<hr style='border: 0; border-top: 1px solid rgba(150&comma; 150&comma; 150&comma; 0.3); margin: 30px 0;'>\n<div style='display: flex; flex-direction: column; align-items: center; text-align: center; margin-bottom: 30px;'>\n<h2 style='font-size: 28px; margin: 0 0 20px; color: inherit; opacity: 0.9;'>El Siguiente Nivel en Redes FTTx<\/h2>\n<p> <img style='width: 100%; height: auto; border: 1px solid rgba(150&comma;150&comma;150&comma;0.3); border-radius: 8px;' src='https:\/\/es.vsolcn.com\/wp-content\/uploads\/2023\/11\/V3600G1-OLT-1.jpg' alt=''> <\/div>\n<hr style='border: 0; border-top: 1px solid rgba(150&comma; 150&comma; 150&comma; 0.3); margin: 30px 0;'>\n<div style='display: flex; flex-direction: column; align-items: center; text-align: center; margin-bottom: 30px;'>\n<h2 style='font-size: 28px; margin: 0 0 20px; color: inherit; opacity: 0.9;'>Migraci\u00f3n Amigable<\/h2>\n<p> <img style='width: 100%; height: auto; border: 1px solid rgba(150&comma;150&comma;150&comma;0.3); border-radius: 8px;' src='https:\/\/es.vsolcn.com\/wp-content\/uploads\/2023\/10\/V3600G1-OLT-2.jpg' alt=''> <\/div>\n<hr style='border: 0; border-top: 1px solid rgba(150&comma; 150&comma; 150&comma; 0.3); margin: 30px 0;'>\n<div style='display: flex; flex-direction: column; align-items: center; text-align: center; margin-bottom: 30px;'>\n<h2 style='font-size: 28px; margin: 0 0 20px; color: inherit; opacity: 0.9;'>Capacidad De Hasta 10 Gbps Por Puerto XGSPON<\/h2>\n<p> <img style='width: 100%; height: auto; border: 1px solid rgba(150&comma;150&comma;150&comma;0.3); border-radius: 8px;' src='https:\/\/es.vsolcn.com\/wp-content\/uploads\/2023\/10\/V3600G1-OLT-3.jpg' alt=''> <\/div>\n<hr style='border: 0; border-top: 1px solid rgba(150&comma; 150&comma; 150&comma; 0.3); margin: 30px 0;'>\n<div style='display: flex; flex-direction: column; align-items: center; text-align: center; margin-bottom: 30px;'>\n<h2 style='font-size: 28px; margin: 0 0 20px; color: inherit; opacity: 0.9;'>Tecnolog\u00eda De \u00daltima Generaci\u00f3n<\/h2>\n<p> <img style='width: 100%; height: auto; border: 1px solid rgba(150&comma;150&comma;150&comma;0.3); border-radius: 8px;' src='https:\/\/es.vsolcn.com\/wp-content\/uploads\/2023\/10\/V3600G1-OLT-4.jpg' alt=''> <\/div>\n<hr style='border: 0; border-top: 1px solid rgba(150&comma; 150&comma; 150&comma; 0.3); margin: 30px 0;'>\n<div style='display: flex; flex-direction: column; align-items: center; text-align: center; margin-bottom: 30px;'>\n<h2 style='font-size: 28px; margin: 0 0 20px; color: inherit; opacity: 0.9;'>Transmisi\u00f3n De Datos a Toda Velocidad (Uplink\/Downlink)<\/h2>\n<p> <img style='width: 100%; height: auto; border: 1px solid rgba(150&comma;150&comma;150&comma;0.3); border-radius: 8px;' src='https:\/\/es.vsolcn.com\/wp-content\/uploads\/2023\/11\/V3600G1-OLT-5.jpg' alt=''> <\/div>\n<hr style='border: 0; border-top: 1px solid rgba(150&comma; 150&comma; 150&comma; 0.3); margin: 30px 0;'>\n<div style='display: flex; flex-direction: column; align-items: center; text-align: center; margin-bottom: 30px;'>\n<h2 style='font-size: 28px; margin: 0 0 20px; color: inherit; opacity: 0.9;'>Complete La \u00daltima Milla de Fibra \u00d3ptica De Extremo a Extremo<\/h2>\n<p> <img style='width: 100%; height: auto; border: 1px solid rgba(150&comma;150&comma;150&comma;0.3); border-radius: 8px;' src='https:\/\/es.vsolcn.com\/wp-content\/uploads\/2023\/10\/V3600G1-OLT-6.jpg' alt=''> <\/div>\n<\/p><\/div>\n","protected":false},"excerpt":{"rendered":"<p>OLT Combo de 8 Puertos XGSPON\/GPON \/ 7 Puertos Uplink (1 Puerto RJ45 + 4 Puertos SFP28 + 2 Puertos QSFP28) \/  Hasta 2,048 ONUs<\/p>\n","protected":false},"featured_media":92982,"comment_status":"open","ping_status":"closed","template":"","meta":[],"product_brand":[],"product_cat":[2018],"product_tag":[2019,2011,2013],"class_list":{"0":"post-92983","1":"product","2":"type-product","3":"status-publish","4":"has-post-thumbnail","6":"product_cat-olts","7":"product_tag-olts","8":"product_tag-redes-ftth-pon","9":"product_tag-v-sol","11":"first","12":"instock","13":"sale","14":"shipping-taxable","15":"purchasable","16":"product-type-simple"},"_links":{"self":[{"href":"https:\/\/soydeaqui.ddns.net\/pachuca\/index.php\/wp-json\/wp\/v2\/product\/92983","targetHints":{"allow":["GET"]}}],"collection":[{"href":"https:\/\/soydeaqui.ddns.net\/pachuca\/index.php\/wp-json\/wp\/v2\/product"}],"about":[{"href":"https:\/\/soydeaqui.ddns.net\/pachuca\/index.php\/wp-json\/wp\/v2\/types\/product"}],"replies":[{"embeddable":true,"href":"https:\/\/soydeaqui.ddns.net\/pachuca\/index.php\/wp-json\/wp\/v2\/comments?post=92983"}],"wp:featuredmedia":[{"embeddable":true,"href":"https:\/\/soydeaqui.ddns.net\/pachuca\/index.php\/wp-json\/wp\/v2\/media\/92982"}],"wp:attachment":[{"href":"https:\/\/soydeaqui.ddns.net\/pachuca\/index.php\/wp-json\/wp\/v2\/media?parent=92983"}],"wp:term":[{"taxonomy":"product_brand","embeddable":true,"href":"https:\/\/soydeaqui.ddns.net\/pachuca\/index.php\/wp-json\/wp\/v2\/product_brand?post=92983"},{"taxonomy":"product_cat","embeddable":true,"href":"https:\/\/soydeaqui.ddns.net\/pachuca\/index.php\/wp-json\/wp\/v2\/product_cat?post=92983"},{"taxonomy":"product_tag","embeddable":true,"href":"https:\/\/soydeaqui.ddns.net\/pachuca\/index.php\/wp-json\/wp\/v2\/product_tag?post=92983"}],"curies":[{"name":"wp","href":"https:\/\/api.w.org\/{rel}","templated":true}]}}