{"id":92974,"date":"2026-03-20T05:42:54","date_gmt":"2026-03-20T05:42:54","guid":{"rendered":"https:\/\/soydeaqui.ddns.net\/pachuca\/index.php\/producto\/controlador-para-dispositivos-alta-labs-hasta-1000-dispositivos-actualizaciones-automaticas-configuracion-aplicacion-movil\/"},"modified":"2026-03-20T05:43:06","modified_gmt":"2026-03-20T05:43:06","slug":"controlador-para-dispositivos-alta-labs-hasta-1000-dispositivos-actualizaciones-automaticas-configuracion-aplicacion-movil","status":"publish","type":"product","link":"https:\/\/soydeaqui.ddns.net\/pachuca\/index.php\/producto\/controlador-para-dispositivos-alta-labs-hasta-1000-dispositivos-actualizaciones-automaticas-configuracion-aplicacion-movil\/","title":{"rendered":"Controlador para Dispositivos Alta Labs \/ Hasta 1000 dispositivos \/ Actualizaciones Automaticas \/ Configuraci\u00f3n Aplicaci\u00f3n M\u00f3vil \/"},"content":{"rendered":"<div style='width: 100%; max-width: 1200px; margin: 0 auto; font-family: sans-serif; line-height: 1.6; color: inherit; background-color: transparent;'> <!-- Secci\u00f3n de imagen y descripci\u00f3n principal --> <\/p>\n<div style='display: flex; flex-wrap: wrap; gap: 30px; margin-bottom: 30px;'>\n<div style='flex: 1 1 300px; min-width: 280px;'> <img style='width: 100%; height: auto; border: 1px solid rgba(150&comma;150&comma;150&comma;0.3); border-radius: 8px;' src='https:\/\/ftp3.syscom.mx\/usuarios\/fotos\/ALTACONTROL\/230634-control.jpg' alt=''> <\/div>\n<div style='flex: 1 1 300px; min-width: 280px;'>\n<h2 style='font-size: 24px; margin-top: 0; color: inherit;'>Alta-Controler<\/h2>\n<p style='font-size: 14px; color: inherit;'> Es un controlador local basado en hardware para equipos Alta Labs&comma; utiliza la misma interfaz de administraci\u00f3n intuitiva y f\u00e1cil de usar que la plataforma de administraci\u00f3n basada en la nube. <\/p>\n<p style='font-size: 14px; color: inherit;'> Podemos utilizarla para no vincular nuestros dispositivos Alta Labs a la nube y tener el control de manera local. <\/p>\n<\/p><\/div>\n<\/p><\/div>\n<p> <!-- Secci\u00f3n de interfaz intuitiva --> <\/p>\n<div style='display: flex; flex-wrap: wrap; gap: 30px; margin-bottom: 30px;'>\n<div style='flex: 1 1 300px; min-width: 280px;'>\n<h3 style='font-size: 22px; border-bottom: 2px solid currentColor; padding-bottom: 5px; margin-top: 0; color: inherit; opacity: 0.8;'>Intuitivo y F\u00e1cil de Usar<\/h3>\n<p style='font-size: 14px; color: inherit;'> Control ofrece una interfaz de administraci\u00f3n intuitiva y f\u00e1cil de usar para los puntos de acceso y conmutadores de Alta Labs. <\/p>\n<p style='font-size: 14px; color: inherit;'> Implemente y administre varios sitios de manera r\u00e1pida y sencilla. Agregue&comma; elimine o cambie el nombre de los sitios al instante. Alterne entre sitios desde un men\u00fa desplegable de selecci\u00f3n de sitios. Cada sitio contiene su propio conjunto de datos. <\/p>\n<\/p><\/div>\n<div style='flex: 1 1 300px; min-width: 280px;'> <img style='width: 100%; height: auto; border: 1px solid rgba(150&comma;150&comma;150&comma;0.3); border-radius: 8px;' src='https:\/\/ftp3.syscom.mx\/usuarios\/fotos\/ALTACONTROL\/230634-intui_copia.png' alt=''> <\/div>\n<\/p><\/div>\n<p> <!-- Secci\u00f3n de aplicaci\u00f3n m\u00f3vil --> <\/p>\n<div style='display: flex; flex-wrap: wrap; gap: 30px; margin-bottom: 30px;'>\n<div style='flex: 1 1 300px; min-width: 280px;'> <img style='width: 100%; height: auto; border: 1px solid rgba(150&comma;150&comma;150&comma;0.3); border-radius: 8px;' src='https:\/\/ftp3.syscom.mx\/usuarios\/fotos\/ALTACONTROL\/230634-app_copia.png' alt=''> <\/div>\n<div style='flex: 1 1 300px; min-width: 280px;'>\n<h3 style='font-size: 22px; border-bottom: 2px solid currentColor; padding-bottom: 5px; margin-top: 0; color: inherit; opacity: 0.8;'>Aplicaci\u00f3n M\u00f3vil<\/h3>\n<p style='font-size: 14px; color: inherit;'> Monitorea y administra tus redes desde la comodidad de tu dispositivo m\u00f3vil con la aplicaci\u00f3n Alta Networks. Reg\u00edstrate para obtener una cuenta de Alta Labs usando solo tu nombre&comma; correo electr\u00f3nico y contrase\u00f1a o inicia sesi\u00f3n con tu cuenta de Google o Apple. <\/p>\n<\/p><\/div>\n<\/p><\/div>\n<p> <!-- Secci\u00f3n de configuraciones espec\u00edficas --> <\/p>\n<div style='display: flex; flex-wrap: wrap; gap: 30px; margin-bottom: 30px;'>\n<div style='flex: 1 1 300px; min-width: 280px;'>\n<h3 style='font-size: 22px; border-bottom: 2px solid currentColor; padding-bottom: 5px; margin-top: 0; color: inherit; opacity: 0.8;'>Admite Configuraciones Especificas<\/h3>\n<p style='font-size: 14px; color: inherit;'> Es puede separar la red mediante la configuraci\u00f3n de VLAN&#8217;s&comma; implementar control de tr\u00e1fico para un mejor rendimiento de la red&comma; VPN&comma; balanceo de cargas&comma; failover y todo lo que un router robusto necesita. <\/p>\n<\/p><\/div>\n<div style='flex: 1 1 300px; min-width: 280px;'> <img style='width: 100%; height: auto; border: 1px solid rgba(150&comma;150&comma;150&comma;0.3); border-radius: 8px;' src='https:\/\/ftp3.syscom.mx\/usuarios\/fotos\/ROUTE10\/232311-vlan.png' alt=''> <\/div>\n<\/p><\/div>\n<p> <!-- Secci\u00f3n de filtrado avanzado --> <\/p>\n<div style='display: flex; flex-wrap: wrap; gap: 30px; margin-bottom: 30px;'>\n<div style='flex: 1 1 300px; min-width: 280px;'> <img style='width: 100%; height: auto; border: 1px solid rgba(150&comma;150&comma;150&comma;0.3); border-radius: 8px;' src='https:\/\/ftp3.syscom.mx\/usuarios\/fotos\/ROUTE10\/232311-filtrado.png' alt=''> <\/div>\n<div style='flex: 1 1 300px; min-width: 280px;'>\n<h3 style='font-size: 22px; border-bottom: 2px solid currentColor; padding-bottom: 5px; margin-top: 0; color: inherit; opacity: 0.8;'>Filtrado Avanzado: motor DPI<\/h3>\n<p style='font-size: 14px; color: inherit;'> Route10 tiene un potente motor de inspecci\u00f3n profunda de paquetes (DPI) integrado. Restrinja el acceso a sitios web&comma; aplicaciones o tipos de aplicaciones. <\/p>\n<p style='font-size: 14px; color: inherit;'> Las configuraciones de filtro se aplican f\u00e1cilmente en la interfaz de administraci\u00f3n de Alta Labs Control lTM. <\/p>\n<p style='font-size: 14px; color: inherit;'> Seleccione aplicaciones o tipos de aplicaciones en el men\u00fa desplegable Bloquear aplicaciones. Bloquee sitios web ingresando sus nombres de dominio en el campo Bloquear dominios. <\/p>\n<\/p><\/div>\n<\/p><\/div>\n<p> <!-- Secci\u00f3n de especificaciones --> <\/p>\n<div style='display: flex; flex-wrap: wrap; gap: 20px; margin-bottom: 30px;'>\n<div style='flex: 1 1 100%; border: 1px solid rgba(150&comma; 150&comma; 150&comma; 0.4); border-radius: 8px; overflow: hidden; display: flex; flex-direction: column;'>\n<div style='padding: 15px; border-bottom: 1px solid rgba(150&comma; 150&comma; 150&comma; 0.2); font-weight: bold; font-size: 18px; color: inherit;'>Especificaciones<\/div>\n<div style='padding: 15px; color: inherit;'>\n<ul style='padding-left: 20px; margin: 0; font-size: 14px; list-style-type: disc;'>\n<li style='margin-bottom: 5px;'><strong>Dimensiones:<\/strong> 180 x 91 x 25.7 mm.<\/li>\n<li style='margin-bottom: 5px;'><strong>Puertos:<\/strong> (1) Puertos LAN PoE+ RJ45<\/li>\n<li style='margin-bottom: 5px;'><strong>Boton Reset:<\/strong> S\u00ed<\/li>\n<li style='margin-bottom: 5px;'><strong>Garant\u00eda:<\/strong> 3 a\u00f1os<\/li>\n<li style='margin-bottom: 5px;'><strong>Montaje:<\/strong> Escritorio \/ Pared<\/li>\n<li style='margin-bottom: 5px;'><strong>Consumo m\u00e1x:<\/strong> 8W m\u00e1x<\/li>\n<li style='margin-bottom: 5px;'><strong>Alimentaci\u00f3n:<\/strong> PoE+ \/ USB 5Vcc<\/li>\n<li style='margin-bottom: 5px;'><strong>Bluetooth:<\/strong> S\u00ed<\/li>\n<li style='margin-bottom: 5px;'><strong>Temperatura de operaci\u00f3n:<\/strong> -5 a 50\u00b0 C<\/li>\n<li style='margin-bottom: 5px;'><strong>Certificaciones:<\/strong> CE&comma; FCC&comma; RoHS<\/li>\n<\/ul><\/div>\n<\/p><\/div>\n<\/p><\/div>\n<p> <!-- Secci\u00f3n de caracter\u00edsticas --> <\/p>\n<div style='display: flex; flex-wrap: wrap; gap: 20px; margin-bottom: 30px;'>\n<div style='flex: 1 1 100%; border: 1px solid rgba(150&comma; 150&comma; 150&comma; 0.4); border-radius: 8px; overflow: hidden; display: flex; flex-direction: column;'>\n<div style='padding: 15px; border-bottom: 1px solid rgba(150&comma; 150&comma; 150&comma; 0.2); font-weight: bold; font-size: 18px; color: inherit;'>Caracter\u00edsticas<\/div>\n<div style='padding: 15px; color: inherit;'>\n<ul style='padding-left: 20px; margin: 0; font-size: 14px; list-style-type: disc;'>\n<li style='margin-bottom: 5px;'><strong>Gesti\u00f3n centralizada:<\/strong> Mediante la controladora f\u00edsica<\/li>\n<\/ul><\/div>\n<\/p><\/div>\n<\/p><\/div>\n<p> <!-- Secci\u00f3n de otros --> <\/p>\n<div style='display: flex; flex-wrap: wrap; gap: 20px; margin-bottom: 30px;'>\n<div style='flex: 1 1 100%; border: 1px solid rgba(150&comma; 150&comma; 150&comma; 0.4); border-radius: 8px; overflow: hidden; display: flex; flex-direction: column;'>\n<div style='padding: 15px; border-bottom: 1px solid rgba(150&comma; 150&comma; 150&comma; 0.2); font-weight: bold; font-size: 18px; color: inherit;'>Otros<\/div>\n<div style='padding: 15px; color: inherit;'>\n<ul style='padding-left: 20px; margin: 0; font-size: 14px; list-style-type: disc;'>\n<li style='margin-bottom: 5px;'><strong>Contenido del Paquete:<\/strong> Alta-Controler&comma; Soporte para Montaje<\/li>\n<\/ul><\/div>\n<\/p><\/div>\n<\/p><\/div>\n<p> <!-- Separador final --> <\/p>\n<hr style='border: 0; border-top: 1px solid rgba(150&comma; 150&comma; 150&comma; 0.3); margin: 30px 0;'> <\/div>\n","protected":false},"excerpt":{"rendered":"<p>Controlador para Dispositivos Alta Labs \/ Hasta 1000 dispositivos \/ Actualizaciones Automaticas \/ Configuraci\u00f3n Aplicaci\u00f3n M\u00f3vil \/<\/p>\n","protected":false},"featured_media":92973,"comment_status":"open","ping_status":"closed","template":"","meta":[],"product_brand":[],"product_cat":[1794],"product_tag":[2148,1795,1479],"class_list":{"0":"post-92974","1":"product","2":"type-product","3":"status-publish","4":"has-post-thumbnail","6":"product_cat-puntos-de-acceso","7":"product_tag-alta-labs","8":"product_tag-puntos-de-acceso","9":"product_tag-redes-wifi","11":"first","12":"outofstock","13":"sale","14":"shipping-taxable","15":"purchasable","16":"product-type-simple"},"_links":{"self":[{"href":"https:\/\/soydeaqui.ddns.net\/pachuca\/index.php\/wp-json\/wp\/v2\/product\/92974","targetHints":{"allow":["GET"]}}],"collection":[{"href":"https:\/\/soydeaqui.ddns.net\/pachuca\/index.php\/wp-json\/wp\/v2\/product"}],"about":[{"href":"https:\/\/soydeaqui.ddns.net\/pachuca\/index.php\/wp-json\/wp\/v2\/types\/product"}],"replies":[{"embeddable":true,"href":"https:\/\/soydeaqui.ddns.net\/pachuca\/index.php\/wp-json\/wp\/v2\/comments?post=92974"}],"wp:featuredmedia":[{"embeddable":true,"href":"https:\/\/soydeaqui.ddns.net\/pachuca\/index.php\/wp-json\/wp\/v2\/media\/92973"}],"wp:attachment":[{"href":"https:\/\/soydeaqui.ddns.net\/pachuca\/index.php\/wp-json\/wp\/v2\/media?parent=92974"}],"wp:term":[{"taxonomy":"product_brand","embeddable":true,"href":"https:\/\/soydeaqui.ddns.net\/pachuca\/index.php\/wp-json\/wp\/v2\/product_brand?post=92974"},{"taxonomy":"product_cat","embeddable":true,"href":"https:\/\/soydeaqui.ddns.net\/pachuca\/index.php\/wp-json\/wp\/v2\/product_cat?post=92974"},{"taxonomy":"product_tag","embeddable":true,"href":"https:\/\/soydeaqui.ddns.net\/pachuca\/index.php\/wp-json\/wp\/v2\/product_tag?post=92974"}],"curies":[{"name":"wp","href":"https:\/\/api.w.org\/{rel}","templated":true}]}}