{"id":92972,"date":"2026-03-20T05:42:49","date_gmt":"2026-03-20T05:42:49","guid":{"rendered":"https:\/\/soydeaqui.ddns.net\/pachuca\/index.php\/producto\/switch-l3-stack-16x-100m-1-2-5-5g-t-poe-2x-sfp-puertos\/"},"modified":"2026-03-20T05:42:52","modified_gmt":"2026-03-20T05:42:52","slug":"switch-l3-stack-16x-100m-1-2-5-5g-t-poe-2x-sfp-puertos","status":"publish","type":"product","link":"https:\/\/soydeaqui.ddns.net\/pachuca\/index.php\/producto\/switch-l3-stack-16x-100m-1-2-5-5g-t-poe-2x-sfp-puertos\/","title":{"rendered":"Switch L3 Stack, 16x 100M\/1\/2.5\/5G-T PoE++, 2x SFP+ puertos"},"content":{"rendered":"<div style='width: 100%; max-width: 1200px; margin: 0 auto; font-family: sans-serif; line-height: 1.6; color: inherit; background-color: transparent;'>\n<div style='display: flex; flex-direction: column; gap: 15px; margin-bottom: 30px;'>\n<h1 style='font-size: 2rem; margin: 0; padding: 0; color: inherit; font-weight: 400; line-height: 1.2em; border-bottom: 1px solid rgba(150&comma;150&comma;150&comma;0.3); padding-bottom: 0.5em;'> Serie CentreCOM GS980MX <\/h1>\n<h2 style='font-size: 1.25rem; margin: 0; padding: 0; color: inherit; font-weight: 500; opacity: 0.9;'> Switches apilables Multi-Gigabit Layer 3 Lite <\/h2>\n<\/p><\/div>\n<div style='margin-bottom: 30px;'>\n<p style='font-size: 15px; margin: 0 0 1em 0; color: inherit;'> La serie GS980MX de conmutadores apilables Layer 3 Lite presenta alta capacidad&comma; resiliencia y f\u00e1cil administraci\u00f3n. Con puertos <a href='https:\/\/www.alliedtelesis.com\/node\/82696' style='color: inherit; text-decoration: underline;'> Multi-Gigabit <\/a> y Power over Ethernet&comma; y disponibles en modelos compactos y de alta densidad de puertos&comma; brindan una opci\u00f3n ideal para conectividad de alta velocidad en el borde de la red. <\/p>\n<\/p><\/div>\n<div style='margin-bottom: 30px;'>\n<h3 style='font-size: 1.1rem; margin: 0 0 1em 0; color: inherit; opacity: 0.8; border-bottom: 2px solid currentColor; padding-bottom: 0.5em;'> Descripci\u00f3n general <\/h3>\n<ul style='padding-left: 1.5em; margin: 1em 0; color: inherit;'>\n<li style='margin: 0.5em 0; font-size: 14px;'> Admite soluciones Wi-Fi 6 de alta velocidad y actualizaciones de red a trav\u00e9s de cableado heredado&comma; con conectividad 2&comma;5G y 5G (modelos PoE) <\/li>\n<li style='margin: 0.5em 0; font-size: 14px;'> Conecte y alimente terminales como tel\u00e9fonos IP&comma; puntos de acceso inal\u00e1mbricos y m\u00e1s con hasta 30 vatios de PoE+ <\/li>\n<li style='margin: 0.5em 0; font-size: 14px;'> Admite dispositivos de alta potencia&comma; como c\u00e1maras PTZ para exteriores con calentadores\/sopladores y controladores de iluminaci\u00f3n mejorados&comma; con hasta 90 vatios de PoE++ (modelos de 10 y 18 puertos) <\/li>\n<li style='margin: 0.5em 0; font-size: 14px;'> Construya una red resistente con la capacidad de apilar m\u00faltiples unidades usando VCStack\u2122 <\/li>\n<li style='margin: 0.5em 0; font-size: 14px;'> Ampl\u00ede el alcance de la red en entornos distribuidos mediante el apilamiento a larga distancia <\/li>\n<li style='margin: 0.5em 0; font-size: 14px;'> Reduzca costos y automatice la administraci\u00f3n de redes con Andalusian Management Framework\u2122 Plus (AMF Plus) <\/li>\n<\/ul><\/div>\n<\/p><\/div>\n","protected":false},"excerpt":{"rendered":"<p>Switch L3 Stack, 16x 100M\/1\/2.5\/5G-T PoE++, 2x SFP+ puertos<\/p>\n","protected":false},"featured_media":92971,"comment_status":"open","ping_status":"closed","template":"","meta":[],"product_brand":[],"product_cat":[1986],"product_tag":[1995,664,1987],"class_list":{"0":"post-92972","1":"product","2":"type-product","3":"status-publish","4":"has-post-thumbnail","6":"product_cat-switches-poe","7":"product_tag-allied-telesis","8":"product_tag-networking","9":"product_tag-switches-poe","11":"first","12":"outofstock","13":"sale","14":"shipping-taxable","15":"purchasable","16":"product-type-simple"},"_links":{"self":[{"href":"https:\/\/soydeaqui.ddns.net\/pachuca\/index.php\/wp-json\/wp\/v2\/product\/92972","targetHints":{"allow":["GET"]}}],"collection":[{"href":"https:\/\/soydeaqui.ddns.net\/pachuca\/index.php\/wp-json\/wp\/v2\/product"}],"about":[{"href":"https:\/\/soydeaqui.ddns.net\/pachuca\/index.php\/wp-json\/wp\/v2\/types\/product"}],"replies":[{"embeddable":true,"href":"https:\/\/soydeaqui.ddns.net\/pachuca\/index.php\/wp-json\/wp\/v2\/comments?post=92972"}],"wp:featuredmedia":[{"embeddable":true,"href":"https:\/\/soydeaqui.ddns.net\/pachuca\/index.php\/wp-json\/wp\/v2\/media\/92971"}],"wp:attachment":[{"href":"https:\/\/soydeaqui.ddns.net\/pachuca\/index.php\/wp-json\/wp\/v2\/media?parent=92972"}],"wp:term":[{"taxonomy":"product_brand","embeddable":true,"href":"https:\/\/soydeaqui.ddns.net\/pachuca\/index.php\/wp-json\/wp\/v2\/product_brand?post=92972"},{"taxonomy":"product_cat","embeddable":true,"href":"https:\/\/soydeaqui.ddns.net\/pachuca\/index.php\/wp-json\/wp\/v2\/product_cat?post=92972"},{"taxonomy":"product_tag","embeddable":true,"href":"https:\/\/soydeaqui.ddns.net\/pachuca\/index.php\/wp-json\/wp\/v2\/product_tag?post=92972"}],"curies":[{"name":"wp","href":"https:\/\/api.w.org\/{rel}","templated":true}]}}