{"id":92966,"date":"2026-03-20T05:42:31","date_gmt":"2026-03-20T05:42:31","guid":{"rendered":"https:\/\/soydeaqui.ddns.net\/pachuca\/index.php\/producto\/ont-gpon-optixstar-wifi6-con-4-puertos-ge-conector-sc-apc-hasta-2402-mbps\/"},"modified":"2026-03-20T05:42:43","modified_gmt":"2026-03-20T05:42:43","slug":"ont-gpon-optixstar-wifi6-con-4-puertos-ge-conector-sc-apc-hasta-2402-mbps","status":"publish","type":"product","link":"https:\/\/soydeaqui.ddns.net\/pachuca\/index.php\/producto\/ont-gpon-optixstar-wifi6-con-4-puertos-ge-conector-sc-apc-hasta-2402-mbps\/","title":{"rendered":"ONT GPON OptiXstar WiFi6 con 4 puertos GE, conector SC\/APC, hasta 2402 Mbps"},"content":{"rendered":"<div style='width: 100%; max-width: 1200px; margin: 0 auto; font-family: sans-serif; line-height: 1.6; color: inherit; background-color: transparent;'>\n<div style='display: flex; flex-wrap: wrap; gap: 30px; margin-bottom: 30px;'>\n<div style='flex: 1 1 300px; min-width: 280px;'> <img style='width: 100%; height: auto; border: 1px solid rgba(150&comma;150&comma;150&comma;0.3); border-radius: 8px;' src='https:\/\/ftp3.syscom.mx\/usuarios\/orobles\/Huawei\/Huawei-horizontal-logo_2018.jpg' alt='Logo Huawei'> <\/div>\n<\/p><\/div>\n<div style='display: flex; flex-wrap: wrap; gap: 30px; margin-bottom: 30px;'>\n<div style='flex: 1 1 300px; min-width: 280px;'>\n<h3 style='font-size: 22px; border-bottom: 2px solid currentColor; padding-bottom: 5px; margin-top: 0; color: inherit; opacity: 0.8;'>Descripci\u00f3n<\/h3>\n<p style='font-size: 15px; color: inherit;'>La ONT Huawei EG8041X6 es una ONT GPON inteligente tipo router. Utiliza la tecnolog\u00eda Wi-Fi 6 para implementar acceso de banda ultraancha&comma; alto rendimiento y amplia cobertura para los usuarios. El alto rendimiento de reenv\u00edo garantiza la experiencia del usuario de los servicios de datos y v\u00eddeo HD y proporciona a los clientes una soluci\u00f3n de acceso totalmente \u00f3ptica ideal y una capacidad de soporte de servicio orientada al futuro.<\/p>\n<p style='font-size: 15px; color: inherit;'>Proporciona cuatro puertos GE y funci\u00f3n Wi-Fi 6 en 2.4 GHz y 5 GHz.<\/p>\n<\/p><\/div>\n<\/p><\/div>\n<div style='display: flex; flex-wrap: wrap; gap: 20px; margin-bottom: 30px;'>\n<div style='flex: 1 1 250px; border: 1px solid rgba(150&comma; 150&comma; 150&comma; 0.4); border-radius: 8px; overflow: hidden; display: flex; flex-direction: column;'>\n<div style='padding: 15px; border-bottom: 1px solid rgba(150&comma; 150&comma; 150&comma; 0.2); font-weight: bold; font-size: 18px; color: inherit;'>Caracter\u00edsticas principales<\/div>\n<div style='padding: 15px; color: inherit;'>\n<ul style='padding-left: 20px; margin: 0; font-size: 14px; list-style-type: disc; color: inherit;'>\n<li style='margin-bottom: 5px;'>Tecnolog\u00eda Wi-Fi 6 de pr\u00f3xima generaci\u00f3n<\/li>\n<li style='margin-bottom: 5px;'>Servicio inteligente<\/li>\n<li style='margin-bottom: 5px;'>Interconexi\u00f3n inteligente<\/li>\n<li style='margin-bottom: 5px;'>Operaci\u00f3n y mantenimiento inteligente<\/li>\n<\/ul><\/div>\n<\/p><\/div>\n<div style='flex: 1 1 250px; border: 1px solid rgba(150&comma; 150&comma; 150&comma; 0.4); border-radius: 8px; overflow: hidden; display: flex; flex-direction: column;'>\n<div style='padding: 15px; border-bottom: 1px solid rgba(150&comma; 150&comma; 150&comma; 0.2); font-weight: bold; font-size: 18px; color: inherit;'>Caracter\u00edsticas t\u00e9cnicas<\/div>\n<div style='padding: 15px; color: inherit;'>\n<ul style='padding-left: 20px; margin: 0; font-size: 14px; list-style-type: disc; color: inherit;'>\n<li style='margin-bottom: 5px;'>WiFi 6 (doble banda 2.4 GHz &#038; 5 GHz)<\/li>\n<li style='margin-bottom: 5px;'>Mayor cobertura (menos visitas a sitio)<\/li>\n<li style='margin-bottom: 5px;'>No se reinicia por calentamiento<\/li>\n<li style='margin-bottom: 5px;'>2 antenas de 7 dBi (5GHz) y 5 dBi (2.4 GHz)<\/li>\n<li style='margin-bottom: 5px;'>Hasta 574 Mbit\/s (WiFi 2.4 GHz) y hasta 2402 Mbit\/s (WiFi 5 GHz)<\/li>\n<\/ul><\/div>\n<\/p><\/div>\n<div style='flex: 1 1 250px; border: 1px solid rgba(150&comma; 150&comma; 150&comma; 0.4); border-radius: 8px; overflow: hidden; display: flex; flex-direction: column;'>\n<div style='padding: 15px; border-bottom: 1px solid rgba(150&comma; 150&comma; 150&comma; 0.2); font-weight: bold; font-size: 18px; color: inherit;'>Especificaciones f\u00edsicas<\/div>\n<div style='padding: 15px; color: inherit;'>\n<ul style='padding-left: 20px; margin: 0; font-size: 14px; list-style-type: disc; color: inherit;'>\n<li style='margin-bottom: 5px;'>Dimensiones (H x W x D): 35 x 155 x 105 mm<\/li>\n<li style='margin-bottom: 5px;'>Consumo standby: 5.7 W<\/li>\n<li style='margin-bottom: 5px;'>Consumo m\u00e1ximo: 11.7 W<\/li>\n<li style='margin-bottom: 5px;'>Peso: 238g<\/li>\n<li style='margin-bottom: 5px;'>Temperatura de operaci\u00f3n: 0\u00b0C a 40\u00b0C<\/li>\n<\/ul><\/div>\n<\/p><\/div>\n<div style='flex: 1 1 250px; border: 1px solid rgba(150&comma; 150&comma; 150&comma; 0.4); border-radius: 8px; overflow: hidden; display: flex; flex-direction: column;'>\n<div style='padding: 15px; border-bottom: 1px solid rgba(150&comma; 150&comma; 150&comma; 0.2); font-weight: bold; font-size: 18px; color: inherit;'>Conectividad<\/div>\n<div style='padding: 15px; color: inherit;'>\n<ul style='padding-left: 20px; margin: 0; font-size: 14px; list-style-type: disc; color: inherit;'>\n<li style='margin-bottom: 5px;'>Adaptador de corriente: 100-240 Vac 50\/60 Hz<\/li>\n<li style='margin-bottom: 5px;'>Entrada del equipo: 12Vdc&comma; 1.5A<\/li>\n<li style='margin-bottom: 5px;'>Entrada \u00f3ptica: SC\/APC clase B+<\/li>\n<li style='margin-bottom: 5px;'>4 puertos LAN Gigabit Ethernet<\/li>\n<li style='margin-bottom: 5px;'>Uplink\/Downlink con OFDMA<\/li>\n<li style='margin-bottom: 5px;'>Uplink\/Downlink MU-MIMO<\/li>\n<\/ul><\/div>\n<\/p><\/div>\n<\/p><\/div>\n<div style='display: flex; flex-wrap: wrap; gap: 30px; margin-bottom: 30px;'>\n<div style='flex: 1 1 300px; min-width: 280px;'>\n<h3 style='font-size: 22px; border-bottom: 2px solid currentColor; padding-bottom: 5px; margin-top: 0; color: inherit; opacity: 0.8;'>Antena 7 dBi + Chip FEM<\/h3>\n<p style='font-size: 15px; color: inherit;'>+16% cobertura y mejor penetraci\u00f3n de muros<\/p>\n<p> <img style='width: 100%; height: auto; border: 1px solid rgba(150&comma;150&comma;150&comma;0.3); border-radius: 8px;' src='https:\/\/ftp3.syscom.mx\/usuarios\/orobles\/Huawei\/ONTs\/link-turbo.png' alt='Antena 7 dBi + Chip FEM'> <\/div>\n<\/p><\/div>\n<div style='display: flex; flex-wrap: wrap; gap: 30px; margin-bottom: 30px;'>\n<div style='flex: 1 1 300px; min-width: 280px;'>\n<h3 style='font-size: 22px; border-bottom: 2px solid currentColor; padding-bottom: 5px; margin-top: 0; color: inherit; opacity: 0.8;'>Credenciales de Superadmin<\/h3>\n<ul style='padding-left: 20px; font-size: 15px; color: inherit;'>\n<li style='margin-bottom: 5px;'><strong>Usuario:<\/strong> Epadmin<\/li>\n<li style='margin-bottom: 5px;'><strong>Contrase\u00f1a:<\/strong> adminEp<\/li>\n<\/ul><\/div>\n<\/p><\/div>\n<div style='display: flex; flex-wrap: wrap; gap: 30px; margin-bottom: 30px;'>\n<div style='flex: 1 1 300px; min-width: 280px;'>\n<div style='position: relative; padding-bottom: 56.25%; height: 0; overflow: hidden; margin-bottom: 30px;'>   <\/div>\n<\/p><\/div>\n<\/p><\/div>\n<\/p><\/div>\n","protected":false},"excerpt":{"rendered":"<p>ONT GPON OptiXstar WiFi6 con 4 puertos GE, conector SC\/APC, hasta 2402 Mbps<\/p>\n","protected":false},"featured_media":92965,"comment_status":"open","ping_status":"closed","template":"","meta":[],"product_brand":[],"product_cat":[2010],"product_tag":[718,2012,2011],"class_list":{"0":"post-92966","1":"product","2":"type-product","3":"status-publish","4":"has-post-thumbnail","6":"product_cat-onus-onts","7":"product_tag-huawei","8":"product_tag-onus-onts","9":"product_tag-redes-ftth-pon","11":"first","12":"instock","13":"sale","14":"shipping-taxable","15":"purchasable","16":"product-type-simple"},"_links":{"self":[{"href":"https:\/\/soydeaqui.ddns.net\/pachuca\/index.php\/wp-json\/wp\/v2\/product\/92966","targetHints":{"allow":["GET"]}}],"collection":[{"href":"https:\/\/soydeaqui.ddns.net\/pachuca\/index.php\/wp-json\/wp\/v2\/product"}],"about":[{"href":"https:\/\/soydeaqui.ddns.net\/pachuca\/index.php\/wp-json\/wp\/v2\/types\/product"}],"replies":[{"embeddable":true,"href":"https:\/\/soydeaqui.ddns.net\/pachuca\/index.php\/wp-json\/wp\/v2\/comments?post=92966"}],"wp:featuredmedia":[{"embeddable":true,"href":"https:\/\/soydeaqui.ddns.net\/pachuca\/index.php\/wp-json\/wp\/v2\/media\/92965"}],"wp:attachment":[{"href":"https:\/\/soydeaqui.ddns.net\/pachuca\/index.php\/wp-json\/wp\/v2\/media?parent=92966"}],"wp:term":[{"taxonomy":"product_brand","embeddable":true,"href":"https:\/\/soydeaqui.ddns.net\/pachuca\/index.php\/wp-json\/wp\/v2\/product_brand?post=92966"},{"taxonomy":"product_cat","embeddable":true,"href":"https:\/\/soydeaqui.ddns.net\/pachuca\/index.php\/wp-json\/wp\/v2\/product_cat?post=92966"},{"taxonomy":"product_tag","embeddable":true,"href":"https:\/\/soydeaqui.ddns.net\/pachuca\/index.php\/wp-json\/wp\/v2\/product_tag?post=92966"}],"curies":[{"name":"wp","href":"https:\/\/api.w.org\/{rel}","templated":true}]}}