{"id":92950,"date":"2026-03-20T05:41:44","date_gmt":"2026-03-20T05:41:44","guid":{"rendered":"https:\/\/soydeaqui.ddns.net\/pachuca\/index.php\/producto\/switch-industrial-capa-3-de-8-puertos-10-100-1000t-poe-802-3bt-2-puertos-sfp-1-g-2-5-g-4-puertos-sfp-10g-instalacion-en-pared-o-puerto-din\/"},"modified":"2026-03-20T05:41:52","modified_gmt":"2026-03-20T05:41:52","slug":"switch-industrial-capa-3-de-8-puertos-10-100-1000t-poe-802-3bt-2-puertos-sfp-1-g-2-5-g-4-puertos-sfp-10g-instalacion-en-pared-o-puerto-din","status":"publish","type":"product","link":"https:\/\/soydeaqui.ddns.net\/pachuca\/index.php\/producto\/switch-industrial-capa-3-de-8-puertos-10-100-1000t-poe-802-3bt-2-puertos-sfp-1-g-2-5-g-4-puertos-sfp-10g-instalacion-en-pared-o-puerto-din\/","title":{"rendered":"Switch Industrial Capa 3 de 8 Puertos 10\/100\/1000T PoE 802.3bt, 2 Puertos SFP 1 G\/2.5 G, 4 Puertos SFP 10G, Instalaci\u00f3n en Pared o Puerto DIN."},"content":{"rendered":"<div style='width: 100%; max-width: 1200px; margin: 0 auto; font-family: sans-serif; line-height: 1.6; color: inherit;'> <!-- Secci\u00f3n de im\u00e1genes de caracter\u00edsticas --> <\/p>\n<div style='display: flex; flex-wrap: wrap; gap: 15px; justify-content: center; margin-bottom: 30px;'> <img style='width: auto; max-width: 100px; height: auto; border: 1px solid rgba(150&comma;150&comma;150&comma;0.3); border-radius: 8px;' src='https:\/\/www.planet.com.tw\/storage\/icons\/662\/802.3bt-PoE++.png' alt='802.3bt PoE++'> <img style='width: auto; max-width: 100px; height: auto; border: 1px solid rgba(150&comma;150&comma;150&comma;0.3); border-radius: 8px;' src='https:\/\/www.planet.com.tw\/storage\/icons\/1icon_Alive-Check.png' alt='Cheque vivo'> <img style='width: auto; max-width: 100px; height: auto; border: 1px solid rgba(150&comma;150&comma;150&comma;0.3); border-radius: 8px;' src='https:\/\/www.planet.com.tw\/storage\/icons\/6icon_RING.png' alt='ANILLO'> <img style='width: auto; max-width: 100px; height: auto; border: 1px solid rgba(150&comma;150&comma;150&comma;0.3); border-radius: 8px;' src='https:\/\/www.planet.com.tw\/storage\/icons\/633\/Cyber-Security.png' alt='La seguridad cibern\u00e9tica'> <img style='width: auto; max-width: 100px; height: auto; border: 1px solid rgba(150&comma;150&comma;150&comma;0.3); border-radius: 8px;' src='https:\/\/www.planet.com.tw\/storage\/icons\/3icon_1588-PTP.png' alt='1588PTP'> <\/div>\n<p> <!-- Secci\u00f3n de descripci\u00f3n --> <\/p>\n<div style='margin: 30px 0;'>\n<p style='text-align: center; font-size: 16px; color: inherit;'> Al poder funcionar en un amplio rango de temperaturas de -40 a 75 grados C&comma; la serie de conmutadores PoE++ IGS-6329 se puede colocar en casi cualquier entorno dif\u00edcil. La serie de conmutadores PoE++ IGS-6329 tambi\u00e9n permite montaje en riel DIN o en pared para un uso eficiente del espacio del gabinete. <\/p>\n<\/p><\/div>\n<p> <!-- Imagen principal del producto --> <\/p>\n<div style='margin: 30px 0; text-align: center;'> <img style='width: 100%; max-width: 800px; height: auto; border: 1px solid rgba(150&comma;150&comma;150&comma;0.3); border-radius: 8px;' src='https:\/\/www.planet.com.tw\/storage\/products\/49496\/edm_IGS-6329-8UP2S4X.jpg' alt=''> <\/div>\n<\/p><\/div>\n","protected":false},"excerpt":{"rendered":"<p>Switch Industrial Capa 3 de 8 Puertos 10\/100\/1000T PoE 802.3bt, 2 Puertos SFP 1 G\/2.5 G, 4 Puertos SFP 10G, Instalaci\u00f3n en Pared o Puerto DIN.<\/p>\n","protected":false},"featured_media":92949,"comment_status":"open","ping_status":"closed","template":"","meta":[],"product_brand":[],"product_cat":[1984],"product_tag":[1985,664,2033],"class_list":{"0":"post-92950","1":"product","2":"type-product","3":"status-publish","4":"has-post-thumbnail","6":"product_cat-industrial","7":"product_tag-industrial","8":"product_tag-networking","9":"product_tag-planet","11":"first","12":"instock","13":"sale","14":"shipping-taxable","15":"purchasable","16":"product-type-simple"},"_links":{"self":[{"href":"https:\/\/soydeaqui.ddns.net\/pachuca\/index.php\/wp-json\/wp\/v2\/product\/92950","targetHints":{"allow":["GET"]}}],"collection":[{"href":"https:\/\/soydeaqui.ddns.net\/pachuca\/index.php\/wp-json\/wp\/v2\/product"}],"about":[{"href":"https:\/\/soydeaqui.ddns.net\/pachuca\/index.php\/wp-json\/wp\/v2\/types\/product"}],"replies":[{"embeddable":true,"href":"https:\/\/soydeaqui.ddns.net\/pachuca\/index.php\/wp-json\/wp\/v2\/comments?post=92950"}],"wp:featuredmedia":[{"embeddable":true,"href":"https:\/\/soydeaqui.ddns.net\/pachuca\/index.php\/wp-json\/wp\/v2\/media\/92949"}],"wp:attachment":[{"href":"https:\/\/soydeaqui.ddns.net\/pachuca\/index.php\/wp-json\/wp\/v2\/media?parent=92950"}],"wp:term":[{"taxonomy":"product_brand","embeddable":true,"href":"https:\/\/soydeaqui.ddns.net\/pachuca\/index.php\/wp-json\/wp\/v2\/product_brand?post=92950"},{"taxonomy":"product_cat","embeddable":true,"href":"https:\/\/soydeaqui.ddns.net\/pachuca\/index.php\/wp-json\/wp\/v2\/product_cat?post=92950"},{"taxonomy":"product_tag","embeddable":true,"href":"https:\/\/soydeaqui.ddns.net\/pachuca\/index.php\/wp-json\/wp\/v2\/product_tag?post=92950"}],"curies":[{"name":"wp","href":"https:\/\/api.w.org\/{rel}","templated":true}]}}