{"id":92933,"date":"2026-03-20T05:40:54","date_gmt":"2026-03-20T05:40:54","guid":{"rendered":"https:\/\/soydeaqui.ddns.net\/pachuca\/index.php\/producto\/docking-station-usb-c-multipuerto-con-power-pass-through\/"},"modified":"2026-03-20T05:41:15","modified_gmt":"2026-03-20T05:41:15","slug":"docking-station-usb-c-multipuerto-con-power-pass-through","status":"publish","type":"product","link":"https:\/\/soydeaqui.ddns.net\/pachuca\/index.php\/producto\/docking-station-usb-c-multipuerto-con-power-pass-through\/","title":{"rendered":"Docking station USB-C multipuerto con power pass-through"},"content":{"rendered":"<div style='width: 100%; max-width: 1200px; margin: 0 auto; font-family: sans-serif; line-height: 1.6; color: inherit; background-color: transparent;'> <!-- Imagen principal --> <\/p>\n<div style='margin-bottom: 30px;'> <img style='width: 100%; height: auto; border: 1px solid rgba(150&comma;150&comma;150&comma;0.3); border-radius: 8px;' src='https:\/\/ftp3.syscom.mx\/usuarios\/luis.vargas\/ATEN\/ATEN.jpg' alt='ATEN VM1600A'> <\/div>\n<p> <!-- Contenedor de imagen y descripci\u00f3n --> <\/p>\n<div style='display: flex; flex-wrap: wrap; gap: 30px; margin-bottom: 30px;'> <!-- Imagen secundaria --> <\/p>\n<div style='flex: 1 1 300px; min-width: 280px;'> <img style='width: 100%; height: auto; border: 1px solid rgba(150&comma;150&comma;150&comma;0.3); border-radius: 8px;' src='https:\/\/ftp3.syscom.mx\/usuarios\/luis.vargas\/ATEN\/UH3237\/UH3237.jpg' alt='Docking station ATEN UH3237'> <\/div>\n<p> <!-- Descripci\u00f3n --> <\/p>\n<div style='flex: 1 1 300px; min-width: 280px;'>\n<div style='font-size: 22px; margin-bottom: 15px; color: inherit; opacity: 0.8;'>Docking station USB-C multipuerto con power pass-through<\/div>\n<p style='font-size: 15px; color: inherit;'>La docking station multipuerto USB-C de ATEN supone una ampliaci\u00f3n total de su port\u00e1til en un solo paso que ofrece todas las capacidades de expansi\u00f3n que necesita. Solo tiene que usar un cable para a\u00f1adir hasta 13 dispositivos con pasarela de distribuci\u00f3n de alimentaci\u00f3n para potenciar su productividad con conexiones HDMI&comma; VGA&comma; USB 3.2 Gen 1&comma; USB 2.0&comma; SD\/MicroSD&comma; Ethernet y de audio adicionales.<\/p>\n<\/p><\/div>\n<\/p><\/div>\n<p> <!-- Separador --> <\/p>\n<hr style='border: 0; border-top: 1px solid rgba(150&comma; 150&comma; 150&comma; 0.3); margin: 30px 0;'> <!-- Caracter\u00edsticas principales --> <\/p>\n<div style='margin-bottom: 30px;'>\n<h3 style='font-size: 22px; border-bottom: 2px solid currentColor; padding-bottom: 5px; margin-top: 0; color: inherit; opacity: 0.8;'>Caracter\u00edsticas<\/h3>\n<\/p><\/div>\n<p> <!-- Secciones de especificaciones --> <\/p>\n<div style='display: flex; flex-wrap: wrap; gap: 20px; margin-bottom: 30px;'> <!-- Secci\u00f3n Conectores --> <\/p>\n<div style='flex: 1 1 250px; border: 1px solid rgba(150&comma; 150&comma; 150&comma; 0.4); border-radius: 8px; overflow: hidden; display: flex; flex-direction: column;'>\n<div style='padding: 15px; border-bottom: 1px solid rgba(150&comma; 150&comma; 150&comma; 0.2); font-weight: bold; font-size: 18px; color: inherit;'>Conectores<\/div>\n<div style='padding: 15px; color: inherit;'>\n<ul style='padding-left: 20px; margin: 0; font-size: 14px; list-style-type: disc;'>\n<li style='margin-bottom: 5px;'>PC: Cable de conexi\u00f3n-USB 3.1 Gen1 Tipo-C de 30 cm<\/li>\n<li style='margin-bottom: 5px;'>Dispositivo: 2 x USB 2.0 Tipo A hembra (Negro)<\/li>\n<li style='margin-bottom: 5px;'>3 x USB 3.2 Gen 1 Tipo A hembra (Azul)<\/li>\n<li style='margin-bottom: 5px;'>1 x USB 3.2 Gen 1 Tipo C hembra (solo datos)<\/li>\n<li style='margin-bottom: 5px;'>Salida de v\u00eddeo: 2 x HDMI hembra<\/li>\n<li style='margin-bottom: 5px;'>1 x VGA hembra<\/li>\n<li style='margin-bottom: 5px;'>Puertos LAN: 1 x Gigabit Ethernet hembra (Negro)<\/li>\n<li style='margin-bottom: 5px;'>Audio: 1 x Conector de micr\u00f3fono y auriculares est\u00e9reo de 3&comma;5 mm y 4 polos<\/li>\n<li style='margin-bottom: 5px;'>Alimentaci\u00f3n: 1 x USB tipo-C hembra (Soporta USB Power Delivery 3.0 para la carga de dispositivos hasta 85 W)<\/li>\n<\/ul><\/div>\n<\/p><\/div>\n<p> <!-- Secci\u00f3n Rendimiento --> <\/p>\n<div style='flex: 1 1 250px; border: 1px solid rgba(150&comma; 150&comma; 150&comma; 0.4); border-radius: 8px; overflow: hidden; display: flex; flex-direction: column;'>\n<div style='padding: 15px; border-bottom: 1px solid rgba(150&comma; 150&comma; 150&comma; 0.2); font-weight: bold; font-size: 18px; color: inherit;'>Rendimiento<\/div>\n<div style='padding: 15px; color: inherit;'>\n<ul style='padding-left: 20px; margin: 0; font-size: 14px; list-style-type: disc;'>\n<li style='margin-bottom: 5px;'>Memoria flash: 1 ranura para tarjeta SD (SD\/SDHC\/SDXC)<\/li>\n<li style='margin-bottom: 5px;'>1 ranura para tarjeta Micro SD (Micro SD\/SDHC\/SDXC hasta 128 GB)<\/li>\n<li style='margin-bottom: 5px;'>Resoluci\u00f3n de v\u00eddeo:\n<ul style='margin: 5px 0 5px 20px; font-size: 14px;'>\n<li style='margin-bottom: 5px;'>Una sola vista: HDMI &#8211; 3840 x 2160 a 30hz o VGA -1920 x 1080 a 60hz<\/li>\n<li style='margin-bottom: 5px;'>Vista doble: 2 x HDMI \u2013 1920 x 1080 a 60hz<\/li>\n<\/ul>\n<\/li>\n<li style='margin-bottom: 5px;'>Consumo de energ\u00eda: DC5V:15W:66BTU\/h<\/li>\n<li style='margin-bottom: 5px;'>Requisitos del sistema:\n<ul style='margin: 5px 0 5px 20px; font-size: 14px;'>\n<li style='margin-bottom: 5px;'>Windows 10 y superior&comma; ordenador con USB-C con modo DP Alt<\/li>\n<li style='margin-bottom: 5px;'>Mac OS X 10.12 y superior&comma; ordenador con USB-C<\/li>\n<li style='margin-bottom: 5px;'>iOS 12.1 y superior&comma; iPad Pro de 3.\u00aa generaci\u00f3n (2018)<\/li>\n<\/ul>\n<\/li>\n<\/ul><\/div>\n<\/p><\/div>\n<p> <!-- Secci\u00f3n Condiciones ambientales --> <\/p>\n<div style='flex: 1 1 250px; border: 1px solid rgba(150&comma; 150&comma; 150&comma; 0.4); border-radius: 8px; overflow: hidden; display: flex; flex-direction: column;'>\n<div style='padding: 15px; border-bottom: 1px solid rgba(150&comma; 150&comma; 150&comma; 0.2); font-weight: bold; font-size: 18px; color: inherit;'>Condiciones ambientales<\/div>\n<div style='padding: 15px; color: inherit;'>\n<ul style='padding-left: 20px; margin: 0; font-size: 14px; list-style-type: disc;'>\n<li style='margin-bottom: 5px;'>Temperatura de funcionamiento: 0 &#8211; 40 \u00b0C<\/li>\n<li style='margin-bottom: 5px;'>Temperatura de almacenamiento: -20 &#8211; 60 \u00b0C<\/li>\n<li style='margin-bottom: 5px;'>Humedad: HR del 0 &#8211; 80%&comma; sin condensaci\u00f3n<\/li>\n<\/ul><\/div>\n<\/p><\/div>\n<p> <!-- Secci\u00f3n Propiedades f\u00edsicas --> <\/p>\n<div style='flex: 1 1 250px; border: 1px solid rgba(150&comma; 150&comma; 150&comma; 0.4); border-radius: 8px; overflow: hidden; display: flex; flex-direction: column;'>\n<div style='padding: 15px; border-bottom: 1px solid rgba(150&comma; 150&comma; 150&comma; 0.2); font-weight: bold; font-size: 18px; color: inherit;'>Propiedades f\u00edsicas<\/div>\n<div style='padding: 15px; color: inherit;'>\n<ul style='padding-left: 20px; margin: 0; font-size: 14px; list-style-type: disc;'>\n<li style='margin-bottom: 5px;'>Carcasa: Cubierta superior de aluminio&comma; panel inferior de pl\u00e1stico<\/li>\n<li style='margin-bottom: 5px;'>Peso: 0.37 kg (0.81 lb)<\/li>\n<li style='margin-bottom: 5px;'>Dimensiones (LA x AN x AL): 35.03 x 7.50 x 1.48 cm (13.79 x 2.95 x 0.58 in.)<\/li>\n<\/ul><\/div>\n<\/p><\/div>\n<\/p><\/div>\n<\/p><\/div>\n","protected":false},"excerpt":{"rendered":"<p>Docking station USB-C multipuerto con power pass-through<\/p>\n","protected":false},"featured_media":92932,"comment_status":"open","ping_status":"closed","template":"","meta":[],"product_brand":[],"product_cat":[2119],"product_tag":[93,2121,2120],"class_list":{"0":"post-92933","1":"product","2":"type-product","3":"status-publish","4":"has-post-thumbnail","6":"product_cat-accesorios-proav","7":"product_tag-accesorios","8":"product_tag-aten","9":"product_tag-proav","11":"first","12":"instock","13":"sale","14":"shipping-taxable","15":"purchasable","16":"product-type-simple"},"_links":{"self":[{"href":"https:\/\/soydeaqui.ddns.net\/pachuca\/index.php\/wp-json\/wp\/v2\/product\/92933","targetHints":{"allow":["GET"]}}],"collection":[{"href":"https:\/\/soydeaqui.ddns.net\/pachuca\/index.php\/wp-json\/wp\/v2\/product"}],"about":[{"href":"https:\/\/soydeaqui.ddns.net\/pachuca\/index.php\/wp-json\/wp\/v2\/types\/product"}],"replies":[{"embeddable":true,"href":"https:\/\/soydeaqui.ddns.net\/pachuca\/index.php\/wp-json\/wp\/v2\/comments?post=92933"}],"wp:featuredmedia":[{"embeddable":true,"href":"https:\/\/soydeaqui.ddns.net\/pachuca\/index.php\/wp-json\/wp\/v2\/media\/92932"}],"wp:attachment":[{"href":"https:\/\/soydeaqui.ddns.net\/pachuca\/index.php\/wp-json\/wp\/v2\/media?parent=92933"}],"wp:term":[{"taxonomy":"product_brand","embeddable":true,"href":"https:\/\/soydeaqui.ddns.net\/pachuca\/index.php\/wp-json\/wp\/v2\/product_brand?post=92933"},{"taxonomy":"product_cat","embeddable":true,"href":"https:\/\/soydeaqui.ddns.net\/pachuca\/index.php\/wp-json\/wp\/v2\/product_cat?post=92933"},{"taxonomy":"product_tag","embeddable":true,"href":"https:\/\/soydeaqui.ddns.net\/pachuca\/index.php\/wp-json\/wp\/v2\/product_tag?post=92933"}],"curies":[{"name":"wp","href":"https:\/\/api.w.org\/{rel}","templated":true}]}}