{"id":92922,"date":"2026-03-20T05:40:25","date_gmt":"2026-03-20T05:40:25","guid":{"rendered":"https:\/\/soydeaqui.ddns.net\/pachuca\/index.php\/producto\/usb-c-travel-dock-con-power-pass-through\/"},"modified":"2026-03-20T05:40:46","modified_gmt":"2026-03-20T05:40:46","slug":"usb-c-travel-dock-con-power-pass-through","status":"publish","type":"product","link":"https:\/\/soydeaqui.ddns.net\/pachuca\/index.php\/producto\/usb-c-travel-dock-con-power-pass-through\/","title":{"rendered":"USB-C Travel Dock con Power Pass-Through"},"content":{"rendered":"<div style='width: 100%; max-width: 1200px; margin: 0 auto; font-family: sans-serif; line-height: 1.6; color: inherit; background-color: transparent;'> <!-- Imagen 1 --> <\/p>\n<div style='margin-bottom: 20px;'> <img style='width: 100%; height: auto; border: 1px solid rgba(150&comma;150&comma;150&comma;0.3); border-radius: 8px;' src='https:\/\/ftp3.syscom.mx\/usuarios\/luis.vargas\/ATEN\/ATEN.jpg' alt='ATEN VM1600A'> <\/div>\n<p> <!-- Imagen 2 con texto --> <\/p>\n<div style='display: flex; flex-wrap: wrap; gap: 30px; margin-bottom: 30px;'>\n<div style='flex: 1 1 300px; min-width: 280px;'> <img style='width: 100%; height: auto; border: 1px solid rgba(150&comma;150&comma;150&comma;0.3); border-radius: 8px;' src='https:\/\/ftp3.syscom.mx\/usuarios\/luis.vargas\/ATEN\/UH3238\/UH3238.png' alt=''> <\/div>\n<div style='flex: 1 1 300px; min-width: 280px;'>\n<p style='font-size: 15px; color: inherit; text-align: justify;'> Dise\u00f1ada y concebida como una soluci\u00f3n de conectividad port\u00e1til y vers\u00e1til&comma; la docking station USB-C UH3238 con pasarela de alimentaci\u00f3n contiene 5 puertos imprescindibles (un puerto de audio&comma; dos puertos USB tipo A&comma; un puerto HDMI y un puerto USB-C de entrada de corriente) para proporcionar conectividad y alimentaci\u00f3n a los usuarios que viajan y requieren escenarios de oficina m\u00f3viles. La interfaz compatible con Thunderbolt\u2122 3 y USB 3.2 de primera generaci\u00f3n garantiza una velocidad superior de transmisi\u00f3n de datos de hasta 5 Gbps. Gracias a su compatibilidad con HDMI de hasta 4K (3840 x 2160 a 60 Hz)&comma; el dispositivo permite a los usuarios realizar varias tareas de forma simult\u00e1nea con una resoluci\u00f3n UHD asombrosamente realista. La docking station UH3238 cuenta con un dise\u00f1o Plug and Play y es compatible con los principales sistemas operativos (Windows\u00ae&comma; macOS X&comma; iPadOS y Android). Con un peso de tan solo 44 g&comma; es una soluci\u00f3n de transmisi\u00f3n de datos y energ\u00eda compacta pero potente&comma; ideal para cualquier entorno de estaciones de trabajo m\u00f3viles. <\/p>\n<\/p><\/div>\n<\/p><\/div>\n<p> <!-- Secci\u00f3n de caracter\u00edsticas --> <\/p>\n<div style='margin-bottom: 30px;'>\n<h3 style='font-size: 20px; border-bottom: 2px solid currentColor; padding-bottom: 5px; margin-top: 0; margin-bottom: 15px; color: inherit; opacity: 0.8;'>Caracter\u00edsticas<\/h3>\n<div style='display: grid; grid-template-columns: repeat(auto-fill&comma; minmax(250px&comma; 1fr)); gap: 20px; margin-bottom: 30px;'> <!-- Conectores --> <\/p>\n<div style='border: 1px solid rgba(150&comma; 150&comma; 150&comma; 0.4); border-radius: 8px; overflow: hidden; display: flex; flex-direction: column;'>\n<div style='padding: 15px; border-bottom: 1px solid rgba(150&comma; 150&comma; 150&comma; 0.2); font-weight: bold; font-size: 16px; color: inherit;'>Conectores<\/div>\n<div style='padding: 15px; color: inherit;'>\n<ul style='padding-left: 20px; margin: 0; font-size: 14px; list-style-type: disc;'>\n<li style='margin-bottom: 5px;'>PC: 1x USB 3.2 tipo C de 1.\u00aa gen.<\/li>\n<li style='margin-bottom: 5px;'>Dispositivo: 2x USB 3.2 tipo A de 1.\u00aa gen. hembra (azul)*<\/li>\n<li style='margin-bottom: 5px;'>1x USB 3.2 tipo C de 1.\u00aa gen. hembra (negro)*<\/li>\n<ul style='padding-left: 20px; margin: 0;'>\n<li style='margin-bottom: 5px;'>*a. 1x USB 3.2 tipo A de 1.\u00aa gen. con soporte de carga de bater\u00eda 1.2 (5 V&comma; 7&comma;5 W)<\/li>\n<li style='margin-bottom: 5px;'>*b. 1x USB 3.2 tipo A de 1.\u00aa gen. con soporte de carga de bater\u00eda (5 V&comma; 4&comma;5 W)<\/li>\n<li style='margin-bottom: 5px;'>*c. La potencia total suministrada por los 2 puertos USB de tipo A es de un m\u00e1ximo de 5 V&comma; 9 W.<\/li>\n<li style='margin-bottom: 5px;'>*d. 1x USB 3.2 tipo C de 1.\u00aa gen. con soporte de carga de bater\u00eda (5 V&comma; 7&comma;5 W)<\/li>\n<li style='margin-bottom: 5px;'>*e. La potencia total suministrada por los 3 puertos USB (dos de tipo A y uno de tipo C) es de un m\u00e1ximo de 5 V&comma; 7&comma;5 W.<\/li>\n<\/ul>\n<\/ul><\/div>\n<\/p><\/div>\n<p> <!-- Salida de v\u00eddeo --> <\/p>\n<div style='border: 1px solid rgba(150&comma; 150&comma; 150&comma; 0.4); border-radius: 8px; overflow: hidden; display: flex; flex-direction: column;'>\n<div style='padding: 15px; border-bottom: 1px solid rgba(150&comma; 150&comma; 150&comma; 0.2); font-weight: bold; font-size: 16px; color: inherit;'>Salida de v\u00eddeo<\/div>\n<div style='padding: 15px; color: inherit;'>\n<ul style='padding-left: 20px; margin: 0; font-size: 14px; list-style-type: disc;'>\n<li style='margin-bottom: 5px;'>1x HDMI hembra (negro)<\/li>\n<\/ul><\/div>\n<\/p><\/div>\n<p> <!-- Audio --> <\/p>\n<div style='border: 1px solid rgba(150&comma; 150&comma; 150&comma; 0.4); border-radius: 8px; overflow: hidden; display: flex; flex-direction: column;'>\n<div style='padding: 15px; border-bottom: 1px solid rgba(150&comma; 150&comma; 150&comma; 0.2); font-weight: bold; font-size: 16px; color: inherit;'>Audio<\/div>\n<div style='padding: 15px; color: inherit;'>\n<ul style='padding-left: 20px; margin: 0; font-size: 14px; list-style-type: disc;'>\n<li style='margin-bottom: 5px;'>1x conector de micr\u00f3fono y auriculares est\u00e9reo de 4 polos (3&comma;5 mm)<\/li>\n<\/ul><\/div>\n<\/p><\/div>\n<p> <!-- Alimentaci\u00f3n --> <\/p>\n<div style='border: 1px solid rgba(150&comma; 150&comma; 150&comma; 0.4); border-radius: 8px; overflow: hidden; display: flex; flex-direction: column;'>\n<div style='padding: 15px; border-bottom: 1px solid rgba(150&comma; 150&comma; 150&comma; 0.2); font-weight: bold; font-size: 16px; color: inherit;'>Alimentaci\u00f3n<\/div>\n<div style='padding: 15px; color: inherit;'>\n<ul style='padding-left: 20px; margin: 0; font-size: 14px; list-style-type: disc;'>\n<li style='margin-bottom: 5px;'>1x USB tipo-C hembra (soporta transferencia de datos USB 3.2 de 1.\u00aa gen.)*<\/li>\n<ul style='padding-left: 20px; margin: 0;'>\n<li style='margin-bottom: 5px;'>*Soporta Power Delivery 3.0 para la carga de port\u00e1tiles hasta 92 W.<\/li>\n<li style='margin-bottom: 5px;'>*Entre los perfiles de alimentaci\u00f3n se incluyen 5 V&comma; 9 V&comma; 15 V y 20 V (se necesita un adaptador de alimentaci\u00f3n USB-C PD adicional).<\/li>\n<\/ul>\n<\/ul><\/div>\n<\/p><\/div>\n<p> <!-- Resoluci\u00f3n de v\u00eddeo --> <\/p>\n<div style='border: 1px solid rgba(150&comma; 150&comma; 150&comma; 0.4); border-radius: 8px; overflow: hidden; display: flex; flex-direction: column;'>\n<div style='padding: 15px; border-bottom: 1px solid rgba(150&comma; 150&comma; 150&comma; 0.2); font-weight: bold; font-size: 16px; color: inherit;'>Resoluci\u00f3n de v\u00eddeo<\/div>\n<div style='padding: 15px; color: inherit;'>\n<ul style='padding-left: 20px; margin: 0; font-size: 14px; list-style-type: disc;'>\n<li style='margin-bottom: 5px;'>3840 x 2160 a 60 Hz*<\/li>\n<ul style='padding-left: 20px; margin: 0;'>\n<li style='margin-bottom: 5px;'>*Para obtener el m\u00e1ximo ancho de banda&comma; la velocidad de subida debe ser compatible con el modo DP1.4 Alt est\u00e1ndar con DSC3:1 y HBR3.<\/li>\n<li style='margin-bottom: 5px;'>*Cuando se conecta un modo DP1.2 Alt compatible con la velocidad de subida&comma; la resoluci\u00f3n m\u00e1xima de HDMI es de 4k a 30 Hz debido a la limitaci\u00f3n del ancho de banda.<\/li>\n<\/ul>\n<\/ul><\/div>\n<\/p><\/div>\n<p> <!-- Consumo de energ\u00eda --> <\/p>\n<div style='border: 1px solid rgba(150&comma; 150&comma; 150&comma; 0.4); border-radius: 8px; overflow: hidden; display: flex; flex-direction: column;'>\n<div style='padding: 15px; border-bottom: 1px solid rgba(150&comma; 150&comma; 150&comma; 0.2); font-weight: bold; font-size: 16px; color: inherit;'>Consumo de energ\u00eda<\/div>\n<div style='padding: 15px; color: inherit;'>\n<ul style='padding-left: 20px; margin: 0; font-size: 14px; list-style-type: disc;'>\n<li style='margin-bottom: 5px;'>DC5V: 8W BTU\/h<\/li>\n<ul style='padding-left: 20px; margin: 0;'>\n<li style='margin-bottom: 5px;'>\u2022 La medici\u00f3n en vatios indica el consumo de energ\u00eda t\u00edpico del aparato sin carga externa.<\/li>\n<li style='margin-bottom: 5px;'>\u2022 La medici\u00f3n en BTU\/h indica el consumo de energ\u00eda del dispositivo cuando est\u00e1 totalmente cargado.<\/li>\n<\/ul>\n<\/ul><\/div>\n<\/p><\/div>\n<p> <!-- Requisitos del sistema --> <\/p>\n<div style='border: 1px solid rgba(150&comma; 150&comma; 150&comma; 0.4); border-radius: 8px; overflow: hidden; display: flex; flex-direction: column;'>\n<div style='padding: 15px; border-bottom: 1px solid rgba(150&comma; 150&comma; 150&comma; 0.2); font-weight: bold; font-size: 16px; color: inherit;'>Requisitos del sistema<\/div>\n<div style='padding: 15px; color: inherit;'>\n<ul style='padding-left: 20px; margin: 0; font-size: 14px; list-style-type: disc;'>\n<li style='margin-bottom: 5px;'>Windows 10 y superior&comma; ordenador habilitado para USB-C con modo DP Alt*<\/li>\n<ul style='padding-left: 20px; margin: 0;'>\n<li style='margin-bottom: 5px;'>*Con procesador Intel Core de 7.\u00aa generaci\u00f3n (Kaby-Lake) y superior.<\/li>\n<li style='margin-bottom: 5px;'>Para m\u00e1s informaci\u00f3n sobre la generaci\u00f3n de la CPU&comma; visita: <a href='https:\/\/www.intel.com\/content\/www\/us\/en\/processors\/processor-numbers.html' target='_blank' rel='noopener' style='color: inherit; text-decoration: underline; font-weight: normal;'>Intel<\/a><\/li>\n<\/ul>\n<li style='margin-bottom: 5px;'>MacOS X 10.12 y superior&comma; ordenador con USB-C<\/li>\n<li style='margin-bottom: 5px;'>iPadOS 13.1 y superior&comma; iPad Pro (USB-C)<\/li>\n<li style='margin-bottom: 5px;'>Android 8.0 y posterior&comma; Smartphone con USB-C y modo DP Alt<\/li>\n<\/ul><\/div>\n<\/p><\/div>\n<p> <!-- Condiciones medioambientales --> <\/p>\n<div style='border: 1px solid rgba(150&comma; 150&comma; 150&comma; 0.4); border-radius: 8px; overflow: hidden; display: flex; flex-direction: column;'>\n<div style='padding: 15px; border-bottom: 1px solid rgba(150&comma; 150&comma; 150&comma; 0.2); font-weight: bold; font-size: 16px; color: inherit;'>Condiciones medioambientales<\/div>\n<div style='padding: 15px; color: inherit;'>\n<ul style='padding-left: 20px; margin: 0; font-size: 14px; list-style-type: disc;'>\n<li style='margin-bottom: 5px;'>Temperatura de funcionamiento: 0 \u00b0C a 40 \u00b0C<\/li>\n<li style='margin-bottom: 5px;'>Temperatura de almacenamiento: \u201320 \u00b0C a 60 \u00b0C<\/li>\n<li style='margin-bottom: 5px;'>Humedad: HR del 0-80 %&comma; sin condensaci\u00f3n<\/li>\n<\/ul><\/div>\n<\/p><\/div>\n<p> <!-- Propiedades f\u00edsicas --> <\/p>\n<div style='border: 1px solid rgba(150&comma; 150&comma; 150&comma; 0.4); border-radius: 8px; overflow: hidden; display: flex; flex-direction: column;'>\n<div style='padding: 15px; border-bottom: 1px solid rgba(150&comma; 150&comma; 150&comma; 0.2); font-weight: bold; font-size: 16px; color: inherit;'>Propiedades f\u00edsicas<\/div>\n<div style='padding: 15px; color: inherit;'>\n<ul style='padding-left: 20px; margin: 0; font-size: 14px; list-style-type: disc;'>\n<li style='margin-bottom: 5px;'>Carcasa: Aluminio<\/li>\n<li style='margin-bottom: 5px;'>Peso: 0.04 kg (0.1 lb)<\/li>\n<li style='margin-bottom: 5px;'>Dimensiones (LA x AN x AL): 9.00 x 3.20 x 0.82 cm (3.54 x 1.26 x 0.32 in.)<\/li>\n<ul style='padding-left: 20px; margin: 0;'>\n<li style='margin-bottom: 5px;'>*Nota: Tenga en cuenta que&comma; en algunos productos de montaje en bastidor&comma; las dimensiones f\u00edsicas est\u00e1ndar de anchura x profundidad x altura se expresan en el formato longitud x anchura x altura.<\/li>\n<\/ul>\n<\/ul><\/div>\n<\/p><\/div>\n<\/p><\/div>\n<\/p><\/div>\n<p> <!-- Separador --> <\/p>\n<hr style='border: 0; border-top: 1px solid rgba(150&comma; 150&comma; 150&comma; 0.3); margin: 30px 0;'> <\/div>\n","protected":false},"excerpt":{"rendered":"<p>USB-C Travel Dock con Power Pass-Through<\/p>\n","protected":false},"featured_media":92921,"comment_status":"open","ping_status":"closed","template":"","meta":[],"product_brand":[],"product_cat":[2119],"product_tag":[93,2121,2120],"class_list":{"0":"post-92922","1":"product","2":"type-product","3":"status-publish","4":"has-post-thumbnail","6":"product_cat-accesorios-proav","7":"product_tag-accesorios","8":"product_tag-aten","9":"product_tag-proav","11":"first","12":"instock","13":"sale","14":"shipping-taxable","15":"purchasable","16":"product-type-simple"},"_links":{"self":[{"href":"https:\/\/soydeaqui.ddns.net\/pachuca\/index.php\/wp-json\/wp\/v2\/product\/92922","targetHints":{"allow":["GET"]}}],"collection":[{"href":"https:\/\/soydeaqui.ddns.net\/pachuca\/index.php\/wp-json\/wp\/v2\/product"}],"about":[{"href":"https:\/\/soydeaqui.ddns.net\/pachuca\/index.php\/wp-json\/wp\/v2\/types\/product"}],"replies":[{"embeddable":true,"href":"https:\/\/soydeaqui.ddns.net\/pachuca\/index.php\/wp-json\/wp\/v2\/comments?post=92922"}],"wp:featuredmedia":[{"embeddable":true,"href":"https:\/\/soydeaqui.ddns.net\/pachuca\/index.php\/wp-json\/wp\/v2\/media\/92921"}],"wp:attachment":[{"href":"https:\/\/soydeaqui.ddns.net\/pachuca\/index.php\/wp-json\/wp\/v2\/media?parent=92922"}],"wp:term":[{"taxonomy":"product_brand","embeddable":true,"href":"https:\/\/soydeaqui.ddns.net\/pachuca\/index.php\/wp-json\/wp\/v2\/product_brand?post=92922"},{"taxonomy":"product_cat","embeddable":true,"href":"https:\/\/soydeaqui.ddns.net\/pachuca\/index.php\/wp-json\/wp\/v2\/product_cat?post=92922"},{"taxonomy":"product_tag","embeddable":true,"href":"https:\/\/soydeaqui.ddns.net\/pachuca\/index.php\/wp-json\/wp\/v2\/product_tag?post=92922"}],"curies":[{"name":"wp","href":"https:\/\/api.w.org\/{rel}","templated":true}]}}