{"id":92909,"date":"2026-03-20T05:39:50","date_gmt":"2026-03-20T05:39:50","guid":{"rendered":"https:\/\/soydeaqui.ddns.net\/pachuca\/index.php\/producto\/mezclador-de-audio-para-podcast-con-ia-miclive-de-6-canales\/"},"modified":"2026-03-20T05:40:10","modified_gmt":"2026-03-20T05:40:10","slug":"mezclador-de-audio-para-podcast-con-ia-miclive-de-6-canales","status":"publish","type":"product","link":"https:\/\/soydeaqui.ddns.net\/pachuca\/index.php\/producto\/mezclador-de-audio-para-podcast-con-ia-miclive-de-6-canales\/","title":{"rendered":"Mezclador de audio para p\u00f3dcast con IA | MicLIVE\u2122 de 6 canales"},"content":{"rendered":"<div style='width: 100%; max-width: 1200px; margin: 0 auto; font-family: sans-serif; line-height: 1.6; color: inherit; background-color: transparent;'> <!-- Imagen 1 --> <\/p>\n<div style='margin-bottom: 20px;'> <img style='width: 100%; height: auto; border: 1px solid rgba(150&comma;150&comma;150&comma;0.3); border-radius: 8px;' src='https:\/\/ftp3.syscom.mx\/usuarios\/luis.vargas\/ATEN\/ATEN.jpg' alt='ATEN VM1600A'> <\/div>\n<p> <!-- Imagen 2 y texto --> <\/p>\n<div style='display: flex; flex-wrap: wrap; gap: 30px; margin-bottom: 30px;'>\n<div style='flex: 1 1 300px; min-width: 280px;'> <img style='width: 100%; height: auto; border: 1px solid rgba(150&comma;150&comma;150&comma;0.3); border-radius: 8px;' src='https:\/\/ftp3.syscom.mx\/usuarios\/luis.vargas\/ATEN\/UC8000\/UC8000.png' alt=''> <\/div>\n<div style='flex: 1 1 300px; min-width: 280px;'>\n<div style='font-size: 14px; font-weight: bold; margin-bottom: 15px; color: inherit; opacity: 0.8;'>Mezclador de audio para p\u00f3dcast con IA<\/div>\n<p style='font-size: 15px; color: inherit; text-align: justify;'> El MicLIVE de 6 canales es el primer mezclador de audio optimizado con IA del sector para la grabaci\u00f3n de p\u00f3dcasts&comma; ya que adopta la tecnolog\u00eda de ecualizaci\u00f3n inteligente para ofrecer una mejora ac\u00fastica para una experiencia de grabaci\u00f3n de voz optimizada. Este mezclador de audio integra el equipo de mezcla de audio en una carcasa de caja de escenario compacta y ofrece hasta 6 entradas de audio de canal&comma; un DSP incorporado y un convertidor AD\/DA y agrega audio hasta 24 bits\/96 kHz a cualquier ordenador port\u00e1til o tableta con USB-C. <\/p>\n<\/p><\/div>\n<\/p><\/div>\n<p> <!-- Caracter\u00edsticas --> <\/p>\n<div style='margin-bottom: 30px;'>\n<h3 style='font-size: 18px; margin-bottom: 15px; color: inherit; opacity: 0.8; text-align: center;'>Caracter\u00edsticas<\/h3>\n<div style='display: flex; flex-wrap: wrap; gap: 20px;'> <!-- Columna 1 --> <\/p>\n<div style='flex: 1 1 300px; min-width: 280px;'>\n<div style='border: 1px solid rgba(150&comma; 150&comma; 150&comma; 0.4); border-radius: 8px; overflow: hidden; margin-bottom: 15px;'>\n<div style='padding: 15px; border-bottom: 1px solid rgba(150&comma; 150&comma; 150&comma; 0.2); font-weight: bold; font-size: 16px; color: inherit;'>Entradas de audio<\/div>\n<div style='padding: 15px; color: inherit;'>\n<ul style='padding-left: 20px; margin: 0; font-size: 14px; list-style-type: disc;'>\n<li style='margin-bottom: 5px;'>Combo XLR: 2 x conector XLR-3-31(1=GND&comma; 2=HOT&comma; 3=COLD) o conector TRS est\u00e1ndar de 6&comma;3 mm (1\/4 pulgadas) (T=HOT&comma; R=COLD&comma; S=GND).<\/li>\n<li style='margin-bottom: 5px;'>Entrada de l\u00ednea: a trav\u00e9s del conector de tel\u00e9fono TRRS de 4 polos (1\/8 pulgadas) (T= izquierda&comma; R=derecha&comma; R=GND&comma; S= MIC. Est\u00e1ndar CTIA).<\/li>\n<li>Entrada de audio USB: a trav\u00e9s de USB tipo C.<\/li>\n<\/ul><\/div>\n<\/p><\/div>\n<div style='border: 1px solid rgba(150&comma; 150&comma; 150&comma; 0.4); border-radius: 8px; overflow: hidden; margin-bottom: 15px;'>\n<div style='padding: 15px; border-bottom: 1px solid rgba(150&comma; 150&comma; 150&comma; 0.2); font-weight: bold; font-size: 16px; color: inherit;'>Salidas de audio<\/div>\n<div style='padding: 15px; color: inherit;'>\n<ul style='padding-left: 20px; margin: 0; font-size: 14px; list-style-type: disc;'>\n<li style='margin-bottom: 5px;'>Salida de l\u00ednea: a trav\u00e9s del conector de tel\u00e9fono TRRS de 4 polos (1\/8 pulgadas) (T= izquierda&comma; R=derecha&comma; R=GND&comma; S= MIC. Est\u00e1ndar CTIA).<\/li>\n<li style='margin-bottom: 5px;'>Salida de audio USB: a trav\u00e9s de USB tipo C.<\/li>\n<li>Monitorizaci\u00f3n de auriculares: 2 x conector de tel\u00e9fono TRS hembra de 1\/8 pulgadas.<\/li>\n<\/ul><\/div>\n<\/p><\/div>\n<div style='border: 1px solid rgba(150&comma; 150&comma; 150&comma; 0.4); border-radius: 8px; overflow: hidden; margin-bottom: 15px;'>\n<div style='padding: 15px; border-bottom: 1px solid rgba(150&comma; 150&comma; 150&comma; 0.2); font-weight: bold; font-size: 16px; color: inherit;'>Muestreo de audio<\/div>\n<div style='padding: 15px; color: inherit;'>\n<ul style='padding-left: 20px; margin: 0; font-size: 14px; list-style-type: disc;'>\n<li>24 bits\/96 kHz.<\/li>\n<\/ul><\/div>\n<\/p><\/div>\n<div style='border: 1px solid rgba(150&comma; 150&comma; 150&comma; 0.4); border-radius: 8px; overflow: hidden; margin-bottom: 15px;'>\n<div style='padding: 15px; border-bottom: 1px solid rgba(150&comma; 150&comma; 150&comma; 0.2); font-weight: bold; font-size: 16px; color: inherit;'>Conexi\u00f3n<\/div>\n<div style='padding: 15px; color: inherit;'>\n<ul style='padding-left: 20px; margin: 0; font-size: 14px; list-style-type: disc;'>\n<li>1x USB TIPO-C hembra&comma; con alimentaci\u00f3n de bus USB.<\/li>\n<\/ul><\/div>\n<\/p><\/div>\n<\/p><\/div>\n<p> <!-- Columna 2 --> <\/p>\n<div style='flex: 1 1 300px; min-width: 280px;'>\n<div style='border: 1px solid rgba(150&comma; 150&comma; 150&comma; 0.4); border-radius: 8px; overflow: hidden; margin-bottom: 15px;'>\n<div style='padding: 15px; border-bottom: 1px solid rgba(150&comma; 150&comma; 150&comma; 0.2); font-weight: bold; font-size: 16px; color: inherit;'>Entradas de micr\u00f3fono<\/div>\n<div style='padding: 15px; color: inherit;'>\n<ul style='padding-left: 20px; margin: 0; font-size: 14px; list-style-type: disc;'>\n<li style='margin-bottom: 5px;'>Respuesta de frecuencia: 20 Hz &#8211; 20 kHz.<\/li>\n<li style='margin-bottom: 5px;'>Rango din\u00e1mico: 90 dB.<\/li>\n<li style='margin-bottom: 5px;'>Distorsi\u00f3n arm\u00f3nica: &#8211; 82 dB.<\/li>\n<li style='margin-bottom: 5px;'>Nivel m\u00e1ximo de entrada: 12&comma;5 mVrms.<\/li>\n<li style='margin-bottom: 5px;'>Rango de ganancia: 40 dB (para micr\u00f3fono din\u00e1mico)&comma; 30 dB (para micr\u00f3fono de condensador).<\/li>\n<li style='margin-bottom: 5px;'>Impedancia: 3 K\u03a9 (Tipo).<\/li>\n<li style='margin-bottom: 5px;'>Phantom power: +48 VDC.<\/li>\n<li>Ruido de entrada equivalente: Hasta un m\u00e1ximo de -128 dBu.<\/li>\n<\/ul><\/div>\n<\/p><\/div>\n<div style='border: 1px solid rgba(150&comma; 150&comma; 150&comma; 0.4); border-radius: 8px; overflow: hidden; margin-bottom: 15px;'>\n<div style='padding: 15px; border-bottom: 1px solid rgba(150&comma; 150&comma; 150&comma; 0.2); font-weight: bold; font-size: 16px; color: inherit;'>Entradas de instrumento<\/div>\n<div style='padding: 15px; color: inherit;'>\n<ul style='padding-left: 20px; margin: 0; font-size: 14px; list-style-type: disc;'>\n<li style='margin-bottom: 5px;'>Respuesta de frecuencia: 20 Hz &#8211; 20 kHz.<\/li>\n<li style='margin-bottom: 5px;'>Rango din\u00e1mico: 82 dB.<\/li>\n<li style='margin-bottom: 5px;'>Distorsi\u00f3n arm\u00f3nica: &#8211; 80 dB.<\/li>\n<li style='margin-bottom: 5px;'>Nivel m\u00e1ximo de entrada: 440 mVrms.<\/li>\n<li>Impedancia: 1 M\u03a9.<\/li>\n<\/ul><\/div>\n<\/p><\/div>\n<div style='border: 1px solid rgba(150&comma; 150&comma; 150&comma; 0.4); border-radius: 8px; overflow: hidden; margin-bottom: 15px;'>\n<div style='padding: 15px; border-bottom: 1px solid rgba(150&comma; 150&comma; 150&comma; 0.2); font-weight: bold; font-size: 16px; color: inherit;'>Entradas de l\u00ednea<\/div>\n<div style='padding: 15px; color: inherit;'>\n<ul style='padding-left: 20px; margin: 0; font-size: 14px; list-style-type: disc;'>\n<li style='margin-bottom: 5px;'>Respuesta de frecuencia: 20 Hz &#8211; 20 kHz.<\/li>\n<li style='margin-bottom: 5px;'>Rango din\u00e1mico: 95 dB.<\/li>\n<li style='margin-bottom: 5px;'>Distorsi\u00f3n arm\u00f3nica: &#8211; 90 dB.<\/li>\n<li style='margin-bottom: 5px;'>Nivel m\u00e1ximo de entrada: 1 Vrms.<\/li>\n<li>Impedancia: 2&comma;5 K\u03a9 (Tipo).<\/li>\n<\/ul><\/div>\n<\/p><\/div>\n<\/p><\/div>\n<p> <!-- Columna 3 --> <\/p>\n<div style='flex: 1 1 300px; min-width: 280px;'>\n<div style='border: 1px solid rgba(150&comma; 150&comma; 150&comma; 0.4); border-radius: 8px; overflow: hidden; margin-bottom: 15px;'>\n<div style='padding: 15px; border-bottom: 1px solid rgba(150&comma; 150&comma; 150&comma; 0.2); font-weight: bold; font-size: 16px; color: inherit;'>Salidas de l\u00ednea<\/div>\n<div style='padding: 15px; color: inherit;'>\n<ul style='padding-left: 20px; margin: 0; font-size: 14px; list-style-type: disc;'>\n<li style='margin-bottom: 5px;'>Respuesta de frecuencia: 20 Hz &#8211; 20 kHz.<\/li>\n<li style='margin-bottom: 5px;'>Nivel m\u00e1ximo de emisi\u00f3n: 1 Vrms.<\/li>\n<li>Impedancia: 200 \u03a9.<\/li>\n<\/ul><\/div>\n<\/p><\/div>\n<div style='border: 1px solid rgba(150&comma; 150&comma; 150&comma; 0.4); border-radius: 8px; overflow: hidden; margin-bottom: 15px;'>\n<div style='padding: 15px; border-bottom: 1px solid rgba(150&comma; 150&comma; 150&comma; 0.2); font-weight: bold; font-size: 16px; color: inherit;'>Salidas para auriculares<\/div>\n<div style='padding: 15px; color: inherit;'>\n<ul style='padding-left: 20px; margin: 0; font-size: 14px; list-style-type: disc;'>\n<li style='margin-bottom: 5px;'>Respuesta de frecuencia: 20 Hz &#8211; 20 kHz.<\/li>\n<li style='margin-bottom: 5px;'>Nivel m\u00e1ximo de emisi\u00f3n: 2Vrms.<\/li>\n<li>Impedancia: 10 \u03a9.<\/li>\n<\/ul><\/div>\n<\/p><\/div>\n<div style='border: 1px solid rgba(150&comma; 150&comma; 150&comma; 0.4); border-radius: 8px; overflow: hidden; margin-bottom: 15px;'>\n<div style='padding: 15px; border-bottom: 1px solid rgba(150&comma; 150&comma; 150&comma; 0.2); font-weight: bold; font-size: 16px; color: inherit;'>Audio digital<\/div>\n<div style='padding: 15px; color: inherit;'>\n<ul style='padding-left: 20px; margin: 0; font-size: 14px; list-style-type: disc;'>\n<li style='margin-bottom: 5px;'>Rango din\u00e1mico del ADC: 92 dB.<\/li>\n<li style='margin-bottom: 5px;'>Rango din\u00e1mico del DAC: 95 dB.<\/li>\n<li>Nivel m\u00e1ximo de entrada: +4 dBu.<\/li>\n<\/ul><\/div>\n<\/p><\/div>\n<div style='border: 1px solid rgba(150&comma; 150&comma; 150&comma; 0.4); border-radius: 8px; overflow: hidden; margin-bottom: 15px;'>\n<div style='padding: 15px; border-bottom: 1px solid rgba(150&comma; 150&comma; 150&comma; 0.2); font-weight: bold; font-size: 16px; color: inherit;'>Condiciones medioambientales<\/div>\n<div style='padding: 15px; color: inherit;'>\n<ul style='padding-left: 20px; margin: 0; font-size: 14px; list-style-type: disc;'>\n<li style='margin-bottom: 5px;'>Temperatura de funcionamiento: 0 \u00b0C a 40 \u00b0C.<\/li>\n<li style='margin-bottom: 5px;'>Temperatura de almacenamiento: -20 \u00b0C a 60 \u00b0C.<\/li>\n<li>Humedad: HR del 0-80 %&comma; sin condensaci\u00f3n.<\/li>\n<\/ul><\/div>\n<\/p><\/div>\n<\/p><\/div>\n<p> <!-- Columna 4 --> <\/p>\n<div style='flex: 1 1 300px; min-width: 280px;'>\n<div style='border: 1px solid rgba(150&comma; 150&comma; 150&comma; 0.4); border-radius: 8px; overflow: hidden; margin-bottom: 15px;'>\n<div style='padding: 15px; border-bottom: 1px solid rgba(150&comma; 150&comma; 150&comma; 0.2); font-weight: bold; font-size: 16px; color: inherit;'>Sistemas operativos compatibles<\/div>\n<div style='padding: 15px; color: inherit;'>\n<ul style='padding-left: 20px; margin: 0; font-size: 14px; list-style-type: disc;'>\n<li style='margin-bottom: 10px;'><strong>Requisitos del sistema para PC y Mac:<\/strong><br \/> \u2022 Procesador multin\u00facleo Intel i3 de 2 GHz (o AMD\/Apple M1 equivalente) o de mayor potencia<br \/> \u2022 2 GB de RAM (se recomiendan 8 GB o m\u00e1s)<br \/> \u2022 Interfaz USB-C\u2122 compatible con USB 3.0 o superior<br \/> \u2022 Sistema operativo Windows 10 o posterior&comma; MacOS 10.11 o posterior<\/li>\n<li style='margin-bottom: 10px;'><strong>Requisitos del sistema para iPads:<\/strong><br \/> \u2022 iPad Pro (3.\u00aa gen. o posterior)<br \/> \u2022 iPad Air (4.\u00aa gen. o posterior)&comma; iPad Mini (6.\u00aa gen. o posterior) con interfaz USB-C\u2122<br \/> \u2022 iPad Pro (1.\u00aa y 2.\u00aa gen.)<br \/> \u2022 iPad (5.\u00aa gen. o posterior)<br \/> \u2022 iPad Air (3.\u00aa gen.)<br \/> \u2022 iPad Mini (5.\u00aa generaci\u00f3n) con conector o adaptador de tel\u00e9fono<\/li>\n<li><strong>Software OnAir Audio:<\/strong><br \/> \u2022 Windows 10 o posterior (64 bits)<br \/> \u2022 MacOS 10.13 o posterior (64 bits)<\/li>\n<\/ul><\/div>\n<\/p><\/div>\n<div style='border: 1px solid rgba(150&comma; 150&comma; 150&comma; 0.4); border-radius: 8px; overflow: hidden; margin-bottom: 15px;'>\n<div style='padding: 15px; border-bottom: 1px solid rgba(150&comma; 150&comma; 150&comma; 0.2); font-weight: bold; font-size: 16px; color: inherit;'>Consumo de energ\u00eda<\/div>\n<div style='padding: 15px; color: inherit;'>\n<ul style='padding-left: 20px; margin: 0; font-size: 14px; list-style-type: disc;'>\n<li style='margin-bottom: 5px;'>DC5V: 2.55W: 12BTU\/h.<\/li>\n<li><strong>Nota:<\/strong> La medici\u00f3n en vatios indica el consumo de energ\u00eda t\u00edpico del aparato sin carga externa. La medici\u00f3n en BTU\/h indica el consumo de energ\u00eda del dispositivo cuando est\u00e1 totalmente cargado.<\/li>\n<\/ul><\/div>\n<\/p><\/div>\n<div style='border: 1px solid rgba(150&comma; 150&comma; 150&comma; 0.4); border-radius: 8px; overflow: hidden; margin-bottom: 15px;'>\n<div style='padding: 15px; border-bottom: 1px solid rgba(150&comma; 150&comma; 150&comma; 0.2); font-weight: bold; font-size: 16px; color: inherit;'>Propiedades f\u00edsicas<\/div>\n<div style='padding: 15px; color: inherit;'>\n<ul style='padding-left: 20px; margin: 0; font-size: 14px; list-style-type: disc;'>\n<li style='margin-bottom: 5px;'>Carcasa: Pl\u00e1stico.<\/li>\n<li style='margin-bottom: 5px;'>Peso: 0.42 kg (0.93 lb).<\/li>\n<li style='margin-bottom: 5px;'>Dimensiones (LA x AN x AL): 13.05 x 18.09 x 6.27 cm (5.14 x 7.12 x 2.47 in.).<\/li>\n<li><strong>Nota:<\/strong> Tenga en cuenta que&comma; en algunos productos de montaje en bastidor&comma; las dimensiones f\u00edsicas est\u00e1ndar de anchura x profundidad x altura se expresan en el formato longitud x anchura x altura.<\/li>\n<\/ul><\/div>\n<\/p><\/div>\n<\/p><\/div>\n<\/p><\/div>\n<\/p><\/div>\n<p> <!-- Separador --> <\/p>\n<hr style='border: 0; border-top: 1px solid rgba(150&comma; 150&comma; 150&comma; 0.3); margin: 30px 0;'> <\/div>\n","protected":false},"excerpt":{"rendered":"<p>Mezclador de audio para p\u00f3dcast con IA | MicLIVE\u2122 de 6 canales<\/p>\n","protected":false},"featured_media":92908,"comment_status":"open","ping_status":"closed","template":"","meta":[],"product_brand":[],"product_cat":[2119],"product_tag":[93,2121,2120],"class_list":{"0":"post-92909","1":"product","2":"type-product","3":"status-publish","4":"has-post-thumbnail","6":"product_cat-accesorios-proav","7":"product_tag-accesorios","8":"product_tag-aten","9":"product_tag-proav","11":"first","12":"instock","13":"sale","14":"shipping-taxable","15":"purchasable","16":"product-type-simple"},"_links":{"self":[{"href":"https:\/\/soydeaqui.ddns.net\/pachuca\/index.php\/wp-json\/wp\/v2\/product\/92909","targetHints":{"allow":["GET"]}}],"collection":[{"href":"https:\/\/soydeaqui.ddns.net\/pachuca\/index.php\/wp-json\/wp\/v2\/product"}],"about":[{"href":"https:\/\/soydeaqui.ddns.net\/pachuca\/index.php\/wp-json\/wp\/v2\/types\/product"}],"replies":[{"embeddable":true,"href":"https:\/\/soydeaqui.ddns.net\/pachuca\/index.php\/wp-json\/wp\/v2\/comments?post=92909"}],"wp:featuredmedia":[{"embeddable":true,"href":"https:\/\/soydeaqui.ddns.net\/pachuca\/index.php\/wp-json\/wp\/v2\/media\/92908"}],"wp:attachment":[{"href":"https:\/\/soydeaqui.ddns.net\/pachuca\/index.php\/wp-json\/wp\/v2\/media?parent=92909"}],"wp:term":[{"taxonomy":"product_brand","embeddable":true,"href":"https:\/\/soydeaqui.ddns.net\/pachuca\/index.php\/wp-json\/wp\/v2\/product_brand?post=92909"},{"taxonomy":"product_cat","embeddable":true,"href":"https:\/\/soydeaqui.ddns.net\/pachuca\/index.php\/wp-json\/wp\/v2\/product_cat?post=92909"},{"taxonomy":"product_tag","embeddable":true,"href":"https:\/\/soydeaqui.ddns.net\/pachuca\/index.php\/wp-json\/wp\/v2\/product_tag?post=92909"}],"curies":[{"name":"wp","href":"https:\/\/api.w.org\/{rel}","templated":true}]}}