{"id":92901,"date":"2026-03-20T05:39:27","date_gmt":"2026-03-20T05:39:27","guid":{"rendered":"https:\/\/soydeaqui.ddns.net\/pachuca\/index.php\/producto\/home-router-inalambrico-mesh-disenado-para-gaming-con-doble-puerto-wan-gigabit-para-sumar-ancho-de-banda-4-puertos-lan-gigabit-wi-fi-6-2x2-doble-banda\/"},"modified":"2026-03-20T05:39:40","modified_gmt":"2026-03-20T05:39:40","slug":"home-router-inalambrico-mesh-disenado-para-gaming-con-doble-puerto-wan-gigabit-para-sumar-ancho-de-banda-4-puertos-lan-gigabit-wi-fi-6-2x2-doble-banda","status":"publish","type":"product","link":"https:\/\/soydeaqui.ddns.net\/pachuca\/index.php\/producto\/home-router-inalambrico-mesh-disenado-para-gaming-con-doble-puerto-wan-gigabit-para-sumar-ancho-de-banda-4-puertos-lan-gigabit-wi-fi-6-2x2-doble-banda\/","title":{"rendered":"Home Router inal\u00e1mbrico MESH , Dise\u00f1ado para GAMING con doble puerto WAN Gigabit para Sumar Ancho de banda, 4 puertos LAN Gigabit., WI-FI 6 2&#215;2 doble Banda"},"content":{"rendered":"<div style='width: 100%; max-width: 1200px; margin: 0 auto; font-family: sans-serif; line-height: 1.6; color: inherit; background-color: transparent;'> <!-- Imagen principal --> <\/p>\n<div style='margin-bottom: 30px;'> <img style='width: 100%; height: auto; border: 1px solid rgba(150&comma;150&comma;150&comma;0.3); border-radius: 8px;' src='https:\/\/ftp3.syscom.mx\/usuarios\/fotos\/RGRAP2260(G)\/203964-output.png' alt='Router Home Mesh RG-EW3200GX'> <\/div>\n<p> <!-- Secci\u00f3n principal con flex --> <\/p>\n<div style='display: flex; flex-wrap: wrap; gap: 30px; margin-bottom: 30px;'>\n<div style='flex: 1 1 300px; min-width: 280px;'>\n<h3 style='font-size: 22px; border-bottom: 2px solid currentColor; padding-bottom: 5px; margin-top: 0; color: inherit; opacity: 0.8;'>Caracter\u00edsticas Generales<\/h3>\n<ul style='padding-left: 20px; font-size: 15px; color: inherit;'>\n<li style='margin-bottom: 5px;'><strong>Est\u00e1ndar:<\/strong> 802.11ax (Wi-Fi 6). Soporta conexi\u00f3n de dispositivos de est\u00e1ndares anteriores<\/li>\n<li style='margin-bottom: 5px;'><strong>Bandas de operaci\u00f3n:<\/strong> 2.4 GHz (2&#215;2) \/ 5 GHz (2&#215;2)<\/li>\n<li style='margin-bottom: 5px;'><strong>Modos de operaci\u00f3n:<\/strong> Router&comma; Access Point&comma; WISP&comma; Mesh o repetidor universal<\/li>\n<li style='margin-bottom: 5px;'><strong>Configuraci\u00f3n a trav\u00e9s de:<\/strong> interfaz web (red local)&comma; aplicaci\u00f3n m\u00f3vil (remoto o en red local)&comma; plataforma cloud (remoto)<\/li>\n<li style='margin-bottom: 5px;'><strong>Puertos:<\/strong> 1 puerto Gigabit WAN&comma; 4 puertos Gigabit LAN para conectar otros dispositivos a la red de forma cableada<\/li>\n<li style='margin-bottom: 5px;'><strong>Garant\u00eda:<\/strong> 3 a\u00f1os<\/li>\n<\/ul><\/div>\n<div style='flex: 1 1 300px; min-width: 280px;'>\n<h3 style='font-size: 22px; border-bottom: 2px solid currentColor; padding-bottom: 5px; margin-top: 0; color: inherit; opacity: 0.8;'>Caracter\u00edsticas Destacadas<\/h3>\n<ul style='padding-left: 20px; font-size: 15px; color: inherit;'>\n<li style='margin-bottom: 5px;'>Se\u00f1al m\u00e1s fuerte con 5 antenas de 5 dBi<\/li>\n<li style='margin-bottom: 5px;'>Gesti\u00f3n gratuita en la nube de por vida<\/li>\n<li style='margin-bottom: 5px;'>Modo de Operaci\u00f3n Mesh con OFDMA<\/li>\n<\/ul><\/div>\n<\/p><\/div>\n<p> <!-- Secci\u00f3n de cards con especificaciones --> <\/p>\n<div style='display: flex; flex-wrap: wrap; gap: 20px; margin-bottom: 30px;'>\n<div style='flex: 1 1 250px; border: 1px solid rgba(150&comma; 150&comma; 150&comma; 0.4); border-radius: 8px; overflow: hidden; display: flex; flex-direction: column;'>\n<div style='padding: 15px; border-bottom: 1px solid rgba(150&comma; 150&comma; 150&comma; 0.2); font-weight: bold; font-size: 18px; color: inherit;'>Desempe\u00f1o Inal\u00e1mbrico<\/div>\n<div style='padding: 15px; color: inherit;'>\n<ul style='padding-left: 20px; margin: 0; font-size: 14px; list-style-type: disc;'>\n<li style='margin-bottom: 5px;'>Omnidireccional<\/li>\n<li style='margin-bottom: 5px;'>Hasta 192 usuarios concurrentes<\/li>\n<li style='margin-bottom: 5px;'>Soporta 6 SSIDs<\/li>\n<li style='margin-bottom: 5px;'><strong>Ancho de banda:<\/strong> 2.4 GHz 574 Mbps; 5 GHz 2&comma;402 Mbps<\/li>\n<li style='margin-bottom: 5px;'><strong>Ganancia de las Antenas:<\/strong> 5 Antenas doble Banda de 2.4 GHz 5 dBi; 5 GHz 5 dBi<\/li>\n<li style='margin-bottom: 5px;'><strong>Potencia de transmisi\u00f3n:<\/strong> 2.4 GHz 20 dBm (100 mW); 5 GHz 27 dBm (501 mW)<\/li>\n<\/ul>\n<h5 style='font-size: 14px; color: inherit; margin-top: 20px; margin-bottom: 10px; font-weight: 600; opacity: 0.7;'>Documentos y Software<\/h5>\n<ul style='padding-left: 20px; margin: 0; font-size: 14px; list-style-type: disc;'>\n<li style='margin-bottom: 5px;'><a href='https:\/\/reyee.ruijie.com\/en-global\/resources\/preview\/rg-ew3000gx-datasheet\/' target='_blank' rel='noopener' style='color: inherit; text-decoration: underline;'>Hoja de especificaciones<\/a><\/li>\n<li style='margin-bottom: 5px;'><a href='https:\/\/reyee.ruijie.com\/en-global\/resources\/products\/?activeName=documents&#038;DocumentType=[Installation%20Guide]&#038;Products=[RG-EW3000GX]' target='_blank' rel='noopener' style='color: inherit; text-decoration: underline;'>Manual de Instalaci\u00f3n<\/a><\/li>\n<li style='margin-bottom: 5px;'><a href='https:\/\/reyee.ruijie.com\/es-latam\/resources\/products?activeName=software' target='_blank' rel='noopener' style='color: inherit; text-decoration: underline;'>Descargar Firmware<\/a><\/li>\n<\/ul><\/div>\n<\/p><\/div>\n<div style='flex: 1 1 250px; border: 1px solid rgba(150&comma; 150&comma; 150&comma; 0.4); border-radius: 8px; overflow: hidden; display: flex; flex-direction: column;'>\n<div style='padding: 15px; border-bottom: 1px solid rgba(150&comma; 150&comma; 150&comma; 0.2); font-weight: bold; font-size: 18px; color: inherit;'>Caracter\u00edsticas F\u00edsicas y El\u00e9ctricas<\/div>\n<div style='padding: 15px; color: inherit;'>\n<ul style='padding-left: 20px; margin: 0; font-size: 14px; list-style-type: disc;'>\n<li style='margin-bottom: 5px;'><strong>Alimentaci\u00f3n:<\/strong> DC 12 Vcc (1A)&comma; consumo Max 12 Watts<\/li>\n<li style='margin-bottom: 5px;'><strong>Dimensiones:<\/strong> 240 mm x 130 mm x 32 mm<\/li>\n<li style='margin-bottom: 5px;'><strong>Peso:<\/strong> 0.80 kg<\/li>\n<li style='margin-bottom: 5px;'><strong>Temperatura en Operaci\u00f3n:<\/strong> -10\u00b0C a +40\u00b0C<\/li>\n<li style='margin-bottom: 5px;'><strong>Grado de protecci\u00f3n:<\/strong> IP41<\/li>\n<\/ul><\/div>\n<\/p><\/div>\n<div style='flex: 1 1 250px; border: 1px solid rgba(150&comma; 150&comma; 150&comma; 0.4); border-radius: 8px; overflow: hidden; display: flex; flex-direction: column;'>\n<div style='padding: 15px; border-bottom: 1px solid rgba(150&comma; 150&comma; 150&comma; 0.2); font-weight: bold; font-size: 18px; color: inherit;'>Contenido del Paquete<\/div>\n<div style='padding: 15px; color: inherit;'>\n<ul style='padding-left: 20px; margin: 0; font-size: 14px; list-style-type: disc;'>\n<li style='margin-bottom: 5px;'>1 x Router Inal\u00e1mbrico RG-EW3200GX<\/li>\n<li style='margin-bottom: 5px;'>Eliminador DC 12 Vcc (1A)<\/li>\n<li style='margin-bottom: 5px;'>Cable de Red<\/li>\n<li style='margin-bottom: 5px;'>Gu\u00eda r\u00e1pida de instalaci\u00f3n<\/li>\n<\/ul>\n<h5 style='font-size: 14px; color: inherit; margin-top: 20px; margin-bottom: 10px; font-weight: 600; opacity: 0.7;'>Accesorios Sugeridos (Venta por separado)<\/h5>\n<ul style='padding-left: 20px; margin: 0; font-size: 14px; list-style-type: disc;'>\n<li style='margin-bottom: 5px;'><a href='https:\/\/www.syscom.mx\/producto\/P12DC3A-EPCOM-POWERLINE-144801.html' target='_blank' rel='noopener' style='color: inherit; text-decoration: underline;'>Eliminador DC de Repuesto: P12DC3A<\/a><\/li>\n<\/ul><\/div>\n<\/p><\/div>\n<div style='flex: 1 1 250px; border: 1px solid rgba(150&comma; 150&comma; 150&comma; 0.4); border-radius: 8px; overflow: hidden; display: flex; flex-direction: column;'>\n<div style='padding: 15px; border-bottom: 1px solid rgba(150&comma; 150&comma; 150&comma; 0.2); font-weight: bold; font-size: 18px; color: inherit;'>Especificaciones T\u00e9cnicas<\/div>\n<div style='padding: 15px; color: inherit;'>\n<ul style='padding-left: 20px; margin: 0; font-size: 14px; list-style-type: disc;'>\n<li style='margin-bottom: 5px;'>Control parental<\/li>\n<li style='margin-bottom: 5px;'>IPTV VLAN<\/li>\n<li style='margin-bottom: 5px;'>Firewall (Funciones B\u00e1sicas)<\/li>\n<\/ul><\/div>\n<\/p><\/div>\n<div style='flex: 1 1 250px; border: 1px solid rgba(150&comma; 150&comma; 150&comma; 0.4); border-radius: 8px; overflow: hidden; display: flex; flex-direction: column;'>\n<div style='padding: 15px; border-bottom: 1px solid rgba(150&comma; 150&comma; 150&comma; 0.2); font-weight: bold; font-size: 18px; color: inherit;'>Gesti\u00f3n y Soporte Avanzados<\/div>\n<div style='padding: 15px; color: inherit;'>\n<ul style='padding-left: 20px; margin: 0; font-size: 14px; list-style-type: disc;'>\n<li style='margin-bottom: 5px;'>Interfaz Local<\/li>\n<li style='margin-bottom: 5px;'>Gesti\u00f3n Remota Ruijie Cloud<\/li>\n<li style='margin-bottom: 5px;'>Gesti\u00f3n Remota Ruijie APP<\/li>\n<\/ul><\/div>\n<\/p><\/div>\n<div style='flex: 1 1 250px; border: 1px solid rgba(150&comma; 150&comma; 150&comma; 0.4); border-radius: 8px; overflow: hidden; display: flex; flex-direction: column;'>\n<div style='padding: 15px; border-bottom: 1px solid rgba(150&comma; 150&comma; 150&comma; 0.2); font-weight: bold; font-size: 18px; color: inherit;'>Fiabilidad y Garant\u00eda<\/div>\n<div style='padding: 15px; color: inherit;'>\n<ul style='padding-left: 20px; margin: 0; font-size: 14px; list-style-type: disc;'>\n<li style='margin-bottom: 5px;'>Incluye 3 a\u00f1os de Garant\u00eda<\/li>\n<\/ul><\/div>\n<\/p><\/div>\n<\/p><\/div>\n<p> <!-- Im\u00e1genes adicionales --> <\/p>\n<div style='display: flex; flex-wrap: wrap; gap: 15px; margin-bottom: 30px;'>\n<div style='flex: 1 1 30%; min-width: 280px;'> <img style='width: 100%; height: auto; border: 1px solid rgba(150&comma;150&comma;150&comma;0.3); border-radius: 8px;' src='https:\/\/ftp3.syscom.mx\/usuarios\/fotos\/RGEW3000GX\/230509-2024-12-27_18_37_18-rg-ew3000gx_3000m_wi-fi_6_dual-wan_gigabit_router_-_ruijie_reyee.png' alt='Vista frontal del router RG-EW3000GX'> <\/div>\n<div style='flex: 1 1 30%; min-width: 280px;'> <img style='width: 100%; height: auto; border: 1px solid rgba(150&comma;150&comma;150&comma;0.3); border-radius: 8px;' src='https:\/\/ftp3.syscom.mx\/usuarios\/fotos\/RGEW3000GX\/230509-2024-12-27_18_37_36-rg-ew3000gx_3000m_wi-fi_6_dual-wan_gigabit_router_-_ruijie_reyee.png' alt='Detalles de los puertos del router'> <\/div>\n<div style='flex: 1 1 30%; min-width: 280px;'> <img style='width: 100%; height: auto; border: 1px solid rgba(150&comma;150&comma;150&comma;0.3); border-radius: 8px;' src='https:\/\/ftp3.syscom.mx\/usuarios\/fotos\/RGEW3000GX\/230509-2024-12-27_18_38_25-rg-ew3000gx_3000m_wi-fi_6_dual-wan_gigabit_router_-_ruijie_reyee.png' alt='Instalaci\u00f3n del router'> <\/div>\n<div style='flex: 1 1 30%; min-width: 280px;'> <img style='width: 100%; height: auto; border: 1px solid rgba(150&comma;150&comma;150&comma;0.3); border-radius: 8px;' src='https:\/\/ftp3.syscom.mx\/usuarios\/fotos\/RGEW300PRO\/211697-2024-04-08_10_30_21-rg-ew300_pro_300mbps_wireless_smart_router_-_ruijie_reyee.png' alt='Router en configuraci\u00f3n de red'> <\/div>\n<\/p><\/div>\n<p> <!-- Imagen adicional --> <\/p>\n<div style='margin-bottom: 30px;'> <img style='width: 100%; height: auto; border: 1px solid rgba(150&comma;150&comma;150&comma;0.3); border-radius: 8px;' src='https:\/\/ftp3.syscom.mx\/usuarios\/fotos\/RGEW3000GX\/230509-rg-ew3000gx.png' alt='Router RG-EW3000GX en uso'> <\/div>\n<p> <!-- Separador final --> <\/p>\n<hr style='border: 0; border-top: 1px solid rgba(150&comma; 150&comma; 150&comma; 0.3); margin: 30px 0;'> <\/div>\n","protected":false},"excerpt":{"rendered":"<p>Home Router inal\u00e1mbrico MESH , Dise\u00f1ado para GAMING con doble puerto WAN Gigabit para Sumar Ancho de banda, 4 puertos LAN Gigabit., WI-FI 6 2&#215;2 doble Banda<\/p>\n","protected":false},"featured_media":92900,"comment_status":"open","ping_status":"closed","template":"","meta":[],"product_brand":[],"product_cat":[2024],"product_tag":[1479,2025,2123],"class_list":{"0":"post-92901","1":"product","2":"type-product","3":"status-publish","4":"has-post-thumbnail","6":"product_cat-routers-inalambricos","7":"product_tag-redes-wifi","8":"product_tag-routers-inalambricos","9":"product_tag-ruijie","11":"first","12":"outofstock","13":"sale","14":"shipping-taxable","15":"purchasable","16":"product-type-simple"},"_links":{"self":[{"href":"https:\/\/soydeaqui.ddns.net\/pachuca\/index.php\/wp-json\/wp\/v2\/product\/92901","targetHints":{"allow":["GET"]}}],"collection":[{"href":"https:\/\/soydeaqui.ddns.net\/pachuca\/index.php\/wp-json\/wp\/v2\/product"}],"about":[{"href":"https:\/\/soydeaqui.ddns.net\/pachuca\/index.php\/wp-json\/wp\/v2\/types\/product"}],"replies":[{"embeddable":true,"href":"https:\/\/soydeaqui.ddns.net\/pachuca\/index.php\/wp-json\/wp\/v2\/comments?post=92901"}],"wp:featuredmedia":[{"embeddable":true,"href":"https:\/\/soydeaqui.ddns.net\/pachuca\/index.php\/wp-json\/wp\/v2\/media\/92900"}],"wp:attachment":[{"href":"https:\/\/soydeaqui.ddns.net\/pachuca\/index.php\/wp-json\/wp\/v2\/media?parent=92901"}],"wp:term":[{"taxonomy":"product_brand","embeddable":true,"href":"https:\/\/soydeaqui.ddns.net\/pachuca\/index.php\/wp-json\/wp\/v2\/product_brand?post=92901"},{"taxonomy":"product_cat","embeddable":true,"href":"https:\/\/soydeaqui.ddns.net\/pachuca\/index.php\/wp-json\/wp\/v2\/product_cat?post=92901"},{"taxonomy":"product_tag","embeddable":true,"href":"https:\/\/soydeaqui.ddns.net\/pachuca\/index.php\/wp-json\/wp\/v2\/product_tag?post=92901"}],"curies":[{"name":"wp","href":"https:\/\/api.w.org\/{rel}","templated":true}]}}