{"id":92891,"date":"2026-03-20T05:39:00","date_gmt":"2026-03-20T05:39:00","guid":{"rendered":"https:\/\/soydeaqui.ddns.net\/pachuca\/index.php\/producto\/usw-ultra-60w-switch-de-8-puertos-gbe-7-puertos-poe-y-1-puerto-entrada-poe-con-opciones-de-montaje-versatiles\/"},"modified":"2026-03-20T05:39:13","modified_gmt":"2026-03-20T05:39:13","slug":"usw-ultra-60w-switch-de-8-puertos-gbe-7-puertos-poe-y-1-puerto-entrada-poe-con-opciones-de-montaje-versatiles","status":"publish","type":"product","link":"https:\/\/soydeaqui.ddns.net\/pachuca\/index.php\/producto\/usw-ultra-60w-switch-de-8-puertos-gbe-7-puertos-poe-y-1-puerto-entrada-poe-con-opciones-de-montaje-versatiles\/","title":{"rendered":"USW Ultra 60W Switch de 8 Puertos GbE (7 Puertos PoE+ y 1 Puerto Entrada PoE++) con Opciones de Montaje Vers\u00e1tiles"},"content":{"rendered":"<div style=\"width: 100%; max-width: 1200px; margin: 0 auto; font-family: sans-serif; line-height: 1.6; color: inherit; background-color: transparent;\"><!-- Hero Section --><\/p>\n<div style=\"display: flex; flex-wrap: wrap; gap: 30px; align-items: center; border: 1px solid rgba(150&comma;150&comma;150&comma;0.3); border-radius: 12px; padding: 20px; margin-bottom: 30px;\">\n<div style=\"flex: 1 1 320px; min-width: 280px;\"><!-- Video container --><\/p>\n<div style=\"position: relative; padding-bottom: 56.25%; height: 0; overflow: hidden; border: 1px solid rgba(150&comma;150&comma;150&comma;0.3); border-radius: 12px; margin-bottom: 15px;\"><span class=\"fr-video fr-deletable fr-fvc fr-dvi fr-draggable\" contenteditable=\"false\"><video style=\"position: absolute; top: 0px; left: 0px; width: 100%; height: 100%; display: block;\" autoplay=\"\" muted=\"\" loop=\"\" playsinline=\"\" class=\"fr-fvc fr-dvb fr-draggable\"><source src=\"https:\/\/ftp3.syscom.mx\/usuarios\/adiaz\/Ubiquiti\/Imagenes\/USWULTRA\/ULTRA210Wloop.mp4\" type=\"video\/mp4\"><!-- Fallback image --> <img decoding=\"async\" src=\"https:\/\/ftp3.syscom.mx\/usuarios\/adiaz\/Ubiquiti\/Imagenes\/USWULTRA\/fallback.png\" alt=\"Ubiquiti USW-Ultra-60W\" style=\"width: 100%; height: auto; border: 1px solid rgba(150&comma; 150&comma; 150&comma; 0.3); border-radius: 12px;\" class=\"fr-fic fr-dii\"><\/video><\/span><\/div>\n<\/div>\n<div style=\"flex: 1 1 360px; min-width: 280px;\">\n<h2 style=\"font-size: 26px; margin: 0 0 10px; color: inherit; font-weight: 700;\">USW Ultra 60W<\/h2>\n<div style=\"margin: 0 0 15px; font-weight: 600; color: inherit; opacity: 0.85;\">Modelo: <span style=\"font-weight: 700; opacity: 1;\">USW-Ultra-60W<\/span><\/div>\n<p style=\"margin: 0; color: inherit;\">Switch PoE <strong>Capa 2<\/strong> con 8 Puertos GbE con Opciones de Montaje Vers&aacute;tiles.<\/p>\n<\/div>\n<\/div>\n<p><!-- Especificaciones Section --><\/p>\n<div style=\"text-align: center; margin: 40px 0 20px;\"><span style=\"font-size: 1.5rem; font-weight: 700; color: inherit;\">Especificaciones<\/span><\/div>\n<p><!-- Features Grid --><\/p>\n<div style=\"display: flex; flex-wrap: wrap; gap: 20px; margin-bottom: 30px;\"><!-- Caracter\u00edsticas principales --><\/p>\n<div style=\"flex: 1 1 280px; min-width: 260px;\">\n<div style=\"border: 1px solid rgba(150&comma;150&comma;150&comma;0.3); border-radius: 8px; overflow: hidden;\">\n<div style=\"padding: 15px; border-bottom: 1px solid rgba(150&comma;150&comma;150&comma;0.2); font-weight: bold; font-size: 18px; color: inherit;\">Caracter&iacute;sticas principales<\/div>\n<ul style=\"padding: 15px; margin: 0; list-style: none; color: inherit;\">\n<li style=\"margin-bottom: 8px; padding-bottom: 8px; border-bottom: 1px solid rgba(150&comma;150&comma;150&comma;0.15);\"><strong>(7)<\/strong> puertos de salida PoE+<\/li>\n<li style=\"margin-bottom: 8px; padding-bottom: 8px; border-bottom: 1px solid rgba(150&comma;150&comma;150&comma;0.15);\"><strong>(1)<\/strong> Puerto <strong>GbE<\/strong> con entrada PoE++ opcional*<\/li>\n<li style=\"margin-bottom: 8px; padding-bottom: 8px; border-bottom: 1px solid rgba(150&comma;150&comma;150&comma;0.15);\">Disponibilidad de PoE de <strong>52 W<\/strong> con el adaptador de corriente CA incluido<\/li>\n<li style=\"margin-bottom: 8px; padding-bottom: 8px;\"><em>*La entrada PoE es compatible con el funcionamiento del Switch&comma; con entrada PoE+\/PoE++ o alimentaci&oacute;n de CA requerida para la salida PoE.<\/em><\/li>\n<\/ul>\n<\/div>\n<\/div>\n<p><!-- Caracter\u00edsticas f\u00edsicas y el\u00e9ctricas --><\/p>\n<div style=\"flex: 1 1 280px; min-width: 260px;\">\n<div style=\"border: 1px solid rgba(150&comma;150&comma;150&comma;0.3); border-radius: 8px; overflow: hidden;\">\n<div style=\"padding: 15px; border-bottom: 1px solid rgba(150&comma;150&comma;150&comma;0.2); font-weight: bold; font-size: 18px; color: inherit;\">Caracter&iacute;sticas f&iacute;sicas y el&eacute;ctricas<\/div>\n<ul style=\"padding: 15px; margin: 0; list-style: none; color: inherit;\">\n<li style=\"margin-bottom: 8px; padding-bottom: 8px; border-bottom: 1px solid rgba(150&comma;150&comma;150&comma;0.15);\"><strong>Dimensiones:<\/strong> 203 x 76 x 33 mm (8 x 3 x 1.3&#39;)<\/li>\n<li style=\"margin-bottom: 8px; padding-bottom: 8px; border-bottom: 1px solid rgba(150&comma;150&comma;150&comma;0.15);\"><strong>Peso:<\/strong> 320 g (11.3 oz)<\/li>\n<li style=\"margin-bottom: 8px; padding-bottom: 8px; border-bottom: 1px solid rgba(150&comma;150&comma;150&comma;0.15);\"><strong>Material de la carcasa:<\/strong> Policarbonato<\/li>\n<li style=\"margin-bottom: 8px; padding-bottom: 8px; border-bottom: 1px solid rgba(150&comma;150&comma;150&comma;0.15);\"><strong>Puertos:<\/strong> 8 Puertos (7 PoE+; 1 Entrada PoE++) de 1G\/100M\/10M<\/li>\n<li style=\"margin-bottom: 8px; padding-bottom: 8px; border-bottom: 1px solid rgba(150&comma;150&comma;150&comma;0.15);\">Disponibilidad PoE: <strong>Entrada PoE 60 W<\/strong>: <em>42W<\/em>; <strong>Entrada CA 60W<\/strong>: <em>52W<\/em><\/li>\n<li style=\"margin-bottom: 8px; padding-bottom: 8px; border-bottom: 1px solid rgba(150&comma;150&comma;150&comma;0.15);\"><strong>Alimentaci&oacute;n:<\/strong> (1) Adaptador ca\/cc &oacute; (1) PoE++<\/li>\n<li style=\"margin-bottom: 8px; padding-bottom: 8px; border-bottom: 1px solid rgba(150&comma;150&comma;150&comma;0.15);\"><strong>Temperatura de operaci&oacute;n:<\/strong> &minus;20 a 45 &deg;C (&minus;4 a 113 &deg;F)<\/li>\n<li style=\"margin-bottom: 8px; padding-bottom: 8px;\"><strong>Humedad de operaci&oacute;n:<\/strong> 10&ndash;90% sin condensaci&oacute;n<\/li>\n<\/ul>\n<\/div>\n<\/div>\n<p><!-- Rendimiento --><\/p>\n<div style=\"flex: 1 1 280px; min-width: 260px;\">\n<div style=\"border: 1px solid rgba(150&comma;150&comma;150&comma;0.3); border-radius: 8px; overflow: hidden;\">\n<div style=\"padding: 15px; border-bottom: 1px solid rgba(150&comma;150&comma;150&comma;0.2); font-weight: bold; font-size: 18px; color: inherit;\">Rendimiento<\/div>\n<ul style=\"padding: 15px; margin: 0; list-style: none; color: inherit;\">\n<li style=\"margin-bottom: 8px; padding-bottom: 8px; border-bottom: 1px solid rgba(150&comma;150&comma;150&comma;0.15);\"><strong>Capacidad de Switching:<\/strong> 16 Gbps<\/li>\n<li style=\"margin-bottom: 8px; padding-bottom: 8px; border-bottom: 1px solid rgba(150&comma;150&comma;150&comma;0.15);\"><strong>Throughput Non-Blocking:<\/strong> 8 Gbps<\/li>\n<li style=\"margin-bottom: 8px; padding-bottom: 8px; border-bottom: 1px solid rgba(150&comma;150&comma;150&comma;0.15);\"><strong>Forwarding Rate:<\/strong> 12 Mpps<\/li>\n<li style=\"margin-bottom: 8px; padding-bottom: 8px; border-bottom: 1px solid rgba(150&comma;150&comma;150&comma;0.15);\"><strong>VLANs soportadas:<\/strong> 256<\/li>\n<li style=\"margin-bottom: 8px; padding-bottom: 8px;\"><strong>Tabla de MAC Address:<\/strong> 4&comma;000<\/li>\n<\/ul>\n<\/div>\n<\/div>\n<p><!-- Caracter\u00edsticas Capa 2 --><\/p>\n<div style=\"flex: 1 1 280px; min-width: 260px;\">\n<div style=\"border: 1px solid rgba(150&comma;150&comma;150&comma;0.3); border-radius: 8px; overflow: hidden;\">\n<div style=\"padding: 15px; border-bottom: 1px solid rgba(150&comma;150&comma;150&comma;0.2); font-weight: bold; font-size: 18px; color: inherit;\">Caracter&iacute;sticas Capa 2<\/div>\n<ul style=\"padding: 15px; margin: 0; list-style: none; color: inherit;\">\n<li style=\"margin-bottom: 8px; padding-bottom: 8px; border-bottom: 1px solid rgba(150&comma;150&comma;150&comma;0.15);\">STP &amp; RSTP<\/li>\n<li style=\"margin-bottom: 8px; padding-bottom: 8px; border-bottom: 1px solid rgba(150&comma;150&comma;150&comma;0.15);\">Egress Rate Limit<\/li>\n<li style=\"margin-bottom: 8px; padding-bottom: 8px; border-bottom: 1px solid rgba(150&comma;150&comma;150&comma;0.15);\">Flow Control<\/li>\n<li style=\"margin-bottom: 8px; padding-bottom: 8px; border-bottom: 1px solid rgba(150&comma;150&comma;150&comma;0.15);\">Storm Control<\/li>\n<li style=\"margin-bottom: 8px; padding-bottom: 8px; border-bottom: 1px solid rgba(150&comma;150&comma;150&comma;0.15);\">Multicast &amp; Broadcast Rate Limiting<\/li>\n<li style=\"margin-bottom: 8px; padding-bottom: 8px; border-bottom: 1px solid rgba(150&comma;150&comma;150&comma;0.15);\">Port Isolation<\/li>\n<li style=\"margin-bottom: 8px; padding-bottom: 8px; border-bottom: 1px solid rgba(150&comma;150&comma;150&comma;0.15);\">Port Mirroring<\/li>\n<li style=\"margin-bottom: 8px; padding-bottom: 8px; border-bottom: 1px solid rgba(150&comma;150&comma;150&comma;0.15);\">Jumbo Frames<\/li>\n<li style=\"margin-bottom: 8px; padding-bottom: 8px;\"><strong>Loop Protection<\/strong><\/li>\n<\/ul>\n<\/div>\n<\/div>\n<\/div>\n<p><!-- Separador --><\/p>\n<hr style=\"border: 0; border-top: 1px solid rgba(150&comma;150&comma;150&comma;0.3); margin: 40px 0;\"><!-- Accesorios Recomendados --><\/p>\n<div style=\"border: 1px solid rgba(150&comma;150&comma;150&comma;0.3); border-radius: 8px; padding: 20px; margin: 30px 0; max-width: 800px; margin-left: auto; margin-right: auto;\">\n<h3 style=\"font-size: 20px; margin: 0 0 20px; font-weight: 700; color: inherit; text-align: center;\">Accesorios Recomendados<\/h3>\n<div style=\"display: flex; flex-wrap: wrap; justify-content: center; gap: 20px;\"><a href=\"https:\/\/www.syscom.mx\/products\/242941\" target=\"_blank\" style=\"flex: 1 1 160px; max-width: 200px; text-decoration: none; color: inherit;\"><\/p>\n<div style=\"border: 1px solid rgba(150&comma;150&comma;150&comma;0.3); border-radius: 8px; padding: 15px; text-align: center;\"><img decoding=\"async\" src=\"https:\/\/ftp3.syscom.mx\/usuarios\/adiaz\/Ubiquiti\/Imagenes\/USWFlex25G8PoE\/portada_0S1000.png\" alt=\"UACC-ADAPTER-AC-210W\" style=\"width: 100%; max-width: 100px; height: auto;\" class=\"fr-fic fr-dii\"><\/p>\n<div style=\"font-weight: 600; font-size: 15px; color: inherit; margin-top: 10px;\">UACC-ADAPTER-AC-210W<\/div>\n<\/div>\n<p><\/a> <a href=\"https:\/\/www.syscom.mx\/products\/238020\" target=\"_blank\" style=\"flex: 1 1 160px; max-width: 200px; text-decoration: none; color: inherit;\"><\/p>\n<div style=\"border: 1px solid rgba(150&comma;150&comma;150&comma;0.3); border-radius: 8px; padding: 15px; text-align: center;\"><img decoding=\"async\" src=\"https:\/\/ftp3.syscom.mx\/usuarios\/adiaz\/Ubiquiti\/Imagenes\/USWFlex25G5\/portada_0S1000.png\" alt=\"UACC-CABLE-PATCH-EL-2M-W\" style=\"width: 100%; max-width: 100px; height: auto;\" class=\"fr-fic fr-dii\"><\/p>\n<div style=\"font-weight: 600; font-size: 15px; color: inherit; margin-top: 10px;\">UACC-CABLE-PATCH-EL-2M-W<\/div>\n<\/div>\n<p><\/a> <a href=\"https:\/\/www.syscom.mx\/products\/243850\" target=\"_blank\" style=\"flex: 1 1 160px; max-width: 200px; text-decoration: none; color: inherit;\"><\/p>\n<div style=\"border: 1px solid rgba(150&comma;150&comma;150&comma;0.3); border-radius: 8px; padding: 15px; text-align: center;\"><img decoding=\"async\" src=\"https:\/\/ftp3.syscom.mx\/usuarios\/adiaz\/Ubiquiti\/Imagenes\/UACCUTS\/uacc-uts-7.png\" alt=\"UACC-UTS\" style=\"width: 100%; max-width: 100px; height: auto;\" class=\"fr-fic fr-dii\"><\/p>\n<div style=\"font-weight: 600; font-size: 15px; color: inherit; margin-top: 10px;\">UACC-UTS<\/div>\n<\/div>\n<p><\/a><\/div>\n<\/div>\n<p><!-- Contenido del Paquete --><\/p>\n<div style=\"border: 1px solid rgba(150&comma;150&comma;150&comma;0.3); border-radius: 8px; overflow: hidden; margin: 30px 0; max-width: 800px; margin-left: auto; margin-right: auto;\">\n<h3 style=\"font-size: 20px; margin: 0; padding: 15px; border-bottom: 1px solid rgba(150&comma;150&comma;150&comma;0.3); font-weight: 700; color: inherit; text-align: center;\">Contenido del Paquete<\/h3>\n<div style=\"padding: 15px;\"><img decoding=\"async\" src=\"https:\/\/ftp3.syscom.mx\/usuarios\/adiaz\/Ubiquiti\/Imagenes\/USWULTRA\/contenido60w.png\" alt=\"Contenido del paquete USW-Ultra-60W\" style=\"width: 100%; height: auto; border: 1px solid rgba(150&comma; 150&comma; 150&comma; 0.3); border-radius: 8px;\" class=\"fr-fic fr-dii\"><\/div>\n<\/div>\n<\/div>\n","protected":false},"excerpt":{"rendered":"<p>USW Ultra 60W Switch de 8 Puertos GbE (7 Puertos PoE+ y 1 Puerto Entrada PoE++) con Opciones de Montaje Vers\u00e1tiles<\/p>\n","protected":false},"featured_media":92890,"comment_status":"open","ping_status":"closed","template":"","meta":[],"product_brand":[],"product_cat":[1986],"product_tag":[664,1987,166],"class_list":{"0":"post-92891","1":"product","2":"type-product","3":"status-publish","4":"has-post-thumbnail","6":"product_cat-switches-poe","7":"product_tag-networking","8":"product_tag-switches-poe","9":"product_tag-ubiquiti","11":"first","12":"instock","13":"sale","14":"shipping-taxable","15":"purchasable","16":"product-type-simple"},"_links":{"self":[{"href":"https:\/\/soydeaqui.ddns.net\/pachuca\/index.php\/wp-json\/wp\/v2\/product\/92891","targetHints":{"allow":["GET"]}}],"collection":[{"href":"https:\/\/soydeaqui.ddns.net\/pachuca\/index.php\/wp-json\/wp\/v2\/product"}],"about":[{"href":"https:\/\/soydeaqui.ddns.net\/pachuca\/index.php\/wp-json\/wp\/v2\/types\/product"}],"replies":[{"embeddable":true,"href":"https:\/\/soydeaqui.ddns.net\/pachuca\/index.php\/wp-json\/wp\/v2\/comments?post=92891"}],"wp:featuredmedia":[{"embeddable":true,"href":"https:\/\/soydeaqui.ddns.net\/pachuca\/index.php\/wp-json\/wp\/v2\/media\/92890"}],"wp:attachment":[{"href":"https:\/\/soydeaqui.ddns.net\/pachuca\/index.php\/wp-json\/wp\/v2\/media?parent=92891"}],"wp:term":[{"taxonomy":"product_brand","embeddable":true,"href":"https:\/\/soydeaqui.ddns.net\/pachuca\/index.php\/wp-json\/wp\/v2\/product_brand?post=92891"},{"taxonomy":"product_cat","embeddable":true,"href":"https:\/\/soydeaqui.ddns.net\/pachuca\/index.php\/wp-json\/wp\/v2\/product_cat?post=92891"},{"taxonomy":"product_tag","embeddable":true,"href":"https:\/\/soydeaqui.ddns.net\/pachuca\/index.php\/wp-json\/wp\/v2\/product_tag?post=92891"}],"curies":[{"name":"wp","href":"https:\/\/api.w.org\/{rel}","templated":true}]}}