{"id":92880,"date":"2026-03-20T05:38:29","date_gmt":"2026-03-20T05:38:29","guid":{"rendered":"https:\/\/soydeaqui.ddns.net\/pachuca\/index.php\/producto\/adaptador-usb-c-a-hdmi-4k\/"},"modified":"2026-03-20T05:38:45","modified_gmt":"2026-03-20T05:38:45","slug":"adaptador-usb-c-a-hdmi-4k","status":"publish","type":"product","link":"https:\/\/soydeaqui.ddns.net\/pachuca\/index.php\/producto\/adaptador-usb-c-a-hdmi-4k\/","title":{"rendered":"Adaptador USB-C a HDMI 4k"},"content":{"rendered":"<div style='width: 100%; max-width: 1200px; margin: 0 auto; font-family: sans-serif; line-height: 1.6; color: inherit; background-color: transparent;'> <!-- Imagen 1 --> <\/p>\n<div style='width: 100%; margin-bottom: 30px;'> <img style='width: 100%; height: auto; border: 1px solid rgba(150&comma;150&comma;150&comma;0.3); border-radius: 8px;' src='https:\/\/ftp3.syscom.mx\/usuarios\/luis.vargas\/ATEN\/ATEN.jpg' alt='ATEN VM1600A'> <\/div>\n<p> <!-- Imagen 2 y descripci\u00f3n --> <\/p>\n<div style='display: flex; flex-wrap: wrap; gap: 30px; margin-bottom: 30px;'>\n<div style='flex: 1 1 300px; min-width: 280px;'> <img style='width: 100%; height: auto; border: 1px solid rgba(150&comma;150&comma;150&comma;0.3); border-radius: 8px;' src='https:\/\/ftp3.syscom.mx\/usuarios\/luis.vargas\/ATEN\/UC3008A1\/UC3008A1.png' alt=''> <\/div>\n<div style='flex: 1 1 300px; min-width: 280px;'>\n<div style='font-size: 14pt; font-weight: bold; color: inherit; margin-bottom: 15px; text-align: center;'>Adaptador de USB-C a 4K HDMI<\/div>\n<p style='font-size: 15px; color: inherit; text-align: justify; margin: 0;'> El UC3008A1 es un adaptador de USB-C a HDMI 4K que le permite transferir el v\u00eddeo de su ordenador port\u00e1til&comma; tableta o smartphone a un monitor&comma; TV o proyector. El UC3008A1 admite elevadas resoluciones de v\u00eddeo&comma; de hasta 4096 x 2160 a 60 Hz&comma; para que pueda enviar el contenido de su pantalla a un monitor m\u00e1s grande o realizar presentaciones desde un proyector. Adem\u00e1s&comma; no necesita controladores externos ni alimentaci\u00f3n adicional. Funciona con ordenadores y smartphones con puerto USB-C con modo DP Alt&comma; compatible con los sistemas operativos iPad Pro&comma; Android&comma; Mac OS X y Windows&comma; y es c\u00f3modo de usar y transportar. <\/p>\n<\/p><\/div>\n<\/p><\/div>\n<p> <!-- Secci\u00f3n de caracter\u00edsticas --> <\/p>\n<div style='margin-bottom: 30px;'>\n<h3 style='font-size: 22px; border-bottom: 2px solid currentColor; padding-bottom: 5px; margin-top: 0; margin-bottom: 15px; color: inherit; opacity: 0.8; text-align: center;'>Caracter\u00edsticas<\/h3>\n<div style='display: flex; flex-wrap: wrap; gap: 20px;'> <!-- Columna 1 --> <\/p>\n<div style='flex: 1 1 250px; border: 1px solid rgba(150&comma; 150&comma; 150&comma; 0.4); border-radius: 8px; overflow: hidden; display: flex; flex-direction: column;'>\n<div style='padding: 15px; border-bottom: 1px solid rgba(150&comma; 150&comma; 150&comma; 0.2); font-weight: bold; font-size: 18px; color: inherit;'>Entrada de v\u00eddeo<\/div>\n<div style='padding: 15px; color: inherit;'>\n<ul style='padding-left: 20px; margin: 0; font-size: 14px; list-style-type: disc;'>\n<li style='margin-bottom: 5px;'>Interfaces: Cable USB 3.2 Gen1 Tipo-C de 15&comma;4 cm<\/li>\n<\/ul><\/div>\n<\/p><\/div>\n<p> <!-- Columna 2 --> <\/p>\n<div style='flex: 1 1 250px; border: 1px solid rgba(150&comma; 150&comma; 150&comma; 0.4); border-radius: 8px; overflow: hidden; display: flex; flex-direction: column;'>\n<div style='padding: 15px; border-bottom: 1px solid rgba(150&comma; 150&comma; 150&comma; 0.2); font-weight: bold; font-size: 18px; color: inherit;'>Salida de v\u00eddeo<\/div>\n<div style='padding: 15px; color: inherit;'>\n<ul style='padding-left: 20px; margin: 0; font-size: 14px; list-style-type: disc;'>\n<li style='margin-bottom: 5px;'>Interfaces: 1 x HDMI hembra<\/li>\n<\/ul><\/div>\n<\/p><\/div>\n<p> <!-- Columna 3 --> <\/p>\n<div style='flex: 1 1 250px; border: 1px solid rgba(150&comma; 150&comma; 150&comma; 0.4); border-radius: 8px; overflow: hidden; display: flex; flex-direction: column;'>\n<div style='padding: 15px; border-bottom: 1px solid rgba(150&comma; 150&comma; 150&comma; 0.2); font-weight: bold; font-size: 18px; color: inherit;'>V\u00eddeo<\/div>\n<div style='padding: 15px; color: inherit;'>\n<ul style='padding-left: 20px; margin: 0; font-size: 14px; list-style-type: disc;'>\n<li style='margin-bottom: 5px;'>Reloj de p\u00edxeles m\u00e1ximo: 594 MHZ<\/li>\n<li style='margin-bottom: 5px;'>Resoluci\u00f3n m\u00e1xima: 4096 x 2160 a 60 Hz<\/li>\n<li style='margin-bottom: 5px;'>Normativa: USB 3.2 Gen 1 Tipo-C con modo DP Alt (compatible con Thunderbolt\u2122 3)&comma; HDMI 2.0&comma; HDCP 2.2<\/li>\n<li style='margin-bottom: 5px;'>Clase de dispositivo: USB Billboard<\/li>\n<\/ul><\/div>\n<\/p><\/div>\n<p> <!-- Columna 4 --> <\/p>\n<div style='flex: 1 1 250px; border: 1px solid rgba(150&comma; 150&comma; 150&comma; 0.4); border-radius: 8px; overflow: hidden; display: flex; flex-direction: column;'>\n<div style='padding: 15px; border-bottom: 1px solid rgba(150&comma; 150&comma; 150&comma; 0.2); font-weight: bold; font-size: 18px; color: inherit;'>Audio<\/div>\n<div style='padding: 15px; color: inherit;'>\n<ul style='padding-left: 20px; margin: 0; font-size: 14px; list-style-type: disc;'>\n<li style='margin-bottom: 5px;'>Salida: 1 x HDMI hembra<\/li>\n<li style='margin-bottom: 5px;'>Consumo de energ\u00eda: DC5V:1W:5BTU\/h<\/li>\n<li style='margin-bottom: 5px;'>Nota:<\/li>\n<ul style='padding-left: 20px; margin: 0;'>\n<li style='margin-bottom: 5px;'>La medici\u00f3n en vatios indica el consumo de energ\u00eda t\u00edpico del aparato sin carga externa.<\/li>\n<li style='margin-bottom: 5px;'>La medici\u00f3n en BTU\/h indica el consumo de energ\u00eda del dispositivo cuando est\u00e1 totalmente cargado.<\/li>\n<\/ul>\n<\/ul><\/div>\n<\/p><\/div>\n<p> <!-- Columna 5 --> <\/p>\n<div style='flex: 1 1 250px; border: 1px solid rgba(150&comma; 150&comma; 150&comma; 0.4); border-radius: 8px; overflow: hidden; display: flex; flex-direction: column;'>\n<div style='padding: 15px; border-bottom: 1px solid rgba(150&comma; 150&comma; 150&comma; 0.2); font-weight: bold; font-size: 18px; color: inherit;'>Requisitos del sistema<\/div>\n<div style='padding: 15px; color: inherit;'>\n<ul style='padding-left: 20px; margin: 0; font-size: 14px; list-style-type: disc;'>\n<li style='margin-bottom: 5px;'>Windows 10 y superior&comma; ordenador con USB-C con modo DP Alt*<\/li>\n<li style='margin-bottom: 5px;'>* Con procesador Intel Core de 7.\u00aa generaci\u00f3n (Kaby Lake) y superior. Para m\u00e1s informaci\u00f3n sobre la generaci\u00f3n de CPU&comma; consulte: <a href='https:\/\/www.intel.com\/content\/www\/us\/en\/processors\/processor-numbers.html' style='color: inherit; text-decoration: underline;'>aqu\u00ed<\/a>.<\/li>\n<li style='margin-bottom: 5px;'>Mac OS X 10.12 y superior&comma; ordenador con USB-C<\/li>\n<li style='margin-bottom: 5px;'>Android 8.0 y posterior&comma; smartphone con USB-C con modo DP Alt<\/li>\n<li style='margin-bottom: 5px;'>iOS 12.1 y superior&comma; iPad Pro de 3.\u00aa generaci\u00f3n (2018)<\/li>\n<\/ul><\/div>\n<\/p><\/div>\n<p> <!-- Columna 6 --> <\/p>\n<div style='flex: 1 1 250px; border: 1px solid rgba(150&comma; 150&comma; 150&comma; 0.4); border-radius: 8px; overflow: hidden; display: flex; flex-direction: column;'>\n<div style='padding: 15px; border-bottom: 1px solid rgba(150&comma; 150&comma; 150&comma; 0.2); font-weight: bold; font-size: 18px; color: inherit;'>Condiciones medioambientales<\/div>\n<div style='padding: 15px; color: inherit;'>\n<ul style='padding-left: 20px; margin: 0; font-size: 14px; list-style-type: disc;'>\n<li style='margin-bottom: 5px;'>Temperatura de funcionamiento: 0 &#8211; 40 \u00b0C<\/li>\n<li style='margin-bottom: 5px;'>Temperatura de almacenamiento: -20 &#8211; 60 \u00b0C<\/li>\n<li style='margin-bottom: 5px;'>Humedad: HR del 0 &#8211; 80 %&comma; sin condensaci\u00f3n<\/li>\n<\/ul><\/div>\n<\/p><\/div>\n<p> <!-- Columna 7 --> <\/p>\n<div style='flex: 1 1 250px; border: 1px solid rgba(150&comma; 150&comma; 150&comma; 0.4); border-radius: 8px; overflow: hidden; display: flex; flex-direction: column;'>\n<div style='padding: 15px; border-bottom: 1px solid rgba(150&comma; 150&comma; 150&comma; 0.2); font-weight: bold; font-size: 18px; color: inherit;'>Propiedades f\u00edsicas<\/div>\n<div style='padding: 15px; color: inherit;'>\n<ul style='padding-left: 20px; margin: 0; font-size: 14px; list-style-type: disc;'>\n<li style='margin-bottom: 5px;'>Carcasa: Aluminio<\/li>\n<li style='margin-bottom: 5px;'>Peso: 0.02 kg (0.04 lb)<\/li>\n<li style='margin-bottom: 5px;'>Dimensiones (LA x AN x AL): 4.32 x 1.10 x 2.20 cm (1.7 x 0.43 x 0.87 in.)<\/li>\n<li style='margin-bottom: 5px;'>Nota:<\/li>\n<ul style='padding-left: 20px; margin: 0;'>\n<li style='margin-bottom: 5px;'>Tenga en cuenta que&comma; en algunos productos de montaje en bastidor&comma; las dimensiones f\u00edsicas est\u00e1ndar de anchura x profundidad x altura se expresan en el formato longitud x anchura x altura.<\/li>\n<\/ul>\n<\/ul><\/div>\n<\/p><\/div>\n<p> <!-- Columna 8 --> <\/p>\n<div style='flex: 1 1 250px; border: 1px solid rgba(150&comma; 150&comma; 150&comma; 0.4); border-radius: 8px; overflow: hidden; display: flex; flex-direction: column;'>\n<div style='padding: 15px; border-bottom: 1px solid rgba(150&comma; 150&comma; 150&comma; 0.2); font-weight: bold; font-size: 18px; color: inherit;'>Contenido del paquete<\/div>\n<div style='padding: 15px; color: inherit;'>\n<ul style='padding-left: 20px; margin: 0; font-size: 14px; list-style-type: disc;'>\n<li style='margin-bottom: 5px;'>1x adaptador de USB-C a HDMI 4K UC3008A1<\/li>\n<\/ul><\/div>\n<\/p><\/div>\n<\/p><\/div>\n<\/p><\/div>\n<p> <!-- Imagen 3 --> <\/p>\n<div style='width: 100%; margin-bottom: 30px;'> <img style='width: 100%; height: auto; border: 1px solid rgba(150&comma;150&comma;150&comma;0.3); border-radius: 8px;' src='https:\/\/ftp3.syscom.mx\/usuarios\/luis.vargas\/ATEN\/UC3008A1\/UC3008A1_1.png' alt='ATEN'> <\/div>\n<\/p><\/div>\n","protected":false},"excerpt":{"rendered":"<p>Adaptador USB-C a HDMI 4k<\/p>\n","protected":false},"featured_media":92879,"comment_status":"open","ping_status":"closed","template":"","meta":[],"product_brand":[],"product_cat":[2119],"product_tag":[93,2121,2120],"class_list":{"0":"post-92880","1":"product","2":"type-product","3":"status-publish","4":"has-post-thumbnail","6":"product_cat-accesorios-proav","7":"product_tag-accesorios","8":"product_tag-aten","9":"product_tag-proav","11":"first","12":"instock","13":"sale","14":"shipping-taxable","15":"purchasable","16":"product-type-simple"},"_links":{"self":[{"href":"https:\/\/soydeaqui.ddns.net\/pachuca\/index.php\/wp-json\/wp\/v2\/product\/92880","targetHints":{"allow":["GET"]}}],"collection":[{"href":"https:\/\/soydeaqui.ddns.net\/pachuca\/index.php\/wp-json\/wp\/v2\/product"}],"about":[{"href":"https:\/\/soydeaqui.ddns.net\/pachuca\/index.php\/wp-json\/wp\/v2\/types\/product"}],"replies":[{"embeddable":true,"href":"https:\/\/soydeaqui.ddns.net\/pachuca\/index.php\/wp-json\/wp\/v2\/comments?post=92880"}],"wp:featuredmedia":[{"embeddable":true,"href":"https:\/\/soydeaqui.ddns.net\/pachuca\/index.php\/wp-json\/wp\/v2\/media\/92879"}],"wp:attachment":[{"href":"https:\/\/soydeaqui.ddns.net\/pachuca\/index.php\/wp-json\/wp\/v2\/media?parent=92880"}],"wp:term":[{"taxonomy":"product_brand","embeddable":true,"href":"https:\/\/soydeaqui.ddns.net\/pachuca\/index.php\/wp-json\/wp\/v2\/product_brand?post=92880"},{"taxonomy":"product_cat","embeddable":true,"href":"https:\/\/soydeaqui.ddns.net\/pachuca\/index.php\/wp-json\/wp\/v2\/product_cat?post=92880"},{"taxonomy":"product_tag","embeddable":true,"href":"https:\/\/soydeaqui.ddns.net\/pachuca\/index.php\/wp-json\/wp\/v2\/product_tag?post=92880"}],"curies":[{"name":"wp","href":"https:\/\/api.w.org\/{rel}","templated":true}]}}