{"id":92862,"date":"2026-03-20T05:37:40","date_gmt":"2026-03-20T05:37:40","guid":{"rendered":"https:\/\/soydeaqui.ddns.net\/pachuca\/index.php\/producto\/caja-de-distribucin-de-fibra-ptica-horizontal-hasta-48-empalmes-exterior-ip68\/"},"modified":"2026-03-20T05:37:49","modified_gmt":"2026-03-20T05:37:49","slug":"caja-de-distribucin-de-fibra-ptica-horizontal-hasta-48-empalmes-exterior-ip68","status":"publish","type":"product","link":"https:\/\/soydeaqui.ddns.net\/pachuca\/index.php\/producto\/caja-de-distribucin-de-fibra-ptica-horizontal-hasta-48-empalmes-exterior-ip68\/","title":{"rendered":"Caja de Distribuci?n de Fibra ?ptica Horizontal, hasta 48 Empalmes, Exterior IP68"},"content":{"rendered":"<div style='width: 100%; max-width: 1200px; margin: 0 auto; font-family: sans-serif; line-height: 1.6; color: inherit; background-color: transparent;'>\n<div style='display: flex; flex-wrap: wrap; gap: 30px; margin-bottom: 30px;'>\n<div style='flex: 1 1 300px; min-width: 280px;'> <img style='width: 100%; height: auto; border: 1px solid rgba(150&comma;150&comma;150&comma;0.3); border-radius: 8px;' src='https:\/\/ftp3.syscom.mx\/usuarios\/orobles\/FiberHome\/GPON\/fiberhome_logo.png' alt='Logo FiberHome'> <\/div>\n<div style='flex: 1 1 300px; min-width: 280px;'>\n<h3 style='font-size: 22px; border-bottom: 2px solid currentColor; padding-bottom: 5px; margin-top: 0; color: inherit; opacity: 0.8;'>Caracter\u00edsticas:<\/h3>\n<ul style='padding-left: 20px; font-size: 15px; color: inherit;'>\n<li style='margin-bottom: 5px;'><span>Estructura de dise\u00f1o horizontal con cierre mec\u00e1nico<\/span><\/li>\n<li style='margin-bottom: 5px;'><span>Para instalaci\u00f3n a\u00e9rea o en registro subterr\u00e1neo<\/span><\/li>\n<li style='margin-bottom: 5px;'><span>Fabricado en polipropileno con una alta resistencia a los impactos<\/span><\/li>\n<li style='margin-bottom: 5px;'><span>Permite derivaci\u00f3n de fibra&comma; como punto intermedio<\/span><\/li>\n<li style='margin-bottom: 5px;'><span>Permite su apertura de manera sencilla&comma; tanto para abrir como para cerrar<\/span><\/li>\n<li style='margin-bottom: 5px;'><span>Permite la instalaci\u00f3n de un micro-splitter en su parte interna <strong>(No incluido)<\/strong><\/span><\/li>\n<li style='margin-bottom: 5px;'><span>Nivel de protecci\u00f3n IP68<\/span><\/li>\n<li style='margin-bottom: 5px;'><span>Permite realizar la fusi\u00f3n de 48 hilos<\/span><\/li>\n<li style='margin-bottom: 5px;'><span>Cumple con GR-771-CORE<\/span><\/li>\n<li style='margin-bottom: 5px;'><span>6 entradas para cable (\u00d8 6 &#8211; 8 mm)<\/span><\/li>\n<li style='margin-bottom: 5px;'><span>2 entradas para cable (\u00d8 9 &#8211; 12 mm)<\/span><\/li>\n<li style='margin-bottom: 5px;'><span>Dimensiones (mm): 280 x 180 x 85<\/span><\/li>\n<li style='margin-bottom: 5px;'><span>Compatible con fibra ADSS&comma; Mini ADSS y Mini Figura 8*<\/span><\/li>\n<\/ul>\n<p style='font-size: 14px; color: inherit;'><span>*Se recomienda agregar m\u00e1s cinta de fusi\u00f3n (sealing mud) en la entrada de cable cuando se utilice con fibra Mini Figura 8 (<a href='https:\/\/www.syscom.mx\/principal\/searchcont?route=OC-FIG8-06C-FIBERHOME-172099&#038;autodetect=ocfig8' style='color: inherit; text-decoration: underline;'>OC-FIG8-06C<\/a>&comma; <a href='https:\/\/www.syscom.mx\/principal\/searchcont?route=OC-FIG8-12C-FIBERHOME-172100&#038;autodetect=ocfig8' style='color: inherit; text-decoration: underline;'>OC-FIG8-12C<\/a>)<\/span><\/p>\n<\/p><\/div>\n<\/p><\/div>\n<div style='display: flex; flex-wrap: wrap; gap: 20px; margin-bottom: 30px;'>\n<div style='flex: 1 1 250px; border: 1px solid rgba(150&comma; 150&comma; 150&comma; 0.4); border-radius: 8px; overflow: hidden; display: flex; flex-direction: column;'>\n<div style='padding: 15px; border-bottom: 1px solid rgba(150&comma; 150&comma; 150&comma; 0.2); font-weight: bold; font-size: 18px; color: inherit;'>Incluye:<\/div>\n<div style='padding: 15px; color: inherit;'>\n<ul style='padding-left: 20px; margin: 0; font-size: 14px; list-style-type: disc;'>\n<li style='margin-bottom: 5px;'><span>2 charolas de empalme para 24 empalmes c\/u (48 en total)<\/span><\/li>\n<li style='margin-bottom: 5px;'><span>1 Instructivo<\/span><\/li>\n<li style='margin-bottom: 5px;'><span>48 Mangas de empalme (60 mm)<\/span><\/li>\n<li style='margin-bottom: 5px;'><span>12 Cinchos de nylon (3 * 120 mm)<\/span><\/li>\n<li style='margin-bottom: 5px;'><span>1 Tubo de protecci\u00f3n para fibra desnuda (\u00d8 4 mm x 2 m)<\/span><\/li>\n<li style='margin-bottom: 5px;'><span>6 Tapones ciegos<\/span><\/li>\n<li style='margin-bottom: 5px;'><span>1 Llave<\/span><\/li>\n<li style='margin-bottom: 5px;'><span>1 Cinta de fusi\u00f3n<\/span><\/li>\n<li style='margin-bottom: 5px;'><span>1 Cinta aislante<\/span><\/li>\n<li style='margin-bottom: 5px;'><span>1 Juego de accesorios para colgar la caja de empalme<\/span><\/li>\n<li style='margin-bottom: 5px;'><span>1 toalla para limpieza de fibra \u00f3ptica<\/span><\/li>\n<\/ul><\/div>\n<\/p><\/div>\n<\/p><\/div>\n<hr style='border: 0; border-top: 1px solid rgba(150&comma; 150&comma; 150&comma; 0.3); margin: 30px 0;'> <\/div>\n","protected":false},"excerpt":{"rendered":"<p>Caja de Distribuci?n de Fibra ?ptica Horizontal, hasta 48 Empalmes, Exterior IP68<\/p>\n","protected":false},"featured_media":92861,"comment_status":"open","ping_status":"closed","template":"","meta":[],"product_brand":[],"product_cat":[621],"product_tag":[622,639,611],"class_list":{"0":"post-92862","1":"product","2":"type-product","3":"status-publish","4":"has-post-thumbnail","6":"product_cat-distribuidores-de-fibra-optica","7":"product_tag-distribuidores-de-fibra-optica","8":"product_tag-fiberhome","9":"product_tag-fibra-optica","11":"first","12":"instock","13":"sale","14":"shipping-taxable","15":"purchasable","16":"product-type-simple"},"_links":{"self":[{"href":"https:\/\/soydeaqui.ddns.net\/pachuca\/index.php\/wp-json\/wp\/v2\/product\/92862","targetHints":{"allow":["GET"]}}],"collection":[{"href":"https:\/\/soydeaqui.ddns.net\/pachuca\/index.php\/wp-json\/wp\/v2\/product"}],"about":[{"href":"https:\/\/soydeaqui.ddns.net\/pachuca\/index.php\/wp-json\/wp\/v2\/types\/product"}],"replies":[{"embeddable":true,"href":"https:\/\/soydeaqui.ddns.net\/pachuca\/index.php\/wp-json\/wp\/v2\/comments?post=92862"}],"wp:featuredmedia":[{"embeddable":true,"href":"https:\/\/soydeaqui.ddns.net\/pachuca\/index.php\/wp-json\/wp\/v2\/media\/92861"}],"wp:attachment":[{"href":"https:\/\/soydeaqui.ddns.net\/pachuca\/index.php\/wp-json\/wp\/v2\/media?parent=92862"}],"wp:term":[{"taxonomy":"product_brand","embeddable":true,"href":"https:\/\/soydeaqui.ddns.net\/pachuca\/index.php\/wp-json\/wp\/v2\/product_brand?post=92862"},{"taxonomy":"product_cat","embeddable":true,"href":"https:\/\/soydeaqui.ddns.net\/pachuca\/index.php\/wp-json\/wp\/v2\/product_cat?post=92862"},{"taxonomy":"product_tag","embeddable":true,"href":"https:\/\/soydeaqui.ddns.net\/pachuca\/index.php\/wp-json\/wp\/v2\/product_tag?post=92862"}],"curies":[{"name":"wp","href":"https:\/\/api.w.org\/{rel}","templated":true}]}}