{"id":92829,"date":"2026-03-20T05:36:05","date_gmt":"2026-03-20T05:36:05","guid":{"rendered":"https:\/\/soydeaqui.ddns.net\/pachuca\/index.php\/producto\/gabinete-de-distribucion-de-conexion-cruzada-para-fibra-optica-fdt-capacidad-hasta-288-hilos\/"},"modified":"2026-03-20T05:36:26","modified_gmt":"2026-03-20T05:36:26","slug":"gabinete-de-distribucion-de-conexion-cruzada-para-fibra-optica-fdt-capacidad-hasta-288-hilos","status":"publish","type":"product","link":"https:\/\/soydeaqui.ddns.net\/pachuca\/index.php\/producto\/gabinete-de-distribucion-de-conexion-cruzada-para-fibra-optica-fdt-capacidad-hasta-288-hilos\/","title":{"rendered":"Gabinete de Distribuci\u00f3n de Conexi\u00f3n Cruzada para Fibra \u00d3ptica (FDT) Capacidad hasta 288 Hilos"},"content":{"rendered":"<div style='width: 100%; max-width: 1200px; margin: 0 auto; font-family: sans-serif; line-height: 1.6; color: inherit; background-color: transparent;'>\n<div style='width: 100%; margin-bottom: 30px;'> <img style='width: 100%; max-width: 432px; height: auto; border: 1px solid rgba(150&comma;150&comma;150&comma;0.3); border-radius: 8px;' src='https:\/\/ftp3.syscom.mx\/usuarios\/orobles\/LinkedPro\/linkedpro_logo.png' alt='Logo LinkedPro'> <\/div>\n<div style='display: flex; flex-wrap: wrap; gap: 30px; margin-bottom: 30px;'>\n<div style='flex: 1 1 300px; min-width: 280px;'>\n<h3 style='font-size: 22px; border-bottom: 2px solid currentColor; padding-bottom: 5px; margin-top: 0; color: inherit; opacity: 0.8;'>Descripci\u00f3n<\/h3>\n<p style='font-size: 15px; color: inherit; text-align: justify;'>El gabinete de distribuci\u00f3n de conexi\u00f3n cruzada para fibra \u00f3ptica (FDT) este dispositivo se instala al aire libre el cual debe de ser capaz de soportar el clima mas dr\u00e1stico y un entorno de trabajo duro. Es un gabinete impermeable a prueba de polvo&comma; plagas y roedores asi como resistente a los impactos.<\/p>\n<\/p><\/div>\n<\/p><\/div>\n<div style='display: flex; flex-wrap: wrap; gap: 20px; margin-bottom: 30px;'>\n<div style='flex: 1 1 250px; border: 1px solid rgba(150&comma; 150&comma; 150&comma; 0.4); border-radius: 8px; overflow: hidden; display: flex; flex-direction: column;'>\n<div style='padding: 15px; border-bottom: 1px solid rgba(150&comma; 150&comma; 150&comma; 0.2); font-weight: bold; font-size: 18px; color: inherit;'>Caracter\u00edsticas<\/div>\n<div style='padding: 15px; color: inherit;'>\n<ul style='padding-left: 20px; margin: 0; font-size: 14px; list-style-type: disc;'>\n<li style='margin-bottom: 5px;'>Gabinete impermeable&comma; a prueba de humedad&comma; anticorrosi\u00f3n y antigolpes.<\/li>\n<li style='margin-bottom: 5px;'>Soporta cambios climaticos abruptos y ambientes extremos.<\/li>\n<li style='margin-bottom: 5px;'>F\u00e1cil instalaci\u00f3n&comma; rapida y comoda.<\/li>\n<li style='margin-bottom: 5px;'>Dise\u00f1o optimo que facilita el ruteo del cableado de fibra \u00f3ptica que facilita la gestion y mantenimiento de las fibras.<\/li>\n<li style='margin-bottom: 5px;'>Puntos de protecci\u00f3n y puesta a tierra reguros y confiables para el cable de fibra \u00f3ptica.<\/li>\n<li style='margin-bottom: 5px;'>Llave de seguridad patentada&comma; dificil de acceder o romper.<\/li>\n<\/ul><\/div>\n<\/p><\/div>\n<div style='flex: 1 1 250px; border: 1px solid rgba(150&comma; 150&comma; 150&comma; 0.4); border-radius: 8px; overflow: hidden; display: flex; flex-direction: column;'>\n<div style='padding: 15px; border-bottom: 1px solid rgba(150&comma; 150&comma; 150&comma; 0.2); font-weight: bold; font-size: 18px; color: inherit;'>Especificaciones<\/div>\n<div style='padding: 15px; color: inherit;'>\n<ul style='padding-left: 20px; margin: 0; font-size: 14px; list-style-type: disc;'>\n<li style='margin-bottom: 5px;'>Capacidad m\u00e1xima de distribuci\u00f3n hasta 288 n\u00facleos<\/li>\n<li style='margin-bottom: 5px;'>Material: Acero laminado en frio de alta calidad de 1.5 mm<\/li>\n<li style='margin-bottom: 5px;'>Clasificaci\u00f3n IP: IP65<\/li>\n<li style='margin-bottom: 5px;'>Adaptadores SC\/APC simplex<\/li>\n<li style='margin-bottom: 5px;'>Dise\u00f1o horizontal y componentes:<\/li>\n<li style='margin-bottom: 5px;'>4 Splitters de Cassete 2&#215;8 SC\/APC<\/li>\n<li style='margin-bottom: 5px;'>6 Splitters Cassete 2&#215;16 SC\/APC<\/li>\n<li style='margin-bottom: 5px;'>6 Distribuidores de 24 puertos con acopladores SC\/APC<\/li>\n<li style='margin-bottom: 5px;'>16 Distribuidores de 12 puertos con acopladores SC\/APC<\/li>\n<li style='margin-bottom: 5px;'>288 Pigtails de 1.5 m con conectores SC\/APC con codigos de colores<\/li>\n<li style='margin-bottom: 5px;'>Entrada de cable: 8 puertos de entrada para cable de fibra \u00f3ptica con proteccion de goma&comma; 1 puerto adicional cerrado<\/li>\n<li style='margin-bottom: 5px;'>Temperatura de trabajo: -40\u00b0C ~ +60\u00b0C<\/li>\n<li style='margin-bottom: 5px;'>Radio de curvatura: \u2265 40 mm<\/li>\n<li style='margin-bottom: 5px;'>Resistencia a la presi\u00f3n lateral: 500N<\/li>\n<li style='margin-bottom: 5px;'>Resistencia: 750N<\/li>\n<li style='margin-bottom: 5px;'>Organizador Vertical: Organizador de cable de fibra \u00f3ptica (60&#215;60 mm) para organizar hasta 24 buffers<\/li>\n<li style='margin-bottom: 5px;'>Accesorios del gabinete: 5 metros de plastico de proteccion Helix<\/li>\n<li style='margin-bottom: 5px;'>288 Pigtails de 1.5 m de longitud con conector SC\/APC (G657.A1) 0.9 mm con codigo de colores en grupos de 12<\/li>\n<li style='margin-bottom: 5px;'>Charolas de empalme horizontales: 12 y 24 empalmes<\/li>\n<\/ul><\/div>\n<\/p><\/div>\n<div style='flex: 1 1 250px; border: 1px solid rgba(150&comma; 150&comma; 150&comma; 0.4); border-radius: 8px; overflow: hidden; display: flex; flex-direction: column;'>\n<div style='padding: 15px; border-bottom: 1px solid rgba(150&comma; 150&comma; 150&comma; 0.2); font-weight: bold; font-size: 18px; color: inherit;'>Componentes<\/div>\n<div style='padding: 15px; color: inherit;'>\n<ul style='padding-left: 20px; margin: 0; font-size: 14px; list-style-type: disc;'>\n<li style='margin-bottom: 5px;'>x2 ODF de 24 puertos<\/li>\n<li style='margin-bottom: 5px;'>Organizador Horizontal<\/li>\n<li style='margin-bottom: 5px;'>x8 ODF de 12 puertos<\/li>\n<li style='margin-bottom: 5px;'>Organizador Horizontal<\/li>\n<li style='margin-bottom: 5px;'>x8 ODF de 12 puertos<\/li>\n<li style='margin-bottom: 5px;'>Organizador Horizontal<\/li>\n<li style='margin-bottom: 5px;'>x4 ODF de 24 puertos<\/li>\n<\/ul><\/div>\n<\/p><\/div>\n<\/p><\/div>\n<hr style='border: 0; border-top: 1px solid rgba(150&comma; 150&comma; 150&comma; 0.3); margin: 30px 0;'> <\/div>\n","protected":false},"excerpt":{"rendered":"<p>Gabinete de Distribuci\u00f3n de Conexi\u00f3n Cruzada para Fibra \u00d3ptica (FDT) Capacidad hasta 288 Hilos<\/p>\n","protected":false},"featured_media":92828,"comment_status":"open","ping_status":"closed","template":"","meta":[],"product_brand":[],"product_cat":[2014],"product_tag":[435,2011,2015],"class_list":{"0":"post-92829","1":"product","2":"type-product","3":"status-publish","4":"has-post-thumbnail","6":"product_cat-splitters-y-cajas-de-empalme","7":"product_tag-linkedpro-by-epcom","8":"product_tag-redes-ftth-pon","9":"product_tag-splitters-y-cajas-de-empalme","11":"first","12":"instock","13":"sale","14":"shipping-taxable","15":"purchasable","16":"product-type-simple"},"_links":{"self":[{"href":"https:\/\/soydeaqui.ddns.net\/pachuca\/index.php\/wp-json\/wp\/v2\/product\/92829","targetHints":{"allow":["GET"]}}],"collection":[{"href":"https:\/\/soydeaqui.ddns.net\/pachuca\/index.php\/wp-json\/wp\/v2\/product"}],"about":[{"href":"https:\/\/soydeaqui.ddns.net\/pachuca\/index.php\/wp-json\/wp\/v2\/types\/product"}],"replies":[{"embeddable":true,"href":"https:\/\/soydeaqui.ddns.net\/pachuca\/index.php\/wp-json\/wp\/v2\/comments?post=92829"}],"wp:featuredmedia":[{"embeddable":true,"href":"https:\/\/soydeaqui.ddns.net\/pachuca\/index.php\/wp-json\/wp\/v2\/media\/92828"}],"wp:attachment":[{"href":"https:\/\/soydeaqui.ddns.net\/pachuca\/index.php\/wp-json\/wp\/v2\/media?parent=92829"}],"wp:term":[{"taxonomy":"product_brand","embeddable":true,"href":"https:\/\/soydeaqui.ddns.net\/pachuca\/index.php\/wp-json\/wp\/v2\/product_brand?post=92829"},{"taxonomy":"product_cat","embeddable":true,"href":"https:\/\/soydeaqui.ddns.net\/pachuca\/index.php\/wp-json\/wp\/v2\/product_cat?post=92829"},{"taxonomy":"product_tag","embeddable":true,"href":"https:\/\/soydeaqui.ddns.net\/pachuca\/index.php\/wp-json\/wp\/v2\/product_tag?post=92829"}],"curies":[{"name":"wp","href":"https:\/\/api.w.org\/{rel}","templated":true}]}}