{"id":92782,"date":"2026-03-20T05:34:00","date_gmt":"2026-03-20T05:34:00","guid":{"rendered":"https:\/\/soydeaqui.ddns.net\/pachuca\/index.php\/producto\/boton-inalambrico-de-emergencia-para-modelo-y501y-y501wy-x305\/"},"modified":"2026-03-20T05:34:08","modified_gmt":"2026-03-20T05:34:08","slug":"boton-inalambrico-de-emergencia-para-modelo-y501y-y501wy-x305","status":"publish","type":"product","link":"https:\/\/soydeaqui.ddns.net\/pachuca\/index.php\/producto\/boton-inalambrico-de-emergencia-para-modelo-y501y-y501wy-x305\/","title":{"rendered":"BOTON INAL\u00c1MBRICO DE EMERGENCIA PARA MODELO Y501Y\/Y501WY\/X305"},"content":{"rendered":"<div style='width: 100%; max-width: 1200px; margin: 0 auto; font-family: sans-serif; line-height: 1.6; color: inherit; background-color: transparent;'> <!-- Encabezado rojo con t\u00edtulo --> <\/p>\n<div style='background-color: #cb3234; color: white; text-align: center; padding: 30px 15px;'>\n<h1 style='margin: 0; font-size: 32px; color: inherit;'>Pulsadores Inal\u00e1mbricos KT10 y KT20<\/h1>\n<p style='margin: 0; font-size: 18px; color: inherit;'>Energ\u00eda cin\u00e9tica | Sin bater\u00edas | Compactos | Compatibles con Fanvil<\/p>\n<\/p><\/div>\n<p> <!-- Contenedor principal --> <\/p>\n<div style='max-width: 1100px; margin: auto; padding: 20px; font-family: Arial&comma; sans-serif; color: inherit; background-color: transparent;'> <!-- Descripci\u00f3n general --> <\/p>\n<section>\n<p style='font-size: 14pt; text-align: justify; line-height: 1.6; color: inherit;'>KT10 y KT20 son pulsadores inal\u00e1mbricos de energ\u00eda cin\u00e9tica de rebote. Utilizan tecnolog\u00eda patentada de captaci\u00f3n de microenerg\u00eda&comma; no necesitan bater\u00eda y tienen un tama\u00f1o excepcionalmente compacto.<\/p>\n<p style='font-size: 14pt; text-align: justify; line-height: 1.6; margin-top: 20px; color: inherit;'>Estos botones inal\u00e1mbricos se pueden emparejar con la serie Fanvil Y501&#038;Y501-Y y el tel\u00e9fono IP de botones grandes X305 para el control de equipos&comma; esto con la finalidad de accionar una llamada de emergencia.<\/p>\n<\/section>\n<p> <!-- Imagen central --> <\/p>\n<section style='margin: 40px 0;'>\n<div style='text-align: center;'> <img style='width: 100%; height: auto; border: 1px solid rgba(150&comma;150&comma;150&comma;0.3); border-radius: 8px; box-shadow: 0 4px 8px rgba(0&comma;0&comma;0&comma;0.1);' src='https:\/\/fanvil.com\/upload\/images\/20240220\/1636rxzttl.jpg' alt='Pulsadores inal\u00e1mbricos KT10 y KT20' \/> <\/div>\n<\/section>\n<p> <!-- Caracter\u00edsticas --> <\/p>\n<div style='display: flex; flex-wrap: wrap; gap: 20px; margin-top: 40px; justify-content: space-between;'> <!-- Caracter\u00edsticas principales --> <\/p>\n<div style='flex: 1 1 30%; min-width: 300px; border-left: 5px solid #cb3234; border-radius: 8px; overflow: hidden; display: flex; flex-direction: column; background-color: transparent;'>\n<div style='padding: 15px; border-bottom: 1px solid rgba(150&comma; 150&comma; 150&comma; 0.2); font-weight: bold; font-size: 18px; color: #cb3234; opacity: 0.8;'>Caracter\u00edsticas t\u00e9cnicas:<\/div>\n<div style='padding: 15px; color: inherit;'>\n<ul style='padding-left: 20px; margin: 0; font-size: 14px; list-style-type: disc; color: inherit;'>\n<li style='margin-bottom: 5px; color: inherit;'>Tecnolog\u00eda de energ\u00eda cin\u00e9tica<\/li>\n<li style='margin-bottom: 5px; color: inherit;'>Sin necesidad de bater\u00edas<\/li>\n<li style='margin-bottom: 5px; color: inherit;'>Dise\u00f1o compacto y resistente<\/li>\n<li style='margin-bottom: 5px; color: inherit;'>F\u00e1cil instalaci\u00f3n<\/li>\n<li style='margin-bottom: 5px; color: inherit;'>Bajo consumo de energ\u00eda<\/li>\n<li style='margin-bottom: 5px; color: inherit;'>Larga vida \u00fatil<\/li>\n<\/ul><\/div>\n<\/p><\/div>\n<p> <!-- Compatibilidad --> <\/p>\n<div style='flex: 1 1 30%; min-width: 300px; border-left: 5px solid #cb3234; border-radius: 8px; overflow: hidden; display: flex; flex-direction: column; background-color: transparent;'>\n<div style='padding: 15px; border-bottom: 1px solid rgba(150&comma; 150&comma; 150&comma; 0.2); font-weight: bold; font-size: 18px; color: #cb3234; opacity: 0.8;'>Compatibilidad:<\/div>\n<div style='padding: 15px; color: inherit;'>\n<ul style='padding-left: 20px; margin: 0; font-size: 14px; list-style-type: disc; color: inherit;'>\n<li style='margin-bottom: 5px; color: inherit;'>Fanvil Y501<\/li>\n<li style='margin-bottom: 5px; color: inherit;'>Fanvil Y501-Y<\/li>\n<li style='margin-bottom: 5px; color: inherit;'>Fanvil X305 (tel\u00e9fono IP de botones grandes)<\/li>\n<li style='margin-bottom: 5px; color: inherit;'>Sistemas de comunicaci\u00f3n SIP<\/li>\n<\/ul><\/div>\n<\/p><\/div>\n<p> <!-- Aplicaciones --> <\/p>\n<div style='flex: 1 1 30%; min-width: 300px; border-left: 5px solid #cb3234; border-radius: 8px; overflow: hidden; display: flex; flex-direction: column; background-color: transparent;'>\n<div style='padding: 15px; border-bottom: 1px solid rgba(150&comma; 150&comma; 150&comma; 0.2); font-weight: bold; font-size: 18px; color: #cb3234; opacity: 0.8;'>Aplicaciones:<\/div>\n<div style='padding: 15px; color: inherit;'>\n<ul style='padding-left: 20px; margin: 0; font-size: 14px; list-style-type: disc; color: inherit;'>\n<li style='margin-bottom: 5px; color: inherit;'>Llamadas de emergencia<\/li>\n<li style='margin-bottom: 5px; color: inherit;'>Sistemas hospitalarios<\/li>\n<li style='margin-bottom: 5px; color: inherit;'>Residencias de ancianos<\/li>\n<li style='margin-bottom: 5px; color: inherit;'>Atenci\u00f3n domiciliaria<\/li>\n<li style='margin-bottom: 5px; color: inherit;'>Control de equipos m\u00e9dicos<\/li>\n<\/ul><\/div>\n<\/p><\/div>\n<\/p><\/div>\n<\/p><\/div>\n<\/p><\/div>\n","protected":false},"excerpt":{"rendered":"<p>BOTON INAL\u00c1MBRICO DE EMERGENCIA PARA MODELO Y501Y\/Y501WY\/X305<\/p>\n","protected":false},"featured_media":92781,"comment_status":"open","ping_status":"closed","template":"","meta":[],"product_brand":[],"product_cat":[2040],"product_tag":[93,859,2004],"class_list":{"0":"post-92782","1":"product","2":"type-product","3":"status-publish","4":"has-post-thumbnail","6":"product_cat-accesorios-voip-telefonia-ip-videoconferencia","7":"product_tag-accesorios","8":"product_tag-fanvil","9":"product_tag-voip-telefonia-ip-videoconferencia","11":"first","12":"instock","13":"sale","14":"shipping-taxable","15":"purchasable","16":"product-type-simple"},"_links":{"self":[{"href":"https:\/\/soydeaqui.ddns.net\/pachuca\/index.php\/wp-json\/wp\/v2\/product\/92782","targetHints":{"allow":["GET"]}}],"collection":[{"href":"https:\/\/soydeaqui.ddns.net\/pachuca\/index.php\/wp-json\/wp\/v2\/product"}],"about":[{"href":"https:\/\/soydeaqui.ddns.net\/pachuca\/index.php\/wp-json\/wp\/v2\/types\/product"}],"replies":[{"embeddable":true,"href":"https:\/\/soydeaqui.ddns.net\/pachuca\/index.php\/wp-json\/wp\/v2\/comments?post=92782"}],"wp:featuredmedia":[{"embeddable":true,"href":"https:\/\/soydeaqui.ddns.net\/pachuca\/index.php\/wp-json\/wp\/v2\/media\/92781"}],"wp:attachment":[{"href":"https:\/\/soydeaqui.ddns.net\/pachuca\/index.php\/wp-json\/wp\/v2\/media?parent=92782"}],"wp:term":[{"taxonomy":"product_brand","embeddable":true,"href":"https:\/\/soydeaqui.ddns.net\/pachuca\/index.php\/wp-json\/wp\/v2\/product_brand?post=92782"},{"taxonomy":"product_cat","embeddable":true,"href":"https:\/\/soydeaqui.ddns.net\/pachuca\/index.php\/wp-json\/wp\/v2\/product_cat?post=92782"},{"taxonomy":"product_tag","embeddable":true,"href":"https:\/\/soydeaqui.ddns.net\/pachuca\/index.php\/wp-json\/wp\/v2\/product_tag?post=92782"}],"curies":[{"name":"wp","href":"https:\/\/api.w.org\/{rel}","templated":true}]}}