{"id":92749,"date":"2026-03-20T05:32:25","date_gmt":"2026-03-20T05:32:25","guid":{"rendered":"https:\/\/soydeaqui.ddns.net\/pachuca\/index.php\/producto\/antena-direccionales-blindada-para-radio-c5x-b5x-c6x-b6x-tecnologia-twist-on-para-radios-de-guia-de-onda-4-9-6-4-ghz-ganancia-34-dbi-ideal-para-hasta-50-km-montaje-incluido\/"},"modified":"2026-03-20T05:32:34","modified_gmt":"2026-03-20T05:32:34","slug":"antena-direccionales-blindada-para-radio-c5x-b5x-c6x-b6x-tecnologia-twist-on-para-radios-de-guia-de-onda-4-9-6-4-ghz-ganancia-34-dbi-ideal-para-hasta-50-km-montaje-incluido","status":"publish","type":"product","link":"https:\/\/soydeaqui.ddns.net\/pachuca\/index.php\/producto\/antena-direccionales-blindada-para-radio-c5x-b5x-c6x-b6x-tecnologia-twist-on-para-radios-de-guia-de-onda-4-9-6-4-ghz-ganancia-34-dbi-ideal-para-hasta-50-km-montaje-incluido\/","title":{"rendered":"Antena Direccionales Blindada para radio C5X, B5X, C6X, B6X \/ tecnolog\u00eda Twist-on para radios de gu\u00eda de onda \/  4.9-6.4 GHz \/ Ganancia 34 dBi \/ Ideal para hasta 50 km \/ Montaje incluido."},"content":{"rendered":"<div style='width: 100%; max-width: 1200px; margin: 0 auto; font-family: sans-serif; line-height: 1.6; color: inherit; background-color: transparent;'>\n<div style='display: flex; flex-wrap: wrap; gap: 30px; margin-bottom: 30px;'>\n<div style='flex: 1 1 300px; min-width: 280px;'>\n<h3 style='font-size: 22px; border-bottom: 2px solid currentColor; padding-bottom: 5px; margin-top: 0; color: inherit; opacity: 0.8;'>Caracter\u00edsticas Principales<\/h3>\n<ul style='padding-left: 20px; font-size: 15px; color: inherit;'>\n<li style='margin-bottom: 5px;'>Rango de frecuencia: 4.9 &#8211; 6.4 GHz<\/li>\n<li style='margin-bottom: 5px;'>Ganancia: 34 dBi<\/li>\n<li style='margin-bottom: 5px;'>Montaje robusto con ajuste de azimut \u00b160\u00b0<\/li>\n<li style='margin-bottom: 5px;'>Resistencia al viento: 120 km\/h<\/li>\n<li style='margin-bottom: 5px;'>Compatibilidad: Radios C5x&comma; B5x&comma; C6x<\/li>\n<\/ul><\/div>\n<div style='flex: 1 1 300px; min-width: 280px;'>\n<h3 style='font-size: 22px; border-bottom: 2px solid currentColor; padding-bottom: 5px; margin-top: 0; color: inherit; opacity: 0.8;'>Diferenciadores<\/h3>\n<ul style='padding-left: 20px; font-size: 15px; color: inherit;'>\n<li style='margin-bottom: 5px;'>Rango de frecuencia m\u00e1s amplio en el mercado<\/li>\n<li style='margin-bottom: 5px;'>Conectividad para radios C5x&comma; B5x y C6x<\/li>\n<li style='margin-bottom: 5px;'>Montaje altamente robusto y estable<\/li>\n<li style='margin-bottom: 5px;'>Dise\u00f1o twist-on para instalaci\u00f3n r\u00e1pida<\/li>\n<li style='margin-bottom: 5px;'>Radomo integrado para protecci\u00f3n en condiciones extremas<\/li>\n<\/ul><\/div>\n<\/p><\/div>\n<div style='display: flex; flex-wrap: wrap; gap: 20px; margin-bottom: 30px;'>\n<div style='flex: 1 1 250px; border: 1px solid rgba(150&comma; 150&comma; 150&comma; 0.4); border-radius: 8px; overflow: hidden; display: flex; flex-direction: column;'>\n<div style='padding: 15px; border-bottom: 1px solid rgba(150&comma; 150&comma; 150&comma; 0.2); font-weight: bold; font-size: 18px; color: inherit;'>Especificaciones El\u00e9ctricas<\/div>\n<div style='padding: 15px; color: inherit;'>\n<ul style='padding-left: 20px; margin: 0; font-size: 14px; list-style-type: disc;'>\n<li style='margin-bottom: 5px;'><strong>Tipo:<\/strong> Parab\u00f3lica twist-on<\/li>\n<li style='margin-bottom: 5px;'><strong>Rango de Frecuencia:<\/strong> 4.9 &#8211; 6.4 GHz<\/li>\n<li style='margin-bottom: 5px;'><strong>Ganancia:<\/strong> 34 dBi<\/li>\n<li style='margin-bottom: 5px;'><strong>VSWR:<\/strong> < 2.0<\/li>\n<li style='margin-bottom: 5px;'><strong>Ancho de haz HPOL:<\/strong> 4.2\u00b0<\/li>\n<li style='margin-bottom: 5px;'><strong>Ancho de haz VPOL:<\/strong> 4.0\u00b0<\/li>\n<li style='margin-bottom: 5px;'><strong>Raz\u00f3n F\/B:<\/strong> >41 dB<\/li>\n<li style='margin-bottom: 5px;'><strong>Impedancia:<\/strong> 50 ohm<\/li>\n<li style='margin-bottom: 5px;'><strong>Polarizaci\u00f3n:<\/strong> Dual slant 45\u00b0<\/li>\n<\/ul><\/div>\n<\/p><\/div>\n<div style='flex: 1 1 250px; border: 1px solid rgba(150&comma; 150&comma; 150&comma; 0.4); border-radius: 8px; overflow: hidden; display: flex; flex-direction: column;'>\n<div style='padding: 15px; border-bottom: 1px solid rgba(150&comma; 150&comma; 150&comma; 0.2); font-weight: bold; font-size: 18px; color: inherit;'>Especificaciones Mec\u00e1nicas<\/div>\n<div style='padding: 15px; color: inherit;'>\n<ul style='padding-left: 20px; margin: 0; font-size: 14px; list-style-type: disc;'>\n<li style='margin-bottom: 5px;'><strong>Resistencia al viento:<\/strong> 120 km\/h<\/li>\n<li style='margin-bottom: 5px;'><strong>Ajuste Azimut:<\/strong> \u00b160\u00b0<\/li>\n<li style='margin-bottom: 5px;'><strong>Ajuste Elevaci\u00f3n:<\/strong> \u00b120\u00b0<\/li>\n<li style='margin-bottom: 5px;'><strong>Di\u00e1metro del m\u00e1stil:<\/strong> 1&#8242; &#8211; 2.75&#8242; (25.4mm &#8211; 69.86mm)<\/li>\n<li style='margin-bottom: 5px;'><strong>Temperatura de operaci\u00f3n:<\/strong> -45\u00b0C a +60\u00b0C<\/li>\n<li style='margin-bottom: 5px;'><strong>Peso:<\/strong> 3.2 kg<\/li>\n<li style='margin-bottom: 5px;'><strong>Compatibilidad:<\/strong> Adaptador NPTW<\/li>\n<\/ul><\/div>\n<\/p><\/div>\n<div style='flex: 1 1 250px; border: 1px solid rgba(150&comma; 150&comma; 150&comma; 0.4); border-radius: 8px; overflow: hidden; display: flex; flex-direction: column;'>\n<div style='padding: 15px; border-bottom: 1px solid rgba(150&comma; 150&comma; 150&comma; 0.2); font-weight: bold; font-size: 18px; color: inherit;'>Aplicaciones<\/div>\n<div style='padding: 15px; color: inherit;'>\n<ul style='padding-left: 20px; margin: 0; font-size: 14px; list-style-type: disc;'>\n<li style='margin-bottom: 5px;'>Backhaul PTP<\/li>\n<li style='margin-bottom: 5px;'>CPE<\/li>\n<li style='margin-bottom: 5px;'>Seguridad p\u00fablica<\/li>\n<li style='margin-bottom: 5px;'>Enlaces de larga distancia<\/li>\n<\/ul><\/div>\n<\/p><\/div>\n<\/p><\/div>\n<div style='display: flex; flex-wrap: wrap; gap: 20px; margin-bottom: 30px;'>\n<div style='flex: 1 1 250px; border: 1px solid rgba(150&comma; 150&comma; 150&comma; 0.4); border-radius: 8px; overflow: hidden; display: flex; flex-direction: column;'>\n<div style='padding: 15px; border-bottom: 1px solid rgba(150&comma; 150&comma; 150&comma; 0.2); font-weight: bold; font-size: 18px; color: inherit;'>Patr\u00f3n de Radiaci\u00f3n<\/div>\n<div style='padding: 15px; color: inherit;'>\n<div style='margin-bottom: 15px;'> <strong>Vertical:<\/strong> <\/p>\n<ul style='padding-left: 20px; margin: 0; font-size: 14px; list-style-type: disc;'>\n<li style='margin-bottom: 5px;'>90\u00b0 &#8211; 90\u00b0<\/li>\n<li style='margin-bottom: 5px;'>0\u00b0 &#8211; 120\u00b0 \/ 60\u00b0<\/li>\n<li style='margin-bottom: 5px;'>-10\u00b0 &#8211; -10\u00b0<\/li>\n<li style='margin-bottom: 5px;'>-20\u00b0 &#8211; 150\u00b0 \/ 30\u00b0<\/li>\n<li style='margin-bottom: 5px;'>-30\u00b0 &#8211; -30\u00b0<\/li>\n<li style='margin-bottom: 5px;'>-40\u00b0 &#8211; -40\u00b0<\/li>\n<li style='margin-bottom: 5px;'>-50\u00b0 &#8211; 180\u00b0 \/ 0\u00b0<\/li>\n<\/ul><\/div>\n<div> <strong>Horizontal:<\/strong> <\/p>\n<ul style='padding-left: 20px; margin: 0; font-size: 14px; list-style-type: disc;'>\n<li style='margin-bottom: 5px;'>90\u00b0 &#8211; 90\u00b0<\/li>\n<li style='margin-bottom: 5px;'>0\u00b0 &#8211; 120\u00b0 \/ 60\u00b0<\/li>\n<li style='margin-bottom: 5px;'>-10\u00b0 &#8211; -10\u00b0<\/li>\n<li style='margin-bottom: 5px;'>-20\u00b0 &#8211; 150\u00b0 \/ 30\u00b0<\/li>\n<li style='margin-bottom: 5px;'>-30\u00b0 &#8211; -30\u00b0<\/li>\n<li style='margin-bottom: 5px;'>-40\u00b0 &#8211; -40\u00b0<\/li>\n<li style='margin-bottom: 5px;'>-50\u00b0 &#8211; 180\u00b0 \/ 0\u00b0<\/li>\n<\/ul><\/div>\n<\/p><\/div>\n<\/p><\/div>\n<\/p><\/div>\n<hr style='border: 0; border-top: 1px solid rgba(150&comma; 150&comma; 150&comma; 0.3); margin: 30px 0;'> <\/div>\n","protected":false},"excerpt":{"rendered":"<p>Antena Direccionales Blindada para radio C5X, B5X, C6X, B6X \/ tecnolog\u00eda Twist-on para radios de gu\u00eda de onda \/  4.9-6.4 GHz \/ Ganancia 34 dBi \/ Ideal para hasta 50 km \/ Montaje incluido.<\/p>\n","protected":false},"featured_media":92748,"comment_status":"open","ping_status":"closed","template":"","meta":[],"product_brand":[],"product_cat":[1998],"product_tag":[1999,1980,1729],"class_list":{"0":"post-92749","1":"product","2":"type-product","3":"status-publish","4":"has-post-thumbnail","6":"product_cat-5-y-6-ghz","7":"product_tag-5-y-6-ghz","8":"product_tag-enlaces-ptp-y-ptmp","9":"product_tag-netpoint","11":"first","12":"instock","13":"sale","14":"shipping-taxable","15":"purchasable","16":"product-type-simple"},"_links":{"self":[{"href":"https:\/\/soydeaqui.ddns.net\/pachuca\/index.php\/wp-json\/wp\/v2\/product\/92749","targetHints":{"allow":["GET"]}}],"collection":[{"href":"https:\/\/soydeaqui.ddns.net\/pachuca\/index.php\/wp-json\/wp\/v2\/product"}],"about":[{"href":"https:\/\/soydeaqui.ddns.net\/pachuca\/index.php\/wp-json\/wp\/v2\/types\/product"}],"replies":[{"embeddable":true,"href":"https:\/\/soydeaqui.ddns.net\/pachuca\/index.php\/wp-json\/wp\/v2\/comments?post=92749"}],"wp:featuredmedia":[{"embeddable":true,"href":"https:\/\/soydeaqui.ddns.net\/pachuca\/index.php\/wp-json\/wp\/v2\/media\/92748"}],"wp:attachment":[{"href":"https:\/\/soydeaqui.ddns.net\/pachuca\/index.php\/wp-json\/wp\/v2\/media?parent=92749"}],"wp:term":[{"taxonomy":"product_brand","embeddable":true,"href":"https:\/\/soydeaqui.ddns.net\/pachuca\/index.php\/wp-json\/wp\/v2\/product_brand?post=92749"},{"taxonomy":"product_cat","embeddable":true,"href":"https:\/\/soydeaqui.ddns.net\/pachuca\/index.php\/wp-json\/wp\/v2\/product_cat?post=92749"},{"taxonomy":"product_tag","embeddable":true,"href":"https:\/\/soydeaqui.ddns.net\/pachuca\/index.php\/wp-json\/wp\/v2\/product_tag?post=92749"}],"curies":[{"name":"wp","href":"https:\/\/api.w.org\/{rel}","templated":true}]}}