{"id":92745,"date":"2026-03-20T05:32:15","date_gmt":"2026-03-20T05:32:15","guid":{"rendered":"https:\/\/soydeaqui.ddns.net\/pachuca\/index.php\/producto\/receptor-kvm-ip-dual-display-usb-baja-latencia-1920-x-1200-60hz-rs232\/"},"modified":"2026-03-20T05:32:22","modified_gmt":"2026-03-20T05:32:22","slug":"receptor-kvm-ip-dual-display-usb-baja-latencia-1920-x-1200-60hz-rs232","status":"publish","type":"product","link":"https:\/\/soydeaqui.ddns.net\/pachuca\/index.php\/producto\/receptor-kvm-ip-dual-display-usb-baja-latencia-1920-x-1200-60hz-rs232\/","title":{"rendered":"Receptor KVM IP |\u00a0Dual Display USB |\u00a0Baja Latencia |\u00a01920 x 1200 60Hz | RS232"},"content":{"rendered":"<div style='width: 100%; max-width: 1200px; margin: 0 auto; font-family: sans-serif; line-height: 1.6; color: inherit; background-color: transparent;'> <!-- Logo Aten --> <\/p>\n<div style='width: 100%; margin-bottom: 30px;'> <img style='width: 40%; height: auto; border: 1px solid rgba(150&comma;150&comma;150&comma;0.3); border-radius: 8px; margin-left: 30%;' src='https:\/\/ftp3.syscom.mx\/usuarios\/luis.vargas\/ATEN\/VS184B\/Logo-Aten.jpg' alt='Logo ATEN'> <\/div>\n<p> <!-- Contenido principal con imagen y descripci\u00f3n --> <\/p>\n<div style='display: flex; flex-wrap: wrap; gap: 30px; margin-bottom: 30px;'>\n<div style='flex: 1 1 300px; min-width: 280px;'> <img style='width: 100%; height: auto; border: 1px solid rgba(150&comma;150&comma;150&comma;0.3); border-radius: 8px;' src='https:\/\/ftp3.syscom.mx\/usuarios\/luis.vargas\/ATEN\/KE6940A\/KE6940.png' alt='Receptor KVM IP KE6940AR'> <\/div>\n<div style='flex: 1 1 300px; min-width: 280px;'>\n<div style='font-size: 22px; border-bottom: 2px solid currentColor; padding-bottom: 5px; margin-top: 0; color: inherit; opacity: 0.8; margin-bottom: 15px;'>Extensor KVM IP<\/div>\n<p style='font-size: 15px; color: inherit; margin-bottom: 15px;'>El extensor KE6940A permite el acceso remoto a sistemas inform\u00e1ticos a trav\u00e9s de una red intranet. Conecte el transmisor al ordenador y el receptor ofrece acceso a la consola desde ubicaciones remotas&comma; admitiendo dos pantallas DVI con resoluci\u00f3n de hasta 1920 x 1200 a 60 Hz. Se conecta mediante RJ-45 o una ranura SFP para distancias de hasta 10 km con m\u00f3dulos de fibra SFP de 1Gbps. Ofrece redundancia de alimentaci\u00f3n y puede utilizarse en diferentes configuraciones de matriz KVM a trav\u00e9s de IP con el Software de gesti\u00f3n de matrices KE (CCKM)&comma; que incluye funciones avanzadas de autenticaci\u00f3n y seguridad. Con men\u00fas en pantalla y compatibilidad con RS-232 y Auto MDIX&comma; es una soluci\u00f3n pr\u00e1ctica y rentable para extensiones digitales en entornos intranet.<\/p>\n<p style='font-size: 15px; color: inherit;'><strong>Transmisor:<\/strong> <a href='https:\/\/www.syscom.mx\/producto\/aten-ke6940at-228594.html' style='color: inherit; text-decoration: underline;'>KE6940AT<\/a><\/p>\n<\/p><\/div>\n<\/p><\/div>\n<p> <!-- Caracter\u00edsticas generales --> <\/p>\n<div style='display: flex; flex-wrap: wrap; gap: 20px; margin-bottom: 30px;'>\n<div style='flex: 1 1 250px; border: 1px solid rgba(150&comma; 150&comma; 150&comma; 0.4); border-radius: 8px; overflow: hidden; display: flex; flex-direction: column;'>\n<div style='padding: 15px; border-bottom: 1px solid rgba(150&comma; 150&comma; 150&comma; 0.2); font-weight: bold; font-size: 18px; color: inherit;'>Puertos y conectores<\/div>\n<div style='padding: 15px; color: inherit;'>\n<ul style='padding-left: 20px; margin: 0; font-size: 14px; list-style-type: disc;'>\n<li style='margin-bottom: 5px;'><strong>Puerto USB:<\/strong> 2 x USB Tipo A Hembra (Blanco)<\/li>\n<li style='margin-bottom: 5px;'><strong>Puertos de Consola:<\/strong>\n<ul style='padding-left: 20px; margin: 5px 0;'>\n<li style='margin-bottom: 5px;'>2 x USB Tipo A hembra (Blanco)<\/li>\n<li style='margin-bottom: 5px;'>2 x DVI-I hembra (Blanco)<\/li>\n<li style='margin-bottom: 5px;'>1 x Miniconector est\u00e9reo (Verde)<\/li>\n<li style='margin-bottom: 5px;'>1 x Miniconector est\u00e9reo (Rosa)<\/li>\n<li style='margin-bottom: 5px;'>1 x DB-9 macho (Negro)<\/li>\n<\/ul>\n<\/li>\n<li style='margin-bottom: 5px;'><strong>Puertos KVM:<\/strong> N\/D<\/li>\n<li style='margin-bottom: 5px;'><strong>Puertos LAN:<\/strong>\n<ul style='padding-left: 20px; margin: 5px 0;'>\n<li style='margin-bottom: 5px;'>1x RJ45<\/li>\n<li style='margin-bottom: 5px;'>1x Ranura SFP<\/li>\n<\/ul>\n<\/li>\n<\/ul><\/div>\n<\/p><\/div>\n<div style='flex: 1 1 250px; border: 1px solid rgba(150&comma; 150&comma; 150&comma; 0.4); border-radius: 8px; overflow: hidden; display: flex; flex-direction: column;'>\n<div style='padding: 15px; border-bottom: 1px solid rgba(150&comma; 150&comma; 150&comma; 0.2); font-weight: bold; font-size: 18px; color: inherit;'>Controladores y LEDs<\/div>\n<div style='padding: 15px; color: inherit;'>\n<ul style='padding-left: 20px; margin: 0; font-size: 14px; list-style-type: disc;'>\n<li style='margin-bottom: 5px;'><strong>Switches:<\/strong>\n<ul style='padding-left: 20px; margin: 5px 0;'>\n<li style='margin-bottom: 5px;'>OSD: 1 x Pulsadores<\/li>\n<li style='margin-bottom: 5px;'>V\u00eddeo: 1 x Pulsadores<\/li>\n<li style='margin-bottom: 5px;'>Gr\u00e1ficos: 1 x Pulsadores<\/li>\n<li style='margin-bottom: 5px;'>Reiniciar: 1 x Pulsador semiempotrado<\/li>\n<li style='margin-bottom: 5px;'>Selecci\u00f3n de modo: 1 x interruptor deslizante (Extensi\u00f3n&comma; Config RS232)<\/li>\n<\/ul>\n<\/li>\n<li style='margin-bottom: 5px;'><strong>LEDs:<\/strong>\n<ul style='padding-left: 20px; margin: 5px 0;'>\n<li style='margin-bottom: 5px;'>Enlace: 1 (10: Naranja \/ 100: Naranja y Verde \/ 1000: Verde)<\/li>\n<li style='margin-bottom: 5px;'>Alimentaci\u00f3n: 1 (Azul)<\/li>\n<li style='margin-bottom: 5px;'>Local: 1 (Verde)<\/li>\n<li style='margin-bottom: 5px;'>Mando a distancia: 1 (Verde)<\/li>\n<\/ul>\n<\/li>\n<\/ul><\/div>\n<\/p><\/div>\n<div style='flex: 1 1 250px; border: 1px solid rgba(150&comma; 150&comma; 150&comma; 0.4); border-radius: 8px; overflow: hidden; display: flex; flex-direction: column;'>\n<div style='padding: 15px; border-bottom: 1px solid rgba(150&comma; 150&comma; 150&comma; 0.2); font-weight: bold; font-size: 18px; color: inherit;'>Especificaciones t\u00e9cnicas<\/div>\n<div style='padding: 15px; color: inherit;'>\n<ul style='padding-left: 20px; margin: 0; font-size: 14px; list-style-type: disc;'>\n<li style='margin-bottom: 5px;'><strong>Emulaci\u00f3n:<\/strong> Teclado \/ Rat\u00f3n: USB<\/li>\n<li style='margin-bottom: 5px;'><strong>Consumo de Energ\u00eda:<\/strong> 5 Vcc&comma; 8.51W<\/li>\n<li style='margin-bottom: 5px;'><strong>Resoluci\u00f3n de Video:<\/strong> Hasta 1920&#215;1200 a 60 Hz<\/li>\n<li style='margin-bottom: 5px;'><strong>Condiciones Medioambientales:<\/strong>\n<ul style='padding-left: 20px; margin: 5px 0;'>\n<li style='margin-bottom: 5px;'>Temperatura de funcionamiento: 0 &#8211; 50 \u00b0C<\/li>\n<li style='margin-bottom: 5px;'>Temperatura de almacenamiento: -20 &#8211; 60 \u00b0C<\/li>\n<li style='margin-bottom: 5px;'>Humedad: HR del 0 &#8211; 95% Sin condensaci\u00f3n<\/li>\n<\/ul>\n<\/li>\n<\/ul><\/div>\n<\/p><\/div>\n<div style='flex: 1 1 250px; border: 1px solid rgba(150&comma; 150&comma; 150&comma; 0.4); border-radius: 8px; overflow: hidden; display: flex; flex-direction: column;'>\n<div style='padding: 15px; border-bottom: 1px solid rgba(150&comma; 150&comma; 150&comma; 0.2); font-weight: bold; font-size: 18px; color: inherit;'>Caracter\u00edsticas f\u00edsicas<\/div>\n<div style='padding: 15px; color: inherit;'>\n<ul style='padding-left: 20px; margin: 0; font-size: 14px; list-style-type: disc;'>\n<li style='margin-bottom: 5px;'><strong>Carcasa:<\/strong> Metal<\/li>\n<li style='margin-bottom: 5px;'><strong>Peso:<\/strong> 1&comma;17 kg (2&comma;58 libras)<\/li>\n<li style='margin-bottom: 5px;'><strong>Dimensiones:<\/strong> 22&comma;75&#215;17&comma;16&#215;5&comma;48cm (8&comma;96 x 6&comma;76 x 2&comma;16 pulgadas)<\/li>\n<\/ul><\/div>\n<\/p><\/div>\n<\/p><\/div>\n<p> <!-- Contenido incluido --> <\/p>\n<div style='margin-bottom: 30px;'>\n<h3 style='font-size: 22px; border-bottom: 2px solid currentColor; padding-bottom: 5px; margin-top: 0; color: inherit; opacity: 0.8;'>Contenido del equipo<\/h3>\n<p style='font-size: 15px; color: inherit; margin-bottom: 0;'>El equipo contiene: 1x receptor de KVM DVI-I a trav\u00e9s de IP de dos pantallas KE6940AR&comma; 1x adaptador de corriente y 1 cable de alimentaci\u00f3n&comma; 1x manual de instrucciones<\/p>\n<\/p><\/div>\n<p> <!-- Separador final --> <\/p>\n<hr style='border: 0; border-top: 1px solid rgba(150&comma; 150&comma; 150&comma; 0.3); margin: 30px 0;'> <\/div>\n","protected":false},"excerpt":{"rendered":"<p>Receptor KVM IP |\u00a0Dual Display USB |\u00a0Baja Latencia |\u00a01920 x 1200 60Hz | RS232<\/p>\n","protected":false},"featured_media":92744,"comment_status":"open","ping_status":"closed","template":"","meta":[],"product_brand":[],"product_cat":[2221],"product_tag":[2121,2222,2120],"class_list":{"0":"post-92745","1":"product","2":"type-product","3":"status-publish","4":"has-post-thumbnail","6":"product_cat-extensores-de-video","7":"product_tag-aten","8":"product_tag-extensores-de-video","9":"product_tag-proav","11":"first","12":"outofstock","13":"sale","14":"shipping-taxable","15":"purchasable","16":"product-type-simple"},"_links":{"self":[{"href":"https:\/\/soydeaqui.ddns.net\/pachuca\/index.php\/wp-json\/wp\/v2\/product\/92745","targetHints":{"allow":["GET"]}}],"collection":[{"href":"https:\/\/soydeaqui.ddns.net\/pachuca\/index.php\/wp-json\/wp\/v2\/product"}],"about":[{"href":"https:\/\/soydeaqui.ddns.net\/pachuca\/index.php\/wp-json\/wp\/v2\/types\/product"}],"replies":[{"embeddable":true,"href":"https:\/\/soydeaqui.ddns.net\/pachuca\/index.php\/wp-json\/wp\/v2\/comments?post=92745"}],"wp:featuredmedia":[{"embeddable":true,"href":"https:\/\/soydeaqui.ddns.net\/pachuca\/index.php\/wp-json\/wp\/v2\/media\/92744"}],"wp:attachment":[{"href":"https:\/\/soydeaqui.ddns.net\/pachuca\/index.php\/wp-json\/wp\/v2\/media?parent=92745"}],"wp:term":[{"taxonomy":"product_brand","embeddable":true,"href":"https:\/\/soydeaqui.ddns.net\/pachuca\/index.php\/wp-json\/wp\/v2\/product_brand?post=92745"},{"taxonomy":"product_cat","embeddable":true,"href":"https:\/\/soydeaqui.ddns.net\/pachuca\/index.php\/wp-json\/wp\/v2\/product_cat?post=92745"},{"taxonomy":"product_tag","embeddable":true,"href":"https:\/\/soydeaqui.ddns.net\/pachuca\/index.php\/wp-json\/wp\/v2\/product_tag?post=92745"}],"curies":[{"name":"wp","href":"https:\/\/api.w.org\/{rel}","templated":true}]}}