{"id":92741,"date":"2026-03-20T05:32:03","date_gmt":"2026-03-20T05:32:03","guid":{"rendered":"https:\/\/soydeaqui.ddns.net\/pachuca\/index.php\/producto\/trasmisor-kvm-por-ip-dvi-i-dual-display-usb\/"},"modified":"2026-03-20T05:32:10","modified_gmt":"2026-03-20T05:32:10","slug":"trasmisor-kvm-por-ip-dvi-i-dual-display-usb","status":"publish","type":"product","link":"https:\/\/soydeaqui.ddns.net\/pachuca\/index.php\/producto\/trasmisor-kvm-por-ip-dvi-i-dual-display-usb\/","title":{"rendered":"Trasmisor KVM por IP | DVI-I dual display | USB"},"content":{"rendered":"<div style='width: 100%; max-width: 1200px; margin: 0 auto; font-family: sans-serif; line-height: 1.6; color: inherit; background-color: transparent;'>\n<div style='display: flex; justify-content: center; margin-bottom: 30px;'> <img style='width: 40%; height: auto; border: 1px solid rgba(150&comma;150&comma;150&comma;0.3); border-radius: 8px;' src='https:\/\/ftp3.syscom.mx\/usuarios\/luis.vargas\/ATEN\/VS184B\/Logo-Aten.jpg' alt='Logo Aten'> <\/div>\n<div style='display: flex; flex-wrap: wrap; gap: 30px; margin-bottom: 30px;'>\n<div style='flex: 1 1 300px; min-width: 280px;'> <img style='width: 100%; height: auto; border: 1px solid rgba(150&comma;150&comma;150&comma;0.3); border-radius: 8px;' src='https:\/\/ftp3.syscom.mx\/usuarios\/luis.vargas\/ATEN\/KE6940A\/KE6940.png' alt='KE6940A'> <\/div>\n<div style='flex: 1 1 300px; min-width: 280px;'>\n<div style='font-size: 22px; margin-bottom: 20px; color: inherit; opacity: 0.8;'>Extensor KVM IP<\/div>\n<p style='font-size: 15px; color: inherit;'>El extensor KE6940A permite el acceso remoto a sistemas inform\u00e1ticos a trav\u00e9s de una red intranet. Conecte el transmisor al ordenador y el receptor ofrece acceso a la consola desde ubicaciones remotas&comma; admitiendo dos pantallas DVI con resoluci\u00f3n de hasta 1920 x 1200 a 60 Hz. Se conecta mediante RJ-45 o una ranura SFP para distancias de hasta 10 km con m\u00f3dulos de fibra SFP de 1Gbps. Ofrece redundancia de alimentaci\u00f3n y puede utilizarse en diferentes configuraciones de matriz KVM a trav\u00e9s de IP con el Software de gesti\u00f3n de matrices KE (CCKM)&comma; que incluye funciones avanzadas de autenticaci\u00f3n y seguridad. Con men\u00fas en pantalla y compatibilidad con RS-232 y Auto MDIX&comma; es una soluci\u00f3n pr\u00e1ctica y rentable para extensiones digitales en entornos intranet.<\/p>\n<p style='font-size: 15px; color: inherit;'>Receptor <a href='https:\/\/www.syscom.mx\/producto\/aten-ke6940ar-228593.html' style='color: inherit; text-decoration: underline;'>KE6940AR<\/a><\/p>\n<\/p><\/div>\n<\/p><\/div>\n<div style='display: flex; flex-wrap: wrap; gap: 30px; margin-bottom: 30px;'>\n<div style='flex: 1 1 300px; min-width: 280px;'>\n<h3 style='font-size: 22px; border-bottom: 2px solid currentColor; padding-bottom: 5px; margin-top: 0; color: inherit; opacity: 0.8;'>Caracter\u00edsticas generales<\/h3>\n<ul style='padding-left: 20px; font-size: 15px; color: inherit;'>\n<li style='margin-bottom: 5px;'><strong>Puerto USB:<\/strong> N\/D<\/li>\n<li style='margin-bottom: 5px;'><strong>Puertos de Consola:<\/strong>\n<ul style='padding-left: 20px; margin-top: 5px; margin-bottom: 5px;'>\n<li style='margin-bottom: 5px;'>2 x USB Tipo A hembra (Blanco)<\/li>\n<li style='margin-bottom: 5px;'>2 x DVI-I hembra (Blanco)<\/li>\n<li style='margin-bottom: 5px;'>1 x Miniconector est\u00e9reo (Verde)<\/li>\n<li style='margin-bottom: 5px;'>1 x Miniconector est\u00e9reo (Rosa)<\/li>\n<li style='margin-bottom: 5px;'>1 x DB-9 macho (Negro)<\/li>\n<\/ul>\n<\/li>\n<li style='margin-bottom: 5px;'><strong>Puertos KVM:<\/strong>\n<ul style='padding-left: 20px; margin-top: 5px; margin-bottom: 5px;'>\n<li style='margin-bottom: 5px;'>1 x USB Tipo B hembra (Blanco)<\/li>\n<li style='margin-bottom: 5px;'>2 x DVI-I hembra (Blanco)<\/li>\n<li style='margin-bottom: 5px;'>1 x Miniconector est\u00e9reo (Verde)<\/li>\n<li style='margin-bottom: 5px;'>1 x Miniconector est\u00e9reo (Rosa)<\/li>\n<li style='margin-bottom: 5px;'>1 x DB-9 hembra (Negro)<\/li>\n<\/ul>\n<\/li>\n<\/ul><\/div>\n<div style='flex: 1 1 300px; min-width: 280px;'>\n<ul style='padding-left: 20px; font-size: 15px; color: inherit;'>\n<li style='margin-bottom: 5px;'><strong>Puertos LAN:<\/strong>\n<ul style='padding-left: 20px; margin-top: 5px; margin-bottom: 5px;'>\n<li style='margin-bottom: 5px;'>1x RJ45<\/li>\n<li style='margin-bottom: 5px;'>1x Ranura SFP<\/li>\n<\/ul>\n<\/li>\n<li style='margin-bottom: 5px;'><strong>Switches:<\/strong>\n<ul style='padding-left: 20px; margin-top: 5px; margin-bottom: 5px;'>\n<li style='margin-bottom: 5px;'>OSD: N\/D<\/li>\n<li style='margin-bottom: 5px;'>V\u00eddeo: N\/D<\/li>\n<li style='margin-bottom: 5px;'>Gr\u00e1ficos: N\/D<\/li>\n<li style='margin-bottom: 5px;'>Reiniciar: 1 x Pulsador semiempotrado<\/li>\n<li style='margin-bottom: 5px;'>Selecci\u00f3n de modo: 1 x interruptor deslizante (Autom\u00e1tico&comma; Config. RS-232\/Control de acceso&comma; Local)<\/li>\n<\/ul>\n<\/li>\n<li style='margin-bottom: 5px;'><strong>LEDs:<\/strong>\n<ul style='padding-left: 20px; margin-top: 5px; margin-bottom: 5px;'>\n<li style='margin-bottom: 5px;'>Enlace: 1 (10: Naranja \/ 100: Naranja y Verde \/ 1000: Verde)<\/li>\n<li style='margin-bottom: 5px;'>Alimentaci\u00f3n: 1 (Azul)<\/li>\n<li style='margin-bottom: 5px;'>Local: 1 (Verde)<\/li>\n<li style='margin-bottom: 5px;'>Mando a distancia: 1 (Verde)<\/li>\n<\/ul>\n<\/li>\n<\/ul><\/div>\n<div style='flex: 1 1 300px; min-width: 280px;'>\n<ul style='padding-left: 20px; font-size: 15px; color: inherit;'>\n<li style='margin-bottom: 5px;'><strong>Emulaci\u00f3n:<\/strong>\n<ul style='padding-left: 20px; margin-top: 5px; margin-bottom: 5px;'>\n<li style='margin-bottom: 5px;'>Teclado \/ Rat\u00f3n: USB<\/li>\n<\/ul>\n<\/li>\n<li style='margin-bottom: 5px;'><strong>Consumo de Energ\u00eda:<\/strong>\n<ul style='padding-left: 20px; margin-top: 5px; margin-bottom: 5px;'>\n<li style='margin-bottom: 5px;'>5 Vcc&comma; 12.2W<\/li>\n<\/ul>\n<\/li>\n<li style='margin-bottom: 5px;'><strong>Resoluci\u00f3n de Video:<\/strong>\n<ul style='padding-left: 20px; margin-top: 5px; margin-bottom: 5px;'>\n<li style='margin-bottom: 5px;'>Hasta 1920&#215;1200 a 60 Hz<\/li>\n<\/ul>\n<\/li>\n<li style='margin-bottom: 5px;'><strong>Condiciones Medioambientales:<\/strong>\n<ul style='padding-left: 20px; margin-top: 5px; margin-bottom: 5px;'>\n<li style='margin-bottom: 5px;'>Temperatura de funcionamiento: 0 &#8211; 50 \u00b0C<\/li>\n<li style='margin-bottom: 5px;'>Temperatura de almacenamiento: -20 &#8211; 60 \u00b0C<\/li>\n<li style='margin-bottom: 5px;'>Humedad: HR del 0 &#8211; 95% Sin condensaci\u00f3n<\/li>\n<\/ul>\n<\/li>\n<\/ul><\/div>\n<div style='flex: 1 1 300px; min-width: 280px;'>\n<ul style='padding-left: 20px; font-size: 15px; color: inherit;'>\n<li style='margin-bottom: 5px;'><strong>Propiedades f\u00edsicas:<\/strong>\n<ul style='padding-left: 20px; margin-top: 5px; margin-bottom: 5px;'>\n<li style='margin-bottom: 5px;'>Carcasa: Metal<\/li>\n<li style='margin-bottom: 5px;'>Peso: 1&comma;17 kg (2&comma;58 libras)<\/li>\n<li style='margin-bottom: 5px;'>Dimensiones (LA x AN x AL): 21&comma;50 x 16&comma;33 x 4&comma;18 cm (8&comma;46 x 6&comma;43 x 1&comma;65 pulgadas)<\/li>\n<\/ul>\n<\/li>\n<li style='margin-bottom: 5px;'><strong>Puerto USB:<\/strong> N\/D<\/li>\n<li style='margin-bottom: 5px;'><strong>Puertos LAN:<\/strong> 1x RJ45&comma; 1x Ranura SFP<\/li>\n<li style='margin-bottom: 5px;'><strong>Switches:<\/strong> OSD: N\/D&comma; V\u00eddeo: N\/D&comma; Gr\u00e1ficos: N\/D&comma; Reiniciar: 1 x Pulsador semiempotrado&comma; Selecci\u00f3n de modo: 1 x interruptor deslizante (Autom\u00e1tico&comma; Config. RS-232\/Control de acceso&comma; Local)<\/li>\n<\/ul><\/div>\n<\/p><\/div>\n<div style='margin-bottom: 30px;'>\n<p style='font-size: 15px; color: inherit;'>El equipo contiene: 1x switch de matriz HDMI 4K con escalador 8 x 9 VM6809H&comma; 1x cable de alimentaci\u00f3n&comma; 1x kit de montaje en bastidor&comma; 1x manual de instrucciones<\/p>\n<\/p><\/div>\n<div style='display: flex; justify-content: center; margin-bottom: 30px;'> <img style='width: 70%; height: auto; border: 1px solid rgba(150&comma;150&comma;150&comma;0.3); border-radius: 8px;' src='https:\/\/ftp3.syscom.mx\/usuarios\/luis.vargas\/ATEN\/VM6809H\/VM6809H-2.png' alt='VM6809H-2'> <\/div>\n<div style='margin-bottom: 30px;'>\n<div style='font-size: 18px; border-bottom: 2px solid currentColor; padding-bottom: 10px; margin-bottom: 20px; color: inherit; opacity: 0.8;'>VIDEOS<\/div>\n<div style='display: flex; justify-content: center;'>\n<div style='position: relative; padding-bottom: 56.25%; height: 0; overflow: hidden; width: 100%; max-width: 700px;'>   <\/div>\n<\/p><\/div>\n<\/p><\/div>\n<\/p><\/div>\n","protected":false},"excerpt":{"rendered":"<p>Trasmisor KVM por IP | DVI-I dual display | USB<\/p>\n","protected":false},"featured_media":92740,"comment_status":"open","ping_status":"closed","template":"","meta":[],"product_brand":[],"product_cat":[2221],"product_tag":[2121,2222,2120],"class_list":{"0":"post-92741","1":"product","2":"type-product","3":"status-publish","4":"has-post-thumbnail","6":"product_cat-extensores-de-video","7":"product_tag-aten","8":"product_tag-extensores-de-video","9":"product_tag-proav","11":"first","12":"outofstock","13":"sale","14":"shipping-taxable","15":"purchasable","16":"product-type-simple"},"_links":{"self":[{"href":"https:\/\/soydeaqui.ddns.net\/pachuca\/index.php\/wp-json\/wp\/v2\/product\/92741","targetHints":{"allow":["GET"]}}],"collection":[{"href":"https:\/\/soydeaqui.ddns.net\/pachuca\/index.php\/wp-json\/wp\/v2\/product"}],"about":[{"href":"https:\/\/soydeaqui.ddns.net\/pachuca\/index.php\/wp-json\/wp\/v2\/types\/product"}],"replies":[{"embeddable":true,"href":"https:\/\/soydeaqui.ddns.net\/pachuca\/index.php\/wp-json\/wp\/v2\/comments?post=92741"}],"wp:featuredmedia":[{"embeddable":true,"href":"https:\/\/soydeaqui.ddns.net\/pachuca\/index.php\/wp-json\/wp\/v2\/media\/92740"}],"wp:attachment":[{"href":"https:\/\/soydeaqui.ddns.net\/pachuca\/index.php\/wp-json\/wp\/v2\/media?parent=92741"}],"wp:term":[{"taxonomy":"product_brand","embeddable":true,"href":"https:\/\/soydeaqui.ddns.net\/pachuca\/index.php\/wp-json\/wp\/v2\/product_brand?post=92741"},{"taxonomy":"product_cat","embeddable":true,"href":"https:\/\/soydeaqui.ddns.net\/pachuca\/index.php\/wp-json\/wp\/v2\/product_cat?post=92741"},{"taxonomy":"product_tag","embeddable":true,"href":"https:\/\/soydeaqui.ddns.net\/pachuca\/index.php\/wp-json\/wp\/v2\/product_tag?post=92741"}],"curies":[{"name":"wp","href":"https:\/\/api.w.org\/{rel}","templated":true}]}}