{"id":92723,"date":"2026-03-20T05:31:17","date_gmt":"2026-03-20T05:31:17","guid":{"rendered":"https:\/\/soydeaqui.ddns.net\/pachuca\/index.php\/producto\/router-inalambrico-mesh-interior-para-hogar-doble-banda-wi-fi-5-ac1900-mbps-3-puerto-gigabit-wan-lan-3-antenas-internas-administracion-mediante-la-app-deco-ios-android\/"},"modified":"2026-03-20T05:31:24","modified_gmt":"2026-03-20T05:31:24","slug":"router-inalambrico-mesh-interior-para-hogar-doble-banda-wi-fi-5-ac1900-mbps-3-puerto-gigabit-wan-lan-3-antenas-internas-administracion-mediante-la-app-deco-ios-android","status":"publish","type":"product","link":"https:\/\/soydeaqui.ddns.net\/pachuca\/index.php\/producto\/router-inalambrico-mesh-interior-para-hogar-doble-banda-wi-fi-5-ac1900-mbps-3-puerto-gigabit-wan-lan-3-antenas-internas-administracion-mediante-la-app-deco-ios-android\/","title":{"rendered":"Router Inal\u00e1mbrico MESH Interior para Hogar \/ Doble Banda Wi-Fi 5 AC1900 Mbps \/ 3 Puerto Gigabit WAN\/LAN \/ 3 Antenas Internas \/ Administraci\u00f3n Mediante la App Deco (iOS, Android)"},"content":{"rendered":"<div style='width: 100%; max-width: 1200px; margin: 0 auto; font-family: sans-serif; line-height: 1.6; color: inherit; background-color: transparent;'> <!-- Imagen principal --> <\/p>\n<div style='margin-bottom: 30px;'> <img style='width: 100%; height: auto; border: 1px solid rgba(150&comma;150&comma;150&comma;0.3); border-radius: 8px;' src='https:\/\/ftp3.syscom.mx\/usuarios\/fotos\/DECOS7\/228180-captura_de_pantalla_2024-02-29_a_la(s)_11.22.03 a.m..png' alt='Router Inal\u00e1mbrico MESH Interior para Hogar'> <\/div>\n<p> <!-- Caracter\u00edsticas Principales --> <\/p>\n<div style='margin-bottom: 30px;'>\n<h3 style='font-size: 24px; border-bottom: 2px solid currentColor; padding-bottom: 5px; margin-top: 0; color: inherit; opacity: 0.8; text-align: center;'>Caracter\u00edsticas Principales<\/h3>\n<div style='margin-top: 20px;'> <img style='width: 100%; height: auto; border: 1px solid rgba(150&comma;150&comma;150&comma;0.3); border-radius: 8px;' src='https:\/\/ftp3.syscom.mx\/usuarios\/fotos\/DECOS7\/228180-captura_de_pantalla_2024-02-29_a_la(s)_11.23.03 a.m..png' alt='Caracter\u00edsticas Principales'> <\/div>\n<\/p><\/div>\n<p> <!-- Roaming sin interrupciones --> <\/p>\n<div style='margin-bottom: 30px;'>\n<h3 style='font-size: 24px; border-bottom: 2px solid currentColor; padding-bottom: 5px; margin-top: 0; color: inherit; opacity: 0.8; text-align: center;'>Roaming sin interrupciones<\/h3>\n<div style='margin-top: 20px;'> <img style='width: 100%; height: auto; border: 1px solid rgba(150&comma;150&comma;150&comma;0.3); border-radius: 8px;' src='https:\/\/ftp3.syscom.mx\/usuarios\/fotos\/DECOS7\/228180-captura_de_pantalla_2024-02-29_a_la(s)_11.23.40 a.m..png' alt='Roaming sin interrupciones'> <\/div>\n<\/p><\/div>\n<p> <!-- Modos de Operaci\u00f3n --> <\/p>\n<div style='margin-bottom: 30px;'>\n<h3 style='font-size: 24px; border-bottom: 2px solid currentColor; padding-bottom: 5px; margin-top: 0; color: inherit; opacity: 0.8; text-align: center;'>Modos de Operaci\u00f3n: Punto de Acceso y Router<\/h3>\n<div style='margin-top: 20px;'> <img style='width: 100%; height: auto; border: 1px solid rgba(150&comma;150&comma;150&comma;0.3); border-radius: 8px;' src='https:\/\/ftp3.syscom.mx\/usuarios\/fotos\/DECOS7\/228180-captura_de_pantalla_2024-02-29_a_la(s)_11.24.14 a.m..png' alt='Modos de Operaci\u00f3n'> <\/div>\n<\/p><\/div>\n<p> <!-- Configuraci\u00f3n Sencilla --> <\/p>\n<div style='margin-bottom: 30px;'>\n<h3 style='font-size: 24px; border-bottom: 2px solid currentColor; padding-bottom: 5px; margin-top: 0; color: inherit; opacity: 0.8; text-align: center;'>Configuraci\u00f3n Sencilla<\/h3>\n<div style='margin-top: 20px;'> <img style='width: 100%; height: auto; border: 1px solid rgba(150&comma;150&comma;150&comma;0.3); border-radius: 8px;' src='https:\/\/ftp3.syscom.mx\/usuarios\/fotos\/DECOS7\/228180-captura_de_pantalla_2024-02-29_a_la(s)_11.24.27 a.m..png' alt='Configuraci\u00f3n Sencilla'> <\/div>\n<\/p><\/div>\n<p> <!-- Controles Parentales B\u00e1sicos --> <\/p>\n<div style='margin-bottom: 30px;'>\n<h3 style='font-size: 24px; border-bottom: 2px solid currentColor; padding-bottom: 5px; margin-top: 0; color: inherit; opacity: 0.8; text-align: center;'>Controles Parentales B\u00e1sicos<\/h3>\n<div style='margin-top: 20px;'> <img style='width: 100%; height: auto; border: 1px solid rgba(150&comma;150&comma;150&comma;0.3); border-radius: 8px;' src='https:\/\/ftp3.syscom.mx\/usuarios\/fotos\/DECOS7\/228180-captura_de_pantalla_2024-02-29_a_la(s)_11.24.48 a.m..png' alt='Controles Parentales B\u00e1sicos'> <\/div>\n<\/p><\/div>\n<p> <!-- Separador --> <\/p>\n<hr style='border: 0; border-top: 1px solid rgba(150&comma; 150&comma; 150&comma; 0.3); margin: 30px 0;'> <!-- Especificaciones --> <\/p>\n<div style='margin-bottom: 30px;'>\n<h3 style='font-size: 24px; border-bottom: 2px solid currentColor; padding-bottom: 5px; margin-top: 0; color: inherit; opacity: 0.8;'>Especificaciones<\/h3>\n<div style='margin-top: 20px;'>\n<div style='display: flex; flex-wrap: wrap; gap: 20px;'>\n<div style='flex: 1 1 250px; border: 1px solid rgba(150&comma; 150&comma; 150&comma; 0.4); border-radius: 8px; overflow: hidden; display: flex; flex-direction: column;'>\n<div style='padding: 15px; border-bottom: 1px solid rgba(150&comma; 150&comma; 150&comma; 0.2); font-weight: bold; font-size: 18px; color: inherit;'>Caracter\u00edsticas F\u00edsicas<\/div>\n<div style='padding: 15px; color: inherit;'>\n<ul style='padding-left: 20px; margin: 0; font-size: 14px; list-style-type: disc;'>\n<li style='margin-bottom: 5px;'><strong>Dimensiones:<\/strong> 90.7 x 90.7 x 162.3 mm<\/li>\n<li style='margin-bottom: 5px;'><strong>Puertos:<\/strong> (3) Puerto 10\/100\/1000 Mbps Detecci\u00f3n Autom\u00e1tica WAN\/LAN<\/li>\n<li style='margin-bottom: 5px;'><strong>Bot\u00f3n Reset:<\/strong> S\u00ed<\/li>\n<li style='margin-bottom: 5px;'><strong>Temperatura de operaci\u00f3n:<\/strong> 0 a 40\u00b0 C<\/li>\n<li style='margin-bottom: 5px;'><strong>Certificaciones:<\/strong> CE&comma; FCC&comma; RoHS<\/li>\n<\/ul><\/div>\n<\/p><\/div>\n<div style='flex: 1 1 250px; border: 1px solid rgba(150&comma; 150&comma; 150&comma; 0.4); border-radius: 8px; overflow: hidden; display: flex; flex-direction: column;'>\n<div style='padding: 15px; border-bottom: 1px solid rgba(150&comma; 150&comma; 150&comma; 0.2); font-weight: bold; font-size: 18px; color: inherit;'>Conectividad<\/div>\n<div style='padding: 15px; color: inherit;'>\n<ul style='padding-left: 20px; margin: 0; font-size: 14px; list-style-type: disc;'>\n<li style='margin-bottom: 5px;'><strong>WiFi:<\/strong> 5<\/li>\n<li style='margin-bottom: 5px;'><strong>Modos de Operaci\u00f3n:<\/strong> Router \/ Punto de Acceso<\/li>\n<li style='margin-bottom: 5px;'><strong>Antenas:<\/strong> 3 Antenas Internas<\/li>\n<li style='margin-bottom: 5px;'><strong>Reenv\u00edo NAT:<\/strong> Reenv\u00edo de puertos&comma; uPnP<\/li>\n<li style='margin-bottom: 5px;'><strong>Tipos de conexi\u00f3n WAN:<\/strong> IP est\u00e1tica\/din\u00e1mica&comma; PPPoE&comma; PPTP&comma; L2TP&comma; Banda ancha m\u00f3vil<\/li>\n<li style='margin-bottom: 5px;'><strong>IPV6\/IPV4:<\/strong> Conexi\u00f3n WAN<\/li>\n<li style='margin-bottom: 5px;'><strong>IPTV:<\/strong> Proxy IGMP<\/li>\n<\/ul><\/div>\n<\/p><\/div>\n<div style='flex: 1 1 250px; border: 1px solid rgba(150&comma; 150&comma; 150&comma; 0.4); border-radius: 8px; overflow: hidden; display: flex; flex-direction: column;'>\n<div style='padding: 15px; border-bottom: 1px solid rgba(150&comma; 150&comma; 150&comma; 0.2); font-weight: bold; font-size: 18px; color: inherit;'>Caracter\u00edsticas T\u00e9cnicas<\/div>\n<div style='padding: 15px; color: inherit;'>\n<ul style='padding-left: 20px; margin: 0; font-size: 14px; list-style-type: disc;'>\n<li style='margin-bottom: 5px;'><strong>WiFi:<\/strong> Tecnolog\u00eda Mesh TP-Link (Solo Compatible con Decos)&comma; MU-MIMO 2X2&comma; Doble banda<\/li>\n<li style='margin-bottom: 5px;'><strong>Control Parental:<\/strong> Filtrado de URL&comma; Limites de tiempo<\/li>\n<li style='margin-bottom: 5px;'><strong>Potencia de Transmisi\u00f3n WiFi:<\/strong> CE: <20 dBm (2&comma;4 GHz) \/ <23 dBm (5 GHz)&comma; FCC: <30 dBm (5 GHz)<\/li>\n<li style='margin-bottom: 5px;'><strong>Consumo m\u00e1x:<\/strong> 15.7 W<\/li>\n<li style='margin-bottom: 5px;'><strong>Alimentaci\u00f3n:<\/strong> 12 Vcc \/ 1.5A<\/li>\n<li style='margin-bottom: 5px;'><strong>Seguridad Inal\u00e1mbrica:<\/strong> WPA\/WPA2<\/li>\n<\/ul><\/div>\n<\/p><\/div>\n<div style='flex: 1 1 250px; border: 1px solid rgba(150&comma; 150&comma; 150&comma; 0.4); border-radius: 8px; overflow: hidden; display: flex; flex-direction: column;'>\n<div style='padding: 15px; border-bottom: 1px solid rgba(150&comma; 150&comma; 150&comma; 0.2); font-weight: bold; font-size: 18px; color: inherit;'>Otros<\/div>\n<div style='padding: 15px; color: inherit;'>\n<ul style='padding-left: 20px; margin: 0; font-size: 14px; list-style-type: disc;'>\n<li style='margin-bottom: 5px;'><strong>Contenido del Paquete:<\/strong> 1 Deco S7&comma; 1 Cable Ethernet RJ45&comma; 1 Fuente de Poder&comma; 1 Gu\u00eda de instalaci\u00f3n r\u00e1pida<\/li>\n<li style='margin-bottom: 5px;'><strong>Gesti\u00f3n:<\/strong> Mediante Aplicaci\u00f3n (iOS \/ Android)<\/li>\n<li style='margin-bottom: 5px;'><strong>Garant\u00eda:<\/strong> 2 a\u00f1os<\/li>\n<\/ul><\/div>\n<\/p><\/div>\n<\/p><\/div>\n<\/p><\/div>\n<\/p><\/div>\n<\/p><\/div>\n","protected":false},"excerpt":{"rendered":"<p>Router Inal\u00e1mbrico MESH Interior para Hogar \/ Doble Banda Wi-Fi 5 AC1900 Mbps \/ 3 Puerto Gigabit WAN\/LAN \/ 3 Antenas Internas \/ Administraci\u00f3n Mediante la App Deco (iOS, Android)<\/p>\n","protected":false},"featured_media":92722,"comment_status":"open","ping_status":"closed","template":"","meta":[],"product_brand":[],"product_cat":[1794],"product_tag":[1795,1479,71],"class_list":{"0":"post-92723","1":"product","2":"type-product","3":"status-publish","4":"has-post-thumbnail","6":"product_cat-puntos-de-acceso","7":"product_tag-puntos-de-acceso","8":"product_tag-redes-wifi","9":"product_tag-tp-link","11":"first","12":"instock","13":"sale","14":"shipping-taxable","15":"purchasable","16":"product-type-simple"},"_links":{"self":[{"href":"https:\/\/soydeaqui.ddns.net\/pachuca\/index.php\/wp-json\/wp\/v2\/product\/92723","targetHints":{"allow":["GET"]}}],"collection":[{"href":"https:\/\/soydeaqui.ddns.net\/pachuca\/index.php\/wp-json\/wp\/v2\/product"}],"about":[{"href":"https:\/\/soydeaqui.ddns.net\/pachuca\/index.php\/wp-json\/wp\/v2\/types\/product"}],"replies":[{"embeddable":true,"href":"https:\/\/soydeaqui.ddns.net\/pachuca\/index.php\/wp-json\/wp\/v2\/comments?post=92723"}],"wp:featuredmedia":[{"embeddable":true,"href":"https:\/\/soydeaqui.ddns.net\/pachuca\/index.php\/wp-json\/wp\/v2\/media\/92722"}],"wp:attachment":[{"href":"https:\/\/soydeaqui.ddns.net\/pachuca\/index.php\/wp-json\/wp\/v2\/media?parent=92723"}],"wp:term":[{"taxonomy":"product_brand","embeddable":true,"href":"https:\/\/soydeaqui.ddns.net\/pachuca\/index.php\/wp-json\/wp\/v2\/product_brand?post=92723"},{"taxonomy":"product_cat","embeddable":true,"href":"https:\/\/soydeaqui.ddns.net\/pachuca\/index.php\/wp-json\/wp\/v2\/product_cat?post=92723"},{"taxonomy":"product_tag","embeddable":true,"href":"https:\/\/soydeaqui.ddns.net\/pachuca\/index.php\/wp-json\/wp\/v2\/product_tag?post=92723"}],"curies":[{"name":"wp","href":"https:\/\/api.w.org\/{rel}","templated":true}]}}