{"id":92717,"date":"2026-03-20T05:31:03","date_gmt":"2026-03-20T05:31:03","guid":{"rendered":"https:\/\/soydeaqui.ddns.net\/pachuca\/index.php\/producto\/cable-dac-sfp-a-sfp-velocidad-de-10gpbs-longitud-de-3m\/"},"modified":"2026-03-20T05:31:06","modified_gmt":"2026-03-20T05:31:06","slug":"cable-dac-sfp-a-sfp-velocidad-de-10gpbs-longitud-de-3m","status":"publish","type":"product","link":"https:\/\/soydeaqui.ddns.net\/pachuca\/index.php\/producto\/cable-dac-sfp-a-sfp-velocidad-de-10gpbs-longitud-de-3m\/","title":{"rendered":"Cable DAC \/ SFP+ a SFP+ \/ Velocidad de 10Gpbs \/ Longitud de 3m"},"content":{"rendered":"<div style='width: 100%; max-width: 1200px; margin: 0 auto; font-family: sans-serif; line-height: 1.6; color: inherit; background-color: transparent;'>\n<div style='display: flex; flex-wrap: wrap; gap: 30px; margin-bottom: 30px;'>\n<div style='flex: 1 1 300px; min-width: 280px;'>\n<h3 style='font-size: 22px; border-bottom: 2px solid currentColor; padding-bottom: 5px; margin-top: 0; color: inherit; opacity: 0.8;'>Informaci\u00f3n b\u00e1sica<\/h3>\n<ul style='padding-left: 20px; font-size: 15px; color: inherit;'>\n<li style='margin-bottom: 5px;'><strong>Factor de forma:<\/strong> SFP+ Cable DAC<\/li>\n<li style='margin-bottom: 5px;'><strong>Pasivo o ecualizado activamente:<\/strong> Pasivo<\/li>\n<li style='margin-bottom: 5px;'><strong>Longitud del cable:<\/strong> 3 m<\/li>\n<li style='margin-bottom: 5px;'><strong>Tipo de cable:<\/strong> Twinax<\/li>\n<li style='margin-bottom: 5px;'><strong>Radio m\u00ednimo de curvatura del cable:<\/strong> 25 mm<\/li>\n<li style='margin-bottom: 5px;'><strong>Conector:<\/strong> SFP+\/SFP<\/li>\n<li style='margin-bottom: 5px;'><strong>Entorno de funcionamiento:<\/strong> 0\u00b0C a 70\u00b0C<\/li>\n<li style='margin-bottom: 5px;'><strong>Almacenamiento:<\/strong> -40\u00b0C a 85\u00b0C<\/li>\n<\/ul><\/div>\n<div style='flex: 1 1 300px; min-width: 280px;'>\n<h3 style='font-size: 22px; border-bottom: 2px solid currentColor; padding-bottom: 5px; margin-top: 0; color: inherit; opacity: 0.8;'>Caracter\u00edsticas transmisi\u00f3n \u00d3ptica<\/h3>\n<ul style='padding-left: 20px; font-size: 15px; color: inherit;'>\n<li style='margin-bottom: 5px;'><strong>Velocidad de transmisi\u00f3n de datos:<\/strong> 10&comma;5 Gb\/s<\/li>\n<li style='margin-bottom: 5px;'><strong>Tensi\u00f3n de alimentaci\u00f3n:<\/strong> 3&comma;3 V<\/li>\n<li style='margin-bottom: 5px;'><strong>Impedancia del cable:<\/strong> 100 \u03a9<\/li>\n<li style='margin-bottom: 5px;'><strong>Calibre del cable:<\/strong> 30AWG<\/li>\n<li style='margin-bottom: 5px;'><strong>Tipo de cubierta del cable:<\/strong> PVC<\/li>\n<li style='margin-bottom: 5px;'><strong>Monitorizaci\u00f3n de diagn\u00f3stico digital:<\/strong> N\/A<\/li>\n<li style='margin-bottom: 5px;'><strong>Conformidad:<\/strong> SFF-8472&comma; SFF-8431&comma; IEC\/EN 61000-4-2&comma; MIL-STD -883E&comma; RoHS<\/li>\n<\/ul><\/div>\n<div style='flex: 1 1 300px; min-width: 280px;'>\n<h3 style='font-size: 22px; border-bottom: 2px solid currentColor; padding-bottom: 5px; margin-top: 0; color: inherit; opacity: 0.8;'>Aplicaciones<\/h3>\n<ul style='padding-left: 20px; font-size: 15px; color: inherit;'>\n<li style='margin-bottom: 5px;'>Redes de \u00e1rea de almacenamiento (SAN)<\/li>\n<li style='margin-bottom: 5px;'>Almacenamiento en red<\/li>\n<li style='margin-bottom: 5px;'>El tejido conmutado de E\/S<\/li>\n<li style='margin-bottom: 5px;'>Conexiones de alta densidad entre equipos de red<\/li>\n<li style='margin-bottom: 5px;'>Infraestructura de cableado del centro de datos<\/li>\n<\/ul><\/div>\n<\/p><\/div>\n<hr style='border: 0; border-top: 1px solid rgba(150&comma; 150&comma; 150&comma; 0.3); margin: 30px 0;'> <\/div>\n","protected":false},"excerpt":{"rendered":"<p>Cable DAC \/ SFP+ a SFP+ \/ Velocidad de 10Gpbs \/ Longitud de 3m<\/p>\n","protected":false},"featured_media":92716,"comment_status":"open","ping_status":"closed","template":"","meta":[],"product_brand":[],"product_cat":[663],"product_tag":[718,664,665],"class_list":{"0":"post-92717","1":"product","2":"type-product","3":"status-publish","4":"has-post-thumbnail","6":"product_cat-transceptores-de-fibra","7":"product_tag-huawei","8":"product_tag-networking","9":"product_tag-transceptores-de-fibra","11":"first","12":"outofstock","13":"sale","14":"shipping-taxable","15":"purchasable","16":"product-type-simple"},"_links":{"self":[{"href":"https:\/\/soydeaqui.ddns.net\/pachuca\/index.php\/wp-json\/wp\/v2\/product\/92717","targetHints":{"allow":["GET"]}}],"collection":[{"href":"https:\/\/soydeaqui.ddns.net\/pachuca\/index.php\/wp-json\/wp\/v2\/product"}],"about":[{"href":"https:\/\/soydeaqui.ddns.net\/pachuca\/index.php\/wp-json\/wp\/v2\/types\/product"}],"replies":[{"embeddable":true,"href":"https:\/\/soydeaqui.ddns.net\/pachuca\/index.php\/wp-json\/wp\/v2\/comments?post=92717"}],"wp:featuredmedia":[{"embeddable":true,"href":"https:\/\/soydeaqui.ddns.net\/pachuca\/index.php\/wp-json\/wp\/v2\/media\/92716"}],"wp:attachment":[{"href":"https:\/\/soydeaqui.ddns.net\/pachuca\/index.php\/wp-json\/wp\/v2\/media?parent=92717"}],"wp:term":[{"taxonomy":"product_brand","embeddable":true,"href":"https:\/\/soydeaqui.ddns.net\/pachuca\/index.php\/wp-json\/wp\/v2\/product_brand?post=92717"},{"taxonomy":"product_cat","embeddable":true,"href":"https:\/\/soydeaqui.ddns.net\/pachuca\/index.php\/wp-json\/wp\/v2\/product_cat?post=92717"},{"taxonomy":"product_tag","embeddable":true,"href":"https:\/\/soydeaqui.ddns.net\/pachuca\/index.php\/wp-json\/wp\/v2\/product_tag?post=92717"}],"curies":[{"name":"wp","href":"https:\/\/api.w.org\/{rel}","templated":true}]}}