{"id":92710,"date":"2026-03-20T05:30:43","date_gmt":"2026-03-20T05:30:43","guid":{"rendered":"https:\/\/soydeaqui.ddns.net\/pachuca\/index.php\/producto\/punto-de-acceso-wi-fi-802-11-wave-2-1-27-gbps-provee-3-puertos-gigabit-que-proporcionan-ethernet-configuracion-desde-la-nube-gratuita-o-desde-controlador\/"},"modified":"2026-03-20T05:30:58","modified_gmt":"2026-03-20T05:30:58","slug":"punto-de-acceso-wi-fi-802-11-wave-2-1-27-gbps-provee-3-puertos-gigabit-que-proporcionan-ethernet-configuracion-desde-la-nube-gratuita-o-desde-controlador","status":"publish","type":"product","link":"https:\/\/soydeaqui.ddns.net\/pachuca\/index.php\/producto\/punto-de-acceso-wi-fi-802-11-wave-2-1-27-gbps-provee-3-puertos-gigabit-que-proporcionan-ethernet-configuracion-desde-la-nube-gratuita-o-desde-controlador\/","title":{"rendered":"Punto de Acceso Wi-Fi 802.11 Wave 2, 1.27 Gbps, Provee 3 puertos Gigabit que proporcionan Ethernet, configuraci\u00f3n desde la nube gratuita o desde controlador."},"content":{"rendered":"<div style='width: 100%; max-width: 1200px; margin: 0 auto; font-family: sans-serif; line-height: 1.6; color: inherit; background-color: transparent;'> <!-- Secci\u00f3n de descripci\u00f3n --> <\/p>\n<div style='display: flex; flex-wrap: wrap; gap: 30px; margin-bottom: 30px;'>\n<div style='flex: 1 1 300px; min-width: 280px;'>\n<h3 style='font-size: 22px; border-bottom: 2px solid currentColor; padding-bottom: 5px; margin-top: 0; color: inherit; opacity: 0.8;'>Acerca del GWN7603<\/h3>\n<hr style='border: 0; border-top: 2px solid #1056BC; width: 40px; margin: 10px 0;'>\n<p style='font-size: 15px; color: inherit;'> El GWN7603 es un punto de acceso Wi-Fi compacto dise\u00f1ado para peque\u00f1as empresas&comma; hogares&comma; oficinas&comma; hoteles y m\u00e1s. Provee 3 puertos Gigabit que proporcionan Ethernet a tel\u00e9fonos IP&comma; IPTV&comma; computadoras y dispositivos similares&comma; al mismo tiempo que proporciona un puerto de red Gigabit de enlace ascendente con PoE\/PoE+ y PSE. El GWN7603 ofrece tecnolog\u00eda MU-MIMO 2&#215;2:2 de doble banda y un sofisticado dise\u00f1o de antena para un rendimiento de red ideal que soporta hasta m\u00e1s de 100 dispositivos y un rango de cobertura de 100 metros. Para garantizar una f\u00e1cil instalaci\u00f3n y administraci\u00f3n&comma; el GWN7603 cuenta con el respaldo de GWN.Cloud&comma; la plataforma de administraci\u00f3n de red gratuita de Grandstream. El GWN7603 es el AP Wi-Fi ideal para implementaciones de voz sobre Wi-Fi y ofrece una conexi\u00f3n perfecta con los tel\u00e9fonos IP de voz y video habilitados para Wi-Fi de Grandstream. Al incluir soporte para QoS avanzada&comma; aplicaciones en tiempo real de baja latencia&comma; redes mesh y portales cautivos&comma; el GWN7603 es un punto de acceso inal\u00e1mbrico dise\u00f1ado para escenarios de implementaci\u00f3n con densidad peque\u00f1a a mediana de usuarios conectados a la red. <\/p>\n<\/p><\/div>\n<div style='flex: 1 1 300px; min-width: 280px;'> <!-- Espaciado vac\u00edo para mantener el dise\u00f1o --> <\/div>\n<\/p><\/div>\n<p> <!-- Secci\u00f3n de caracter\u00edsticas y especificaciones --> <\/p>\n<div style='display: flex; flex-wrap: wrap; gap: 30px; margin-bottom: 30px;'>\n<div style='flex: 1 1 300px; min-width: 280px;'>\n<h3 style='font-size: 22px; border-bottom: 2px solid currentColor; padding-bottom: 5px; margin-top: 0; color: inherit; opacity: 0.8;'>Caracter\u00edsticas Competitivas<\/h3>\n<hr style='border: 0; border-top: 2px solid #1056BC; width: 40px; margin: 10px 0;'>\n<ul style='padding-left: 20px; font-size: 15px; list-style-type: disc; color: inherit;'>\n<li style='margin-bottom: 5px;'>Throughput inal\u00e1mbrico agregado de 1.27 Gbps&comma; velocidad cableada de 1 Gigabit y 3 Gigabit<\/li>\n<li style='margin-bottom: 5px;'>Alcance de cobertura de hasta 100 metros<\/li>\n<li style='margin-bottom: 5px;'>Adaptaci\u00f3n de alimentaci\u00f3n propia despu\u00e9s de la detecci\u00f3n autom\u00e1tica de PoE\/PoE+ y PSE<\/li>\n<li style='margin-bottom: 5px;'>Admite hasta 100 dispositivos Wi-Fi simult\u00e1neos<\/li>\n<li style='margin-bottom: 5px;'>Funci\u00f3n Anti-hacking Secure Boot y bloqueo de seguridad de datos cr\u00edticos\/control por medio de firmas digitales<\/li>\n<li style='margin-bottom: 5px;'>QoS avanzado para garantizar el desempe\u00f1o en tiempo real de las aplicaciones de baja latencia<\/li>\n<li style='margin-bottom: 5px;'>GWN.Cloud para una plataforma gratuita de gesti\u00f3n de la nube.<\/li>\n<\/ul><\/div>\n<div style='flex: 1 1 300px; min-width: 280px;'>\n<h3 style='font-size: 22px; border-bottom: 2px solid currentColor; padding-bottom: 5px; margin-top: 0; color: inherit; opacity: 0.8;'>Especificaciones t\u00e9cnicas<\/h3>\n<hr style='border: 0; border-top: 2px solid #1056BC; width: 40px; margin: 10px 0;'>\n<div style='border: 1px solid rgba(150&comma; 150&comma; 150&comma; 0.4); border-radius: 8px; overflow: hidden;'>\n<div style='padding: 15px; border-bottom: 1px solid rgba(150&comma; 150&comma; 150&comma; 0.2); font-weight: bold; font-size: 18px; color: inherit;'>Especificaciones<\/div>\n<div style='padding: 15px; color: inherit;'>\n<ul style='padding-left: 20px; margin: 0; font-size: 14px; list-style-type: disc;'>\n<li style='margin-bottom: 5px;'><strong>Est\u00e1ndares de Wi-Fi:<\/strong> IEEE 802.11a\/b\/g\/n\/ac (Wave-2)<\/li>\n<li style='margin-bottom: 5px;'><strong>Antenas:<\/strong> 2 antenas internas de doble banda (1 antena de 2.4GHz con ganancia de 3.0dBi&comma; y 5GHz con ganancia de 3.5dBi; 2 antenas de 2.4GHz con ganancia de 3.5dBi&comma; y 5GHz con ganancia de 3.0dBi)<\/li>\n<li style='margin-bottom: 5px;'><strong>Bandas de Frecuencia:<\/strong> Radio de 2&comma;4 GHz: 2412 \u2013 2484 MHz; Radio de 5 GHz: 5150-5250 MHz&comma; 5250-5350 MHz&comma; 5470-5725 MHz&comma; 5725-5850 MHz<\/li>\n<li style='margin-bottom: 5px;'><strong>Alcance de Cobertura:<\/strong> Hasta 100 metros (el alcance de cobertura puede variar en funci\u00f3n de las condiciones ambientales)<\/li>\n<li style='margin-bottom: 5px;'><strong>Seguridad Wi-Fi y Seguridad del Sistema:<\/strong> WEP&comma; WPA\/WPA2-PSK&comma; WPA\/WPA2 Enterprise&comma; funci\u00f3n Anti-hacking Secure Boot y bloqueo de seguridad de datos cr\u00edticos\/control por medio de firmas digitales&comma; certificado de seguridad \u00fanico y contrase\u00f1a predeterminada aleatoria por dispositivo<\/li>\n<li style='margin-bottom: 5px;'><strong>Clientes Simult\u00e1neos:<\/strong> Hasta 100<\/li>\n<li style='margin-bottom: 5px;'><strong>Interfaces de Red:<\/strong> 1 puerto Ethernet de enlace ascendente 10\/100\/1000M con POE\/POE+&comma; 2 puertos Ethernet 10\/100\/1000M con PSE&comma; 1 puerto Ethernet 10\/100\/1000M<\/li>\n<li style='margin-bottom: 5px;'><strong>Alimentaci\u00f3n:<\/strong> V\u00eda PoE af\/at (no incluye PoE)<\/li>\n<\/ul><\/div>\n<\/p><\/div>\n<\/p><\/div>\n<\/p><\/div>\n<p> <!-- Secci\u00f3n de contenido del paquete --> <\/p>\n<div style='display: flex; flex-wrap: wrap; gap: 30px; margin-bottom: 30px;'>\n<div style='flex: 1 1 100%; min-width: 280px;'>\n<h3 style='font-size: 22px; border-bottom: 2px solid currentColor; padding-bottom: 5px; margin-top: 0; color: inherit; opacity: 0.8;'>Contenido del paquete<\/h3>\n<p style='font-size: 15px; color: inherit; margin-bottom: 10px;'>Punto de Acceso Inal\u00e1mbrico GWN7603&comma; Gu\u00eda de Inicio R\u00e1pido<\/p>\n<p style='font-size: 15px; color: inherit; margin-bottom: 10px;'>PoE recomendado: <a style='color: #005cb9; text-decoration: none; font-weight: 600;' href='https:\/\/www.syscom.mx\/principal\/searchcont?route=G0720-480-050-GRANDSTREAM-207158&#038;autodetect=poe_gwn'>G0720-480-050<\/a> o <a style='color: #005cb9; text-decoration: none; font-weight: 600;' href='https:\/\/www.syscom.mx\/principal\/searchcont?route=U-POE-AT-UBIQUITI-NETWORKS-205327&#038;autodetect=poe'>U-POE-AT<\/a><\/p>\n<\/p><\/div>\n<\/p><\/div>\n<p> <!-- Secci\u00f3n de im\u00e1genes --> <\/p>\n<div style='display: flex; flex-wrap: wrap; gap: 30px; margin-bottom: 30px;'>\n<div style='flex: 1 1 100%; min-width: 280px;'> <img style='width: 100%; height: auto; border: 1px solid rgba(150&comma;150&comma;150&comma;0.3); border-radius: 8px;' src='https:\/\/ftp3.syscom.mx\/usuarios\/fotos\/GWN7602\/183540-captura_de_pantalla_2021-08-05_a_la(s)_15.37.10.png' alt=''> <\/div>\n<\/p><\/div>\n<p> <!-- Separador final --> <\/p>\n<hr style='border: 0; border-top: 1px solid rgba(150&comma; 150&comma; 150&comma; 0.3); margin: 30px 0;'> <\/div>\n","protected":false},"excerpt":{"rendered":"<p>Punto de Acceso Wi-Fi 802.11 Wave 2, 1.27 Gbps, Provee 3 puertos Gigabit que proporcionan Ethernet, configuraci\u00f3n desde la nube gratuita o desde controlador.<\/p>\n","protected":false},"featured_media":92709,"comment_status":"open","ping_status":"closed","template":"","meta":[],"product_brand":[],"product_cat":[1794],"product_tag":[909,1795,1479],"class_list":{"0":"post-92710","1":"product","2":"type-product","3":"status-publish","4":"has-post-thumbnail","6":"product_cat-puntos-de-acceso","7":"product_tag-grandstream","8":"product_tag-puntos-de-acceso","9":"product_tag-redes-wifi","11":"first","12":"instock","13":"sale","14":"shipping-taxable","15":"purchasable","16":"product-type-simple"},"_links":{"self":[{"href":"https:\/\/soydeaqui.ddns.net\/pachuca\/index.php\/wp-json\/wp\/v2\/product\/92710","targetHints":{"allow":["GET"]}}],"collection":[{"href":"https:\/\/soydeaqui.ddns.net\/pachuca\/index.php\/wp-json\/wp\/v2\/product"}],"about":[{"href":"https:\/\/soydeaqui.ddns.net\/pachuca\/index.php\/wp-json\/wp\/v2\/types\/product"}],"replies":[{"embeddable":true,"href":"https:\/\/soydeaqui.ddns.net\/pachuca\/index.php\/wp-json\/wp\/v2\/comments?post=92710"}],"wp:featuredmedia":[{"embeddable":true,"href":"https:\/\/soydeaqui.ddns.net\/pachuca\/index.php\/wp-json\/wp\/v2\/media\/92709"}],"wp:attachment":[{"href":"https:\/\/soydeaqui.ddns.net\/pachuca\/index.php\/wp-json\/wp\/v2\/media?parent=92710"}],"wp:term":[{"taxonomy":"product_brand","embeddable":true,"href":"https:\/\/soydeaqui.ddns.net\/pachuca\/index.php\/wp-json\/wp\/v2\/product_brand?post=92710"},{"taxonomy":"product_cat","embeddable":true,"href":"https:\/\/soydeaqui.ddns.net\/pachuca\/index.php\/wp-json\/wp\/v2\/product_cat?post=92710"},{"taxonomy":"product_tag","embeddable":true,"href":"https:\/\/soydeaqui.ddns.net\/pachuca\/index.php\/wp-json\/wp\/v2\/product_tag?post=92710"}],"curies":[{"name":"wp","href":"https:\/\/api.w.org\/{rel}","templated":true}]}}