{"id":92701,"date":"2026-03-20T05:30:19","date_gmt":"2026-03-20T05:30:19","guid":{"rendered":"https:\/\/soydeaqui.ddns.net\/pachuca\/index.php\/producto\/punto-de-acceso-wi-fi-6e-tribanda-gwn-802-11ax-con-administracion-desde-la-nube-gratuita-o-stand-alone\/"},"modified":"2026-03-20T05:30:29","modified_gmt":"2026-03-20T05:30:29","slug":"punto-de-acceso-wi-fi-6e-tribanda-gwn-802-11ax-con-administracion-desde-la-nube-gratuita-o-stand-alone","status":"publish","type":"product","link":"https:\/\/soydeaqui.ddns.net\/pachuca\/index.php\/producto\/punto-de-acceso-wi-fi-6e-tribanda-gwn-802-11ax-con-administracion-desde-la-nube-gratuita-o-stand-alone\/","title":{"rendered":"Punto de acceso Wi-Fi 6E tribanda GWN 802.11ax, con administraci\u00f3n desde la nube gratuita o stand-alone."},"content":{"rendered":"<div style='width: 100%; max-width: 1200px; margin: 0 auto; font-family: sans-serif; line-height: 1.6; color: inherit; background-color: transparent;'>\n<div style='display: flex; flex-direction: column; gap: 30px;'>\n<div>\n<h2 style='font-size: 24px; margin-top: 0; color: inherit;'>Acerca del GWN7665<\/h2>\n<hr style='border: 0; border-top: 2px solid #1056BC; width: 40px; margin: 15px 0;'>\n<p style='font-size: 15px; color: inherit; margin-top: 15px;'>El GWN7665 es un potente punto de acceso Wi-Fi 6E de nivel empresarial&comma; ideal para peque\u00f1as y medianas empresas&comma; edificios de varios pisos&comma; entornos residenciales e instalaciones comerciales. Ofrece MU-MIMO tribanda 2&#215;2:2 con tecnolog\u00eda DL\/UL OFDMA y un sofisticado dise\u00f1o de antena interna para una anti-interferencia m\u00e1s fuerte&comma; una conexi\u00f3n m\u00e1s estable&comma; un rendimiento m\u00e1ximo de la red y un rango de cobertura Wi-Fi ampliado. El GWN7665 es compatible con GWN.Cloud y GWN Manager&comma; la plataforma de administraci\u00f3n de Wi-Fi local y en la nube de Grandstream que hace que administrar su red o varias redes en m\u00faltiples ubicaciones sea m\u00e1s f\u00e1cil que nunca. Tambi\u00e9n utiliza una arquitectura de gesti\u00f3n de red sin controlador en la que el controlador est\u00e1 integrado en la interfaz de usuario web del producto para facilitar la administraci\u00f3n de los AP Wi-Fi implementados localmente. El GWN7665 es el AP Wi-Fi ideal para implementaciones de voz sobre Wi-Fi y ofrece una conexi\u00f3n perfecta con los tel\u00e9fonos IP con capacidad Wi-Fi de Grandstream. Con soporte para QoS avanzado&comma; aplicaciones en tiempo real de baja latencia&comma; redes mesh&comma; portales cautivos&comma; 384 clientes simult\u00e1neos y puertos de red Gigabit duales con PoE\/PoE+. El GWN7665 es un punto de acceso Wi-Fi ideal para implementaciones de redes inal\u00e1mbricas de nivel empresarial con densidad de usuarios de media a alta.<\/p>\n<\/p><\/div>\n<div>\n<h2 style='font-size: 24px; margin-top: 0; color: inherit;'>Caracter\u00edsticas Competitivas<\/h2>\n<hr style='border: 0; border-top: 2px solid #1056BC; width: 40px; margin: 15px 0;'>\n<ul style='padding-left: 20px; font-size: 15px; color: inherit;'>\n<li style='margin-bottom: 5px;'>Throughput de 5.4 Gbps Puertos al\u00e1mbricos de 3.5 Gigabit<\/li>\n<li style='margin-bottom: 5px;'>Tribanda 2&#215;2:2 MU-MIMO con tecnolog\u00eda DL\/UL OFDMA<\/li>\n<li style='margin-bottom: 5px;'>Alcance de cobertura de hasta 175 metros<\/li>\n<li style='margin-bottom: 5px;'>Soporta 384 clientes Wi-Fi simult\u00e1neos<\/li>\n<li style='margin-bottom: 5px;'>QoS avanzada para garantizar el rendimiento en tiempo real de las aplicaciones de baja latencia<\/li>\n<li style='margin-bottom: 5px;'>Arranque seguro anti-pirater\u00eda y bloqueo de control \/ datos cr\u00edticos a trav\u00e9s de firmas digitales&comma; certificado de seguridad \u00fanico \/ contrase\u00f1a predeterminada aleatoria por dispositivo<\/li>\n<li style='margin-bottom: 5px;'>Adaptaci\u00f3n de autoalimentaci\u00f3n tras la detecci\u00f3n autom\u00e1tica de PoE o PoE +<\/li>\n<li style='margin-bottom: 5px;'>El controlador integrado puede administrar hasta 50 AP locales de la serie GWN; GWN.Cloud ofrece administraci\u00f3n de AP ilimitada; GWN Manager ofrece un controlador de software basado en las instalaciones<\/li>\n<li style='margin-bottom: 5px;'>No incluye PoE (PoE Recomendado Modelo: G0720-480-050)<\/li>\n<li style='margin-bottom: 5px;'><\/li>\n<\/ul><\/div>\n<div style='display: flex; flex-direction: column; gap: 15px;'>\n<div> <a style='color: #005cb9; text-decoration: none; font-size: 12px; font-weight: 600; font-family: 'Open Sans'&comma; Helvetica&comma; Arial&comma; sans-serif;' href='https:\/\/www.syscom.mx\/principal\/searchcont?route=G0720-480-050-GRANDSTREAM-207158&#038;autodetect=poe_gwn'>PoE recomendado: G0720-480-050<\/a> <\/div>\n<div> <img style='width: 100%; height: auto; border: 1px solid rgba(150&comma;150&comma;150&comma;0.3); border-radius: 8px;' src='https:\/\/ftp3.syscom.mx\/usuarios\/fotos\/GWN7630LR\/183557-captura_de_pantalla_2021-08-05_a_la(s)_15.57.14.png' alt=''> <\/div>\n<\/p><\/div>\n<\/p><\/div>\n<\/p><\/div>\n","protected":false},"excerpt":{"rendered":"<p>Punto de acceso Wi-Fi 6E tribanda GWN 802.11ax, con administraci\u00f3n desde la nube gratuita o stand-alone.<\/p>\n","protected":false},"featured_media":92700,"comment_status":"open","ping_status":"closed","template":"","meta":[],"product_brand":[],"product_cat":[1794],"product_tag":[909,1795,1479],"class_list":{"0":"post-92701","1":"product","2":"type-product","3":"status-publish","4":"has-post-thumbnail","6":"product_cat-puntos-de-acceso","7":"product_tag-grandstream","8":"product_tag-puntos-de-acceso","9":"product_tag-redes-wifi","11":"first","12":"instock","13":"sale","14":"shipping-taxable","15":"purchasable","16":"product-type-simple"},"_links":{"self":[{"href":"https:\/\/soydeaqui.ddns.net\/pachuca\/index.php\/wp-json\/wp\/v2\/product\/92701","targetHints":{"allow":["GET"]}}],"collection":[{"href":"https:\/\/soydeaqui.ddns.net\/pachuca\/index.php\/wp-json\/wp\/v2\/product"}],"about":[{"href":"https:\/\/soydeaqui.ddns.net\/pachuca\/index.php\/wp-json\/wp\/v2\/types\/product"}],"replies":[{"embeddable":true,"href":"https:\/\/soydeaqui.ddns.net\/pachuca\/index.php\/wp-json\/wp\/v2\/comments?post=92701"}],"wp:featuredmedia":[{"embeddable":true,"href":"https:\/\/soydeaqui.ddns.net\/pachuca\/index.php\/wp-json\/wp\/v2\/media\/92700"}],"wp:attachment":[{"href":"https:\/\/soydeaqui.ddns.net\/pachuca\/index.php\/wp-json\/wp\/v2\/media?parent=92701"}],"wp:term":[{"taxonomy":"product_brand","embeddable":true,"href":"https:\/\/soydeaqui.ddns.net\/pachuca\/index.php\/wp-json\/wp\/v2\/product_brand?post=92701"},{"taxonomy":"product_cat","embeddable":true,"href":"https:\/\/soydeaqui.ddns.net\/pachuca\/index.php\/wp-json\/wp\/v2\/product_cat?post=92701"},{"taxonomy":"product_tag","embeddable":true,"href":"https:\/\/soydeaqui.ddns.net\/pachuca\/index.php\/wp-json\/wp\/v2\/product_tag?post=92701"}],"curies":[{"name":"wp","href":"https:\/\/api.w.org\/{rel}","templated":true}]}}