{"id":92698,"date":"2026-03-20T05:30:12","date_gmt":"2026-03-20T05:30:12","guid":{"rendered":"https:\/\/soydeaqui.ddns.net\/pachuca\/index.php\/producto\/adaptador-poe-802-3af-at-para-puntos-de-acceso-huawei-ekit-hasta-35w-plug-and-play-puertos-gigabit\/"},"modified":"2026-03-20T05:30:16","modified_gmt":"2026-03-20T05:30:16","slug":"adaptador-poe-802-3af-at-para-puntos-de-acceso-huawei-ekit-hasta-35w-plug-and-play-puertos-gigabit","status":"publish","type":"product","link":"https:\/\/soydeaqui.ddns.net\/pachuca\/index.php\/producto\/adaptador-poe-802-3af-at-para-puntos-de-acceso-huawei-ekit-hasta-35w-plug-and-play-puertos-gigabit\/","title":{"rendered":"Adaptador PoE 802.3af\/at para Puntos de Acceso Huawei eKit \/ hasta 35W \/ Plug and Play \/ Puertos Gigabit"},"content":{"rendered":"<div style='width: 100%; max-width: 1200px; margin: 0 auto; font-family: sans-serif&comma; Arial; line-height: 1.6; color: inherit; background-color: transparent;'>\n<div style='display: flex; flex-wrap: wrap; gap: 30px; margin-bottom: 30px;'>\n<div style='flex: 1 1 300px; min-width: 280px;'>\n<h3 style='font-size: 22px; border-bottom: 2px solid currentColor; padding-bottom: 5px; margin-top: 0; color: inherit; opacity: 0.8;'>Caracter\u00edsticas<\/h3>\n<ul style='padding-left: 20px; font-size: 15px; color: inherit;'>\n<li style='margin-bottom: 5px;'><strong>Dimensiones sin embalaje (Alt. x Anch. x Prof.) [mm(pulg.)<\/strong> 31 mm x 62 mm x 171 mm (1.22 in. x 2.44 in. x 6.73 in.)<\/li>\n<li style='margin-bottom: 5px;'><strong>Tensi\u00f3n nominal de entrada [V]<\/strong> 100 V AC a 240 V AC&comma; 50 Hz\/60 Hz<\/li>\n<li style='margin-bottom: 5px;'><strong>Rango de tensi\u00f3n de entrada [V]<\/strong> 90 V AC a 290 V AC&comma; 47 Hz to 63 Hz<\/li>\n<li style='margin-bottom: 5px;'><strong>Tensi\u00f3n nominal de salida [V]<\/strong> 56 V DC<\/li>\n<li style='margin-bottom: 5px;'><strong>Potencia nominal de salida [W]<\/strong> 35 W<\/li>\n<li style='margin-bottom: 5px;'><strong>Modo de disipaci\u00f3n de potencia<\/strong> Disipaci\u00f3n natural del calor<\/li>\n<li style='margin-bottom: 5px;'><strong>Hot swapping<\/strong> No soportado<\/li>\n<\/ul><\/div>\n<\/p><\/div>\n<div style='display: flex; flex-wrap: wrap; gap: 20px; margin-bottom: 30px;'>\n<div style='flex: 1 1 250px; border: 1px solid rgba(150&comma; 150&comma; 150&comma; 0.4); border-radius: 8px; overflow: hidden; display: flex; flex-direction: column;'>\n<div style='padding: 15px; border-bottom: 1px solid rgba(150&comma; 150&comma; 150&comma; 0.2); font-weight: bold; font-size: 18px; color: inherit;'>Notas de seguridad<\/div>\n<div style='padding: 15px; color: inherit;'>\n<p style='margin: 0.2em 0; color: inherit; font-size: 14px;'>No toque el adaptador de corriente durante mucho tiempo porque la carcasa de pl\u00e1stico puede estar ligeramente caliente cuando el adaptador de corriente est\u00e1 muy cargado. Esta condici\u00f3n no afecta al rendimiento ni a la fiabilidad del adaptador.<\/p>\n<\/p><\/div>\n<\/p><\/div>\n<\/p><\/div>\n<hr style='border: 0; border-top: 1px solid rgba(150&comma; 150&comma; 150&comma; 0.3); margin: 30px 0;'> <\/div>\n","protected":false},"excerpt":{"rendered":"<p>Adaptador PoE 802.3af\/at para Puntos de Acceso Huawei eKit \/ hasta 35W \/ Plug and Play \/ Puertos Gigabit<\/p>\n","protected":false},"featured_media":92697,"comment_status":"open","ping_status":"closed","template":"","meta":[],"product_brand":[],"product_cat":[1260],"product_tag":[718,1261,664],"class_list":{"0":"post-92698","1":"product","2":"type-product","3":"status-publish","4":"has-post-thumbnail","6":"product_cat-inyectores-poe","7":"product_tag-huawei","8":"product_tag-inyectores-poe","9":"product_tag-networking","11":"first","12":"instock","13":"sale","14":"shipping-taxable","15":"purchasable","16":"product-type-simple"},"_links":{"self":[{"href":"https:\/\/soydeaqui.ddns.net\/pachuca\/index.php\/wp-json\/wp\/v2\/product\/92698","targetHints":{"allow":["GET"]}}],"collection":[{"href":"https:\/\/soydeaqui.ddns.net\/pachuca\/index.php\/wp-json\/wp\/v2\/product"}],"about":[{"href":"https:\/\/soydeaqui.ddns.net\/pachuca\/index.php\/wp-json\/wp\/v2\/types\/product"}],"replies":[{"embeddable":true,"href":"https:\/\/soydeaqui.ddns.net\/pachuca\/index.php\/wp-json\/wp\/v2\/comments?post=92698"}],"wp:featuredmedia":[{"embeddable":true,"href":"https:\/\/soydeaqui.ddns.net\/pachuca\/index.php\/wp-json\/wp\/v2\/media\/92697"}],"wp:attachment":[{"href":"https:\/\/soydeaqui.ddns.net\/pachuca\/index.php\/wp-json\/wp\/v2\/media?parent=92698"}],"wp:term":[{"taxonomy":"product_brand","embeddable":true,"href":"https:\/\/soydeaqui.ddns.net\/pachuca\/index.php\/wp-json\/wp\/v2\/product_brand?post=92698"},{"taxonomy":"product_cat","embeddable":true,"href":"https:\/\/soydeaqui.ddns.net\/pachuca\/index.php\/wp-json\/wp\/v2\/product_cat?post=92698"},{"taxonomy":"product_tag","embeddable":true,"href":"https:\/\/soydeaqui.ddns.net\/pachuca\/index.php\/wp-json\/wp\/v2\/product_tag?post=92698"}],"curies":[{"name":"wp","href":"https:\/\/api.w.org\/{rel}","templated":true}]}}