{"id":92695,"date":"2026-03-20T05:30:04","date_gmt":"2026-03-20T05:30:04","guid":{"rendered":"https:\/\/soydeaqui.ddns.net\/pachuca\/index.php\/producto\/transceptor-optico-sfp-minigibic-10gbps-de-velocidad-multimodo-850nm-hasta-300m-de-distancia-conector-lc\/"},"modified":"2026-03-20T05:30:05","modified_gmt":"2026-03-20T05:30:05","slug":"transceptor-optico-sfp-minigibic-10gbps-de-velocidad-multimodo-850nm-hasta-300m-de-distancia-conector-lc","status":"publish","type":"product","link":"https:\/\/soydeaqui.ddns.net\/pachuca\/index.php\/producto\/transceptor-optico-sfp-minigibic-10gbps-de-velocidad-multimodo-850nm-hasta-300m-de-distancia-conector-lc\/","title":{"rendered":"Transceptor Optico SFP+ MiniGibic \/ 10Gbps de velocidad \/ Multimodo \/ 850nm \/ Hasta 300m de distancia \/ Conector LC"},"content":{"rendered":"<div style='width: 100%; max-width: 1200px; margin: 0 auto; font-family: sans-serif; line-height: 1.6; color: inherit; background-color: transparent;'>\n<div style='width: 100%; text-align: center; margin-bottom: 30px;'>\n<h1 style='color: #dc3545; font-size: 28px; margin: 0; color: inherit;'>Especificaciones<\/h1>\n<\/p><\/div>\n<div style='display: flex; flex-wrap: wrap; gap: 30px; margin-bottom: 30px;'>\n<div style='flex: 1 1 300px; min-width: 280px;'>\n<div style='border: 1px solid rgba(150&comma; 150&comma; 150&comma; 0.4); border-radius: 8px; overflow: hidden; display: flex; flex-direction: column;'>\n<div style='padding: 15px; border-bottom: 1px solid rgba(150&comma; 150&comma; 150&comma; 0.2); font-weight: bold; font-size: 18px; background-color: rgba(220&comma; 53&comma; 69&comma; 0.1); color: #dc3545; color: inherit;'>Informaci\u00f3n b\u00e1sica:<\/div>\n<div style='padding: 15px; color: inherit;'>\n<ul style='padding-left: 20px; margin: 0; font-size: 14px; list-style-type: disc;'>\n<li style='margin-bottom: 5px;'>Factor de forma SFP<\/li>\n<li style='margin-bottom: 5px;'>Est\u00e1ndar de aplicaci\u00f3n 10GBASE-SR<\/li>\n<li style='margin-bottom: 5px;'>Tipo de conector LC<\/li>\n<li style='margin-bottom: 5px;'>Tipo de fibra \u00f3ptica MMF<\/li>\n<li style='margin-bottom: 5px;'>Temperatura de funcionamiento [\u00b0C(\u00b0F)] 0\u00b0C a 70\u00b0C (32\u00b0F a 158\u00b0F)<\/li>\n<li style='margin-bottom: 5px;'>Opciones DDM Soportadas<\/li>\n<li style='margin-bottom: 5px;'>Velocidad de transmisi\u00f3n [bit\/s] 10 Gbit\/s<\/li>\n<li style='margin-bottom: 5px;'>Distancia de transmisi\u00f3n objetivo [km] :Fibra multimodo (con ancho de banda modal de 160 MHz*km y di\u00e1metro de 62&comma;5 \u03bcm): 0&comma;026 km&comma; Fibra multimodo (OM1): 0&comma;033 km&comma; Fibra multimodo (con ancho de banda modal de 400 MHz*km y di\u00e1metro de 50 \u03bcm): 0&comma;066 km&comma; Fibra multimodo (OM2): 0&comma;082 km&comma; Fibra multimodo (OM3): 0&comma;3 km&comma; Fibra multimodo (OM4): 0&comma;4 km<\/li>\n<\/ul><\/div>\n<\/p><\/div>\n<\/p><\/div>\n<div style='flex: 1 1 300px; min-width: 280px;'>\n<div style='border: 1px solid rgba(150&comma; 150&comma; 150&comma; 0.4); border-radius: 8px; overflow: hidden; display: flex; flex-direction: column;'>\n<div style='padding: 15px; border-bottom: 1px solid rgba(150&comma; 150&comma; 150&comma; 0.2); font-weight: bold; font-size: 18px; background-color: rgba(220&comma; 53&comma; 69&comma; 0.1); color: #dc3545; color: inherit;'>Caracter\u00edsticas transmisi\u00f3n \u00d3ptica:<\/div>\n<div style='padding: 15px; color: inherit;'>\n<ul style='padding-left: 20px; margin: 0; font-size: 14px; list-style-type: disc;'>\n<li style='margin-bottom: 5px;'>Longitud de onda central [nm] 850 nm<\/li>\n<li style='margin-bottom: 5px;'>Potencia \u00f3ptica m\u00e1xima de transmisi\u00f3n [dBm] -1&comma;0 dBm<\/li>\n<li style='margin-bottom: 5px;'>Potencia \u00f3ptica m\u00ednima de transmisi\u00f3n [dBm] -7&comma;3 dBm<\/li>\n<li style='margin-bottom: 5px;'>Relaci\u00f3n de extinci\u00f3n m\u00ednima [dB] 3&comma;0 dB<\/li>\n<\/ul><\/div>\n<\/p><\/div>\n<\/p><\/div>\n<div style='flex: 1 1 300px; min-width: 280px;'>\n<div style='border: 1px solid rgba(150&comma; 150&comma; 150&comma; 0.4); border-radius: 8px; overflow: hidden; display: flex; flex-direction: column;'>\n<div style='padding: 15px; border-bottom: 1px solid rgba(150&comma; 150&comma; 150&comma; 0.2); font-weight: bold; font-size: 18px; background-color: rgba(220&comma; 53&comma; 69&comma; 0.1); color: #dc3545; color: inherit;'>Caracter\u00edsticas Opticas de Recepci\u00f3n:<\/div>\n<div style='padding: 15px; color: inherit;'>\n<ul style='padding-left: 20px; margin: 0; font-size: 14px; list-style-type: disc;'>\n<li style='margin-bottom: 5px;'>Sensibilidad Rx [dBm] -11&comma;1 dBm<\/li>\n<li style='margin-bottom: 5px;'>Potencia de sobrecarga [dBm] -1&comma;0 dBm<\/li>\n<\/ul><\/div>\n<\/p><\/div>\n<\/p><\/div>\n<\/p><\/div>\n<hr style='border: 0; border-top: 1px solid rgba(150&comma; 150&comma; 150&comma; 0.3); margin: 30px 0;'> <\/div>\n","protected":false},"excerpt":{"rendered":"<p>Transceptor Optico SFP+ MiniGibic \/ 10Gbps de velocidad \/ Multimodo \/ 850nm \/ Hasta 300m de distancia \/ Conector LC<\/p>\n","protected":false},"featured_media":92694,"comment_status":"open","ping_status":"closed","template":"","meta":[],"product_brand":[],"product_cat":[663],"product_tag":[718,664,665],"class_list":{"0":"post-92695","1":"product","2":"type-product","3":"status-publish","4":"has-post-thumbnail","6":"product_cat-transceptores-de-fibra","7":"product_tag-huawei","8":"product_tag-networking","9":"product_tag-transceptores-de-fibra","11":"first","12":"instock","13":"sale","14":"shipping-taxable","15":"purchasable","16":"product-type-simple"},"_links":{"self":[{"href":"https:\/\/soydeaqui.ddns.net\/pachuca\/index.php\/wp-json\/wp\/v2\/product\/92695","targetHints":{"allow":["GET"]}}],"collection":[{"href":"https:\/\/soydeaqui.ddns.net\/pachuca\/index.php\/wp-json\/wp\/v2\/product"}],"about":[{"href":"https:\/\/soydeaqui.ddns.net\/pachuca\/index.php\/wp-json\/wp\/v2\/types\/product"}],"replies":[{"embeddable":true,"href":"https:\/\/soydeaqui.ddns.net\/pachuca\/index.php\/wp-json\/wp\/v2\/comments?post=92695"}],"wp:featuredmedia":[{"embeddable":true,"href":"https:\/\/soydeaqui.ddns.net\/pachuca\/index.php\/wp-json\/wp\/v2\/media\/92694"}],"wp:attachment":[{"href":"https:\/\/soydeaqui.ddns.net\/pachuca\/index.php\/wp-json\/wp\/v2\/media?parent=92695"}],"wp:term":[{"taxonomy":"product_brand","embeddable":true,"href":"https:\/\/soydeaqui.ddns.net\/pachuca\/index.php\/wp-json\/wp\/v2\/product_brand?post=92695"},{"taxonomy":"product_cat","embeddable":true,"href":"https:\/\/soydeaqui.ddns.net\/pachuca\/index.php\/wp-json\/wp\/v2\/product_cat?post=92695"},{"taxonomy":"product_tag","embeddable":true,"href":"https:\/\/soydeaqui.ddns.net\/pachuca\/index.php\/wp-json\/wp\/v2\/product_tag?post=92695"}],"curies":[{"name":"wp","href":"https:\/\/api.w.org\/{rel}","templated":true}]}}