{"id":92681,"date":"2026-03-20T05:29:24","date_gmt":"2026-03-20T05:29:24","guid":{"rendered":"https:\/\/soydeaqui.ddns.net\/pachuca\/index.php\/producto\/transceptor-optico-sfp-minigibic-10gbps-de-velocidad-multimodo-850nm-hasta-100m-de-distancia-conector-lc\/"},"modified":"2026-03-20T05:29:26","modified_gmt":"2026-03-20T05:29:26","slug":"transceptor-optico-sfp-minigibic-10gbps-de-velocidad-multimodo-850nm-hasta-100m-de-distancia-conector-lc","status":"publish","type":"product","link":"https:\/\/soydeaqui.ddns.net\/pachuca\/index.php\/producto\/transceptor-optico-sfp-minigibic-10gbps-de-velocidad-multimodo-850nm-hasta-100m-de-distancia-conector-lc\/","title":{"rendered":"Transceptor Optico SFP+ MiniGibic \/ 10Gbps de velocidad \/ Multimodo \/ 850nm \/ Hasta 100m de distancia \/ Conector LC"},"content":{"rendered":"<div style='width: 100%; max-width: 1200px; margin: 0 auto; font-family: sans-serif; line-height: 1.6; color: inherit; background-color: transparent;'>\n<div style='display: flex; flex-wrap: wrap; gap: 30px; margin-bottom: 30px;'>\n<div style='flex: 1 1 300px; min-width: 280px;'>\n<h3 style='font-size: 22px; border-bottom: 2px solid currentColor; padding-bottom: 5px; margin-top: 0; color: inherit; opacity: 0.8;'>Especificaciones<\/h3>\n<ul style='padding-left: 20px; font-size: 15px; color: inherit;'>\n<li style='margin-bottom: 5px;'><strong>Informaci\u00f3n b\u00e1sica:<\/strong><\/li>\n<li style='margin-bottom: 5px;'>Factor de forma: SFP<\/li>\n<li style='margin-bottom: 5px;'>Est\u00e1ndar de aplicaci\u00f3n: 10GBASE-USR (no est\u00e1ndar)<\/li>\n<li style='margin-bottom: 5px;'>Tipo de conector: LC<\/li>\n<li style='margin-bottom: 5px;'>Tipo de fibra \u00f3ptica: MMF<\/li>\n<li style='margin-bottom: 5px;'>Temperatura de la carcasa: 0\u00b0C a 70\u00b0C (32\u00b0F a 158\u00b0F)<\/li>\n<li style='margin-bottom: 5px;'>Opciones DDM: Soportadas<\/li>\n<li style='margin-bottom: 5px;'>Velocidad de transmisi\u00f3n: 10 Gbit\/s<\/li>\n<li style='margin-bottom: 5px;'>Distancia de transmisi\u00f3n objetivo: Fibra multimodo (OM3): 0&comma;1 km<\/li>\n<\/ul><\/div>\n<div style='flex: 1 1 300px; min-width: 280px;'>\n<h3 style='font-size: 22px; border-bottom: 2px solid currentColor; padding-bottom: 5px; margin-top: 0; color: inherit; opacity: 0.8;'>Caracter\u00edsticas transmisi\u00f3n \u00d3ptica<\/h3>\n<ul style='padding-left: 20px; font-size: 15px; color: inherit;'>\n<li style='margin-bottom: 5px;'>Longitud de onda central: 850 nm<\/li>\n<li style='margin-bottom: 5px;'>Potencia \u00f3ptica m\u00e1xima de transmisi\u00f3n: -1&comma;0 dBm<\/li>\n<li style='margin-bottom: 5px;'>Potencia \u00f3ptica m\u00ednima de transmisi\u00f3n: -7&comma;3 dBm<\/li>\n<li style='margin-bottom: 5px;'>Relaci\u00f3n de extinci\u00f3n m\u00ednima: 3&comma;0 dB<\/li>\n<\/ul><\/div>\n<div style='flex: 1 1 300px; min-width: 280px;'>\n<h3 style='font-size: 22px; border-bottom: 2px solid currentColor; padding-bottom: 5px; margin-top: 0; color: inherit; opacity: 0.8;'>Caracter\u00edsticas Opticas de Recepci\u00f3n<\/h3>\n<ul style='padding-left: 20px; font-size: 15px; color: inherit;'>\n<li style='margin-bottom: 5px;'>Sensibilidad Rx: -10&comma;7 dBm<\/li>\n<li style='margin-bottom: 5px;'>Potencia de sobrecarga: -0&comma;5 dBm<\/li>\n<\/ul><\/div>\n<\/p><\/div>\n<hr style='border: 0; border-top: 1px solid rgba(150&comma; 150&comma; 150&comma; 0.3); margin: 30px 0;'> <\/div>\n","protected":false},"excerpt":{"rendered":"<p>Transceptor Optico SFP+ MiniGibic \/ 10Gbps de velocidad \/ Multimodo \/ 850nm \/ Hasta 100m de distancia \/ Conector LC<\/p>\n","protected":false},"featured_media":92680,"comment_status":"open","ping_status":"closed","template":"","meta":[],"product_brand":[],"product_cat":[663],"product_tag":[718,664,665],"class_list":{"0":"post-92681","1":"product","2":"type-product","3":"status-publish","4":"has-post-thumbnail","6":"product_cat-transceptores-de-fibra","7":"product_tag-huawei","8":"product_tag-networking","9":"product_tag-transceptores-de-fibra","11":"first","12":"outofstock","13":"sale","14":"shipping-taxable","15":"purchasable","16":"product-type-simple"},"_links":{"self":[{"href":"https:\/\/soydeaqui.ddns.net\/pachuca\/index.php\/wp-json\/wp\/v2\/product\/92681","targetHints":{"allow":["GET"]}}],"collection":[{"href":"https:\/\/soydeaqui.ddns.net\/pachuca\/index.php\/wp-json\/wp\/v2\/product"}],"about":[{"href":"https:\/\/soydeaqui.ddns.net\/pachuca\/index.php\/wp-json\/wp\/v2\/types\/product"}],"replies":[{"embeddable":true,"href":"https:\/\/soydeaqui.ddns.net\/pachuca\/index.php\/wp-json\/wp\/v2\/comments?post=92681"}],"wp:featuredmedia":[{"embeddable":true,"href":"https:\/\/soydeaqui.ddns.net\/pachuca\/index.php\/wp-json\/wp\/v2\/media\/92680"}],"wp:attachment":[{"href":"https:\/\/soydeaqui.ddns.net\/pachuca\/index.php\/wp-json\/wp\/v2\/media?parent=92681"}],"wp:term":[{"taxonomy":"product_brand","embeddable":true,"href":"https:\/\/soydeaqui.ddns.net\/pachuca\/index.php\/wp-json\/wp\/v2\/product_brand?post=92681"},{"taxonomy":"product_cat","embeddable":true,"href":"https:\/\/soydeaqui.ddns.net\/pachuca\/index.php\/wp-json\/wp\/v2\/product_cat?post=92681"},{"taxonomy":"product_tag","embeddable":true,"href":"https:\/\/soydeaqui.ddns.net\/pachuca\/index.php\/wp-json\/wp\/v2\/product_tag?post=92681"}],"curies":[{"name":"wp","href":"https:\/\/api.w.org\/{rel}","templated":true}]}}