{"id":9267,"date":"2026-03-18T07:20:05","date_gmt":"2026-03-18T07:20:05","guid":{"rendered":"https:\/\/soydeaqui.ddns.net\/pachuca\/index.php\/producto\/rack-de-distribucion-aereo-de-2-postes-panzone-rieles-roscados-12-24-de-4-ur-color-negro\/"},"modified":"2026-03-18T07:20:08","modified_gmt":"2026-03-18T07:20:08","slug":"rack-de-distribucion-aereo-de-2-postes-panzone-rieles-roscados-12-24-de-4-ur-color-negro","status":"publish","type":"product","link":"https:\/\/soydeaqui.ddns.net\/pachuca\/index.php\/producto\/rack-de-distribucion-aereo-de-2-postes-panzone-rieles-roscados-12-24-de-4-ur-color-negro\/","title":{"rendered":"Rack de Distribuci\u00f3n A\u00e9reo de 2 Postes PanZone\u00ae, Rieles Roscados #12-24, de 4 UR, Color Negro"},"content":{"rendered":"<div style='width: 100%; max-width: 1200px; margin: 0 auto; font-family: sans-serif; line-height: 1.6; color: inherit; background-color: transparent;'>\n<div style='display: flex; flex-wrap: wrap; gap: 30px; margin-bottom: 30px;'>\n<div style='flex: 1 1 300px; min-width: 280px;'>\n<p style='font-size: 15px; color: inherit; margin-top: 0; margin-bottom: 20px;'>El rack de distribuci\u00f3n a\u00e9reo PanZone est\u00e1 dise\u00f1ado para agregar unidades de rack utilizables sobre un rack\/gabinete para maximizar la utilizaci\u00f3n del espacio. Los soportes de montaje universales mejoran la flexibilidad del dise\u00f1o de la red al poder montarse en la mayor\u00eda de los enrutamientos tipo escalerilla y bandejas portacables de la industria. Adem\u00e1s&comma; el rack a\u00e9reo se puede colgar del techo mediante una varilla roscada. Permite la implementaci\u00f3n de \u00e1reas de distribuci\u00f3n de zona dentro del centro de datos para una mayor escalabilidad y una implementaci\u00f3n de servidor m\u00e1s r\u00e1pida. Esto se logra instalando primero el cableado que va al rack a\u00e9reo en la construcci\u00f3n inicial y simplemente instalando cables de parcheo para conectarse a los servidores reci\u00e9n implementados.<\/p>\n<\/div>\n<\/div>\n<div style='display: flex; flex-wrap: wrap; gap: 20px; margin-bottom: 30px;'>\n<div style='flex: 1 1 250px; border: 1px solid rgba(150&comma; 150&comma; 150&comma; 0.4); border-radius: 8px; overflow: hidden; display: flex; flex-direction: column;'>\n<div style='padding: 15px; border-bottom: 1px solid rgba(150&comma; 150&comma; 150&comma; 0.2); font-weight: bold; font-size: 18px; color: inherit;'>Especificaciones T\u00e9cnicas<\/div>\n<div style='padding: 15px; color: inherit;'>\n<ul style='padding-left: 20px; margin: 0; font-size: 14px; list-style-type: disc; color: inherit;'>\n<li style='margin-bottom: 5px; color: inherit;'><strong style='color: inherit;'>Nota:<\/strong> La profundidad del canal del rack es de 83 mm (3.3 in).<\/li>\n<li style='margin-bottom: 5px; color: inherit;'><strong style='color: inherit;'>Material:<\/strong> Acero<\/li>\n<li style='margin-bottom: 5px; color: inherit;'><strong style='color: inherit;'>M\u00e9todo de montaje:<\/strong> Roscado<\/li>\n<li style='margin-bottom: 5px; color: inherit;'><strong style='color: inherit;'>Profundidad extendida (mm):<\/strong> 161<\/li>\n<li style='margin-bottom: 5px; color: inherit;'><strong style='color: inherit;'>Altura extendida (mm):<\/strong> 317<\/li>\n<li style='margin-bottom: 5px; color: inherit;'><strong style='color: inherit;'>Ancho total (mm):<\/strong> 515<\/li>\n<li style='margin-bottom: 5px; color: inherit;'><strong style='color: inherit;'>N\u00famero de unidades de rack:<\/strong> 4<\/li>\n<li style='margin-bottom: 5px; color: inherit;'><strong style='color: inherit;'>Tama\u00f1o de la rosca del orificio de montaje:<\/strong> n.\u00b0 12-24<\/li>\n<li style='margin-bottom: 5px; color: inherit;'><strong style='color: inherit;'>Capacidad de carga est\u00e1tica (kg):<\/strong> 27<\/li>\n<li style='margin-bottom: 5px; color: inherit;'><strong style='color: inherit;'>Capacidad de carga est\u00e1tica (lb):<\/strong> 60<\/li>\n<li style='margin-bottom: 5px; color: inherit;'><strong style='color: inherit;'>Submarca:<\/strong> PanZone\u00ae<\/li>\n<li style='margin-bottom: 5px; color: inherit;'><strong style='color: inherit;'>Color:<\/strong> Negro<\/li>\n<li style='margin-bottom: 5px; color: inherit;'><strong style='color: inherit;'>Cumple con las normas:<\/strong> EIA\/ECA-310-E&comma; RoHS.<\/li>\n<li style='margin-bottom: 5px; color: inherit;'><strong style='color: inherit;'>Incluye:<\/strong> Soporte principal&comma; soportes de montaje&comma; herrajes y 16 tornillos n.\u00b0 12-24.<\/li>\n<\/ul>\n<\/div>\n<\/div>\n<\/div>\n<\/div>\n<hr style='border: 0; border-top: 1px solid rgba(150&comma; 150&comma; 150&comma; 0.3); margin: 30px 0;'><\/div>\n","protected":false},"excerpt":{"rendered":"<p>Rack de Distribuci\u00f3n A\u00e9reo de 2 Postes PanZone\u00ae, Rieles Roscados #12-24, de 4 UR, Color Negro<\/p>\n","protected":false},"featured_media":9266,"comment_status":"open","ping_status":"closed","template":"","meta":[],"product_brand":[],"product_cat":[659],"product_tag":[445,660,605],"class_list":{"0":"post-9267","1":"product","2":"type-product","3":"status-publish","4":"has-post-thumbnail","6":"product_cat-racks-abiertos","7":"product_tag-panduit","8":"product_tag-racks-abiertos","9":"product_tag-racks-y-gabinetes","11":"first","12":"instock","13":"sale","14":"shipping-taxable","15":"purchasable","16":"product-type-simple"},"_links":{"self":[{"href":"https:\/\/soydeaqui.ddns.net\/pachuca\/index.php\/wp-json\/wp\/v2\/product\/9267","targetHints":{"allow":["GET"]}}],"collection":[{"href":"https:\/\/soydeaqui.ddns.net\/pachuca\/index.php\/wp-json\/wp\/v2\/product"}],"about":[{"href":"https:\/\/soydeaqui.ddns.net\/pachuca\/index.php\/wp-json\/wp\/v2\/types\/product"}],"replies":[{"embeddable":true,"href":"https:\/\/soydeaqui.ddns.net\/pachuca\/index.php\/wp-json\/wp\/v2\/comments?post=9267"}],"wp:featuredmedia":[{"embeddable":true,"href":"https:\/\/soydeaqui.ddns.net\/pachuca\/index.php\/wp-json\/wp\/v2\/media\/9266"}],"wp:attachment":[{"href":"https:\/\/soydeaqui.ddns.net\/pachuca\/index.php\/wp-json\/wp\/v2\/media?parent=9267"}],"wp:term":[{"taxonomy":"product_brand","embeddable":true,"href":"https:\/\/soydeaqui.ddns.net\/pachuca\/index.php\/wp-json\/wp\/v2\/product_brand?post=9267"},{"taxonomy":"product_cat","embeddable":true,"href":"https:\/\/soydeaqui.ddns.net\/pachuca\/index.php\/wp-json\/wp\/v2\/product_cat?post=9267"},{"taxonomy":"product_tag","embeddable":true,"href":"https:\/\/soydeaqui.ddns.net\/pachuca\/index.php\/wp-json\/wp\/v2\/product_tag?post=9267"}],"curies":[{"name":"wp","href":"https:\/\/api.w.org\/{rel}","templated":true}]}}