{"id":92627,"date":"2026-03-20T05:26:30","date_gmt":"2026-03-20T05:26:30","guid":{"rendered":"https:\/\/soydeaqui.ddns.net\/pachuca\/index.php\/producto\/videoportero-sip-i67-reconocimiento-facial-2-relevadores-teclado-retroiluminado-anti-vandalico-ip66-y-ik07-poe\/"},"modified":"2026-03-20T05:26:37","modified_gmt":"2026-03-20T05:26:37","slug":"videoportero-sip-i67-reconocimiento-facial-2-relevadores-teclado-retroiluminado-anti-vandalico-ip66-y-ik07-poe","status":"publish","type":"product","link":"https:\/\/soydeaqui.ddns.net\/pachuca\/index.php\/producto\/videoportero-sip-i67-reconocimiento-facial-2-relevadores-teclado-retroiluminado-anti-vandalico-ip66-y-ik07-poe\/","title":{"rendered":"Videoportero SIP i67, Reconocimiento Facial, 2 relevadores, Teclado retroiluminado, anti-vand\u00e1lico, IP66 y IK07, PoE"},"content":{"rendered":"<div style='width: 100%; max-width: 1200px; margin: 0 auto; font-family: sans-serif; line-height: 1.6; color: inherit; background-color: transparent;'> <!-- Encabezado con t\u00edtulo --> <\/p>\n<div style='background-color: #cb3234; color: white; text-align: center; padding: 30px 15px;'>\n<h1 style='margin: 0; font-size: 32px; color: inherit; font-weight: bold;'>Videoportero con Reconocimiento Facial Fanvil i67<\/h1>\n<p style='margin: 0; font-size: 18px; color: inherit;'>Pantalla t\u00e1ctil 7&#8242; IPS | 10&comma;000 rostros | IP66 | Control de acceso | PoE<\/p>\n<\/p><\/div>\n<p> <!-- Contenedor principal --> <\/p>\n<div style='padding: 20px; background-color: transparent;'> <!-- Descripci\u00f3n general --> <\/p>\n<section style='margin-top: 30px;'>\n<p style='font-size: 18pt; text-align: justify; color: inherit;'>El portero con reconocimiento facial i67 est\u00e1 equipado con una pantalla t\u00e1ctil IPS de 7 pulgadas e incorpora tecnolog\u00eda de reconocimiento facial de alta precisi\u00f3n. Cuenta con detecci\u00f3n de identidad anti-spoofing para im\u00e1genes&comma; v\u00eddeos y m\u00e1scaras&comma; maximizando la seguridad de la comunidad. Adem\u00e1s&comma; admite comunicaci\u00f3n de audio y v\u00eddeo con tel\u00e9fonos IP&comma; estaciones interiores o a trav\u00e9s de una app m\u00f3vil.<\/p>\n<\/section>\n<p> <!-- Caracter\u00edsticas --> <\/p>\n<div style='display: flex; flex-wrap: wrap; gap: 30px; margin-top: 40px;'> <!-- Caracter\u00edsticas principales --> <\/p>\n<div style='flex: 1 1 300px; min-width: 280px; border-left: 5px solid #cb3234; border-radius: 5px; padding: 15px; box-shadow: 2px 2px 10px rgba(150&comma;150&comma;150&comma;0.3); background-color: rgba(255&comma;255&comma;255&comma;0.05);'>\n<h3 style='color: #cb3234; font-size: 18px; margin-top: 0; margin-bottom: 15px;'>Caracter\u00edsticas principales:<\/h3>\n<ul style='padding-left: 20px; font-size: 14px; color: inherit;'>\n<li style='margin-bottom: 5px;'>Pantalla t\u00e1ctil IPS de 7&#8242; con interfaz intuitiva<\/li>\n<li style='margin-bottom: 5px;'>Tecnolog\u00eda avanzada de reconocimiento facial<\/li>\n<li style='margin-bottom: 5px;'>Detecci\u00f3n anti-spoofing (im\u00e1genes\/v\u00eddeos\/m\u00e1scaras)<\/li>\n<li style='margin-bottom: 5px;'>Compatibilidad con protocolo ONVIF<\/li>\n<li style='margin-bottom: 5px;'>PoE habilitado (802.3af)<\/li>\n<li style='margin-bottom: 5px;'>Protecci\u00f3n IP66\/IK07<\/li>\n<li style='margin-bottom: 5px;'>C\u00e1mara 2 Megap\u00edxeles<\/li>\n<li style='margin-bottom: 5px;'>Carcasa de aleaci\u00f3n de aluminio<\/li>\n<li style='margin-bottom: 5px;'>Temperatura: -20\u00b0C a 70\u00b0C<\/li>\n<li style='margin-bottom: 5px;'>10&comma;000 tarjetas de acceso<\/li>\n<li style='margin-bottom: 5px;'>10&comma;000 registros de rostros<\/li>\n<li style='margin-bottom: 5px;'>Reducci\u00f3n de ruido con MICs duales<\/li>\n<li style='margin-bottom: 5px;'>M\u00e9todos de desbloqueo:<\/li>\n<ul style='padding-left: 30px; font-size: 14px; color: inherit;'>\n<li style='margin-bottom: 5px;'>Reconocimiento facial<\/li>\n<li style='margin-bottom: 5px;'>Tarjeta IC\/ID<\/li>\n<li style='margin-bottom: 5px;'>C\u00f3digo PIN<\/li>\n<li style='margin-bottom: 5px;'>C\u00f3digo QR<\/li>\n<li style='margin-bottom: 5px;'>DTMF<\/li>\n<li style='margin-bottom: 0;'>Apertura remota<\/li>\n<\/ul>\n<\/ul><\/div>\n<p> <!-- Caracter\u00edsticas f\u00edsicas y el\u00e9ctricas --> <\/p>\n<div style='flex: 1 1 300px; min-width: 280px; border-left: 5px solid #cb3234; border-radius: 5px; padding: 15px; box-shadow: 2px 2px 10px rgba(150&comma;150&comma;150&comma;0.3); background-color: rgba(255&comma;255&comma;255&comma;0.05);'>\n<h3 style='color: #cb3234; font-size: 18px; margin-top: 0; margin-bottom: 15px;'>Caracter\u00edsticas F\u00edsicas:<\/h3>\n<ul style='padding-left: 20px; font-size: 14px; color: inherit;'>\n<li style='margin-bottom: 5px;'>Alimentaci\u00f3n: PoE 802.3af o 12Vcc 2.0A<\/li>\n<li style='margin-bottom: 5px;'>Montaje en pared<\/li>\n<li style='margin-bottom: 5px;'>Protecci\u00f3n: IP66 \/ IK07<\/li>\n<li style='margin-bottom: 5px;'>Temperatura operaci\u00f3n: -20\u00b0C ~ 70\u00b0C<\/li>\n<li style='margin-bottom: 0;'>Material: Aleaci\u00f3n de aluminio<\/li>\n<\/ul><\/div>\n<p> <!-- Caracter\u00edsticas de red --> <\/p>\n<div style='flex: 1 1 300px; min-width: 280px; border-left: 5px solid #cb3234; border-radius: 5px; padding: 15px; box-shadow: 2px 2px 10px rgba(150&comma;150&comma;150&comma;0.3); background-color: rgba(255&comma;255&comma;255&comma;0.05);'>\n<h3 style='color: #cb3234; font-size: 18px; margin-top: 0; margin-bottom: 15px;'>Caracter\u00edsticas de Red:<\/h3>\n<ul style='padding-left: 20px; font-size: 14px; color: inherit;'>\n<li style='margin-bottom: 5px;'>VPN: L2TP \/ OpenVPN<\/li>\n<li style='margin-bottom: 5px;'>VLAN<\/li>\n<li style='margin-bottom: 5px;'>LLDP<\/li>\n<li style='margin-bottom: 5px;'>Soporte IPv4\/IPv6<\/li>\n<li style='margin-bottom: 5px;'>SIP 2.0 sobre UDP\/TCP\/TLS<\/li>\n<li style='margin-bottom: 5px;'>PPPoE<\/li>\n<li style='margin-bottom: 0;'>QoS<\/li>\n<\/ul><\/div>\n<\/p><\/div>\n<p> <!-- Galer\u00eda de im\u00e1genes --> <\/p>\n<section style='margin-top: 40px;'>\n<h2 style='color: #cb3234; font-size: 24px; text-align: center; margin-bottom: 20px;'>Galer\u00eda de Im\u00e1genes<\/h2>\n<div style='display: flex; flex-direction: column; gap: 30px; align-items: center;'> <img style='width: 100%; max-width: 1000px; height: auto; border: 1px solid rgba(150&comma;150&comma;150&comma;0.3); border-radius: 8px;' src='https:\/\/ftp3.syscom.mx\/usuarios\/fotos\/I67\/228387-16450x8644_(1).jpg' alt='Videoportero Fanvil i67 vista frontal'> <img style='width: 100%; max-width: 1000px; height: auto; border: 1px solid rgba(150&comma;150&comma;150&comma;0.3); border-radius: 8px;' src='https:\/\/ftp3.syscom.mx\/usuarios\/fotos\/I67\/228387-17102t4n48_(1).jpg' alt='Pantalla t\u00e1ctil del i67 en funcionamiento'> <img style='width: 100%; max-width: 1000px; height: auto; border: 1px solid rgba(150&comma;150&comma;150&comma;0.3); border-radius: 8px;' src='https:\/\/ftp3.syscom.mx\/usuarios\/fotos\/I67\/228387-1207p82t2r_(1).jpg' alt='Detalle de instalaci\u00f3n del i67'> <img style='width: 100%; max-width: 1000px; height: auto; border: 1px solid rgba(150&comma;150&comma;150&comma;0.3); border-radius: 8px;' src='https:\/\/ftp3.syscom.mx\/usuarios\/fotos\/I67\/228387-1645vfb62r_(1).jpg' alt='Reconocimiento facial en acci\u00f3n'> <\/div>\n<\/section>\n<p> <!-- Compatibilidad --> <\/p>\n<section style='margin-top: 40px; text-align: center;'>\n<h2 style='color: #cb3234; font-size: 24px; margin-bottom: 15px;'>Compatibilidad<\/h2>\n<p style='font-size: 16px; color: inherit;'>Compatible con los principales sistemas IP-PBX del mercado<\/p>\n<\/section>\n<p> <!-- Nota de garant\u00eda --> <\/p>\n<section style='margin-top: 40px; text-align: center;'>\n<p style='font-size: 16px; color: inherit;'>\n<\/section><\/div>\n<\/p><\/div>\n","protected":false},"excerpt":{"rendered":"<p>Videoportero SIP i67, Reconocimiento Facial, 2 relevadores, Teclado retroiluminado, anti-vand\u00e1lico, IP66 y IK07, PoE<\/p>\n","protected":false},"featured_media":92626,"comment_status":"open","ping_status":"closed","template":"","meta":[],"product_brand":[],"product_cat":[2113],"product_tag":[2114,859,2004],"class_list":{"0":"post-92627","1":"product","2":"type-product","3":"status-publish","4":"has-post-thumbnail","6":"product_cat-audio-video-porteros-ip","7":"product_tag-audio-video-porteros-ip","8":"product_tag-fanvil","9":"product_tag-voip-telefonia-ip-videoconferencia","11":"first","12":"instock","13":"sale","14":"shipping-taxable","15":"purchasable","16":"product-type-simple"},"_links":{"self":[{"href":"https:\/\/soydeaqui.ddns.net\/pachuca\/index.php\/wp-json\/wp\/v2\/product\/92627","targetHints":{"allow":["GET"]}}],"collection":[{"href":"https:\/\/soydeaqui.ddns.net\/pachuca\/index.php\/wp-json\/wp\/v2\/product"}],"about":[{"href":"https:\/\/soydeaqui.ddns.net\/pachuca\/index.php\/wp-json\/wp\/v2\/types\/product"}],"replies":[{"embeddable":true,"href":"https:\/\/soydeaqui.ddns.net\/pachuca\/index.php\/wp-json\/wp\/v2\/comments?post=92627"}],"wp:featuredmedia":[{"embeddable":true,"href":"https:\/\/soydeaqui.ddns.net\/pachuca\/index.php\/wp-json\/wp\/v2\/media\/92626"}],"wp:attachment":[{"href":"https:\/\/soydeaqui.ddns.net\/pachuca\/index.php\/wp-json\/wp\/v2\/media?parent=92627"}],"wp:term":[{"taxonomy":"product_brand","embeddable":true,"href":"https:\/\/soydeaqui.ddns.net\/pachuca\/index.php\/wp-json\/wp\/v2\/product_brand?post=92627"},{"taxonomy":"product_cat","embeddable":true,"href":"https:\/\/soydeaqui.ddns.net\/pachuca\/index.php\/wp-json\/wp\/v2\/product_cat?post=92627"},{"taxonomy":"product_tag","embeddable":true,"href":"https:\/\/soydeaqui.ddns.net\/pachuca\/index.php\/wp-json\/wp\/v2\/product_tag?post=92627"}],"curies":[{"name":"wp","href":"https:\/\/api.w.org\/{rel}","templated":true}]}}