{"id":92615,"date":"2026-03-20T05:25:56","date_gmt":"2026-03-20T05:25:56","guid":{"rendered":"https:\/\/soydeaqui.ddns.net\/pachuca\/index.php\/producto\/olt-de-2-puertos-epon-con-6-puertos-uplink-4-puertos-gigabit-ethernet-2-puertos-gigabit-ethernet-sfp-sfp-hasta-128-onus\/"},"modified":"2026-03-20T05:26:09","modified_gmt":"2026-03-20T05:26:09","slug":"olt-de-2-puertos-epon-con-6-puertos-uplink-4-puertos-gigabit-ethernet-2-puertos-gigabit-ethernet-sfp-sfp-hasta-128-onus","status":"publish","type":"product","link":"https:\/\/soydeaqui.ddns.net\/pachuca\/index.php\/producto\/olt-de-2-puertos-epon-con-6-puertos-uplink-4-puertos-gigabit-ethernet-2-puertos-gigabit-ethernet-sfp-sfp-hasta-128-onus\/","title":{"rendered":"OLT de 2 puertos EPON con 6 puertos Uplink (4 puertos Gigabit Ethernet + 2 puertos Gigabit Ethernet SFP\/SFP+) \/ hasta 128 ONUS"},"content":{"rendered":"<div style='width: 100%; max-width: 1200px; margin: 0 auto; font-family: sans-serif; line-height: 1.6; color: inherit; background-color: transparent;'>\n<div style='display: flex; flex-wrap: wrap; gap: 30px; margin-bottom: 30px;'>\n<div style='flex: 1 1 300px; min-width: 280px;'>\n<h3 style='font-size: 22px; border-bottom: 2px solid currentColor; padding-bottom: 5px; margin-top: 0; color: inherit; opacity: 0.8;'>Caracter\u00edsticas principales:<\/h3>\n<ul style='padding-left: 20px; font-size: 15px; color: inherit;'>\n<li style='margin-bottom: 5px;'><strong>Dimensiones:<\/strong> 442 * 320 * 43.6 mm (largo \u00d7 ancho \u00d7 alto)<\/li>\n<li style='margin-bottom: 5px;'><strong>Aplicaciones:<\/strong> Datos&comma; Videovigilancia&comma; Telefon\u00eda IP&comma; CATV<\/li>\n<li style='margin-bottom: 5px;'>Configuraci\u00f3n y gesti\u00f3n de ONU en l\u00ednea<\/li>\n<li style='margin-bottom: 5px;'>Montaje en rack<\/li>\n<li style='margin-bottom: 5px;'><strong>Ancho de banda por puerto PON:<\/strong> Upstream 1.244Gbps&comma; Downstream 1.244Gbps<\/li>\n<li style='margin-bottom: 5px;'>Gesti\u00f3n amigable desde: EMS \/ Web \/ Telnet \/ CLI \/ SSH<\/li>\n<\/ul>\n<\/div>\n<div style='flex: 1 1 300px; min-width: 280px;'>\n<h3 style='font-size: 22px; border-bottom: 2px solid currentColor; padding-bottom: 5px; margin-top: 0; color: inherit; opacity: 0.8;'>Caracter\u00edsticas F\u00edsicas y El\u00e9ctricas:<\/h3>\n<ul style='padding-left: 20px; font-size: 15px; color: inherit;'>\n<li style='margin-bottom: 5px;'>Incluye una fuente CA<\/li>\n<li style='margin-bottom: 5px;'><strong>CA:<\/strong> 100~240 Vca&comma; 50\/60 Hz<\/li>\n<li style='margin-bottom: 5px;'><strong>Consumo m\u00e1ximo:<\/strong> 30W<\/li>\n<li style='margin-bottom: 5px;'><strong>Peso:<\/strong> Kg<\/li>\n<li style='margin-bottom: 5px;'><strong>Temperatura de operaci\u00f3n:<\/strong> -20 a 60\u00b0 C<\/li>\n<\/ul>\n<h3 style='font-size: 22px; border-bottom: 2px solid currentColor; padding-bottom: 5px; margin-top: 20px; margin-bottom: 15px; color: inherit; opacity: 0.8;'>Accesorios:<\/h3>\n<ul style='padding-left: 20px; font-size: 15px; color: inherit;'>\n<li style='margin-bottom: 5px;'>Montaje en rack<\/li>\n<li style='margin-bottom: 5px;'>Cable de consola (No incluye adaptador USB)<\/li>\n<li style='margin-bottom: 5px;'>Gomas antiderrape<\/li>\n<li style='margin-bottom: 5px;'>No incluye m\u00f3dulos PON (Agregar el modelo: <a href='https:\/\/www.syscom.mx\/producto\/EPON-SFP-PX20-4+-V-SOL-225542.html' style='color: inherit; text-decoration: underline;'>EPON-SFP-PX20-4+<\/a>)<\/li>\n<li style='margin-bottom: 5px;'>Cable para aterrizar la OLT<\/li>\n<li style='margin-bottom: 5px;'>1 A\u00f1o de garant\u00eda<\/li>\n<\/ul>\n<\/div>\n<div style='flex: 1 1 300px; min-width: 280px;'>\n<h3 style='font-size: 22px; border-bottom: 2px solid currentColor; padding-bottom: 5px; margin-top: 0; color: inherit; opacity: 0.8;'>Caracter\u00edsticas de Red:<\/h3>\n<ul style='padding-left: 20px; font-size: 15px; color: inherit;'>\n<li style='margin-bottom: 5px;'>Hasta 128 ONUs<\/li>\n<li style='margin-bottom: 5px;'>4 puertos Uplink RJ45 Gigabit<\/li>\n<li style='margin-bottom: 5px;'>2 puertos Uplink SFP\/SFP+<\/li>\n<li style='margin-bottom: 5px;'>Distancia m\u00e1xima 20 Km en cada puerto PON<\/li>\n<li style='margin-bottom: 5px;'>Funciones Capa 3 b\u00e1sica y Capa 2<\/li>\n<li style='margin-bottom: 5px;'>1 Puerto Auxiliar (Gesti\u00f3n Out-Band)<\/li>\n<li style='margin-bottom: 5px;'>1 Puerto de Consola (L\u00ednea de comando)<\/li>\n<li style='margin-bottom: 5px;'>2 puertos EPON<\/li>\n<li style='margin-bottom: 5px;'><strong>Relaci\u00f3n de splitteo por puerto PON:<\/strong> 1:64<\/li>\n<\/ul>\n<\/div>\n<\/div>\n<div style='display: flex; flex-direction: column; gap: 30px; margin-bottom: 30px;'>\n<div style='width: 100%;'>\n<h3 style='font-size: 22px; border-bottom: 2px solid currentColor; padding-bottom: 5px; margin-top: 0; margin-bottom: 20px; color: inherit; opacity: 0.8;'>Preguntas Frecuentes (FAQ)<\/h3>\n<div style='display: flex; flex-direction: column; gap: 15px;'>\n<div style='width: 100%;'>\n<h4 style='font-size: 18px; margin-top: 0; margin-bottom: 10px; color: inherit;'>\u00bfC\u00f3mo configuro la OLT de V-SOL para dar internet a mis clientes?<\/h4>\n<p style='margin: 0; color: inherit;'>S\u00f3lo debes seguir nuestra <a href='https:\/\/soporte.syscom.mx\/es\/collections\/4668378-configuraciones-epon' style='color: inherit; text-decoration: underline;' target='_blank' rel='noopener'>Gu\u00eda de Configuraci\u00f3n Paso a Paso para OLTs V-SOL<\/a> para tener desde la configuraci\u00f3n inicial b\u00e1sica hasta tener las ONUs con servicio para tus clientes.<\/p>\n<\/div>\n<div style='width: 100%;'>\n<h4 style='font-size: 18px; margin-top: 0; margin-bottom: 10px; color: inherit;'>\u00bfPuedo utilizar ONUs de otros fabricantes con una OLT V-SOL?<\/h4>\n<p style='margin: 0; color: inherit;'>S\u00ed&comma; aunque las OLTs V-SOL suelen ser compatibles con ONUs de diferentes fabricantes debido a los est\u00e1ndares EPON&comma; no podemos garantizar la compatibilidad total con todos los modelos disponibles en el mercado. Recomendamos realizar pruebas con una unidad antes de implementar en producci\u00f3n para asegurar el funcionamiento correcto y evitar inconvenientes.<\/p>\n<\/div>\n<div style='width: 100%;'>\n<h4 style='font-size: 18px; margin-top: 0; margin-bottom: 10px; color: inherit;'>\u00bfCu\u00e1les son las credenciales de Default de la OLT V-SOL?<\/h4>\n<p style='margin: 0; color: inherit;'>Las credenciales de f\u00e1brica&comma; tanto de las OLTs como de las ONUs de V-SOL&comma; las pueden encontrar en este enlace: <a href='https:\/\/soporte.syscom.mx\/es\/articles\/7203161-v-sol-conoce-cuales-son-el-usuario-y-contrasena-de-tus-equipos-olt-onu' style='color: inherit; text-decoration: underline;' target='_blank' rel='noopener'>Conoce cuales son el usuario y contrase\u00f1a de tus equipos OLT\/ONU<\/a><\/p>\n<\/div>\n<\/div>\n<\/div>\n<\/div>\n<div style='display: flex; flex-wrap: wrap; gap: 30px; justify-content: center; margin-bottom: 30px;'>\n<div style='flex: 1 1 300px; min-width: 280px; max-width: 700px;'><img style='width: 100%; height: auto; border: 1px solid rgba(150&comma;150&comma;150&comma;0.3); border-radius: 8px;' src='https:\/\/es.vsolcn.com\/wp-content\/uploads\/2024\/02\/V1601E02-DP-Detail-Page-EN-1.jpg' alt=''><\/div>\n<div style='flex: 1 1 300px; min-width: 280px; max-width: 700px;'><img style='width: 100%; height: auto; border: 1px solid rgba(150&comma;150&comma;150&comma;0.3); border-radius: 8px;' src='https:\/\/es.vsolcn.com\/wp-content\/uploads\/2023\/06\/V-SOL-GPON-OLT-2-1.jpg' alt=''><\/div>\n<div style='flex: 1 1 300px; min-width: 280px; max-width: 700px;'><img style='width: 100%; height: auto; border: 1px solid rgba(150&comma;150&comma;150&comma;0.3); border-radius: 8px;' src='https:\/\/es.vsolcn.com\/wp-content\/uploads\/2023\/06\/V-SOL-GPON-OLT-3-1.jpg' alt=''><\/div>\n<div style='flex: 1 1 300px; min-width: 280px; max-width: 700px;'><img style='width: 100%; height: auto; border: 1px solid rgba(150&comma;150&comma;150&comma;0.3); border-radius: 8px;' src='https:\/\/es.vsolcn.com\/wp-content\/uploads\/2024\/02\/V1601E02-DP-Detail-Page-EN-3.jpg' alt=''><\/div>\n<div style='flex: 1 1 300px; min-width: 280px; max-width: 700px;'><img style='width: 100%; height: auto; border: 1px solid rgba(150&comma;150&comma;150&comma;0.3); border-radius: 8px;' src='https:\/\/es.vsolcn.com\/wp-content\/uploads\/2024\/02\/V1601E02-DP-Detail-Page-EN-4.jpg' alt=''><\/div>\n<div style='flex: 1 1 300px; min-width: 280px; max-width: 700px;'><img style='width: 100%; height: auto; border: 1px solid rgba(150&comma;150&comma;150&comma;0.3); border-radius: 8px;' src='https:\/\/es.vsolcn.com\/wp-content\/uploads\/2024\/02\/V1601E02-DP-Detail-Page-EN-5.jpg' alt=''><\/div>\n<div style='flex: 1 1 300px; min-width: 280px; max-width: 700px;'><img style='width: 100%; height: auto; border: 1px solid rgba(150&comma;150&comma;150&comma;0.3); border-radius: 8px;' src='https:\/\/es.vsolcn.com\/wp-content\/uploads\/2024\/02\/V1601E02-DP-Detail-Page-EN-6.jpg' alt=''><\/div>\n<\/div>\n<\/div>\n","protected":false},"excerpt":{"rendered":"<p>OLT de 2 puertos EPON con 6 puertos Uplink (4 puertos Gigabit Ethernet + 2 puertos Gigabit Ethernet SFP\/SFP+) \/ hasta 128 ONUS<\/p>\n","protected":false},"featured_media":92614,"comment_status":"open","ping_status":"closed","template":"","meta":[],"product_brand":[],"product_cat":[2018],"product_tag":[2019,2011,2013],"class_list":{"0":"post-92615","1":"product","2":"type-product","3":"status-publish","4":"has-post-thumbnail","6":"product_cat-olts","7":"product_tag-olts","8":"product_tag-redes-ftth-pon","9":"product_tag-v-sol","11":"first","12":"outofstock","13":"sale","14":"shipping-taxable","15":"purchasable","16":"product-type-simple"},"_links":{"self":[{"href":"https:\/\/soydeaqui.ddns.net\/pachuca\/index.php\/wp-json\/wp\/v2\/product\/92615","targetHints":{"allow":["GET"]}}],"collection":[{"href":"https:\/\/soydeaqui.ddns.net\/pachuca\/index.php\/wp-json\/wp\/v2\/product"}],"about":[{"href":"https:\/\/soydeaqui.ddns.net\/pachuca\/index.php\/wp-json\/wp\/v2\/types\/product"}],"replies":[{"embeddable":true,"href":"https:\/\/soydeaqui.ddns.net\/pachuca\/index.php\/wp-json\/wp\/v2\/comments?post=92615"}],"wp:featuredmedia":[{"embeddable":true,"href":"https:\/\/soydeaqui.ddns.net\/pachuca\/index.php\/wp-json\/wp\/v2\/media\/92614"}],"wp:attachment":[{"href":"https:\/\/soydeaqui.ddns.net\/pachuca\/index.php\/wp-json\/wp\/v2\/media?parent=92615"}],"wp:term":[{"taxonomy":"product_brand","embeddable":true,"href":"https:\/\/soydeaqui.ddns.net\/pachuca\/index.php\/wp-json\/wp\/v2\/product_brand?post=92615"},{"taxonomy":"product_cat","embeddable":true,"href":"https:\/\/soydeaqui.ddns.net\/pachuca\/index.php\/wp-json\/wp\/v2\/product_cat?post=92615"},{"taxonomy":"product_tag","embeddable":true,"href":"https:\/\/soydeaqui.ddns.net\/pachuca\/index.php\/wp-json\/wp\/v2\/product_tag?post=92615"}],"curies":[{"name":"wp","href":"https:\/\/api.w.org\/{rel}","templated":true}]}}