{"id":92534,"date":"2026-03-20T05:20:48","date_gmt":"2026-03-20T05:20:48","guid":{"rendered":"https:\/\/soydeaqui.ddns.net\/pachuca\/index.php\/producto\/switch-para-exterior-8-puertos-gigabit-con-4-puertos-poe-802-3at-proteccion-termica-2p-16a-corriente-alterna-400-vca\/"},"modified":"2026-03-20T05:20:53","modified_gmt":"2026-03-20T05:20:53","slug":"switch-para-exterior-8-puertos-gigabit-con-4-puertos-poe-802-3at-proteccion-termica-2p-16a-corriente-alterna-400-vca","status":"publish","type":"product","link":"https:\/\/soydeaqui.ddns.net\/pachuca\/index.php\/producto\/switch-para-exterior-8-puertos-gigabit-con-4-puertos-poe-802-3at-proteccion-termica-2p-16a-corriente-alterna-400-vca\/","title":{"rendered":"Switch para exterior \/ 8 puertos Gigabit con 4 puertos PoE 802.3at \/ Protecci\u00f3n t\u00e9rmica 2P, 16A, Corriente Alterna 400 Vca"},"content":{"rendered":"<div style='width: 100%; max-width: 1200px; margin: 0 auto; font-family: sans-serif; line-height: 1.6; color: inherit; background-color: transparent;'>\n<div style='display: flex; flex-wrap: wrap; gap: 30px; margin-bottom: 30px;'>\n<div style='flex: 1 1 300px; min-width: 280px;'> <img style='width: 100%; height: auto; border: 1px solid rgba(150&comma;150&comma;150&comma;0.3); border-radius: 8px;' src='https:\/\/ftp3.syscom.mx\/usuarios\/fotos\/GABSWAIO\/229122-gabswaio-ad-2-l22222.png' alt='Gabinete All-In-One'> <\/div>\n<div style='flex: 1 1 300px; min-width: 280px;'>\n<h3 style='font-size: 22px; border-bottom: 2px solid currentColor; padding-bottom: 5px; margin-top: 0; color: inherit; opacity: 0.8;'>Gabinete All-In-One<\/h3>\n<p style='text-align: justify; font-size: 15px; color: inherit;'>Gabinete de pl\u00e1stico ABS para uso en aplicaciones en exterior como postes&comma; torres de telecomunicaci\u00f3n o pared donde no se cuente con protecci\u00f3n contra lluvia o polvo excesivo.<\/p>\n<p style='text-align: justify; font-size: 15px; color: inherit;'>El Switch Planet Gigabit Ethernet 120W&comma; con 8 puertos (4 x PoE+)&comma; modelo WGS-804HP es un dispositivo no administrado que ofrece una capacidad de rendimiento de hasta 11.9 Mpps y soporte para Energ\u00eda sobre Ethernet (PoE). Este switch no cuenta con montaje en rack pero puede ser instalado en pared gracias a su kit de montaje incluido<\/p>\n<p style='text-align: justify; font-size: 15px; color: inherit;'>Con protector de t\u00e9rmico que est\u00e1n dise\u00f1ados para proporcionar protecci\u00f3n contra sobre corriente dentro de circuitos en corriente alterna (CA)<\/p>\n<p style='text-align: justify; font-size: 15px; color: inherit;'>Alta duraci\u00f3n usado en corriente alterna 50\/60 hz hasta 415 Vca para protecci\u00f3n contra sobrecargas y cortocircuito&comma; as\u00ed como en equipos el\u00e9ctricos de encendido y apagado de iluminaci\u00f3n&comma; dise\u00f1ado para uso en aplicaciones fotovoltaicas en corriente alterna<\/p>\n<\/p><\/div>\n<\/p><\/div>\n<hr style='border: 0; border-top: 1px solid rgba(150&comma;150&comma;150&comma;0.3); margin: 30px 0;'>\n<div style='margin-bottom: 30px;'>\n<h2 style='font-size: 24px; color: inherit; margin-top: 0; margin-bottom: 15px;'>Especificaciones<\/h2>\n<div style='display: flex; flex-wrap: wrap; gap: 20px;'>\n<div style='flex: 1 1 250px; border: 1px solid rgba(150&comma;150&comma;150&comma;0.4); border-radius: 8px; overflow: hidden; display: flex; flex-direction: column; width: 100%;'>\n<div style='padding: 15px; border-bottom: 1px solid rgba(150&comma;150&comma;150&comma;0.2); font-weight: bold; font-size: 18px; color: inherit; background-color: rgba(150&comma;150&comma;150&comma;0.1);'>Caracter\u00edsticas Principales:<\/div>\n<div style='padding: 15px; color: inherit;'>\n<ul style='padding-left: 20px; margin: 0; font-size: 14px; list-style-type: disc; color: inherit;'>\n<li style='margin-bottom: 5px; color: inherit;'><strong>Material:<\/strong> Pl\u00e1stico ABS<\/li>\n<li style='margin-bottom: 5px; color: inherit;'><strong>Nivel de protecci\u00f3n:<\/strong> IP66<\/li>\n<li style='margin-bottom: 5px; color: inherit;'><strong>Dimensiones:<\/strong> 300 x 300 x 180 mm (ancho x alto x profundidad)<\/li>\n<li style='margin-bottom: 5px; color: inherit;'><strong>Administraci\u00f3n:<\/strong> Switch no administrable<\/li>\n<li style='margin-bottom: 5px; color: inherit;'><strong>Puertos:<\/strong> 8 Puertos Gigabit RJ-45<\/li>\n<li style='margin-bottom: 5px; color: inherit;'><strong>PoE:<\/strong> 4 Puertos 802.3at\/af (1 al 4)<\/li>\n<li style='margin-bottom: 5px; color: inherit;'><strong>Potencia por puerto:<\/strong> Hasta 30.8 watts por puerto&comma; a 100 metros<\/li>\n<li style='margin-bottom: 5px; color: inherit;'><strong>Alimentaci\u00f3n:<\/strong> 48 a 56 VCD&comma; Dual<\/li>\n<li style='margin-bottom: 5px; color: inherit;'><strong>Potencia total:<\/strong> 120W<\/li>\n<\/ul><\/div>\n<\/p><\/div>\n<\/p><\/div>\n<\/p><\/div>\n<hr style='border: 0; border-top: 1px solid rgba(150&comma;150&comma;150&comma;0.3); margin: 30px 0;'> <\/div>\n","protected":false},"excerpt":{"rendered":"<p>Switch para exterior \/ 8 puertos Gigabit con 4 puertos PoE 802.3at \/ Protecci\u00f3n t\u00e9rmica 2P, 16A, Corriente Alterna 400 Vca<\/p>\n","protected":false},"featured_media":92533,"comment_status":"open","ping_status":"closed","template":"","meta":[],"product_brand":[],"product_cat":[1986],"product_tag":[664,1987,63],"class_list":{"0":"post-92534","1":"product","2":"type-product","3":"status-publish","4":"has-post-thumbnail","6":"product_cat-switches-poe","7":"product_tag-networking","8":"product_tag-switches-poe","9":"product_tag-syscom","11":"first","12":"outofstock","13":"sale","14":"shipping-taxable","15":"purchasable","16":"product-type-simple"},"_links":{"self":[{"href":"https:\/\/soydeaqui.ddns.net\/pachuca\/index.php\/wp-json\/wp\/v2\/product\/92534","targetHints":{"allow":["GET"]}}],"collection":[{"href":"https:\/\/soydeaqui.ddns.net\/pachuca\/index.php\/wp-json\/wp\/v2\/product"}],"about":[{"href":"https:\/\/soydeaqui.ddns.net\/pachuca\/index.php\/wp-json\/wp\/v2\/types\/product"}],"replies":[{"embeddable":true,"href":"https:\/\/soydeaqui.ddns.net\/pachuca\/index.php\/wp-json\/wp\/v2\/comments?post=92534"}],"wp:featuredmedia":[{"embeddable":true,"href":"https:\/\/soydeaqui.ddns.net\/pachuca\/index.php\/wp-json\/wp\/v2\/media\/92533"}],"wp:attachment":[{"href":"https:\/\/soydeaqui.ddns.net\/pachuca\/index.php\/wp-json\/wp\/v2\/media?parent=92534"}],"wp:term":[{"taxonomy":"product_brand","embeddable":true,"href":"https:\/\/soydeaqui.ddns.net\/pachuca\/index.php\/wp-json\/wp\/v2\/product_brand?post=92534"},{"taxonomy":"product_cat","embeddable":true,"href":"https:\/\/soydeaqui.ddns.net\/pachuca\/index.php\/wp-json\/wp\/v2\/product_cat?post=92534"},{"taxonomy":"product_tag","embeddable":true,"href":"https:\/\/soydeaqui.ddns.net\/pachuca\/index.php\/wp-json\/wp\/v2\/product_tag?post=92534"}],"curies":[{"name":"wp","href":"https:\/\/api.w.org\/{rel}","templated":true}]}}