{"id":92521,"date":"2026-03-20T05:20:15","date_gmt":"2026-03-20T05:20:15","guid":{"rendered":"https:\/\/soydeaqui.ddns.net\/pachuca\/index.php\/producto\/switch-poe-4-puertos-10-100-mbps-poe-af-at-1-puerto-10-100-mbps-uplink-modo-extendido-hasta-250-metros-35-watts\/"},"modified":"2026-03-20T05:20:16","modified_gmt":"2026-03-20T05:20:16","slug":"switch-poe-4-puertos-10-100-mbps-poe-af-at-1-puerto-10-100-mbps-uplink-modo-extendido-hasta-250-metros-35-watts","status":"publish","type":"product","link":"https:\/\/soydeaqui.ddns.net\/pachuca\/index.php\/producto\/switch-poe-4-puertos-10-100-mbps-poe-af-at-1-puerto-10-100-mbps-uplink-modo-extendido-hasta-250-metros-35-watts\/","title":{"rendered":"Switch PoE+ \/ 4 Puertos 10\/100 Mbps PoE+ (af \/ at) \/ 1 Puerto 10\/100 Mbps Uplink \/ Modo Extendido hasta 250 Metros \/ 35 Watts"},"content":{"rendered":"<div style='width: 100%; max-width: 1200px; margin: 0 auto; font-family: sans-serif; line-height: 1.6; color: inherit; background-color: transparent;'> <!-- Logo --> <\/p>\n<p style='text-align: center; margin: 0 0 20px 0;'><img style='width: 45%; height: auto; border: 1px solid rgba(150&comma;150&comma;150&comma;0.3); border-radius: 8px;' src='https:\/\/ftp3.syscom.mx\/usuarios\/jsosa\/HIKVISION\/imagenes\/logo\/hikvision%20see%20far.png' alt='Logo'><\/p>\n<p> <!-- Secci\u00f3n de caracter\u00edsticas --> <\/p>\n<div style='display: flex; flex-wrap: wrap; gap: 30px; margin-bottom: 30px;'>\n<div style='flex: 1 1 300px; min-width: 280px;'>\n<h3 style='font-size: 22px; border-bottom: 2px solid currentColor; padding-bottom: 5px; margin-top: 0; color: inherit; opacity: 0.8;'>Caracter\u00edsticas principales<\/h3>\n<ul style='padding-left: 20px; font-size: 15px; color: inherit;'>\n<li style='margin-bottom: 5px;'>Switch de escritorio de 4 puertos 10 \/ 100<\/li>\n<li style='margin-bottom: 5px;'>1 Puerto UPLINK 10\/100<\/li>\n<li style='margin-bottom: 5px;'>Monitoreo y control de datos en puertos importantes<\/li>\n<li style='margin-bottom: 5px;'>Optimizacion de bufer para garantizar la transmisi\u00f3n de video<\/li>\n<\/ul><\/div>\n<div style='flex: 1 1 300px; min-width: 280px;'>\n<h3 style='font-size: 22px; border-bottom: 2px solid currentColor; padding-bottom: 5px; margin-top: 0; color: inherit; opacity: 0.8;'>Caracter\u00edsticas F\u00edsicas y El\u00e9ctricas<\/h3>\n<ul style='padding-left: 20px; font-size: 15px; color: inherit;'>\n<li style='margin-bottom: 5px;'><strong>Capacidad m\u00e1xima de Watts:<\/strong> 35 W<\/li>\n<li style='margin-bottom: 5px;'><strong>Administraci\u00f3n m\u00e1xima de Watts por puerto:<\/strong> 30 W<\/li>\n<li style='margin-bottom: 5px;'><strong>4 puerto PoE:<\/strong> 802.3af\/at<\/li>\n<li style='margin-bottom: 5px;'><strong>Alimentaci\u00f3n:<\/strong> 48 Vcc \/ 0.8 A (Incluye fuente de alimentaci\u00f3n)<\/li>\n<li style='margin-bottom: 5px;'><strong>Dimensiones:<\/strong> 105 mm x 27.6 mm x 83.1 mm<\/li>\n<li style='margin-bottom: 5px;'><strong>Peso:<\/strong> 0.48 Kg<\/li>\n<li style='margin-bottom: 5px;'><strong>Garant\u00eda:<\/strong> 5 a\u00f1os<\/li>\n<\/ul><\/div>\n<\/p><\/div>\n<p> <!-- Secci\u00f3n de caracter\u00edsticas destacadas --> <\/p>\n<div style='display: flex; flex-wrap: wrap; gap: 30px; margin-bottom: 30px;'>\n<div style='flex: 1 1 300px; min-width: 280px;'>\n<h3 style='font-size: 22px; border-bottom: 2px solid currentColor; padding-bottom: 5px; margin-top: 0; color: inherit; opacity: 0.8;'>Caracter\u00edsticas Destacadas<\/h3>\n<ul style='padding-left: 20px; font-size: 15px; color: inherit;'>\n<li style='margin-bottom: 5px;'><strong>Tasa de reenvio de paquetes:<\/strong> 0.744 MPPS<\/li>\n<li style='margin-bottom: 5px;'><strong>Tipo de instalaci\u00f3n:<\/strong> No montable en rack<\/li>\n<li style='margin-bottom: 5px;'><strong>Recomendaci\u00f3n:<\/strong> Si va a conectar c\u00e1maras considere el suministro que puede otorgar el switch por PoE para evaluar si cumple con las necesidades energ\u00e9ticas de las c\u00e1maras<\/li>\n<\/ul><\/div>\n<\/p><\/div>\n<p> <!-- Banner final --> <\/p>\n<div style='margin-top: 30px;'> <img style='width: 100%; height: auto; border: 1px solid rgba(150&comma;150&comma;150&comma;0.3); border-radius: 8px;' src='https:\/\/ftp3.syscom.mx\/usuarios\/yvalenzuela\/Hilook\/hiklook.jpg' alt='Banner Final'> <\/div>\n<\/p><\/div>\n","protected":false},"excerpt":{"rendered":"<p>Switch PoE+ \/ 4 Puertos 10\/100 Mbps PoE+ (af \/ at) \/ 1 Puerto 10\/100 Mbps Uplink \/ Modo Extendido hasta 250 Metros \/ 35 Watts<\/p>\n","protected":false},"featured_media":92520,"comment_status":"open","ping_status":"closed","template":"","meta":[],"product_brand":[],"product_cat":[1986],"product_tag":[715,664,1987],"class_list":{"0":"post-92521","1":"product","2":"type-product","3":"status-publish","4":"has-post-thumbnail","6":"product_cat-switches-poe","7":"product_tag-hilook-by-hikvision","8":"product_tag-networking","9":"product_tag-switches-poe","11":"first","12":"instock","13":"sale","14":"shipping-taxable","15":"purchasable","16":"product-type-simple"},"_links":{"self":[{"href":"https:\/\/soydeaqui.ddns.net\/pachuca\/index.php\/wp-json\/wp\/v2\/product\/92521","targetHints":{"allow":["GET"]}}],"collection":[{"href":"https:\/\/soydeaqui.ddns.net\/pachuca\/index.php\/wp-json\/wp\/v2\/product"}],"about":[{"href":"https:\/\/soydeaqui.ddns.net\/pachuca\/index.php\/wp-json\/wp\/v2\/types\/product"}],"replies":[{"embeddable":true,"href":"https:\/\/soydeaqui.ddns.net\/pachuca\/index.php\/wp-json\/wp\/v2\/comments?post=92521"}],"wp:featuredmedia":[{"embeddable":true,"href":"https:\/\/soydeaqui.ddns.net\/pachuca\/index.php\/wp-json\/wp\/v2\/media\/92520"}],"wp:attachment":[{"href":"https:\/\/soydeaqui.ddns.net\/pachuca\/index.php\/wp-json\/wp\/v2\/media?parent=92521"}],"wp:term":[{"taxonomy":"product_brand","embeddable":true,"href":"https:\/\/soydeaqui.ddns.net\/pachuca\/index.php\/wp-json\/wp\/v2\/product_brand?post=92521"},{"taxonomy":"product_cat","embeddable":true,"href":"https:\/\/soydeaqui.ddns.net\/pachuca\/index.php\/wp-json\/wp\/v2\/product_cat?post=92521"},{"taxonomy":"product_tag","embeddable":true,"href":"https:\/\/soydeaqui.ddns.net\/pachuca\/index.php\/wp-json\/wp\/v2\/product_tag?post=92521"}],"curies":[{"name":"wp","href":"https:\/\/api.w.org\/{rel}","templated":true}]}}