{"id":92515,"date":"2026-03-20T05:19:58","date_gmt":"2026-03-20T05:19:58","guid":{"rendered":"https:\/\/soydeaqui.ddns.net\/pachuca\/index.php\/producto\/punto-de-acceso-ekit-exterior-ip68-wi-fi-6-1-7-gbps-mu-mimo-antena-sectorial-65oh-54ov-1-puerto-poe-in-gigabit-1-puerto-sfp-gigabit-ble-hasta-1024-clientes-libre-de-licenciamient\/"},"modified":"2026-03-20T05:20:10","modified_gmt":"2026-03-20T05:20:10","slug":"punto-de-acceso-ekit-exterior-ip68-wi-fi-6-1-7-gbps-mu-mimo-antena-sectorial-65oh-54ov-1-puerto-poe-in-gigabit-1-puerto-sfp-gigabit-ble-hasta-1024-clientes-libre-de-licenciamient","status":"publish","type":"product","link":"https:\/\/soydeaqui.ddns.net\/pachuca\/index.php\/producto\/punto-de-acceso-ekit-exterior-ip68-wi-fi-6-1-7-gbps-mu-mimo-antena-sectorial-65oh-54ov-1-puerto-poe-in-gigabit-1-puerto-sfp-gigabit-ble-hasta-1024-clientes-libre-de-licenciamient\/","title":{"rendered":"Punto de Acceso eKit exterior IP68 Wi-Fi 6 \/ 1.7 Gbps \/ MU-MIMO \/ Antena Sectorial 65\u00ba(H) 54\u00ba(V) \/ 1 Puerto PoE in Gigabit + 1 Puerto SFP Gigabit \/ BLE \/ Hasta 1,024 Clientes \/  Libre de licenciamiento"},"content":{"rendered":"<div style='width: 100%; max-width: 1200px; margin: 0 auto; font-family: sans-serif; line-height: 1.6; color: inherit; background-color: transparent;'> <!-- Video y descripci\u00f3n principal --> <\/p>\n<div style='display: flex; flex-wrap: wrap; gap: 30px; margin-bottom: 30px;'>\n<div style='flex: 1 1 300px; min-width: 280px;'>\n<div style='position: relative; padding-bottom: 56.25%; height: 0; overflow: hidden; margin-bottom: 30px;'> <video style='position: absolute; top: 0; left: 0; width: 100%; height: 100%; border: 1px solid rgba(150&comma;150&comma;150&comma;0.3); border-radius: 8px;' autoplay muted loop playsinline><source src='https:\/\/ftp3.syscom.mx\/usuarios\/axel\/Huawei\/eKit\/AP761\/AP761EN.mp4' type='video\/mp4'>Tu navegador no soporta el elemento de video.<\/video> <\/div>\n<\/p><\/div>\n<div style='flex: 1 1 300px; min-width: 280px;'>\n<h2 style='font-size: 22px; border-bottom: 2px solid currentColor; padding-bottom: 5px; margin-top: 0; color: inherit; opacity: 0.8;'>AP761 eKit: Potencia y eficiencia Wi-Fi 6 para cualquier espacio exterior<\/h2>\n<div style='margin: 10px 0; font-size: 14px; color: inherit; opacity: 0.7;'>Modelo: AP761<\/div>\n<p style='font-size: 15px; color: inherit; margin-top: 0;'> El Huawei eKitEngine AP761 es un punto de acceso Wi-Fi 6 para exteriores&comma; con cobertura amplia&comma; protecci\u00f3n IP68 y alta resistencia a sobretensiones. Ofrece 1 puerto uplink \u00f3ptico y otro el\u00e9ctrico para mayor flexibilidad&comma; siendo ideal para escenarios de alta densidad como estadios&comma; plazas y parques de entretenimiento. <\/p>\n<\/p><\/div>\n<\/p><\/div>\n<p> <!-- Secci\u00f3n de cards con especificaciones --> <\/p>\n<div style='display: flex; flex-wrap: wrap; gap: 20px; margin-bottom: 30px;'> <!-- Card: Caracter\u00edsticas principales --> <\/p>\n<div style='flex: 1 1 250px; border: 1px solid rgba(150&comma;150&comma;150&comma;0.4); border-radius: 8px; overflow: hidden; display: flex; flex-direction: column;'>\n<div style='padding: 15px; border-bottom: 1px solid rgba(150&comma;150&comma;150&comma;0.2); font-weight: bold; font-size: 18px; color: inherit;'>Caracter\u00edsticas principales<\/div>\n<div style='padding: 15px; color: inherit;'>\n<ul style='padding-left: 20px; margin: 0; font-size: 14px; list-style-type: disc;'>\n<li style='margin-bottom: 5px;'><strong>(1) Puerto Ethernet PoE in<\/strong> 10\/100\/1000 Mbps<\/li>\n<li style='margin-bottom: 5px;'><strong>(1) Puerto SFP<\/strong> 1000 Mbps<\/li>\n<li style='margin-bottom: 5px;'><strong>Modo de operaci\u00f3n:<\/strong> Punto de Acceso<\/li>\n<li style='margin-bottom: 5px;'><strong>Frecuencias:<\/strong> 2.4 y 5 GHz<\/li>\n<li style='margin-bottom: 5px;'>MU-MIMO 2&#215;2<\/li>\n<li style='margin-bottom: 5px;'><strong>Ganancia:<\/strong> 2.4 GHz 10 dBi \/ 5 GHz 11 dBi<\/li>\n<li style='margin-bottom: 5px;'><strong>Potencia:<\/strong> 2.4 GHz 28 dBm \/ 5 GHz 27 dBm<\/li>\n<li style='margin-bottom: 5px;'><strong>Seguridad Inal\u00e1mbrica:<\/strong> WEP&comma; WPA\/WPA2-PSK&comma; WPA3-SAE&comma; WPA\/WPA2-PPSK&comma; y WPA\/WPA2\/WPA3-802.1X<\/li>\n<li style='margin-bottom: 5px;'><strong>Gesti\u00f3n:<\/strong> interfaz web&comma; CLI&comma; nube&comma; APP o controladora f\u00edsica<\/li>\n<li style='margin-bottom: 5px;'><strong>Cantidad de clientes:<\/strong> 1&comma;024 m\u00e1ximo&comma; 120 recomendado<\/li>\n<li style='margin-bottom: 5px;'><strong>Cobertura:<\/strong> Hasta 250 metros<\/li>\n<\/ul><\/div>\n<\/p><\/div>\n<p> <!-- Card: F\u00edsicas y el\u00e9ctricas --> <\/p>\n<div style='flex: 1 1 250px; border: 1px solid rgba(150&comma;150&comma;150&comma;0.4); border-radius: 8px; overflow: hidden; display: flex; flex-direction: column;'>\n<div style='padding: 15px; border-bottom: 1px solid rgba(150&comma;150&comma;150&comma;0.2); font-weight: bold; font-size: 18px; color: inherit;'>Caracter\u00edsticas f\u00edsicas y el\u00e9ctricas<\/div>\n<div style='padding: 15px; color: inherit;'>\n<ul style='padding-left: 20px; margin: 0; font-size: 14px; list-style-type: disc;'>\n<li style='margin-bottom: 5px;'><strong>Doble banda:<\/strong> 2.4 y 5 GHz<\/li>\n<li style='margin-bottom: 5px;'><strong>N\u00famero de SSIDs:<\/strong> 16<\/li>\n<li style='margin-bottom: 5px;'><strong>Alimentaci\u00f3n:<\/strong> PoE: 802.3at (No incluido&comma; se recomienda el modelo: <a href='https:\/\/www.syscom.pro\/products\/228206\/5600620' style='color: inherit; text-decoration: underline;'>AD-560062T0E<\/a>)<\/li>\n<li style='margin-bottom: 5px;'><strong>Dimensiones:<\/strong> 69 mm x 200 mm x 200 mm<\/li>\n<li style='margin-bottom: 5px;'><strong>Peso:<\/strong> 1.91 kg<\/li>\n<li style='margin-bottom: 5px;'><strong>Consumo m\u00e1ximo:<\/strong> 17.7 W<\/li>\n<li style='margin-bottom: 5px;'><strong>Temperatura de operaci\u00f3n:<\/strong> \u201340\u00b0C a +65\u00b0C<\/li>\n<li style='margin-bottom: 5px;'><strong>Humedad de operaci\u00f3n:<\/strong> 5% a 95% (No condensado)<\/li>\n<\/ul><\/div>\n<\/p><\/div>\n<p> <!-- Card: Funciones avanzadas --> <\/p>\n<div style='flex: 1 1 250px; border: 1px solid rgba(150&comma;150&comma;150&comma;0.4); border-radius: 8px; overflow: hidden; display: flex; flex-direction: column;'>\n<div style='padding: 15px; border-bottom: 1px solid rgba(150&comma;150&comma;150&comma;0.2); font-weight: bold; font-size: 18px; color: inherit;'>Funciones avanzadas<\/div>\n<div style='padding: 15px; color: inherit;'>\n<ul style='padding-left: 20px; margin: 0; font-size: 14px; list-style-type: disc;'>\n<li style='margin-bottom: 5px;'>Smart Antenna (Hasta 20% m\u00e1s cobertura)<\/li>\n<li style='margin-bottom: 5px;'>Beamforming<\/li>\n<li style='margin-bottom: 5px;'>Bandsteering<\/li>\n<li style='margin-bottom: 5px;'>Optimizaci\u00f3n de Wi-Fi basada en IA<\/li>\n<li style='margin-bottom: 5px;'>Aislamiento de clientes<\/li>\n<li style='margin-bottom: 5px;'>Escaneo autom\u00e1tico de canales para mitigar interferencias<\/li>\n<li style='margin-bottom: 5px;'>Smart y fast Roaming<\/li>\n<li style='margin-bottom: 5px;'>Horarios de Wi-Fi<\/li>\n<li style='margin-bottom: 5px;'>Resoluci\u00f3n de problemas con IA desde nube SNC<\/li>\n<li style='margin-bottom: 5px;'>Soporta redes MESH<\/li>\n<\/ul><\/div>\n<\/p><\/div>\n<p> <!-- Card: Contenido del paquete --> <\/p>\n<div style='flex: 1 1 250px; border: 1px solid rgba(150&comma;150&comma;150&comma;0.4); border-radius: 8px; overflow: hidden; display: flex; flex-direction: column;'>\n<div style='padding: 15px; border-bottom: 1px solid rgba(150&comma;150&comma;150&comma;0.2); font-weight: bold; font-size: 18px; color: inherit;'>Contenido del paquete:<\/div>\n<div style='padding: 15px; color: inherit;'>\n<ul style='padding-left: 20px; margin: 0; font-size: 14px; list-style-type: disc;'>\n<li style='margin-bottom: 5px;'>(1) Punto de acceso AP761<\/li>\n<li style='margin-bottom: 5px;'>(4) Tornilllos<\/li>\n<li style='margin-bottom: 5px;'>(2) Abrazadera met\u00e1lica<\/li>\n<li style='margin-bottom: 5px;'>(1) Montaje para pared o m\u00e1stil<\/li>\n<\/ul><\/div>\n<div style='padding: 15px; border-top: 1px solid rgba(150&comma;150&comma;150&comma;0.2); color: inherit;'>\n<div style='font-weight: bold; margin-bottom: 10px;'>Accesorios opcionales:<\/div>\n<ul style='padding-left: 20px; margin: 0; font-size: 14px; list-style-type: disc;'>\n<li style='margin-bottom: 5px;'><a href='https:\/\/www.syscom.pro\/products\/228206\/5600620' style='color: inherit; text-decoration: underline;'>Inyector PoE: AD-560062T0E<\/a><\/li>\n<\/ul><\/div>\n<\/p><\/div>\n<\/p><\/div>\n<p> <!-- Secci\u00f3n de contenido adicional --> <\/p>\n<div style='display: flex; flex-wrap: wrap; gap: 30px; margin-bottom: 30px;'>\n<div style='flex: 1 1 300px; min-width: 280px;'>\n<h3 style='font-size: 20px; border-bottom: 2px solid currentColor; padding-bottom: 5px; margin-top: 0; color: inherit; opacity: 0.8;'>Redes flexibles para una conectividad efectiva<\/h3>\n<div style='font-size: 15px; color: inherit;'>\n<p style='margin-top: 0;'><strong>Puerto Gigabit PoE in<\/strong> para su alimentaci\u00f3n y un <strong>puerto SFP<\/strong> dedicados a la <strong>transmisi\u00f3n de datos<\/strong>&comma; con el objetivo de tener una conectividad cableada mayor a 100 metros con el cableado UTP&comma; al utilizar fibra \u00f3ptica.<\/p>\n<\/p><\/div>\n<\/p><\/div>\n<div style='flex: 1 1 300px; min-width: 280px;'> <img style='width: 100%; height: auto; border: 1px solid rgba(150&comma;150&comma;150&comma;0.3); border-radius: 8px;' src='http:\/\/ftp3.syscom.mx\/usuarios\/ftp\/2025\/10\/23\/1971\/Captura_de_pantalla_20251023_a_la_s__12.04.37p.m..png_froala_68fa6e49753cb' alt=''> <\/div>\n<\/p><\/div>\n<div style='display: flex; flex-wrap: wrap; gap: 30px; margin-bottom: 30px;'>\n<div style='flex: 1 1 300px; min-width: 280px; order: 2;'>\n<h3 style='font-size: 20px; border-bottom: 2px solid currentColor; padding-bottom: 5px; margin-top: 0; color: inherit; opacity: 0.8;'>Roaming continuo con cero p\u00e9rdida de paquetes<\/h3>\n<div style='font-size: 15px; color: inherit;'>\n<p style='margin-top: 0;'>Garantiza una conexi\u00f3n ininterrumpida al desplazarse entre puntos de acceso&comma; con transferencias ultrarr\u00e1pidas menores a 50 ms. Su gesti\u00f3n avanzada de roaming optimiza el cambio de red para mantener la mejor calidad de enlace en todo momento.<\/p>\n<\/p><\/div>\n<\/p><\/div>\n<div style='flex: 1 1 300px; min-width: 280px; order: 1;'> <img style='width: 100%; height: auto; border: 1px solid rgba(150&comma;150&comma;150&comma;0.3); border-radius: 8px;' src='http:\/\/ftp3.syscom.mx\/usuarios\/ftp\/2025\/10\/22\/1971\/Captura_de_pantalla_20251022_a_la_s__8.13.07a.m..png_froala_68f8e6889602d' alt=''> <\/div>\n<\/p><\/div>\n<div style='display: flex; flex-wrap: wrap; gap: 30px; margin-bottom: 30px;'>\n<div style='flex: 1 1 300px; min-width: 280px;'> <img style='width: 100%; height: auto; border: 1px solid rgba(150&comma;150&comma;150&comma;0.3); border-radius: 8px;' src='http:\/\/ftp3.syscom.mx\/usuarios\/ftp\/2025\/10\/22\/1971\/Captura_de_pantalla_20251022_a_la_s__8.18.55a.m..png_froala_68f8e7db2e543' alt=''> <\/div>\n<div style='flex: 1 1 300px; min-width: 280px;'>\n<h3 style='font-size: 20px; border-bottom: 2px solid currentColor; padding-bottom: 5px; margin-top: 0; color: inherit; opacity: 0.8;'>Encriptaci\u00f3n WPA3: El cifrado m\u00e1s potente<\/h3>\n<div style='font-size: 15px; color: inherit;'>\n<p style='margin-top: 0;'>Ofrece m\u00e1xima protecci\u00f3n de red mediante protocolos avanzados de seguridad y cifrado. Incorpora WPA3&comma; que mejora la protecci\u00f3n de la conexi\u00f3n inal\u00e1mbrica&comma; y WPA3-Enterprise con cifrado de 192 bits&comma; brindando un nivel superior de defensa frente a accesos no autorizados.<\/p>\n<\/p><\/div>\n<\/p><\/div>\n<\/p><\/div>\n<div style='display: flex; flex-wrap: wrap; gap: 30px; margin-bottom: 30px;'>\n<div style='flex: 1 1 300px; min-width: 280px; order: 2;'>\n<h3 style='font-size: 20px; border-bottom: 2px solid currentColor; padding-bottom: 5px; margin-top: 0; color: inherit; opacity: 0.8;'>Optimizaci\u00f3n inteligente impulsada por IA<\/h3>\n<div style='font-size: 15px; color: inherit;'>\n<p style='margin-top: 0;'>Capaz de ajustar autom\u00e1ticamente los par\u00e1metros de red. Su algoritmo exclusivo de calibraci\u00f3n de radio realiza una sintonizaci\u00f3n precisa de potencia y frecuencia con un solo clic&comma; reduciendo interferencias y fortaleciendo la se\u00f1al para un rendimiento inal\u00e1mbrico superior.<\/p>\n<\/p><\/div>\n<\/p><\/div>\n<div style='flex: 1 1 300px; min-width: 280px; order: 1;'> <img style='width: 100%; height: auto; border: 1px solid rgba(150&comma;150&comma;150&comma;0.3); border-radius: 8px;' src='http:\/\/ftp3.syscom.mx\/usuarios\/ftp\/2025\/10\/22\/1971\/Captura_de_pantalla_20251022_a_la_s__8.31.01a.m..png_froala_68f8eaadaeef4' alt=''> <\/div>\n<\/p><\/div>\n<div style='display: flex; flex-wrap: wrap; gap: 30px; margin-bottom: 30px;'>\n<div style='flex: 1 1 300px; min-width: 280px;'> <img style='width: 100%; height: auto; border: 1px solid rgba(150&comma;150&comma;150&comma;0.3); border-radius: 8px;' src='http:\/\/ftp3.syscom.mx\/usuarios\/ftp\/2025\/10\/22\/1971\/Captura_de_pantalla_20251022_a_la_s__8.38.30a.m..png_froala_68f8ec6e89f6e' alt=''> <\/div>\n<div style='flex: 1 1 300px; min-width: 280px;'>\n<h3 style='font-size: 20px; border-bottom: 2px solid currentColor; padding-bottom: 5px; margin-top: 0; color: inherit; opacity: 0.8;'>L\u00edder de la industria tecnol\u00f3gica<\/h3>\n<div style='font-size: 15px; color: inherit;'>\n<p style='margin-top: 0;'>Huawei se posiciona como l\u00edder en la industria Wi-Fi 6 y Wi-Fi 7&comma; con patentes l\u00edderes en dispositivos y un papel destacado en la formulaci\u00f3n de est\u00e1ndares y dise\u00f1o de chips. Sus equipos de red ofrecen compatibilidad con aplicaciones profesionales&comma; consolidando su influencia y confiabilidad en el sector tecnol\u00f3gico.<\/p>\n<\/p><\/div>\n<\/p><\/div>\n<\/p><\/div>\n<div style='display: flex; flex-wrap: wrap; gap: 30px; margin-bottom: 30px;'>\n<div style='flex: 1 1 300px; min-width: 280px; order: 2;'>\n<h3 style='font-size: 20px; border-bottom: 2px solid currentColor; padding-bottom: 5px; margin-top: 0; color: inherit; opacity: 0.8;'>Gesti\u00f3n flexible y remota sin costo<\/h3>\n<div style='font-size: 15px; color: inherit;'>\n<p style='margin-top: 0;'>M\u00e9todos flexibles de gesti\u00f3n: desde la interfaz web&comma; APP (iOS\/Android\/Harmony OS) y desde la <a href='https:\/\/ekit.huawei.com\/#\/serve\/main?countryCode=MX&#038;lang=en' style='color: inherit; text-decoration: underline;'>nube SNC de Huawei eKit<\/a>.<\/p>\n<p style='margin-top: 10px;'>Comparta proyectos para clientes espec\u00edficos&comma; gestione y d\u00e9 soporte t\u00e9cnico de manera remota sin pagos extra&comma; ya que es totalmente gratuita la plataforma de eKit.<\/p>\n<\/p><\/div>\n<\/p><\/div>\n<div style='flex: 1 1 300px; min-width: 280px; order: 1;'> <img style='width: 100%; height: auto; border: 1px solid rgba(150&comma;150&comma;150&comma;0.3); border-radius: 8px;' src='http:\/\/ftp3.syscom.mx\/usuarios\/ftp\/2025\/10\/22\/1971\/1761144118408.png_froala_68f8ed37afdc6' alt=''> <\/div>\n<\/p><\/div>\n<div style='display: flex; flex-wrap: wrap; gap: 30px; margin-bottom: 30px;'>\n<div style='flex: 1 1 300px; min-width: 280px;'> <img style='width: 100%; height: auto; border: 1px solid rgba(150&comma;150&comma;150&comma;0.3); border-radius: 8px;' src='http:\/\/ftp3.syscom.mx\/usuarios\/ftp\/2025\/10\/22\/1971\/1761144251539.png_froala_68f8edbbcde2b' alt=''> <\/div>\n<div style='flex: 1 1 300px; min-width: 280px;'>\n<h3 style='font-size: 20px; border-bottom: 2px solid currentColor; padding-bottom: 5px; margin-top: 0; color: inherit; opacity: 0.8;'>Resoluci\u00f3n de problemas con IA<\/h3>\n<div style='font-size: 15px; color: inherit;'>\n<p style='margin-top: 0;'>Lo importante del soporte t\u00e9cnico o solucionar problemas&comma; es hacerlo de manera r\u00e1pida y efectiva.<\/p>\n<p style='margin-top: 10px;'>Huawei viene a revolucionar esto con la funci\u00f3n de soluci\u00f3n de problemas impulsada por la IA (Inteligencia artificial)&comma; teniendo un diagn\u00f3stico de la red en sus diferentes par\u00e1metros en cuesti\u00f3n de minutos&comma; indicando problemas y posibles soluciones de cada uno de ellos.<\/p>\n<\/p><\/div>\n<\/p><\/div>\n<\/p><\/div>\n<div style='display: flex; flex-wrap: wrap; gap: 30px; margin-bottom: 30px;'>\n<div style='flex: 1 1 300px; min-width: 280px; order: 2;'>\n<h3 style='font-size: 20px; border-bottom: 2px solid currentColor; padding-bottom: 5px; margin-top: 0; color: inherit; opacity: 0.8;'>Planea y simula tu red Wi-Fi con precisi\u00f3n usando WLAN Planner<\/h3>\n<div style='font-size: 15px; color: inherit;'>\n<p style='margin-top: 0;'>Para dimensionar una red Wi-Fi con un archivo entregable para el usuario final&comma; puedes utilizar la herramienta de planeaci\u00f3n <a href='https:\/\/sg.o3community.huawei.com\/sg\/en\/o3\/detail?activeIndex=undefined&#038;o3src=https:\/\/stm-sg.o3community.huawei.com\/stmo3\/en\/tool\/tool-details-extranet-o3-sxz%3Fid%3DGT2021113005' style='color: inherit; text-decoration: underline;'>WLAN Planner de Huawei<\/a>&comma; en la cual podr\u00e1s dibujar las paredes del sitio seg\u00fan su material para simular la cobertura que se tendr\u00e1 de acuerdo a los puntos de acceso Wi-Fi que selecciones.<\/p>\n<\/p><\/div>\n<\/p><\/div>\n<div style='flex: 1 1 300px; min-width: 280px; order: 1;'> <img style='width: 100%; height: auto; border: 1px solid rgba(150&comma;150&comma;150&comma;0.3); border-radius: 8px;' src='http:\/\/ftp3.syscom.mx\/usuarios\/ftp\/2025\/10\/22\/1971\/1761144341865.jpeg_froala_68f8ee16889ee' alt=''> <\/div>\n<\/p><\/div>\n<div style='display: flex; flex-wrap: wrap; gap: 30px; margin-bottom: 30px;'>\n<div style='flex: 1 1 300px; min-width: 280px;'> <img style='width: 100%; height: auto; border: 1px solid rgba(150&comma;150&comma;150&comma;0.3); border-radius: 8px;' src='http:\/\/ftp3.syscom.mx\/usuarios\/ftp\/2025\/10\/22\/1971\/1761144660933.png_froala_68f8ef55554a4' alt=''> <\/div>\n<div style='flex: 1 1 300px; min-width: 280px;'>\n<h3 style='font-size: 20px; border-bottom: 2px solid currentColor; padding-bottom: 5px; margin-top: 0; color: inherit; opacity: 0.8;'>Configura y gestiona tu red eKit desde la app m\u00f3vil<\/h3>\n<div style='font-size: 15px; color: inherit;'>\n<p style='margin-top: 0;'>Con el siguiente c\u00f3digo QR puedes descargar la aplicaci\u00f3n de Huawei eKit en donde podr\u00e1s dar de alta equipos como: Routers&comma; Switch y puntos de acceso de la l\u00ednea eKit&comma; en cuesti\u00f3n de minutos y poder desplegar redes desde la comodidad de su smartphone.<\/p>\n<p style='margin-top: 10px;'>Disponible para iOS&comma; Android y Harmony OS.<\/p>\n<\/p><\/div>\n<\/p><\/div>\n<\/p><\/div>\n<\/p><\/div>\n","protected":false},"excerpt":{"rendered":"<p>Punto de Acceso eKit exterior IP68 Wi-Fi 6 \/ 1.7 Gbps \/ MU-MIMO \/ Antena Sectorial 65\u00ba(H) 54\u00ba(V) \/ 1 Puerto PoE in Gigabit + 1 Puerto SFP Gigabit \/ BLE \/ Hasta 1,024 Clientes \/  Libre de licenciamiento<\/p>\n","protected":false},"featured_media":92514,"comment_status":"open","ping_status":"closed","template":"","meta":[],"product_brand":[],"product_cat":[1794],"product_tag":[718,1795,1479],"class_list":{"0":"post-92515","1":"product","2":"type-product","3":"status-publish","4":"has-post-thumbnail","6":"product_cat-puntos-de-acceso","7":"product_tag-huawei","8":"product_tag-puntos-de-acceso","9":"product_tag-redes-wifi","11":"first","12":"instock","13":"sale","14":"shipping-taxable","15":"purchasable","16":"product-type-simple"},"_links":{"self":[{"href":"https:\/\/soydeaqui.ddns.net\/pachuca\/index.php\/wp-json\/wp\/v2\/product\/92515","targetHints":{"allow":["GET"]}}],"collection":[{"href":"https:\/\/soydeaqui.ddns.net\/pachuca\/index.php\/wp-json\/wp\/v2\/product"}],"about":[{"href":"https:\/\/soydeaqui.ddns.net\/pachuca\/index.php\/wp-json\/wp\/v2\/types\/product"}],"replies":[{"embeddable":true,"href":"https:\/\/soydeaqui.ddns.net\/pachuca\/index.php\/wp-json\/wp\/v2\/comments?post=92515"}],"wp:featuredmedia":[{"embeddable":true,"href":"https:\/\/soydeaqui.ddns.net\/pachuca\/index.php\/wp-json\/wp\/v2\/media\/92514"}],"wp:attachment":[{"href":"https:\/\/soydeaqui.ddns.net\/pachuca\/index.php\/wp-json\/wp\/v2\/media?parent=92515"}],"wp:term":[{"taxonomy":"product_brand","embeddable":true,"href":"https:\/\/soydeaqui.ddns.net\/pachuca\/index.php\/wp-json\/wp\/v2\/product_brand?post=92515"},{"taxonomy":"product_cat","embeddable":true,"href":"https:\/\/soydeaqui.ddns.net\/pachuca\/index.php\/wp-json\/wp\/v2\/product_cat?post=92515"},{"taxonomy":"product_tag","embeddable":true,"href":"https:\/\/soydeaqui.ddns.net\/pachuca\/index.php\/wp-json\/wp\/v2\/product_tag?post=92515"}],"curies":[{"name":"wp","href":"https:\/\/api.w.org\/{rel}","templated":true}]}}