{"id":92501,"date":"2026-03-20T05:19:18","date_gmt":"2026-03-20T05:19:18","guid":{"rendered":"https:\/\/soydeaqui.ddns.net\/pachuca\/index.php\/producto\/conmutador-ip-en-la-nube-anual-pro-hasta-100-extensiones\/"},"modified":"2026-03-20T05:19:21","modified_gmt":"2026-03-20T05:19:21","slug":"conmutador-ip-en-la-nube-anual-pro-hasta-100-extensiones","status":"publish","type":"product","link":"https:\/\/soydeaqui.ddns.net\/pachuca\/index.php\/producto\/conmutador-ip-en-la-nube-anual-pro-hasta-100-extensiones\/","title":{"rendered":"Conmutador IP en la nube anual PRO Hasta 100 extensiones"},"content":{"rendered":"<div style='width: 100%; max-width: 1200px; margin: 0 auto; font-family: sans-serif; line-height: 1.6; color: inherit; background-color: transparent;'>\n<div style='display: flex; flex-wrap: wrap; gap: 30px; margin-bottom: 30px;'>\n<div style='flex: 1 1 300px; min-width: 280px;'>\n<h3 style='font-size: 22px; border-bottom: 2px solid currentColor; padding-bottom: 5px; margin-top: 0; color: inherit; opacity: 0.8;'>Soluci\u00f3n de colaboraci\u00f3n y comunicaciones unificadas<\/h3>\n<p style='font-size: 18px; font-weight: bold; margin: 0 0 15px 0; color: inherit;'>CloudUCM<\/p>\n<p style='font-size: 15px; color: inherit; margin-bottom: 15px;'>CloudUCM es una soluci\u00f3n de colaboraci\u00f3n y comunicaciones de audio\/v\u00eddeo en la nube con un rico y potente conjunto de funciones como llamadas de audio\/v\u00eddeo&comma; conferencias&comma; servicio de Live Chat de atenci\u00f3n al cliente en l\u00ednea y mucho m\u00e1s. Experimente las integraciones oficiales con software como CRM&comma; Whatsapp&comma; Office365&comma; etc.&comma; o cree complementos personalizados con Wave API y SDK para adaptarse a sus propias necesidades empresariales.<\/p>\n<div style='width: 100%; margin: 20px 0;'> <img style='width: 100%; height: auto; border: 1px solid rgba(150&comma;150&comma;150&comma;0.3); border-radius: 8px;' src='https:\/\/ftp3.syscom.mx\/usuarios\/fotos\/CLOUDUCMPRO\/228944-ucm_cloud.png' alt=''> <\/div>\n<\/p><\/div>\n<\/p><\/div>\n<\/p><\/div>\n","protected":false},"excerpt":{"rendered":"<p>Conmutador IP en la nube anual PRO Hasta 100 extensiones<\/p>\n","protected":false},"featured_media":92500,"comment_status":"open","ping_status":"closed","template":"","meta":[],"product_brand":[],"product_cat":[2028],"product_tag":[2029,909,2004],"class_list":{"0":"post-92501","1":"product","2":"type-product","3":"status-publish","4":"has-post-thumbnail","6":"product_cat-conmutadores-ip","7":"product_tag-conmutadores-ip","8":"product_tag-grandstream","9":"product_tag-voip-telefonia-ip-videoconferencia","11":"first","12":"outofstock","13":"sale","14":"shipping-taxable","15":"purchasable","16":"product-type-simple"},"_links":{"self":[{"href":"https:\/\/soydeaqui.ddns.net\/pachuca\/index.php\/wp-json\/wp\/v2\/product\/92501","targetHints":{"allow":["GET"]}}],"collection":[{"href":"https:\/\/soydeaqui.ddns.net\/pachuca\/index.php\/wp-json\/wp\/v2\/product"}],"about":[{"href":"https:\/\/soydeaqui.ddns.net\/pachuca\/index.php\/wp-json\/wp\/v2\/types\/product"}],"replies":[{"embeddable":true,"href":"https:\/\/soydeaqui.ddns.net\/pachuca\/index.php\/wp-json\/wp\/v2\/comments?post=92501"}],"wp:featuredmedia":[{"embeddable":true,"href":"https:\/\/soydeaqui.ddns.net\/pachuca\/index.php\/wp-json\/wp\/v2\/media\/92500"}],"wp:attachment":[{"href":"https:\/\/soydeaqui.ddns.net\/pachuca\/index.php\/wp-json\/wp\/v2\/media?parent=92501"}],"wp:term":[{"taxonomy":"product_brand","embeddable":true,"href":"https:\/\/soydeaqui.ddns.net\/pachuca\/index.php\/wp-json\/wp\/v2\/product_brand?post=92501"},{"taxonomy":"product_cat","embeddable":true,"href":"https:\/\/soydeaqui.ddns.net\/pachuca\/index.php\/wp-json\/wp\/v2\/product_cat?post=92501"},{"taxonomy":"product_tag","embeddable":true,"href":"https:\/\/soydeaqui.ddns.net\/pachuca\/index.php\/wp-json\/wp\/v2\/product_tag?post=92501"}],"curies":[{"name":"wp","href":"https:\/\/api.w.org\/{rel}","templated":true}]}}