{"id":92488,"date":"2026-03-20T05:18:39","date_gmt":"2026-03-20T05:18:39","guid":{"rendered":"https:\/\/soydeaqui.ddns.net\/pachuca\/index.php\/producto\/switch-capa-3-poe-administrable-48-puertos-10-100-1000-mbps-6-puertos-sfp-de-10-gigabits-hasta-740w-compatible-con-gwn-cloud\/"},"modified":"2026-03-20T05:18:51","modified_gmt":"2026-03-20T05:18:51","slug":"switch-capa-3-poe-administrable-48-puertos-10-100-1000-mbps-6-puertos-sfp-de-10-gigabits-hasta-740w-compatible-con-gwn-cloud","status":"publish","type":"product","link":"https:\/\/soydeaqui.ddns.net\/pachuca\/index.php\/producto\/switch-capa-3-poe-administrable-48-puertos-10-100-1000-mbps-6-puertos-sfp-de-10-gigabits-hasta-740w-compatible-con-gwn-cloud\/","title":{"rendered":"Switch Capa 3 PoE+ Administrable \/ 48 puertos 10\/100\/1000 Mbps + 6 Puertos SFP+ de 10 Gigabits \/ Hasta 740W \/ Compatible con GWN Cloud."},"content":{"rendered":"<div style='width: 100%; max-width: 1200px; margin: 0 auto; font-family: sans-serif; line-height: 1.6; color: inherit;'>\n<h2 style='font-size: 24px; margin-top: 0; color: inherit;'><strong>Switch de red empresarial administrable capa 3 \/ Administraci\u00f3n en la nube con GWN Cloud&comma; totalmente gratuito.<\/strong><\/h2>\n<p style='text-align: justify; font-size: 15px; color: inherit;'>La serie GWN7810 son switches de red administrables de capa 3 que permiten a las medianas y grandes empresas crear redes comerciales escalables&comma; seguras&comma; de alto rendimiento e inteligentes que son totalmente administrables. Permite VLANs avanzadas para una segmentaci\u00f3n de tr\u00e1fico flexible y sofisticada&comma; QoS avanzada para priorizar el tr\u00e1fico de red&comma; IGMP\/MLD Snooping para optimizar el rendimiento de la red y capacidades de seguridad integrales contra posibles ataques. Los modelos PoE proporcionan una salida PoE din\u00e1mica inteligente para alimentar tel\u00e9fonos IP&comma; c\u00e1maras IP&comma; puntos de acceso Wi-Fi y otros dispositivos PoE. La serie GWN7810 se puede administrar de varias maneras&comma; incluida la interfaz de usuario web local del switch de la serie GWN7810 y CLI&comma; la interfaz de l\u00ednea de comandos. La serie tambi\u00e9n es compatible con GWN.Cloud y GWN Manager&comma; la plataforma de gesti\u00f3n de red local y en la nube de Grandstream. La serie GWN7810 son switches de red administrables de nivel empresarial y con el mejor valor para medianas y grandes empresas.<\/p>\n<div style='display: flex; flex-wrap: wrap; gap: 30px; margin-top: 30px;'>\n<div style='flex: 1 1 300px; min-width: 280px;'>\n<div style='border: 1px solid rgba(150&comma; 150&comma; 150&comma; 0.4); border-radius: 8px; overflow: hidden; display: flex; flex-direction: column; padding: 15px; background-color: rgba(36&comma; 77&comma; 129&comma; 0.05);'>\n<h3 style='font-size: 20px; margin-top: 0; margin-bottom: 15px; color: inherit;'><strong>Caracter\u00edsticas principales:<\/strong><\/h3>\n<ul style='padding-left: 20px; font-size: 15px; color: inherit; list-style-type: disc;'>\n<li style='margin-bottom: 8px;'>48 puertos RJ45 de 10\/100\/1000 Mbps PoE+ hasta 740W con 1 PSU.<\/li>\n<li style='margin-bottom: 8px;'>6 Puertos SFP+ de 10 Gigabits.<\/li>\n<li style='margin-bottom: 8px;'>Administrado por GWN.Cloud&comma; GWN Manager y GWN700X<\/li>\n<li style='margin-bottom: 8px;'>Capacidad de conmutaci\u00f3n 216 Gbps.<\/li>\n<li style='margin-bottom: 8px;'>Tasa de reenv\u00edo de paquetes 160.704 Mpps.<\/li>\n<li style='margin-bottom: 8px;'>Agregaci\u00f3n de enlaces para aumentar el ancho de banda y mejorar la confiabilidad.<\/li>\n<li style='margin-bottom: 8px;'>Control de tormentas para evitar la interrupci\u00f3n del tr\u00e1fico causada por la transmisi\u00f3n&comma; multidifusi\u00f3n o ciertos paquetes de unidifusi\u00f3n.<\/li>\n<li style='margin-bottom: 8px;'>Compatible con GWN Cloud.<\/li>\n<li style='margin-bottom: 8px;'><strong>3 a\u00f1os de Garant\u00eda.<\/strong><\/li>\n<\/ul><\/div>\n<\/p><\/div>\n<div style='flex: 1 1 300px; min-width: 280px;'>\n<div style='border: 1px solid rgba(150&comma; 150&comma; 150&comma; 0.4); border-radius: 8px; overflow: hidden; display: flex; flex-direction: column; padding: 15px; background-color: rgba(36&comma; 77&comma; 129&comma; 0.05);'>\n<h3 style='font-size: 20px; margin-top: 0; margin-bottom: 15px; color: inherit;'><strong>Caracter\u00edsticas F\u00edsicas y El\u00e9ctricas:<\/strong><\/h3>\n<ul style='padding-left: 20px; font-size: 15px; color: inherit; list-style-type: disc;'>\n<li style='margin-bottom: 8px;'>Peso 6 kg.<\/li>\n<li style='margin-bottom: 8px;'>Dimensiones 440 \u00d7 380 \u00d7 44 mm.<\/li>\n<li style='margin-bottom: 8px;'>Temperatura de funcionamiento: 0\u201345 \u00b0C.<\/li>\n<li style='margin-bottom: 8px;'>Temperatura de almacenamiento: -10\u201360 \u00b0C.<\/li>\n<li style='margin-bottom: 8px;'>Fuente de alimentaci\u00f3n 100-240 VAC&comma; 50\/60 Hz&comma; Max. 6 A.<\/li>\n<li style='margin-bottom: 8px;'><strong>Montable en rack<\/strong><\/li>\n<\/ul><\/div>\n<\/p><\/div>\n<div style='flex: 1 1 300px; min-width: 280px;'>\n<div style='border: 1px solid rgba(150&comma; 150&comma; 150&comma; 0.4); border-radius: 8px; overflow: hidden; display: flex; flex-direction: column; padding: 15px; background-color: rgba(36&comma; 77&comma; 129&comma; 0.05);'>\n<h3 style='font-size: 20px; margin-top: 0; margin-bottom: 15px; color: inherit;'><strong>Contenido:<\/strong><\/h3>\n<ul style='padding-left: 20px; font-size: 15px; color: inherit; list-style-type: disc;'>\n<li style='margin-bottom: 8px;'>Switch GWN7816P<\/li>\n<li style='margin-bottom: 8px;'>1 cable de CA de 1&comma;2 m (10 A)<\/li>\n<li style='margin-bottom: 8px;'>1 Cable para conexi\u00f3n a tierra<\/li>\n<li style='margin-bottom: 8px;'>4 pies de goma<\/li>\n<li style='margin-bottom: 8px;'>2 kits de Montaje en racks trasero<\/li>\n<li style='margin-bottom: 8px;'>2x Deslizadores traseros<\/li>\n<li style='margin-bottom: 8px;'>16 tornillos (KM 3*6)<\/li>\n<li style='margin-bottom: 8px;'>Gu\u00eda de instalaci\u00f3n.<\/li>\n<\/ul><\/div>\n<\/p><\/div>\n<\/p><\/div>\n<hr style='border: 0; border-top: 1px solid rgba(150&comma; 150&comma; 150&comma; 0.3); margin: 30px 0;'> <\/div>\n","protected":false},"excerpt":{"rendered":"<p>Switch Capa 3 PoE+ Administrable \/ 48 puertos 10\/100\/1000 Mbps + 6 Puertos SFP+ de 10 Gigabits \/ Hasta 740W \/ Compatible con GWN Cloud.<\/p>\n","protected":false},"featured_media":92487,"comment_status":"open","ping_status":"closed","template":"","meta":[],"product_brand":[],"product_cat":[1986],"product_tag":[909,664,1987],"class_list":{"0":"post-92488","1":"product","2":"type-product","3":"status-publish","4":"has-post-thumbnail","6":"product_cat-switches-poe","7":"product_tag-grandstream","8":"product_tag-networking","9":"product_tag-switches-poe","11":"first","12":"instock","13":"sale","14":"shipping-taxable","15":"purchasable","16":"product-type-simple"},"_links":{"self":[{"href":"https:\/\/soydeaqui.ddns.net\/pachuca\/index.php\/wp-json\/wp\/v2\/product\/92488","targetHints":{"allow":["GET"]}}],"collection":[{"href":"https:\/\/soydeaqui.ddns.net\/pachuca\/index.php\/wp-json\/wp\/v2\/product"}],"about":[{"href":"https:\/\/soydeaqui.ddns.net\/pachuca\/index.php\/wp-json\/wp\/v2\/types\/product"}],"replies":[{"embeddable":true,"href":"https:\/\/soydeaqui.ddns.net\/pachuca\/index.php\/wp-json\/wp\/v2\/comments?post=92488"}],"wp:featuredmedia":[{"embeddable":true,"href":"https:\/\/soydeaqui.ddns.net\/pachuca\/index.php\/wp-json\/wp\/v2\/media\/92487"}],"wp:attachment":[{"href":"https:\/\/soydeaqui.ddns.net\/pachuca\/index.php\/wp-json\/wp\/v2\/media?parent=92488"}],"wp:term":[{"taxonomy":"product_brand","embeddable":true,"href":"https:\/\/soydeaqui.ddns.net\/pachuca\/index.php\/wp-json\/wp\/v2\/product_brand?post=92488"},{"taxonomy":"product_cat","embeddable":true,"href":"https:\/\/soydeaqui.ddns.net\/pachuca\/index.php\/wp-json\/wp\/v2\/product_cat?post=92488"},{"taxonomy":"product_tag","embeddable":true,"href":"https:\/\/soydeaqui.ddns.net\/pachuca\/index.php\/wp-json\/wp\/v2\/product_tag?post=92488"}],"curies":[{"name":"wp","href":"https:\/\/api.w.org\/{rel}","templated":true}]}}