{"id":92466,"date":"2026-03-20T05:17:39","date_gmt":"2026-03-20T05:17:39","guid":{"rendered":"https:\/\/soydeaqui.ddns.net\/pachuca\/index.php\/producto\/conmutador-cloud-yeastar-5-extensiones-anuales-gateway-fxo-para-troncal-analoga\/"},"modified":"2026-03-20T05:17:40","modified_gmt":"2026-03-20T05:17:40","slug":"conmutador-cloud-yeastar-5-extensiones-anuales-gateway-fxo-para-troncal-analoga","status":"publish","type":"product","link":"https:\/\/soydeaqui.ddns.net\/pachuca\/index.php\/producto\/conmutador-cloud-yeastar-5-extensiones-anuales-gateway-fxo-para-troncal-analoga\/","title":{"rendered":"Conmutador Cloud Yeastar, 5 extensiones anuales, Gateway FXO para troncal analoga"},"content":{"rendered":"<div style='width: 100%; max-width: 1200px; margin: 0 auto; font-family: sans-serif; line-height: 1.6; color: inherit; background-color: transparent;'> <!-- Secci\u00f3n de contenido con flex\/grid --> <\/p>\n<div style='display: flex; flex-wrap: wrap; gap: 30px; margin-bottom: 30px;'>\n<div style='flex: 1 1 300px; min-width: 280px;'>\n<h3 style='font-size: 22px; border-bottom: 2px solid currentColor; padding-bottom: 5px; margin-top: 0; color: inherit; opacity: 0.8;'>NOTA<\/h3>\n<ul style='padding-left: 20px; font-size: 15px; color: inherit;'>\n<li style='margin-bottom: 5px;'>El KIT Incluye:<\/li>\n<li style='margin-bottom: 5px;'>Conmutador en nube Yeastar con 5 extensiones Enterprise anuales cada extension puede aprovisionarse en hasta 5 dispositivos.<\/li>\n<li style='margin-bottom: 5px;'>App movil y cliente web.<\/li>\n<li style='margin-bottom: 5px;'>Gateway FXO para una linea analogica sin necesidad de abrir puertos.<\/li>\n<li style='margin-bottom: 5px;'>Configuracion de conmutador y gateway. (se necesita programar dia con ingenieria).<\/li>\n<\/ul><\/div>\n<\/p><\/div>\n<p> <!-- Secci\u00f3n de cards con especificaciones --> <\/p>\n<div style='display: flex; flex-wrap: wrap; gap: 20px; margin-bottom: 30px;'>\n<div style='flex: 1 1 250px; border: 1px solid rgba(150&comma; 150&comma; 150&comma; 0.4); border-radius: 8px; overflow: hidden; display: flex; flex-direction: column;'>\n<div style='padding: 15px; border-bottom: 1px solid rgba(150&comma; 150&comma; 150&comma; 0.2); font-weight: bold; font-size: 18px; color: inherit;'>Sistema PBX Serie-P Cloud Edition<\/div>\n<div style='padding: 15px; color: inherit;'>\n<p style='font-size: 14px; margin-bottom: 15px; text-align: center;'>Satisfaga sus necesidades de comunicaci\u00f3n diarias&comma; desde realizar y recibir llamadas en cualquier lugar&comma; hasta maximizar la productividad de los agentes&comma; potenciar las videoconferencias interactivas y mucho m\u00e1s. PBX Serie-P proporciona una edici\u00f3n en la nube para ayudar a las organizaciones a mantenerse conectadas y comprometidas.<\/p>\n<p> <img style='width: 100%; height: auto; border: 1px solid rgba(150&comma;150&comma;150&comma;0.3); border-radius: 8px;' src='https:\/\/ftp3.syscom.mx\/usuarios\/fotos\/YCMCLOUDEPEXT\/211095-captura_de_pantalla_2022-08-26_a_la(s)_12.03.45.png' alt=''> <\/div>\n<\/p><\/div>\n<\/p><\/div>\n<div style='display: flex; flex-wrap: wrap; gap: 20px; margin-bottom: 30px;'>\n<div style='flex: 1 1 250px; border: 1px solid rgba(150&comma; 150&comma; 150&comma; 0.4); border-radius: 8px; overflow: hidden; display: flex; flex-direction: column;'>\n<div style='padding: 15px; border-bottom: 1px solid rgba(150&comma; 150&comma; 150&comma; 0.2); font-weight: bold; font-size: 18px; color: inherit;'>Libere el potencial de las comunicaciones en la nube<\/div>\n<div style='padding: 15px; color: inherit;'>\n<p style='font-size: 14px; margin-bottom: 15px; text-align: center;'>La tendencia a la nube es casi universal. Su entorno flexible ofrece una forma m\u00e1s r\u00e1pida que nunca para que las empresas de todos los tama\u00f1os aprovechen una variedad de capacidades de comunicaciones de nivel empresarial con simplicidad y facilidad.<\/p>\n<p> <img style='width: 100%; height: auto; border: 1px solid rgba(150&comma;150&comma;150&comma;0.3); border-radius: 8px;' src='https:\/\/ftp3.syscom.mx\/usuarios\/fotos\/YCMCLOUDEPEXT\/211095-captura_de_pantalla_2022-08-26_a_la(s)_14.32.43.png' alt=''> <\/div>\n<\/p><\/div>\n<\/p><\/div>\n<div style='display: flex; flex-wrap: wrap; gap: 20px; margin-bottom: 30px;'>\n<div style='flex: 1 1 250px; border: 1px solid rgba(150&comma; 150&comma; 150&comma; 0.4); border-radius: 8px; overflow: hidden; display: flex; flex-direction: column;'>\n<div style='padding: 15px; border-bottom: 1px solid rgba(150&comma; 150&comma; 150&comma; 0.2); font-weight: bold; font-size: 18px; color: inherit;'>Conexion en cualquier lugar y en todo momento<\/div>\n<div style='padding: 15px; color: inherit;'>\n<p style='font-size: 14px; margin-bottom: 15px;'>Para crear una plantilla flexible&comma; solo necesita Linkus UC Clients en sus instalaciones&comma; que es f\u00e1cilmente accesible a trav\u00e9s de navegadores web&comma; el tel\u00e9fono m\u00f3vil y el ordenador de escritorio. Todas las conversaciones se sincronizar\u00e1n en varios dispositivos&comma; por lo que ya no tendr\u00e1 que preocuparse por la p\u00e9rdida de informaci\u00f3n importante. Experimente una eficiencia de siguiente nivel con presencia&comma; chat&comma; agendas telef\u00f3nicas&comma; integraci\u00f3n de CRM&comma; etc. Vaya donde vaya&comma; su oficina ir\u00e1 con usted.<\/p>\n<p> <img style='width: 100%; height: auto; border: 1px solid rgba(150&comma;150&comma;150&comma;0.3); border-radius: 8px;' src='https:\/\/ftp3.syscom.mx\/usuarios\/fotos\/YCMCLOUDEPEXT\/211095-captura_de_pantalla_2022-08-26_a_la(s)_16.01.51.png' alt=''> <img style='width: 100%; height: auto; border: 1px solid rgba(150&comma;150&comma;150&comma;0.3); border-radius: 8px; margin-top: 15px;' src='https:\/\/ftp3.syscom.mx\/usuarios\/fotos\/YCMCLOUDEPEXT\/211095-captura_de_pantalla_2022-08-26_a_la(s)_10.10.03.png' alt=''> <\/div>\n<\/p><\/div>\n<\/p><\/div>\n<div style='display: flex; flex-wrap: wrap; gap: 20px; margin-bottom: 30px;'>\n<div style='flex: 1 1 250px; border: 1px solid rgba(150&comma; 150&comma; 150&comma; 0.4); border-radius: 8px; overflow: hidden; display: flex; flex-direction: column;'>\n<div style='padding: 15px; border-bottom: 1px solid rgba(150&comma; 150&comma; 150&comma; 0.2); font-weight: bold; font-size: 18px; color: inherit;'>Enterprise Edition<\/div>\n<div style='padding: 15px; color: inherit;'>\n<p style='font-size: 14px; margin-bottom: 15px;'>Las extensiones en Enterprise Edition incluye diversas funcionalidades:<\/p>\n<ul style='padding-left: 20px; margin: 0; font-size: 14px; list-style-type: disc;'>\n<li style='margin-bottom: 5px;'>Call Center Avanzado<\/li>\n<li style='margin-bottom: 5px;'>Mensajeria<\/li>\n<li style='margin-bottom: 5px;'>Cliente Web<\/li>\n<li style='margin-bottom: 5px;'>App Movil<\/li>\n<li style='margin-bottom: 5px;'>Integracion con CRM<\/li>\n<li style='margin-bottom: 5px;'>SBC Integrado<\/li>\n<li style='margin-bottom: 5px;'>500 Min de grabacion<\/li>\n<li style='margin-bottom: 5px;'>Troncal SIP no incluida<\/li>\n<li style='margin-bottom: 5px;'>Panel de Conmutacion y mas&#8230;<\/li>\n<\/ul>\n<p style='font-size: 14px; margin-top: 15px;'>Aprovisione su extension con App movil&comma; cliente Web o Telefono IP Fanvil o Grandstream.<\/p>\n<\/p><\/div>\n<\/p><\/div>\n<\/p><\/div>\n<p> <!-- Separador --> <\/p>\n<hr style='border: 0; border-top: 1px solid rgba(150&comma; 150&comma; 150&comma; 0.3); margin: 30px 0;'> <\/div>\n","protected":false},"excerpt":{"rendered":"<p>Conmutador Cloud Yeastar, 5 extensiones anuales, Gateway FXO para troncal analoga<\/p>\n","protected":false},"featured_media":92465,"comment_status":"open","ping_status":"closed","template":"","meta":[],"product_brand":[],"product_cat":[2028],"product_tag":[2029,2004,2145],"class_list":{"0":"post-92466","1":"product","2":"type-product","3":"status-publish","4":"has-post-thumbnail","6":"product_cat-conmutadores-ip","7":"product_tag-conmutadores-ip","8":"product_tag-voip-telefonia-ip-videoconferencia","9":"product_tag-yeastar","11":"first","12":"instock","13":"sale","14":"shipping-taxable","15":"purchasable","16":"product-type-simple"},"_links":{"self":[{"href":"https:\/\/soydeaqui.ddns.net\/pachuca\/index.php\/wp-json\/wp\/v2\/product\/92466","targetHints":{"allow":["GET"]}}],"collection":[{"href":"https:\/\/soydeaqui.ddns.net\/pachuca\/index.php\/wp-json\/wp\/v2\/product"}],"about":[{"href":"https:\/\/soydeaqui.ddns.net\/pachuca\/index.php\/wp-json\/wp\/v2\/types\/product"}],"replies":[{"embeddable":true,"href":"https:\/\/soydeaqui.ddns.net\/pachuca\/index.php\/wp-json\/wp\/v2\/comments?post=92466"}],"wp:featuredmedia":[{"embeddable":true,"href":"https:\/\/soydeaqui.ddns.net\/pachuca\/index.php\/wp-json\/wp\/v2\/media\/92465"}],"wp:attachment":[{"href":"https:\/\/soydeaqui.ddns.net\/pachuca\/index.php\/wp-json\/wp\/v2\/media?parent=92466"}],"wp:term":[{"taxonomy":"product_brand","embeddable":true,"href":"https:\/\/soydeaqui.ddns.net\/pachuca\/index.php\/wp-json\/wp\/v2\/product_brand?post=92466"},{"taxonomy":"product_cat","embeddable":true,"href":"https:\/\/soydeaqui.ddns.net\/pachuca\/index.php\/wp-json\/wp\/v2\/product_cat?post=92466"},{"taxonomy":"product_tag","embeddable":true,"href":"https:\/\/soydeaqui.ddns.net\/pachuca\/index.php\/wp-json\/wp\/v2\/product_tag?post=92466"}],"curies":[{"name":"wp","href":"https:\/\/api.w.org\/{rel}","templated":true}]}}